{"id":3172,"date":"2025-10-07T22:04:18","date_gmt":"2025-10-07T22:04:18","guid":{"rendered":"https:\/\/nextgen.leden-shop.com\/?post_type=product&#038;p=3172"},"modified":"2025-10-07T22:49:41","modified_gmt":"2025-10-07T22:49:41","slug":"sonorisation","status":"publish","type":"product","link":"https:\/\/nextgen-sn.com\/?product=sonorisation","title":{"rendered":"Sonorisation"},"content":{"rendered":"<h3><b>Sonorisation Professionnelle<\/b><\/h3>\n<p class=\"p3\"><b>Description :<\/b><b><\/b><\/p>\n<p class=\"p4\">Offrez \u00e0 vos \u00e9v\u00e9nements, salles de conf\u00e9rence, commerces ou lieux publics une exp\u00e9rience sonore exceptionnelle gr\u00e2ce \u00e0 nos solutions de <span class=\"s2\"><b>sonorisation professionnelles<\/b><\/span>.<\/p>\n<p class=\"p4\">Nos syst\u00e8mes allient <span class=\"s2\"><b>puissance, clart\u00e9 et design<\/b><\/span>, pour garantir une diffusion optimale du son, quelle que soit la taille de l\u2019espace.<\/p>\n<h3><b>Nos \u00e9quipements disponibles :<\/b><\/h3>\n<ul>\n<li>\n<p class=\"p1\"><b>Enceintes amplifi\u00e9es et passives<\/b><span class=\"s1\"> (int\u00e9rieures et ext\u00e9rieures)<\/span><\/p>\n<\/li>\n<li>\n<p class=\"p1\"><span class=\"s1\"><b>Caissons de basses (Subwoofer)<\/b><\/span> pour une profondeur sonore maximale<\/p>\n<\/li>\n<li>\n<p class=\"p1\"><b>Microphones sans fil et filaires<\/b><span class=\"s1\"> (main, serre-t\u00eate, cravate)<\/span><\/p>\n<\/li>\n<li>\n<p class=\"p1\"><b>Tables de mixage professionnelles<\/b><span class=\"s1\"> (analogiques et num\u00e9riques)<\/span><\/p>\n<\/li>\n<li>\n<p class=\"p1\"><b>Amplificateurs audio haute performance<\/b><b><\/b><\/p>\n<\/li>\n<li>\n<p class=\"p1\"><b>Syst\u00e8mes de sonorisation portatifs<\/b><span class=\"s1\"> (pour \u00e9v\u00e9nements mobiles)<\/span><\/p>\n<\/li>\n<li>\n<p class=\"p1\"><b>Kits complets pour salles de r\u00e9union, lieux de culte, h\u00f4tels et restaurants<\/b><\/p>\n<\/li>\n<\/ul>\n<h3><b>Caract\u00e9ristiques principales :<\/b><\/h3>\n<ul>\n<li>\n<p class=\"p1\">Excellente qualit\u00e9 audio, m\u00eame \u00e0 haut volume<\/p>\n<\/li>\n<li>\n<p class=\"p1\">Design discret et adaptable \u00e0 tout environnement<\/p>\n<\/li>\n<li>\n<p class=\"p1\">Installation rapide et maintenance simplifi\u00e9e<\/p>\n<\/li>\n<li>\n<p class=\"p1\">Compatibilit\u00e9 avec les syst\u00e8mes vid\u00e9o et multim\u00e9dia<\/p>\n<\/li>\n<li>\n<p class=\"p1\">Technologie Bluetooth, Wi-Fi et connectivit\u00e9 universelle (XLR, RCA, Jack)<\/p>\n<\/li>\n<\/ul>\n<h3><\/h3>\n<h3><b>Applications :<\/b><\/h3>\n<ul>\n<li>\n<p class=\"p1\">Conf\u00e9rences et r\u00e9unions d\u2019entreprise<\/p>\n<\/li>\n<li>\n<p class=\"p1\">Salles de classe et amphith\u00e9\u00e2tres<\/p>\n<\/li>\n<li>\n<p class=\"p1\">Restaurants, bars et h\u00f4tels<\/p>\n<\/li>\n<li>\n<p class=\"p1\">Lieux de culte et espaces publics<\/p>\n<\/li>\n<li>\n<p class=\"p1\">Concerts, \u00e9v\u00e9nements et foires commerciales<\/p>\n<\/li>\n<\/ul>\n<h3><b>Services propos\u00e9s :<\/b><\/h3>\n<ul>\n<li>\n<p class=\"p1\">\u00c9tude acoustique et conseil sur mesure<\/p>\n<\/li>\n<li>\n<p class=\"p1\">Livraison et installation professionnelle<\/p>\n<\/li>\n<li>\n<p class=\"p1\">Formation \u00e0 l\u2019utilisation du mat\u00e9riel<\/p>\n<\/li>\n<li>\n<p class=\"p1\">Maintenance et assistance technique<\/p>\n<\/li>\n<\/ul>\n<h3><b>Demandez un devis<\/b><\/h3>\n<p class=\"p3\">Vous souhaitez \u00e9quiper votre espace ou organiser un \u00e9v\u00e9nement ?<\/p>\n<p class=\"p3\"><span class=\"s2\"><b>Contactez-nous d\u00e8s maintenant<\/b><\/span> pour obtenir une <span class=\"s2\"><b>proposition personnalis\u00e9e<\/b><\/span> selon la taille de votre espace et vos besoins sp\u00e9cifiques.<\/p>\n","protected":false},"excerpt":{"rendered":"<p class=\"tx-excerpt\">Sonorisation Professionnelle Description : Offrez \u00e0 vos \u00e9v\u00e9nements, salles de conf\u00e9rence, commerces ou lieux publics une exp\u00e9rience sonore exceptionnelle gr\u00e2ce \u00e0 nos solutions de sonorisation professionnelles. Nos syst\u00e8mes allient puissance, clart\u00e9 et design, pour garantir...<\/p>","protected":false},"featured_media":3173,"template":"","meta":{"_joinchat":[]},"product_brand":[],"product_cat":[48],"product_tag":[],"class_list":{"0":"post-3172","1":"product","2":"type-product","3":"status-publish","4":"has-post-thumbnail","6":"product_cat-sono-lumieres","8":"first","9":"instock","10":"taxable","11":"shipping-taxable","12":"product-type-simple"},"yoast_head":"<!-- This site is optimized with the Yoast SEO plugin v27.4 - https:\/\/yoast.com\/product\/yoast-seo-wordpress\/ -->\n<title>Sonorisation - NEXT GEN GROUP<\/title>\n<meta name=\"robots\" content=\"index, follow, max-snippet:-1, max-image-preview:large, max-video-preview:-1\" \/>\n<link rel=\"canonical\" href=\"https:\/\/nextgen-sn.com\/?product=sonorisation\" \/>\n<meta property=\"og:locale\" content=\"fr_FR\" \/>\n<meta property=\"og:type\" content=\"article\" \/>\n<meta property=\"og:title\" content=\"Sonorisation - NEXT GEN GROUP\" \/>\n<meta property=\"og:description\" content=\"Sonorisation Professionnelle Description : Offrez \u00e0 vos \u00e9v\u00e9nements, salles de conf\u00e9rence, commerces ou lieux publics une exp\u00e9rience sonore exceptionnelle gr\u00e2ce \u00e0 nos solutions de sonorisation professionnelles. Nos syst\u00e8mes allient puissance, clart\u00e9 et design, pour garantir une diffusion optimale du son, quelle que soit la taille de l\u2019espace. Nos \u00e9quipements disponibles : Enceintes amplifi\u00e9es et passives (int\u00e9rieures et ext\u00e9rieures) Caissons de basses (Subwoofer) pour une profondeur sonore maximale Microphones sans fil et filaires (main, serre-t\u00eate, cravate) Tables de mixage professionnelles (analogiques et num\u00e9riques) Amplificateurs audio haute performance Syst\u00e8mes de sonorisation portatifs (pour \u00e9v\u00e9nements mobiles) Kits complets pour salles de r\u00e9union, lieux de culte, h\u00f4tels et restaurants Caract\u00e9ristiques principales : Excellente qualit\u00e9 audio, m\u00eame \u00e0 haut volume Design discret et adaptable \u00e0 tout environnement Installation rapide et maintenance simplifi\u00e9e Compatibilit\u00e9 avec les syst\u00e8mes vid\u00e9o et multim\u00e9dia Technologie Bluetooth, Wi-Fi et connectivit\u00e9 universelle (XLR, RCA, Jack) Applications : Conf\u00e9rences et r\u00e9unions d\u2019entreprise Salles de classe et amphith\u00e9\u00e2tres Restaurants, bars et h\u00f4tels Lieux de culte et espaces publics Concerts, \u00e9v\u00e9nements et foires commerciales Services propos\u00e9s : \u00c9tude acoustique et conseil sur mesure Livraison et installation professionnelle Formation \u00e0 l\u2019utilisation du mat\u00e9riel Maintenance et assistance technique Demandez un devis Vous souhaitez \u00e9quiper votre espace ou organiser un \u00e9v\u00e9nement ? Contactez-nous d\u00e8s maintenant pour obtenir une proposition personnalis\u00e9e selon la taille de votre espace et vos besoins sp\u00e9cifiques.\" \/>\n<meta property=\"og:url\" content=\"https:\/\/nextgen-sn.com\/?product=sonorisation\" \/>\n<meta property=\"og:site_name\" content=\"NEXT GEN GROUP\" \/>\n<meta property=\"article:modified_time\" content=\"2025-10-07T22:49:41+00:00\" \/>\n<meta property=\"og:image\" content=\"https:\/\/nextgen-sn.com\/wp-content\/uploads\/2025\/10\/WhatsApp-Image-2025-09-26-at-18.37.34-1-1.jpeg\" \/>\n\t<meta property=\"og:image:width\" content=\"730\" \/>\n\t<meta property=\"og:image:height\" content=\"730\" \/>\n\t<meta property=\"og:image:type\" content=\"image\/jpeg\" \/>\n<meta name=\"twitter:card\" content=\"summary_large_image\" \/>\n<meta name=\"twitter:label1\" content=\"Dur\u00e9e de lecture estim\u00e9e\" \/>\n\t<meta name=\"twitter:data1\" content=\"1 minute\" \/>\n<script type=\"application\/ld+json\" class=\"yoast-schema-graph\">{\"@context\":\"https:\\\/\\\/schema.org\",\"@graph\":[{\"@type\":\"WebPage\",\"@id\":\"https:\\\/\\\/nextgen-sn.com\\\/?product=sonorisation\",\"url\":\"https:\\\/\\\/nextgen-sn.com\\\/?product=sonorisation\",\"name\":\"Sonorisation - NEXT GEN GROUP\",\"isPartOf\":{\"@id\":\"https:\\\/\\\/nextgen-sn.com\\\/#website\"},\"primaryImageOfPage\":{\"@id\":\"https:\\\/\\\/nextgen-sn.com\\\/?product=sonorisation#primaryimage\"},\"image\":{\"@id\":\"https:\\\/\\\/nextgen-sn.com\\\/?product=sonorisation#primaryimage\"},\"thumbnailUrl\":\"https:\\\/\\\/nextgen-sn.com\\\/wp-content\\\/uploads\\\/2025\\\/10\\\/WhatsApp-Image-2025-09-26-at-18.37.34-1-1.jpeg\",\"datePublished\":\"2025-10-07T22:04:18+00:00\",\"dateModified\":\"2025-10-07T22:49:41+00:00\",\"breadcrumb\":{\"@id\":\"https:\\\/\\\/nextgen-sn.com\\\/?product=sonorisation#breadcrumb\"},\"inLanguage\":\"fr-FR\",\"potentialAction\":[{\"@type\":\"ReadAction\",\"target\":[\"https:\\\/\\\/nextgen-sn.com\\\/?product=sonorisation\"]}]},{\"@type\":\"ImageObject\",\"inLanguage\":\"fr-FR\",\"@id\":\"https:\\\/\\\/nextgen-sn.com\\\/?product=sonorisation#primaryimage\",\"url\":\"https:\\\/\\\/nextgen-sn.com\\\/wp-content\\\/uploads\\\/2025\\\/10\\\/WhatsApp-Image-2025-09-26-at-18.37.34-1-1.jpeg\",\"contentUrl\":\"https:\\\/\\\/nextgen-sn.com\\\/wp-content\\\/uploads\\\/2025\\\/10\\\/WhatsApp-Image-2025-09-26-at-18.37.34-1-1.jpeg\",\"width\":730,\"height\":730},{\"@type\":\"BreadcrumbList\",\"@id\":\"https:\\\/\\\/nextgen-sn.com\\\/?product=sonorisation#breadcrumb\",\"itemListElement\":[{\"@type\":\"ListItem\",\"position\":1,\"name\":\"Accueil\",\"item\":\"https:\\\/\\\/nextgen-sn.com\\\/\"},{\"@type\":\"ListItem\",\"position\":2,\"name\":\"Produits\",\"item\":\"https:\\\/\\\/nextgen-sn.com\\\/?post_type=product\"},{\"@type\":\"ListItem\",\"position\":3,\"name\":\"Sonorisation\"}]},{\"@type\":\"WebSite\",\"@id\":\"https:\\\/\\\/nextgen-sn.com\\\/#website\",\"url\":\"https:\\\/\\\/nextgen-sn.com\\\/\",\"name\":\"NEXT GEN GROUP\",\"description\":\"Next Gen Group offre des services dans le domaine de l&#039;affichage gynamique\",\"publisher\":{\"@id\":\"https:\\\/\\\/nextgen-sn.com\\\/#organization\"},\"potentialAction\":[{\"@type\":\"SearchAction\",\"target\":{\"@type\":\"EntryPoint\",\"urlTemplate\":\"https:\\\/\\\/nextgen-sn.com\\\/?s={search_term_string}\"},\"query-input\":{\"@type\":\"PropertyValueSpecification\",\"valueRequired\":true,\"valueName\":\"search_term_string\"}}],\"inLanguage\":\"fr-FR\"},{\"@type\":\"Organization\",\"@id\":\"https:\\\/\\\/nextgen-sn.com\\\/#organization\",\"name\":\"NEXT GEN GROUP\",\"url\":\"https:\\\/\\\/nextgen-sn.com\\\/\",\"logo\":{\"@type\":\"ImageObject\",\"inLanguage\":\"fr-FR\",\"@id\":\"https:\\\/\\\/nextgen-sn.com\\\/#\\\/schema\\\/logo\\\/image\\\/\",\"url\":\"https:\\\/\\\/nextgen-sn.com\\\/wp-content\\\/uploads\\\/2025\\\/08\\\/Logo-Next-Gen.png\",\"contentUrl\":\"https:\\\/\\\/nextgen-sn.com\\\/wp-content\\\/uploads\\\/2025\\\/08\\\/Logo-Next-Gen.png\",\"width\":341,\"height\":149,\"caption\":\"NEXT GEN GROUP\"},\"image\":{\"@id\":\"https:\\\/\\\/nextgen-sn.com\\\/#\\\/schema\\\/logo\\\/image\\\/\"}}]}<\/script>\n<!-- \/ Yoast SEO plugin. -->","yoast_head_json":{"title":"Sonorisation - NEXT GEN GROUP","robots":{"index":"index","follow":"follow","max-snippet":"max-snippet:-1","max-image-preview":"max-image-preview:large","max-video-preview":"max-video-preview:-1"},"canonical":"https:\/\/nextgen-sn.com\/?product=sonorisation","og_locale":"fr_FR","og_type":"article","og_title":"Sonorisation - NEXT GEN GROUP","og_description":"Sonorisation Professionnelle Description : Offrez \u00e0 vos \u00e9v\u00e9nements, salles de conf\u00e9rence, commerces ou lieux publics une exp\u00e9rience sonore exceptionnelle gr\u00e2ce \u00e0 nos solutions de sonorisation professionnelles. Nos syst\u00e8mes allient puissance, clart\u00e9 et design, pour garantir une diffusion optimale du son, quelle que soit la taille de l\u2019espace. Nos \u00e9quipements disponibles : Enceintes amplifi\u00e9es et passives (int\u00e9rieures et ext\u00e9rieures) Caissons de basses (Subwoofer) pour une profondeur sonore maximale Microphones sans fil et filaires (main, serre-t\u00eate, cravate) Tables de mixage professionnelles (analogiques et num\u00e9riques) Amplificateurs audio haute performance Syst\u00e8mes de sonorisation portatifs (pour \u00e9v\u00e9nements mobiles) Kits complets pour salles de r\u00e9union, lieux de culte, h\u00f4tels et restaurants Caract\u00e9ristiques principales : Excellente qualit\u00e9 audio, m\u00eame \u00e0 haut volume Design discret et adaptable \u00e0 tout environnement Installation rapide et maintenance simplifi\u00e9e Compatibilit\u00e9 avec les syst\u00e8mes vid\u00e9o et multim\u00e9dia Technologie Bluetooth, Wi-Fi et connectivit\u00e9 universelle (XLR, RCA, Jack) Applications : Conf\u00e9rences et r\u00e9unions d\u2019entreprise Salles de classe et amphith\u00e9\u00e2tres Restaurants, bars et h\u00f4tels Lieux de culte et espaces publics Concerts, \u00e9v\u00e9nements et foires commerciales Services propos\u00e9s : \u00c9tude acoustique et conseil sur mesure Livraison et installation professionnelle Formation \u00e0 l\u2019utilisation du mat\u00e9riel Maintenance et assistance technique Demandez un devis Vous souhaitez \u00e9quiper votre espace ou organiser un \u00e9v\u00e9nement ? Contactez-nous d\u00e8s maintenant pour obtenir une proposition personnalis\u00e9e selon la taille de votre espace et vos besoins sp\u00e9cifiques.","og_url":"https:\/\/nextgen-sn.com\/?product=sonorisation","og_site_name":"NEXT GEN GROUP","article_modified_time":"2025-10-07T22:49:41+00:00","og_image":[{"width":730,"height":730,"url":"https:\/\/nextgen-sn.com\/wp-content\/uploads\/2025\/10\/WhatsApp-Image-2025-09-26-at-18.37.34-1-1.jpeg","type":"image\/jpeg"}],"twitter_card":"summary_large_image","twitter_misc":{"Dur\u00e9e de lecture estim\u00e9e":"1 minute"},"schema":{"@context":"https:\/\/schema.org","@graph":[{"@type":"WebPage","@id":"https:\/\/nextgen-sn.com\/?product=sonorisation","url":"https:\/\/nextgen-sn.com\/?product=sonorisation","name":"Sonorisation - NEXT GEN GROUP","isPartOf":{"@id":"https:\/\/nextgen-sn.com\/#website"},"primaryImageOfPage":{"@id":"https:\/\/nextgen-sn.com\/?product=sonorisation#primaryimage"},"image":{"@id":"https:\/\/nextgen-sn.com\/?product=sonorisation#primaryimage"},"thumbnailUrl":"https:\/\/nextgen-sn.com\/wp-content\/uploads\/2025\/10\/WhatsApp-Image-2025-09-26-at-18.37.34-1-1.jpeg","datePublished":"2025-10-07T22:04:18+00:00","dateModified":"2025-10-07T22:49:41+00:00","breadcrumb":{"@id":"https:\/\/nextgen-sn.com\/?product=sonorisation#breadcrumb"},"inLanguage":"fr-FR","potentialAction":[{"@type":"ReadAction","target":["https:\/\/nextgen-sn.com\/?product=sonorisation"]}]},{"@type":"ImageObject","inLanguage":"fr-FR","@id":"https:\/\/nextgen-sn.com\/?product=sonorisation#primaryimage","url":"https:\/\/nextgen-sn.com\/wp-content\/uploads\/2025\/10\/WhatsApp-Image-2025-09-26-at-18.37.34-1-1.jpeg","contentUrl":"https:\/\/nextgen-sn.com\/wp-content\/uploads\/2025\/10\/WhatsApp-Image-2025-09-26-at-18.37.34-1-1.jpeg","width":730,"height":730},{"@type":"BreadcrumbList","@id":"https:\/\/nextgen-sn.com\/?product=sonorisation#breadcrumb","itemListElement":[{"@type":"ListItem","position":1,"name":"Accueil","item":"https:\/\/nextgen-sn.com\/"},{"@type":"ListItem","position":2,"name":"Produits","item":"https:\/\/nextgen-sn.com\/?post_type=product"},{"@type":"ListItem","position":3,"name":"Sonorisation"}]},{"@type":"WebSite","@id":"https:\/\/nextgen-sn.com\/#website","url":"https:\/\/nextgen-sn.com\/","name":"NEXT GEN GROUP","description":"Next Gen Group offre des services dans le domaine de l&#039;affichage gynamique","publisher":{"@id":"https:\/\/nextgen-sn.com\/#organization"},"potentialAction":[{"@type":"SearchAction","target":{"@type":"EntryPoint","urlTemplate":"https:\/\/nextgen-sn.com\/?s={search_term_string}"},"query-input":{"@type":"PropertyValueSpecification","valueRequired":true,"valueName":"search_term_string"}}],"inLanguage":"fr-FR"},{"@type":"Organization","@id":"https:\/\/nextgen-sn.com\/#organization","name":"NEXT GEN GROUP","url":"https:\/\/nextgen-sn.com\/","logo":{"@type":"ImageObject","inLanguage":"fr-FR","@id":"https:\/\/nextgen-sn.com\/#\/schema\/logo\/image\/","url":"https:\/\/nextgen-sn.com\/wp-content\/uploads\/2025\/08\/Logo-Next-Gen.png","contentUrl":"https:\/\/nextgen-sn.com\/wp-content\/uploads\/2025\/08\/Logo-Next-Gen.png","width":341,"height":149,"caption":"NEXT GEN GROUP"},"image":{"@id":"https:\/\/nextgen-sn.com\/#\/schema\/logo\/image\/"}}]}},"_links":{"self":[{"href":"https:\/\/nextgen-sn.com\/index.php?rest_route=\/wp\/v2\/product\/3172","targetHints":{"allow":["GET"]}}],"collection":[{"href":"https:\/\/nextgen-sn.com\/index.php?rest_route=\/wp\/v2\/product"}],"about":[{"href":"https:\/\/nextgen-sn.com\/index.php?rest_route=\/wp\/v2\/types\/product"}],"wp:featuredmedia":[{"embeddable":true,"href":"https:\/\/nextgen-sn.com\/index.php?rest_route=\/wp\/v2\/media\/3173"}],"wp:attachment":[{"href":"https:\/\/nextgen-sn.com\/index.php?rest_route=%2Fwp%2Fv2%2Fmedia&parent=3172"}],"wp:term":[{"taxonomy":"product_brand","embeddable":true,"href":"https:\/\/nextgen-sn.com\/index.php?rest_route=%2Fwp%2Fv2%2Fproduct_brand&post=3172"},{"taxonomy":"product_cat","embeddable":true,"href":"https:\/\/nextgen-sn.com\/index.php?rest_route=%2Fwp%2Fv2%2Fproduct_cat&post=3172"},{"taxonomy":"product_tag","embeddable":true,"href":"https:\/\/nextgen-sn.com\/index.php?rest_route=%2Fwp%2Fv2%2Fproduct_tag&post=3172"}],"curies":[{"name":"wp","href":"https:\/\/api.w.org\/{rel}","templated":true}]}}