{"id":2859,"date":"2025-09-10T15:54:26","date_gmt":"2025-09-10T15:54:26","guid":{"rendered":"https:\/\/nextgen.leden-shop.com\/?post_type=product&#038;p=2859"},"modified":"2025-09-10T15:54:31","modified_gmt":"2025-09-10T15:54:31","slug":"camera-solaire-4g","status":"publish","type":"product","link":"https:\/\/nextgen-sn.com\/?product=camera-solaire-4g","title":{"rendered":"Cam\u00e9ra solaire 4G"},"content":{"rendered":"<h1 class=\"product_title h1\">HIKVISION DS-2XS2T41G1-ID\/4G\/C05S07(4mm)<\/h1>\n<div id=\"product-description-short-4705\" class=\"rte-content\">\n<p><b>Cam\u00e9ra IP Hikvision Bullet Fixe 4G solaire 4MP + IR 30m<\/b><\/p>\n<ul>\n<li>Imagerie de haute qualit\u00e9 avec une r\u00e9solution de 4 MP<\/li>\n<li>Autonome avec panneau solaire et batterie int\u00e9gr\u00e9e<\/li>\n<li>Prise en charge de la d\u00e9tection des personnes et des v\u00e9hicules<\/li>\n<li>Fournit une s\u00e9curit\u00e9 en temps r\u00e9el via l&rsquo;audio bidirectionnel int\u00e9gr\u00e9<\/li>\n<li>R\u00e9sistant \u00e0 l&rsquo;eau et \u00e0 la poussi\u00e8re (IP67)<\/li>\n<li>Prise en charge de la communication 4G (LTE-TDD\/LTE-FDD\/TD-SCDMA)<\/li>\n<\/ul>\n<\/div>\n<div class=\"js-product-images-modal\">\n<div class=\"product-reference\"><label class=\"label\">R\u00c9F\u00c9RENCE:<\/label><\/div>\n<div class=\"product-reference\">\n<p><label class=\"label\">DS-2XS2T41G1<\/label><\/p>\n<p class=\"product_title h1\"><span style=\"font-size: 14px; font-weight: 600;\">MARQUE:<\/span><\/p>\n<\/div>\n<div class=\"product-brand\">\u00a0HIKVISION<\/div>\n<div class=\"product-brand\"><\/div>\n<div><\/div>\n<\/div>\n","protected":false},"excerpt":{"rendered":"<p class=\"tx-excerpt\">HIKVISION DS-2XS2T41G1-ID\/4G\/C05S07(4mm) Cam\u00e9ra IP Hikvision Bullet Fixe 4G solaire 4MP + IR 30m Imagerie de haute qualit\u00e9 avec une r\u00e9solution de 4 MP Autonome avec panneau solaire et batterie int\u00e9gr\u00e9e Prise en charge de la...<\/p>","protected":false},"featured_media":2887,"template":"","meta":{"_joinchat":[]},"product_brand":[],"product_cat":[33],"product_tag":[],"class_list":{"0":"post-2859","1":"product","2":"type-product","3":"status-publish","4":"has-post-thumbnail","6":"product_cat-cameras-solaires","8":"first","9":"instock","10":"taxable","11":"shipping-taxable","12":"purchasable","13":"product-type-simple"},"yoast_head":"<!-- This site is optimized with the Yoast SEO plugin v27.4 - https:\/\/yoast.com\/product\/yoast-seo-wordpress\/ -->\n<title>Cam\u00e9ra solaire 4G - NEXT GEN GROUP<\/title>\n<meta name=\"robots\" content=\"index, follow, max-snippet:-1, max-image-preview:large, max-video-preview:-1\" \/>\n<link rel=\"canonical\" href=\"https:\/\/nextgen-sn.com\/?product=camera-solaire-4g\" \/>\n<meta property=\"og:locale\" content=\"fr_FR\" \/>\n<meta property=\"og:type\" content=\"article\" \/>\n<meta property=\"og:title\" content=\"Cam\u00e9ra solaire 4G - NEXT GEN GROUP\" \/>\n<meta property=\"og:description\" content=\"HIKVISION DS-2XS2T41G1-ID\/4G\/C05S07(4mm) Cam\u00e9ra IP Hikvision Bullet Fixe 4G solaire 4MP + IR 30m Imagerie de haute qualit\u00e9 avec une r\u00e9solution de 4 MP Autonome avec panneau solaire et batterie int\u00e9gr\u00e9e Prise en charge de la d\u00e9tection des personnes et des v\u00e9hicules Fournit une s\u00e9curit\u00e9 en temps r\u00e9el via l&rsquo;audio bidirectionnel int\u00e9gr\u00e9 R\u00e9sistant \u00e0 l&rsquo;eau et \u00e0 la poussi\u00e8re (IP67) Prise en charge de la communication 4G (LTE-TDD\/LTE-FDD\/TD-SCDMA) R\u00c9F\u00c9RENCE: DS-2XS2T41G1 MARQUE: \u00a0HIKVISION\" \/>\n<meta property=\"og:url\" content=\"https:\/\/nextgen-sn.com\/?product=camera-solaire-4g\" \/>\n<meta property=\"og:site_name\" content=\"NEXT GEN GROUP\" \/>\n<meta property=\"article:modified_time\" content=\"2025-09-10T15:54:31+00:00\" \/>\n<meta property=\"og:image\" content=\"https:\/\/nextgen-sn.com\/wp-content\/uploads\/2025\/09\/hikvision-ds-2xs2t41g1-id-4g-c05s074mm-camera-ip-hikvision-3g-4g.jpg.png\" \/>\n\t<meta property=\"og:image:width\" content=\"458\" \/>\n\t<meta property=\"og:image:height\" content=\"458\" \/>\n\t<meta property=\"og:image:type\" content=\"image\/png\" \/>\n<meta name=\"twitter:card\" content=\"summary_large_image\" \/>\n<script type=\"application\/ld+json\" class=\"yoast-schema-graph\">{\"@context\":\"https:\\\/\\\/schema.org\",\"@graph\":[{\"@type\":\"WebPage\",\"@id\":\"https:\\\/\\\/nextgen-sn.com\\\/?product=camera-solaire-4g\",\"url\":\"https:\\\/\\\/nextgen-sn.com\\\/?product=camera-solaire-4g\",\"name\":\"Cam\u00e9ra solaire 4G - NEXT GEN GROUP\",\"isPartOf\":{\"@id\":\"https:\\\/\\\/nextgen-sn.com\\\/#website\"},\"primaryImageOfPage\":{\"@id\":\"https:\\\/\\\/nextgen-sn.com\\\/?product=camera-solaire-4g#primaryimage\"},\"image\":{\"@id\":\"https:\\\/\\\/nextgen-sn.com\\\/?product=camera-solaire-4g#primaryimage\"},\"thumbnailUrl\":\"https:\\\/\\\/nextgen-sn.com\\\/wp-content\\\/uploads\\\/2025\\\/09\\\/hikvision-ds-2xs2t41g1-id-4g-c05s074mm-camera-ip-hikvision-3g-4g.jpg.png\",\"datePublished\":\"2025-09-10T15:54:26+00:00\",\"dateModified\":\"2025-09-10T15:54:31+00:00\",\"breadcrumb\":{\"@id\":\"https:\\\/\\\/nextgen-sn.com\\\/?product=camera-solaire-4g#breadcrumb\"},\"inLanguage\":\"fr-FR\",\"potentialAction\":[{\"@type\":\"ReadAction\",\"target\":[\"https:\\\/\\\/nextgen-sn.com\\\/?product=camera-solaire-4g\"]}]},{\"@type\":\"ImageObject\",\"inLanguage\":\"fr-FR\",\"@id\":\"https:\\\/\\\/nextgen-sn.com\\\/?product=camera-solaire-4g#primaryimage\",\"url\":\"https:\\\/\\\/nextgen-sn.com\\\/wp-content\\\/uploads\\\/2025\\\/09\\\/hikvision-ds-2xs2t41g1-id-4g-c05s074mm-camera-ip-hikvision-3g-4g.jpg.png\",\"contentUrl\":\"https:\\\/\\\/nextgen-sn.com\\\/wp-content\\\/uploads\\\/2025\\\/09\\\/hikvision-ds-2xs2t41g1-id-4g-c05s074mm-camera-ip-hikvision-3g-4g.jpg.png\",\"width\":458,\"height\":458},{\"@type\":\"BreadcrumbList\",\"@id\":\"https:\\\/\\\/nextgen-sn.com\\\/?product=camera-solaire-4g#breadcrumb\",\"itemListElement\":[{\"@type\":\"ListItem\",\"position\":1,\"name\":\"Accueil\",\"item\":\"https:\\\/\\\/nextgen-sn.com\\\/\"},{\"@type\":\"ListItem\",\"position\":2,\"name\":\"Produits\",\"item\":\"https:\\\/\\\/nextgen-sn.com\\\/?post_type=product\"},{\"@type\":\"ListItem\",\"position\":3,\"name\":\"Cam\u00e9ra solaire 4G\"}]},{\"@type\":\"WebSite\",\"@id\":\"https:\\\/\\\/nextgen-sn.com\\\/#website\",\"url\":\"https:\\\/\\\/nextgen-sn.com\\\/\",\"name\":\"NEXT GEN GROUP\",\"description\":\"Next Gen Group offre des services dans le domaine de l&#039;affichage gynamique\",\"publisher\":{\"@id\":\"https:\\\/\\\/nextgen-sn.com\\\/#organization\"},\"potentialAction\":[{\"@type\":\"SearchAction\",\"target\":{\"@type\":\"EntryPoint\",\"urlTemplate\":\"https:\\\/\\\/nextgen-sn.com\\\/?s={search_term_string}\"},\"query-input\":{\"@type\":\"PropertyValueSpecification\",\"valueRequired\":true,\"valueName\":\"search_term_string\"}}],\"inLanguage\":\"fr-FR\"},{\"@type\":\"Organization\",\"@id\":\"https:\\\/\\\/nextgen-sn.com\\\/#organization\",\"name\":\"NEXT GEN GROUP\",\"url\":\"https:\\\/\\\/nextgen-sn.com\\\/\",\"logo\":{\"@type\":\"ImageObject\",\"inLanguage\":\"fr-FR\",\"@id\":\"https:\\\/\\\/nextgen-sn.com\\\/#\\\/schema\\\/logo\\\/image\\\/\",\"url\":\"https:\\\/\\\/nextgen-sn.com\\\/wp-content\\\/uploads\\\/2025\\\/08\\\/Logo-Next-Gen.png\",\"contentUrl\":\"https:\\\/\\\/nextgen-sn.com\\\/wp-content\\\/uploads\\\/2025\\\/08\\\/Logo-Next-Gen.png\",\"width\":341,\"height\":149,\"caption\":\"NEXT GEN GROUP\"},\"image\":{\"@id\":\"https:\\\/\\\/nextgen-sn.com\\\/#\\\/schema\\\/logo\\\/image\\\/\"}}]}<\/script>\n<!-- \/ Yoast SEO plugin. -->","yoast_head_json":{"title":"Cam\u00e9ra solaire 4G - NEXT GEN GROUP","robots":{"index":"index","follow":"follow","max-snippet":"max-snippet:-1","max-image-preview":"max-image-preview:large","max-video-preview":"max-video-preview:-1"},"canonical":"https:\/\/nextgen-sn.com\/?product=camera-solaire-4g","og_locale":"fr_FR","og_type":"article","og_title":"Cam\u00e9ra solaire 4G - NEXT GEN GROUP","og_description":"HIKVISION DS-2XS2T41G1-ID\/4G\/C05S07(4mm) Cam\u00e9ra IP Hikvision Bullet Fixe 4G solaire 4MP + IR 30m Imagerie de haute qualit\u00e9 avec une r\u00e9solution de 4 MP Autonome avec panneau solaire et batterie int\u00e9gr\u00e9e Prise en charge de la d\u00e9tection des personnes et des v\u00e9hicules Fournit une s\u00e9curit\u00e9 en temps r\u00e9el via l&rsquo;audio bidirectionnel int\u00e9gr\u00e9 R\u00e9sistant \u00e0 l&rsquo;eau et \u00e0 la poussi\u00e8re (IP67) Prise en charge de la communication 4G (LTE-TDD\/LTE-FDD\/TD-SCDMA) R\u00c9F\u00c9RENCE: DS-2XS2T41G1 MARQUE: \u00a0HIKVISION","og_url":"https:\/\/nextgen-sn.com\/?product=camera-solaire-4g","og_site_name":"NEXT GEN GROUP","article_modified_time":"2025-09-10T15:54:31+00:00","og_image":[{"width":458,"height":458,"url":"https:\/\/nextgen-sn.com\/wp-content\/uploads\/2025\/09\/hikvision-ds-2xs2t41g1-id-4g-c05s074mm-camera-ip-hikvision-3g-4g.jpg.png","type":"image\/png"}],"twitter_card":"summary_large_image","schema":{"@context":"https:\/\/schema.org","@graph":[{"@type":"WebPage","@id":"https:\/\/nextgen-sn.com\/?product=camera-solaire-4g","url":"https:\/\/nextgen-sn.com\/?product=camera-solaire-4g","name":"Cam\u00e9ra solaire 4G - NEXT GEN GROUP","isPartOf":{"@id":"https:\/\/nextgen-sn.com\/#website"},"primaryImageOfPage":{"@id":"https:\/\/nextgen-sn.com\/?product=camera-solaire-4g#primaryimage"},"image":{"@id":"https:\/\/nextgen-sn.com\/?product=camera-solaire-4g#primaryimage"},"thumbnailUrl":"https:\/\/nextgen-sn.com\/wp-content\/uploads\/2025\/09\/hikvision-ds-2xs2t41g1-id-4g-c05s074mm-camera-ip-hikvision-3g-4g.jpg.png","datePublished":"2025-09-10T15:54:26+00:00","dateModified":"2025-09-10T15:54:31+00:00","breadcrumb":{"@id":"https:\/\/nextgen-sn.com\/?product=camera-solaire-4g#breadcrumb"},"inLanguage":"fr-FR","potentialAction":[{"@type":"ReadAction","target":["https:\/\/nextgen-sn.com\/?product=camera-solaire-4g"]}]},{"@type":"ImageObject","inLanguage":"fr-FR","@id":"https:\/\/nextgen-sn.com\/?product=camera-solaire-4g#primaryimage","url":"https:\/\/nextgen-sn.com\/wp-content\/uploads\/2025\/09\/hikvision-ds-2xs2t41g1-id-4g-c05s074mm-camera-ip-hikvision-3g-4g.jpg.png","contentUrl":"https:\/\/nextgen-sn.com\/wp-content\/uploads\/2025\/09\/hikvision-ds-2xs2t41g1-id-4g-c05s074mm-camera-ip-hikvision-3g-4g.jpg.png","width":458,"height":458},{"@type":"BreadcrumbList","@id":"https:\/\/nextgen-sn.com\/?product=camera-solaire-4g#breadcrumb","itemListElement":[{"@type":"ListItem","position":1,"name":"Accueil","item":"https:\/\/nextgen-sn.com\/"},{"@type":"ListItem","position":2,"name":"Produits","item":"https:\/\/nextgen-sn.com\/?post_type=product"},{"@type":"ListItem","position":3,"name":"Cam\u00e9ra solaire 4G"}]},{"@type":"WebSite","@id":"https:\/\/nextgen-sn.com\/#website","url":"https:\/\/nextgen-sn.com\/","name":"NEXT GEN GROUP","description":"Next Gen Group offre des services dans le domaine de l&#039;affichage gynamique","publisher":{"@id":"https:\/\/nextgen-sn.com\/#organization"},"potentialAction":[{"@type":"SearchAction","target":{"@type":"EntryPoint","urlTemplate":"https:\/\/nextgen-sn.com\/?s={search_term_string}"},"query-input":{"@type":"PropertyValueSpecification","valueRequired":true,"valueName":"search_term_string"}}],"inLanguage":"fr-FR"},{"@type":"Organization","@id":"https:\/\/nextgen-sn.com\/#organization","name":"NEXT GEN GROUP","url":"https:\/\/nextgen-sn.com\/","logo":{"@type":"ImageObject","inLanguage":"fr-FR","@id":"https:\/\/nextgen-sn.com\/#\/schema\/logo\/image\/","url":"https:\/\/nextgen-sn.com\/wp-content\/uploads\/2025\/08\/Logo-Next-Gen.png","contentUrl":"https:\/\/nextgen-sn.com\/wp-content\/uploads\/2025\/08\/Logo-Next-Gen.png","width":341,"height":149,"caption":"NEXT GEN GROUP"},"image":{"@id":"https:\/\/nextgen-sn.com\/#\/schema\/logo\/image\/"}}]}},"_links":{"self":[{"href":"https:\/\/nextgen-sn.com\/index.php?rest_route=\/wp\/v2\/product\/2859","targetHints":{"allow":["GET"]}}],"collection":[{"href":"https:\/\/nextgen-sn.com\/index.php?rest_route=\/wp\/v2\/product"}],"about":[{"href":"https:\/\/nextgen-sn.com\/index.php?rest_route=\/wp\/v2\/types\/product"}],"wp:featuredmedia":[{"embeddable":true,"href":"https:\/\/nextgen-sn.com\/index.php?rest_route=\/wp\/v2\/media\/2887"}],"wp:attachment":[{"href":"https:\/\/nextgen-sn.com\/index.php?rest_route=%2Fwp%2Fv2%2Fmedia&parent=2859"}],"wp:term":[{"taxonomy":"product_brand","embeddable":true,"href":"https:\/\/nextgen-sn.com\/index.php?rest_route=%2Fwp%2Fv2%2Fproduct_brand&post=2859"},{"taxonomy":"product_cat","embeddable":true,"href":"https:\/\/nextgen-sn.com\/index.php?rest_route=%2Fwp%2Fv2%2Fproduct_cat&post=2859"},{"taxonomy":"product_tag","embeddable":true,"href":"https:\/\/nextgen-sn.com\/index.php?rest_route=%2Fwp%2Fv2%2Fproduct_tag&post=2859"}],"curies":[{"name":"wp","href":"https:\/\/api.w.org\/{rel}","templated":true}]}}