{"id":2858,"date":"2025-09-10T15:54:26","date_gmt":"2025-09-10T15:54:26","guid":{"rendered":"https:\/\/nextgen.leden-shop.com\/?post_type=product&#038;p=2858"},"modified":"2025-09-10T15:54:31","modified_gmt":"2025-09-10T15:54:31","slug":"camera-solaire","status":"publish","type":"product","link":"https:\/\/nextgen-sn.com\/?product=camera-solaire","title":{"rendered":"Cam\u00e9ra Solaire"},"content":{"rendered":"<h3 class=\"h1\"><strong>KIT CAM\u00c9RA DE S\u00c9CURIT\u00c9 AUTONOME A \u00c9NERGIE SOLAIRE &#8211; BULLET &#8211; 4MP &#8211; COLORVU &#8211; 4G GSM &#8211; BATTERIE LITHIU<\/strong><\/h3>\n<h3 class=\"h1\"><strong>DS-2XS2T47G1-LDH\/4G\/C18S40\/4MM<\/strong><\/h3>\n<p>\u2022 Image de haute qualit\u00e9 avec une r\u00e9solution de 4 MP r\u00e9solution 2688 \u00d7 1520<br \/>\n\u2022 Autonome avec panneau solaire et batterie lithium int\u00e9gr\u00e9e<br \/>\n\u2022 Pas de mode jour\/nuit en noir et blanc gr\u00e2ce \u00e0 la technologie ColorVu l&rsquo;image est en couleur 24h\/24 et 7j\/7<br \/>\n\u2022 Technologie de compression H.265+ efficace<br \/>\n\u2022 Haute s\u00e9curit\u00e9 en temps r\u00e9el via l&rsquo;audio duplex bidirectionnel int\u00e9gr\u00e9<br \/>\n\u2022 R\u00e9sistant \u00e0 l&rsquo;eau et \u00e0 la poussi\u00e8re (IP67)<br \/>\n\u2022 Stabilit\u00e9 face aux vents jusqu&rsquo;aux typhons de cat\u00e9gorie 12<br \/>\n\u2022 Prise en charge de la communication 4G (LTE-TDD\/LTE-FDD\/TD-SCDMA\/EVDO)<\/p>\n<p>Caract\u00e9ristiques techniques :<br \/>\n\u2022 R\u00e9glage d&rsquo;angle :<br \/>\n&#8211; Couverture solaire : Panoramique : 0\u00b0 \u00e0 358\u00b0, inclinaison : -40\u00b0 \u00e0 0\u00b0<br \/>\n&#8211; Cam\u00e9ra : panoramique = 0\u00b0 \u00e0 360\u00b0, inclinaison = -60\u00b0 \u00e0 0\u00b0<br \/>\n\u2022 Objectif : focale fixe 4 mm &#8211; champ de vision horizontal 75\u00b0, champ de vision vertical 40\u00b0<br \/>\n\u2022 Information DORI (m\u00e8tres) :<br \/>\n&#8211; D\u00e9tection : 82 m<br \/>\n&#8211; Observation : 32 m<br \/>\n&#8211; Reconnaissance : 16 m<br \/>\n&#8211; Identification : 8 m<br \/>\n\u2022 Type d&rsquo;\u00e9clairage : Lumi\u00e8re blanche<br \/>\n\u2022 Emplacement pour carte m\u00e9moire int\u00e9gr\u00e9e, prise en charge des cartes microSD\/SDHC\/SDXC, jusqu&rsquo;\u00e0 256 Go<br \/>\n\u2022 Stockage int\u00e9gr\u00e9 : Stockage eMMC 64 Go (50 Go disponibles pour l&rsquo;enregistrement)<br \/>\n\u2022 Microphone et haut-parleur int\u00e9gr\u00e9<br \/>\n\u2022 Gestion des \u00e9v\u00e8nements : D\u00e9tection de mouvement, alarme de sabotage vid\u00e9o, exception, PIR<br \/>\n\u2022 Fonction sur \u00e9v\u00e8nement : T\u00e9l\u00e9charger sur une carte m\u00e9moire, avertir le centre de surveillance, avertissement sonore, d\u00e9clencher l&rsquo;enregistrement, d\u00e9clencher la capture<br \/>\n\u2022 Indice de protection : IP67<br \/>\n\u2022 Dimensions : 679 mm \u00d7 390,5 mm \u00d7 760 mm<br \/>\n\u2022 Poids : Cam\u00e9ra Bullet + support + panneau solaire = 11,570 Kg<\/p>\n<p>Autonomie (sur charge maximum par panneaux solaires) :<br \/>\n\u2022 Mode performance : 3,6 jours<br \/>\n\u2022 Mode proactif : 6 jours<br \/>\n\u2022 Mode veille : 30 jours<\/p>\n<p>&nbsp;<\/p>\n","protected":false},"excerpt":{"rendered":"<p class=\"tx-excerpt\">KIT CAM\u00c9RA DE S\u00c9CURIT\u00c9 AUTONOME A \u00c9NERGIE SOLAIRE &#8211; BULLET &#8211; 4MP &#8211; COLORVU &#8211; 4G GSM &#8211; BATTERIE LITHIU DS-2XS2T47G1-LDH\/4G\/C18S40\/4MM \u2022 Image de haute qualit\u00e9 avec une r\u00e9solution de 4 MP r\u00e9solution 2688 \u00d7...<\/p>","protected":false},"featured_media":2886,"template":"","meta":{"_joinchat":[]},"product_brand":[],"product_cat":[33],"product_tag":[],"class_list":{"0":"post-2858","1":"product","2":"type-product","3":"status-publish","4":"has-post-thumbnail","6":"product_cat-cameras-solaires","8":"first","9":"instock","10":"taxable","11":"shipping-taxable","12":"purchasable","13":"product-type-simple"},"yoast_head":"<!-- This site is optimized with the Yoast SEO plugin v27.4 - https:\/\/yoast.com\/product\/yoast-seo-wordpress\/ -->\n<title>Cam\u00e9ra Solaire - NEXT GEN GROUP<\/title>\n<meta name=\"robots\" content=\"index, follow, max-snippet:-1, max-image-preview:large, max-video-preview:-1\" \/>\n<link rel=\"canonical\" href=\"https:\/\/nextgen-sn.com\/?product=camera-solaire\" \/>\n<meta property=\"og:locale\" content=\"fr_FR\" \/>\n<meta property=\"og:type\" content=\"article\" \/>\n<meta property=\"og:title\" content=\"Cam\u00e9ra Solaire - NEXT GEN GROUP\" \/>\n<meta property=\"og:description\" content=\"KIT CAM\u00c9RA DE S\u00c9CURIT\u00c9 AUTONOME A \u00c9NERGIE SOLAIRE &#8211; BULLET &#8211; 4MP &#8211; COLORVU &#8211; 4G GSM &#8211; BATTERIE LITHIU DS-2XS2T47G1-LDH\/4G\/C18S40\/4MM \u2022 Image de haute qualit\u00e9 avec une r\u00e9solution de 4 MP r\u00e9solution 2688 \u00d7 1520 \u2022 Autonome avec panneau solaire et batterie lithium int\u00e9gr\u00e9e \u2022 Pas de mode jour\/nuit en noir et blanc gr\u00e2ce \u00e0 la technologie ColorVu l&rsquo;image est en couleur 24h\/24 et 7j\/7 \u2022 Technologie de compression H.265+ efficace \u2022 Haute s\u00e9curit\u00e9 en temps r\u00e9el via l&rsquo;audio duplex bidirectionnel int\u00e9gr\u00e9 \u2022 R\u00e9sistant \u00e0 l&rsquo;eau et \u00e0 la poussi\u00e8re (IP67) \u2022 Stabilit\u00e9 face aux vents jusqu&rsquo;aux typhons de cat\u00e9gorie 12 \u2022 Prise en charge de la communication 4G (LTE-TDD\/LTE-FDD\/TD-SCDMA\/EVDO) Caract\u00e9ristiques techniques : \u2022 R\u00e9glage d&rsquo;angle : &#8211; Couverture solaire : Panoramique : 0\u00b0 \u00e0 358\u00b0, inclinaison : -40\u00b0 \u00e0 0\u00b0 &#8211; Cam\u00e9ra : panoramique = 0\u00b0 \u00e0 360\u00b0, inclinaison = -60\u00b0 \u00e0 0\u00b0 \u2022 Objectif : focale fixe 4 mm &#8211; champ de vision horizontal 75\u00b0, champ de vision vertical 40\u00b0 \u2022 Information DORI (m\u00e8tres) : &#8211; D\u00e9tection : 82 m &#8211; Observation : 32 m &#8211; Reconnaissance : 16 m &#8211; Identification : 8 m \u2022 Type d&rsquo;\u00e9clairage : Lumi\u00e8re blanche \u2022 Emplacement pour carte m\u00e9moire int\u00e9gr\u00e9e, prise en charge des cartes microSD\/SDHC\/SDXC, jusqu&rsquo;\u00e0 256 Go \u2022 Stockage int\u00e9gr\u00e9 : Stockage eMMC 64 Go (50 Go disponibles pour l&rsquo;enregistrement) \u2022 Microphone et haut-parleur int\u00e9gr\u00e9 \u2022 Gestion des \u00e9v\u00e8nements : D\u00e9tection de mouvement, alarme de sabotage vid\u00e9o, exception, PIR \u2022 Fonction sur \u00e9v\u00e8nement : T\u00e9l\u00e9charger sur une carte m\u00e9moire, avertir le centre de surveillance, avertissement sonore, d\u00e9clencher l&rsquo;enregistrement, d\u00e9clencher la capture \u2022 Indice de protection : IP67 \u2022 Dimensions : 679 mm \u00d7 390,5 mm \u00d7 760 mm \u2022 Poids : Cam\u00e9ra Bullet + support + panneau solaire = 11,570 Kg Autonomie (sur charge maximum par panneaux solaires) : \u2022 Mode performance : 3,6 jours \u2022 Mode proactif : 6 jours \u2022 Mode veille : 30 jours &nbsp;\" \/>\n<meta property=\"og:url\" content=\"https:\/\/nextgen-sn.com\/?product=camera-solaire\" \/>\n<meta property=\"og:site_name\" content=\"NEXT GEN GROUP\" \/>\n<meta property=\"article:modified_time\" content=\"2025-09-10T15:54:31+00:00\" \/>\n<meta property=\"og:image\" content=\"https:\/\/nextgen-sn.com\/wp-content\/uploads\/2025\/09\/videosurveillance-cameras-speciales-ds-2xs2t47g1-ldh-4g-c18s404-hikvision.jpg\" \/>\n\t<meta property=\"og:image:width\" content=\"800\" \/>\n\t<meta property=\"og:image:height\" content=\"800\" \/>\n\t<meta property=\"og:image:type\" content=\"image\/jpeg\" \/>\n<meta name=\"twitter:card\" content=\"summary_large_image\" \/>\n<meta name=\"twitter:label1\" content=\"Dur\u00e9e de lecture estim\u00e9e\" \/>\n\t<meta name=\"twitter:data1\" content=\"1 minute\" \/>\n<script type=\"application\/ld+json\" class=\"yoast-schema-graph\">{\"@context\":\"https:\\\/\\\/schema.org\",\"@graph\":[{\"@type\":\"WebPage\",\"@id\":\"https:\\\/\\\/nextgen-sn.com\\\/?product=camera-solaire\",\"url\":\"https:\\\/\\\/nextgen-sn.com\\\/?product=camera-solaire\",\"name\":\"Cam\u00e9ra Solaire - NEXT GEN GROUP\",\"isPartOf\":{\"@id\":\"https:\\\/\\\/nextgen-sn.com\\\/#website\"},\"primaryImageOfPage\":{\"@id\":\"https:\\\/\\\/nextgen-sn.com\\\/?product=camera-solaire#primaryimage\"},\"image\":{\"@id\":\"https:\\\/\\\/nextgen-sn.com\\\/?product=camera-solaire#primaryimage\"},\"thumbnailUrl\":\"https:\\\/\\\/nextgen-sn.com\\\/wp-content\\\/uploads\\\/2025\\\/09\\\/videosurveillance-cameras-speciales-ds-2xs2t47g1-ldh-4g-c18s404-hikvision.jpg\",\"datePublished\":\"2025-09-10T15:54:26+00:00\",\"dateModified\":\"2025-09-10T15:54:31+00:00\",\"breadcrumb\":{\"@id\":\"https:\\\/\\\/nextgen-sn.com\\\/?product=camera-solaire#breadcrumb\"},\"inLanguage\":\"fr-FR\",\"potentialAction\":[{\"@type\":\"ReadAction\",\"target\":[\"https:\\\/\\\/nextgen-sn.com\\\/?product=camera-solaire\"]}]},{\"@type\":\"ImageObject\",\"inLanguage\":\"fr-FR\",\"@id\":\"https:\\\/\\\/nextgen-sn.com\\\/?product=camera-solaire#primaryimage\",\"url\":\"https:\\\/\\\/nextgen-sn.com\\\/wp-content\\\/uploads\\\/2025\\\/09\\\/videosurveillance-cameras-speciales-ds-2xs2t47g1-ldh-4g-c18s404-hikvision.jpg\",\"contentUrl\":\"https:\\\/\\\/nextgen-sn.com\\\/wp-content\\\/uploads\\\/2025\\\/09\\\/videosurveillance-cameras-speciales-ds-2xs2t47g1-ldh-4g-c18s404-hikvision.jpg\",\"width\":800,\"height\":800},{\"@type\":\"BreadcrumbList\",\"@id\":\"https:\\\/\\\/nextgen-sn.com\\\/?product=camera-solaire#breadcrumb\",\"itemListElement\":[{\"@type\":\"ListItem\",\"position\":1,\"name\":\"Accueil\",\"item\":\"https:\\\/\\\/nextgen-sn.com\\\/\"},{\"@type\":\"ListItem\",\"position\":2,\"name\":\"Produits\",\"item\":\"https:\\\/\\\/nextgen-sn.com\\\/?post_type=product\"},{\"@type\":\"ListItem\",\"position\":3,\"name\":\"Cam\u00e9ra Solaire\"}]},{\"@type\":\"WebSite\",\"@id\":\"https:\\\/\\\/nextgen-sn.com\\\/#website\",\"url\":\"https:\\\/\\\/nextgen-sn.com\\\/\",\"name\":\"NEXT GEN GROUP\",\"description\":\"Next Gen Group offre des services dans le domaine de l&#039;affichage gynamique\",\"publisher\":{\"@id\":\"https:\\\/\\\/nextgen-sn.com\\\/#organization\"},\"potentialAction\":[{\"@type\":\"SearchAction\",\"target\":{\"@type\":\"EntryPoint\",\"urlTemplate\":\"https:\\\/\\\/nextgen-sn.com\\\/?s={search_term_string}\"},\"query-input\":{\"@type\":\"PropertyValueSpecification\",\"valueRequired\":true,\"valueName\":\"search_term_string\"}}],\"inLanguage\":\"fr-FR\"},{\"@type\":\"Organization\",\"@id\":\"https:\\\/\\\/nextgen-sn.com\\\/#organization\",\"name\":\"NEXT GEN GROUP\",\"url\":\"https:\\\/\\\/nextgen-sn.com\\\/\",\"logo\":{\"@type\":\"ImageObject\",\"inLanguage\":\"fr-FR\",\"@id\":\"https:\\\/\\\/nextgen-sn.com\\\/#\\\/schema\\\/logo\\\/image\\\/\",\"url\":\"https:\\\/\\\/nextgen-sn.com\\\/wp-content\\\/uploads\\\/2025\\\/08\\\/Logo-Next-Gen.png\",\"contentUrl\":\"https:\\\/\\\/nextgen-sn.com\\\/wp-content\\\/uploads\\\/2025\\\/08\\\/Logo-Next-Gen.png\",\"width\":341,\"height\":149,\"caption\":\"NEXT GEN GROUP\"},\"image\":{\"@id\":\"https:\\\/\\\/nextgen-sn.com\\\/#\\\/schema\\\/logo\\\/image\\\/\"}}]}<\/script>\n<!-- \/ Yoast SEO plugin. -->","yoast_head_json":{"title":"Cam\u00e9ra Solaire - NEXT GEN GROUP","robots":{"index":"index","follow":"follow","max-snippet":"max-snippet:-1","max-image-preview":"max-image-preview:large","max-video-preview":"max-video-preview:-1"},"canonical":"https:\/\/nextgen-sn.com\/?product=camera-solaire","og_locale":"fr_FR","og_type":"article","og_title":"Cam\u00e9ra Solaire - NEXT GEN GROUP","og_description":"KIT CAM\u00c9RA DE S\u00c9CURIT\u00c9 AUTONOME A \u00c9NERGIE SOLAIRE &#8211; BULLET &#8211; 4MP &#8211; COLORVU &#8211; 4G GSM &#8211; BATTERIE LITHIU DS-2XS2T47G1-LDH\/4G\/C18S40\/4MM \u2022 Image de haute qualit\u00e9 avec une r\u00e9solution de 4 MP r\u00e9solution 2688 \u00d7 1520 \u2022 Autonome avec panneau solaire et batterie lithium int\u00e9gr\u00e9e \u2022 Pas de mode jour\/nuit en noir et blanc gr\u00e2ce \u00e0 la technologie ColorVu l&rsquo;image est en couleur 24h\/24 et 7j\/7 \u2022 Technologie de compression H.265+ efficace \u2022 Haute s\u00e9curit\u00e9 en temps r\u00e9el via l&rsquo;audio duplex bidirectionnel int\u00e9gr\u00e9 \u2022 R\u00e9sistant \u00e0 l&rsquo;eau et \u00e0 la poussi\u00e8re (IP67) \u2022 Stabilit\u00e9 face aux vents jusqu&rsquo;aux typhons de cat\u00e9gorie 12 \u2022 Prise en charge de la communication 4G (LTE-TDD\/LTE-FDD\/TD-SCDMA\/EVDO) Caract\u00e9ristiques techniques : \u2022 R\u00e9glage d&rsquo;angle : &#8211; Couverture solaire : Panoramique : 0\u00b0 \u00e0 358\u00b0, inclinaison : -40\u00b0 \u00e0 0\u00b0 &#8211; Cam\u00e9ra : panoramique = 0\u00b0 \u00e0 360\u00b0, inclinaison = -60\u00b0 \u00e0 0\u00b0 \u2022 Objectif : focale fixe 4 mm &#8211; champ de vision horizontal 75\u00b0, champ de vision vertical 40\u00b0 \u2022 Information DORI (m\u00e8tres) : &#8211; D\u00e9tection : 82 m &#8211; Observation : 32 m &#8211; Reconnaissance : 16 m &#8211; Identification : 8 m \u2022 Type d&rsquo;\u00e9clairage : Lumi\u00e8re blanche \u2022 Emplacement pour carte m\u00e9moire int\u00e9gr\u00e9e, prise en charge des cartes microSD\/SDHC\/SDXC, jusqu&rsquo;\u00e0 256 Go \u2022 Stockage int\u00e9gr\u00e9 : Stockage eMMC 64 Go (50 Go disponibles pour l&rsquo;enregistrement) \u2022 Microphone et haut-parleur int\u00e9gr\u00e9 \u2022 Gestion des \u00e9v\u00e8nements : D\u00e9tection de mouvement, alarme de sabotage vid\u00e9o, exception, PIR \u2022 Fonction sur \u00e9v\u00e8nement : T\u00e9l\u00e9charger sur une carte m\u00e9moire, avertir le centre de surveillance, avertissement sonore, d\u00e9clencher l&rsquo;enregistrement, d\u00e9clencher la capture \u2022 Indice de protection : IP67 \u2022 Dimensions : 679 mm \u00d7 390,5 mm \u00d7 760 mm \u2022 Poids : Cam\u00e9ra Bullet + support + panneau solaire = 11,570 Kg Autonomie (sur charge maximum par panneaux solaires) : \u2022 Mode performance : 3,6 jours \u2022 Mode proactif : 6 jours \u2022 Mode veille : 30 jours &nbsp;","og_url":"https:\/\/nextgen-sn.com\/?product=camera-solaire","og_site_name":"NEXT GEN GROUP","article_modified_time":"2025-09-10T15:54:31+00:00","og_image":[{"width":800,"height":800,"url":"https:\/\/nextgen-sn.com\/wp-content\/uploads\/2025\/09\/videosurveillance-cameras-speciales-ds-2xs2t47g1-ldh-4g-c18s404-hikvision.jpg","type":"image\/jpeg"}],"twitter_card":"summary_large_image","twitter_misc":{"Dur\u00e9e de lecture estim\u00e9e":"1 minute"},"schema":{"@context":"https:\/\/schema.org","@graph":[{"@type":"WebPage","@id":"https:\/\/nextgen-sn.com\/?product=camera-solaire","url":"https:\/\/nextgen-sn.com\/?product=camera-solaire","name":"Cam\u00e9ra Solaire - NEXT GEN GROUP","isPartOf":{"@id":"https:\/\/nextgen-sn.com\/#website"},"primaryImageOfPage":{"@id":"https:\/\/nextgen-sn.com\/?product=camera-solaire#primaryimage"},"image":{"@id":"https:\/\/nextgen-sn.com\/?product=camera-solaire#primaryimage"},"thumbnailUrl":"https:\/\/nextgen-sn.com\/wp-content\/uploads\/2025\/09\/videosurveillance-cameras-speciales-ds-2xs2t47g1-ldh-4g-c18s404-hikvision.jpg","datePublished":"2025-09-10T15:54:26+00:00","dateModified":"2025-09-10T15:54:31+00:00","breadcrumb":{"@id":"https:\/\/nextgen-sn.com\/?product=camera-solaire#breadcrumb"},"inLanguage":"fr-FR","potentialAction":[{"@type":"ReadAction","target":["https:\/\/nextgen-sn.com\/?product=camera-solaire"]}]},{"@type":"ImageObject","inLanguage":"fr-FR","@id":"https:\/\/nextgen-sn.com\/?product=camera-solaire#primaryimage","url":"https:\/\/nextgen-sn.com\/wp-content\/uploads\/2025\/09\/videosurveillance-cameras-speciales-ds-2xs2t47g1-ldh-4g-c18s404-hikvision.jpg","contentUrl":"https:\/\/nextgen-sn.com\/wp-content\/uploads\/2025\/09\/videosurveillance-cameras-speciales-ds-2xs2t47g1-ldh-4g-c18s404-hikvision.jpg","width":800,"height":800},{"@type":"BreadcrumbList","@id":"https:\/\/nextgen-sn.com\/?product=camera-solaire#breadcrumb","itemListElement":[{"@type":"ListItem","position":1,"name":"Accueil","item":"https:\/\/nextgen-sn.com\/"},{"@type":"ListItem","position":2,"name":"Produits","item":"https:\/\/nextgen-sn.com\/?post_type=product"},{"@type":"ListItem","position":3,"name":"Cam\u00e9ra Solaire"}]},{"@type":"WebSite","@id":"https:\/\/nextgen-sn.com\/#website","url":"https:\/\/nextgen-sn.com\/","name":"NEXT GEN GROUP","description":"Next Gen Group offre des services dans le domaine de l&#039;affichage gynamique","publisher":{"@id":"https:\/\/nextgen-sn.com\/#organization"},"potentialAction":[{"@type":"SearchAction","target":{"@type":"EntryPoint","urlTemplate":"https:\/\/nextgen-sn.com\/?s={search_term_string}"},"query-input":{"@type":"PropertyValueSpecification","valueRequired":true,"valueName":"search_term_string"}}],"inLanguage":"fr-FR"},{"@type":"Organization","@id":"https:\/\/nextgen-sn.com\/#organization","name":"NEXT GEN GROUP","url":"https:\/\/nextgen-sn.com\/","logo":{"@type":"ImageObject","inLanguage":"fr-FR","@id":"https:\/\/nextgen-sn.com\/#\/schema\/logo\/image\/","url":"https:\/\/nextgen-sn.com\/wp-content\/uploads\/2025\/08\/Logo-Next-Gen.png","contentUrl":"https:\/\/nextgen-sn.com\/wp-content\/uploads\/2025\/08\/Logo-Next-Gen.png","width":341,"height":149,"caption":"NEXT GEN GROUP"},"image":{"@id":"https:\/\/nextgen-sn.com\/#\/schema\/logo\/image\/"}}]}},"_links":{"self":[{"href":"https:\/\/nextgen-sn.com\/index.php?rest_route=\/wp\/v2\/product\/2858","targetHints":{"allow":["GET"]}}],"collection":[{"href":"https:\/\/nextgen-sn.com\/index.php?rest_route=\/wp\/v2\/product"}],"about":[{"href":"https:\/\/nextgen-sn.com\/index.php?rest_route=\/wp\/v2\/types\/product"}],"wp:featuredmedia":[{"embeddable":true,"href":"https:\/\/nextgen-sn.com\/index.php?rest_route=\/wp\/v2\/media\/2886"}],"wp:attachment":[{"href":"https:\/\/nextgen-sn.com\/index.php?rest_route=%2Fwp%2Fv2%2Fmedia&parent=2858"}],"wp:term":[{"taxonomy":"product_brand","embeddable":true,"href":"https:\/\/nextgen-sn.com\/index.php?rest_route=%2Fwp%2Fv2%2Fproduct_brand&post=2858"},{"taxonomy":"product_cat","embeddable":true,"href":"https:\/\/nextgen-sn.com\/index.php?rest_route=%2Fwp%2Fv2%2Fproduct_cat&post=2858"},{"taxonomy":"product_tag","embeddable":true,"href":"https:\/\/nextgen-sn.com\/index.php?rest_route=%2Fwp%2Fv2%2Fproduct_tag&post=2858"}],"curies":[{"name":"wp","href":"https:\/\/api.w.org\/{rel}","templated":true}]}}