{"id":2846,"date":"2025-09-10T15:54:25","date_gmt":"2025-09-10T15:54:25","guid":{"rendered":"https:\/\/nextgen.leden-shop.com\/?post_type=product&#038;p=2846"},"modified":"2025-09-10T15:54:27","modified_gmt":"2025-09-10T15:54:27","slug":"ax-pro-panel-2","status":"publish","type":"product","link":"https:\/\/nextgen-sn.com\/?product=ax-pro-panel-2","title":{"rendered":"AX Pro Panel"},"content":{"rendered":"<p>AX PRO (868 MHz)<\/p>\n<p><strong>Model<\/strong>: DS-PWA96-M-WE<\/p>\n<p>TCP\/IP, Wi-Fi et r\u00e9seau 3\/4G<br \/>\nProtocole sans fil de nouvelle g\u00e9n\u00e9ration : Tri-X\/Cam-X<br \/>\nLongue distance de transmission RF<br \/>\nCommunication bidirectionnelle avec cryptage AES-128<br \/>\nConnecte jusqu&rsquo;\u00e0 96 zones\/sorties sans fil (dont 48 PIRCAM), 48 porte-cl\u00e9s sans fil, 4 r\u00e9p\u00e9teurs, 6 sir\u00e8nes (3 internes + 3 externes), 8 lecteurs d&rsquo;\u00e9tiquettes et claviers<br \/>\nPrend en charge jusqu&rsquo;\u00e0 48 utilisateurs du r\u00e9seau, dont 1 installateur, 1 administrateur et 46 utilisateurs normaux<br \/>\nInvite vocale<br \/>\nConfiguration via le client Web, le client mobile et Convergence Cloud<br \/>\nLa configuration Hik-Connect et Hik-ProConnect d\u00e9pend du niveau d&rsquo;acc\u00e8s de l&rsquo;utilisateur<br \/>\nEnvoie des notifications d&rsquo;alarme via des messages ou des appels t\u00e9l\u00e9phoniques<br \/>\nAffiche les vid\u00e9os en direct depuis Hik-Connect<br \/>\nClips vid\u00e9o d&rsquo;alarme via e-mails et APP<br \/>\nPrend en charge l&rsquo;indicateur LED pour indiquer l&rsquo;\u00e9tat du syst\u00e8me<br \/>\nBatterie de secours au lithium 4520 mAh<br \/>\nProtocole SIA-DC09 et prend en charge les donn\u00e9es Contact ID et SIA format<br \/>\nPrend en charge Hik-IP Receiver et Hik-IP Receiver Pro pour la communication ARC<\/p>\n","protected":false},"excerpt":{"rendered":"<p class=\"tx-excerpt\">AX PRO (868 MHz) Model: DS-PWA96-M-WE TCP\/IP, Wi-Fi et r\u00e9seau 3\/4G Protocole sans fil de nouvelle g\u00e9n\u00e9ration : Tri-X\/Cam-X Longue distance de transmission RF Communication bidirectionnelle avec cryptage AES-128 Connecte jusqu&rsquo;\u00e0 96 zones\/sorties sans fil...<\/p>","protected":false},"featured_media":2866,"template":"","meta":{"_joinchat":[]},"product_brand":[],"product_cat":[38],"product_tag":[],"class_list":{"0":"post-2846","1":"product","2":"type-product","3":"status-publish","4":"has-post-thumbnail","6":"product_cat-alarmes","8":"first","9":"instock","10":"downloadable","11":"taxable","12":"shipping-taxable","13":"purchasable","14":"product-type-simple"},"yoast_head":"<!-- This site is optimized with the Yoast SEO plugin v27.4 - https:\/\/yoast.com\/product\/yoast-seo-wordpress\/ -->\n<title>AX Pro Panel - NEXT GEN GROUP<\/title>\n<meta name=\"robots\" content=\"index, follow, max-snippet:-1, max-image-preview:large, max-video-preview:-1\" \/>\n<link rel=\"canonical\" href=\"https:\/\/nextgen-sn.com\/?product=ax-pro-panel-2\" \/>\n<meta property=\"og:locale\" content=\"fr_FR\" \/>\n<meta property=\"og:type\" content=\"article\" \/>\n<meta property=\"og:title\" content=\"AX Pro Panel - NEXT GEN GROUP\" \/>\n<meta property=\"og:description\" content=\"AX PRO (868 MHz) Model: DS-PWA96-M-WE TCP\/IP, Wi-Fi et r\u00e9seau 3\/4G Protocole sans fil de nouvelle g\u00e9n\u00e9ration : Tri-X\/Cam-X Longue distance de transmission RF Communication bidirectionnelle avec cryptage AES-128 Connecte jusqu&rsquo;\u00e0 96 zones\/sorties sans fil (dont 48 PIRCAM), 48 porte-cl\u00e9s sans fil, 4 r\u00e9p\u00e9teurs, 6 sir\u00e8nes (3 internes + 3 externes), 8 lecteurs d&rsquo;\u00e9tiquettes et claviers Prend en charge jusqu&rsquo;\u00e0 48 utilisateurs du r\u00e9seau, dont 1 installateur, 1 administrateur et 46 utilisateurs normaux Invite vocale Configuration via le client Web, le client mobile et Convergence Cloud La configuration Hik-Connect et Hik-ProConnect d\u00e9pend du niveau d&rsquo;acc\u00e8s de l&rsquo;utilisateur Envoie des notifications d&rsquo;alarme via des messages ou des appels t\u00e9l\u00e9phoniques Affiche les vid\u00e9os en direct depuis Hik-Connect Clips vid\u00e9o d&rsquo;alarme via e-mails et APP Prend en charge l&rsquo;indicateur LED pour indiquer l&rsquo;\u00e9tat du syst\u00e8me Batterie de secours au lithium 4520 mAh Protocole SIA-DC09 et prend en charge les donn\u00e9es Contact ID et SIA format Prend en charge Hik-IP Receiver et Hik-IP Receiver Pro pour la communication ARC\" \/>\n<meta property=\"og:url\" content=\"https:\/\/nextgen-sn.com\/?product=ax-pro-panel-2\" \/>\n<meta property=\"og:site_name\" content=\"NEXT GEN GROUP\" \/>\n<meta property=\"article:modified_time\" content=\"2025-09-10T15:54:27+00:00\" \/>\n<meta property=\"og:image\" content=\"https:\/\/nextgen-sn.com\/wp-content\/uploads\/2025\/09\/\u4e3b\u673a-\u6b63\u89c6\u56fe.png.thumb_.1280.1280.png\" \/>\n\t<meta property=\"og:image:width\" content=\"800\" \/>\n\t<meta property=\"og:image:height\" content=\"450\" \/>\n\t<meta property=\"og:image:type\" content=\"image\/png\" \/>\n<meta name=\"twitter:card\" content=\"summary_large_image\" \/>\n<meta name=\"twitter:label1\" content=\"Dur\u00e9e de lecture estim\u00e9e\" \/>\n\t<meta name=\"twitter:data1\" content=\"1 minute\" \/>\n<script type=\"application\/ld+json\" class=\"yoast-schema-graph\">{\"@context\":\"https:\\\/\\\/schema.org\",\"@graph\":[{\"@type\":\"WebPage\",\"@id\":\"https:\\\/\\\/nextgen-sn.com\\\/?product=ax-pro-panel-2\",\"url\":\"https:\\\/\\\/nextgen-sn.com\\\/?product=ax-pro-panel-2\",\"name\":\"AX Pro Panel - NEXT GEN GROUP\",\"isPartOf\":{\"@id\":\"https:\\\/\\\/nextgen-sn.com\\\/#website\"},\"primaryImageOfPage\":{\"@id\":\"https:\\\/\\\/nextgen-sn.com\\\/?product=ax-pro-panel-2#primaryimage\"},\"image\":{\"@id\":\"https:\\\/\\\/nextgen-sn.com\\\/?product=ax-pro-panel-2#primaryimage\"},\"thumbnailUrl\":\"https:\\\/\\\/nextgen-sn.com\\\/wp-content\\\/uploads\\\/2025\\\/09\\\/\u4e3b\u673a-\u6b63\u89c6\u56fe.png.thumb_.1280.1280.png\",\"datePublished\":\"2025-09-10T15:54:25+00:00\",\"dateModified\":\"2025-09-10T15:54:27+00:00\",\"breadcrumb\":{\"@id\":\"https:\\\/\\\/nextgen-sn.com\\\/?product=ax-pro-panel-2#breadcrumb\"},\"inLanguage\":\"fr-FR\",\"potentialAction\":[{\"@type\":\"ReadAction\",\"target\":[\"https:\\\/\\\/nextgen-sn.com\\\/?product=ax-pro-panel-2\"]}]},{\"@type\":\"ImageObject\",\"inLanguage\":\"fr-FR\",\"@id\":\"https:\\\/\\\/nextgen-sn.com\\\/?product=ax-pro-panel-2#primaryimage\",\"url\":\"https:\\\/\\\/nextgen-sn.com\\\/wp-content\\\/uploads\\\/2025\\\/09\\\/\u4e3b\u673a-\u6b63\u89c6\u56fe.png.thumb_.1280.1280.png\",\"contentUrl\":\"https:\\\/\\\/nextgen-sn.com\\\/wp-content\\\/uploads\\\/2025\\\/09\\\/\u4e3b\u673a-\u6b63\u89c6\u56fe.png.thumb_.1280.1280.png\",\"width\":800,\"height\":450},{\"@type\":\"BreadcrumbList\",\"@id\":\"https:\\\/\\\/nextgen-sn.com\\\/?product=ax-pro-panel-2#breadcrumb\",\"itemListElement\":[{\"@type\":\"ListItem\",\"position\":1,\"name\":\"Accueil\",\"item\":\"https:\\\/\\\/nextgen-sn.com\\\/\"},{\"@type\":\"ListItem\",\"position\":2,\"name\":\"Produits\",\"item\":\"https:\\\/\\\/nextgen-sn.com\\\/?post_type=product\"},{\"@type\":\"ListItem\",\"position\":3,\"name\":\"AX Pro Panel\"}]},{\"@type\":\"WebSite\",\"@id\":\"https:\\\/\\\/nextgen-sn.com\\\/#website\",\"url\":\"https:\\\/\\\/nextgen-sn.com\\\/\",\"name\":\"NEXT GEN GROUP\",\"description\":\"Next Gen Group offre des services dans le domaine de l&#039;affichage gynamique\",\"publisher\":{\"@id\":\"https:\\\/\\\/nextgen-sn.com\\\/#organization\"},\"potentialAction\":[{\"@type\":\"SearchAction\",\"target\":{\"@type\":\"EntryPoint\",\"urlTemplate\":\"https:\\\/\\\/nextgen-sn.com\\\/?s={search_term_string}\"},\"query-input\":{\"@type\":\"PropertyValueSpecification\",\"valueRequired\":true,\"valueName\":\"search_term_string\"}}],\"inLanguage\":\"fr-FR\"},{\"@type\":\"Organization\",\"@id\":\"https:\\\/\\\/nextgen-sn.com\\\/#organization\",\"name\":\"NEXT GEN GROUP\",\"url\":\"https:\\\/\\\/nextgen-sn.com\\\/\",\"logo\":{\"@type\":\"ImageObject\",\"inLanguage\":\"fr-FR\",\"@id\":\"https:\\\/\\\/nextgen-sn.com\\\/#\\\/schema\\\/logo\\\/image\\\/\",\"url\":\"https:\\\/\\\/nextgen-sn.com\\\/wp-content\\\/uploads\\\/2025\\\/08\\\/Logo-Next-Gen.png\",\"contentUrl\":\"https:\\\/\\\/nextgen-sn.com\\\/wp-content\\\/uploads\\\/2025\\\/08\\\/Logo-Next-Gen.png\",\"width\":341,\"height\":149,\"caption\":\"NEXT GEN GROUP\"},\"image\":{\"@id\":\"https:\\\/\\\/nextgen-sn.com\\\/#\\\/schema\\\/logo\\\/image\\\/\"}}]}<\/script>\n<!-- \/ Yoast SEO plugin. -->","yoast_head_json":{"title":"AX Pro Panel - NEXT GEN GROUP","robots":{"index":"index","follow":"follow","max-snippet":"max-snippet:-1","max-image-preview":"max-image-preview:large","max-video-preview":"max-video-preview:-1"},"canonical":"https:\/\/nextgen-sn.com\/?product=ax-pro-panel-2","og_locale":"fr_FR","og_type":"article","og_title":"AX Pro Panel - NEXT GEN GROUP","og_description":"AX PRO (868 MHz) Model: DS-PWA96-M-WE TCP\/IP, Wi-Fi et r\u00e9seau 3\/4G Protocole sans fil de nouvelle g\u00e9n\u00e9ration : Tri-X\/Cam-X Longue distance de transmission RF Communication bidirectionnelle avec cryptage AES-128 Connecte jusqu&rsquo;\u00e0 96 zones\/sorties sans fil (dont 48 PIRCAM), 48 porte-cl\u00e9s sans fil, 4 r\u00e9p\u00e9teurs, 6 sir\u00e8nes (3 internes + 3 externes), 8 lecteurs d&rsquo;\u00e9tiquettes et claviers Prend en charge jusqu&rsquo;\u00e0 48 utilisateurs du r\u00e9seau, dont 1 installateur, 1 administrateur et 46 utilisateurs normaux Invite vocale Configuration via le client Web, le client mobile et Convergence Cloud La configuration Hik-Connect et Hik-ProConnect d\u00e9pend du niveau d&rsquo;acc\u00e8s de l&rsquo;utilisateur Envoie des notifications d&rsquo;alarme via des messages ou des appels t\u00e9l\u00e9phoniques Affiche les vid\u00e9os en direct depuis Hik-Connect Clips vid\u00e9o d&rsquo;alarme via e-mails et APP Prend en charge l&rsquo;indicateur LED pour indiquer l&rsquo;\u00e9tat du syst\u00e8me Batterie de secours au lithium 4520 mAh Protocole SIA-DC09 et prend en charge les donn\u00e9es Contact ID et SIA format Prend en charge Hik-IP Receiver et Hik-IP Receiver Pro pour la communication ARC","og_url":"https:\/\/nextgen-sn.com\/?product=ax-pro-panel-2","og_site_name":"NEXT GEN GROUP","article_modified_time":"2025-09-10T15:54:27+00:00","og_image":[{"width":800,"height":450,"url":"https:\/\/nextgen-sn.com\/wp-content\/uploads\/2025\/09\/\u4e3b\u673a-\u6b63\u89c6\u56fe.png.thumb_.1280.1280.png","type":"image\/png"}],"twitter_card":"summary_large_image","twitter_misc":{"Dur\u00e9e de lecture estim\u00e9e":"1 minute"},"schema":{"@context":"https:\/\/schema.org","@graph":[{"@type":"WebPage","@id":"https:\/\/nextgen-sn.com\/?product=ax-pro-panel-2","url":"https:\/\/nextgen-sn.com\/?product=ax-pro-panel-2","name":"AX Pro Panel - NEXT GEN GROUP","isPartOf":{"@id":"https:\/\/nextgen-sn.com\/#website"},"primaryImageOfPage":{"@id":"https:\/\/nextgen-sn.com\/?product=ax-pro-panel-2#primaryimage"},"image":{"@id":"https:\/\/nextgen-sn.com\/?product=ax-pro-panel-2#primaryimage"},"thumbnailUrl":"https:\/\/nextgen-sn.com\/wp-content\/uploads\/2025\/09\/\u4e3b\u673a-\u6b63\u89c6\u56fe.png.thumb_.1280.1280.png","datePublished":"2025-09-10T15:54:25+00:00","dateModified":"2025-09-10T15:54:27+00:00","breadcrumb":{"@id":"https:\/\/nextgen-sn.com\/?product=ax-pro-panel-2#breadcrumb"},"inLanguage":"fr-FR","potentialAction":[{"@type":"ReadAction","target":["https:\/\/nextgen-sn.com\/?product=ax-pro-panel-2"]}]},{"@type":"ImageObject","inLanguage":"fr-FR","@id":"https:\/\/nextgen-sn.com\/?product=ax-pro-panel-2#primaryimage","url":"https:\/\/nextgen-sn.com\/wp-content\/uploads\/2025\/09\/\u4e3b\u673a-\u6b63\u89c6\u56fe.png.thumb_.1280.1280.png","contentUrl":"https:\/\/nextgen-sn.com\/wp-content\/uploads\/2025\/09\/\u4e3b\u673a-\u6b63\u89c6\u56fe.png.thumb_.1280.1280.png","width":800,"height":450},{"@type":"BreadcrumbList","@id":"https:\/\/nextgen-sn.com\/?product=ax-pro-panel-2#breadcrumb","itemListElement":[{"@type":"ListItem","position":1,"name":"Accueil","item":"https:\/\/nextgen-sn.com\/"},{"@type":"ListItem","position":2,"name":"Produits","item":"https:\/\/nextgen-sn.com\/?post_type=product"},{"@type":"ListItem","position":3,"name":"AX Pro Panel"}]},{"@type":"WebSite","@id":"https:\/\/nextgen-sn.com\/#website","url":"https:\/\/nextgen-sn.com\/","name":"NEXT GEN GROUP","description":"Next Gen Group offre des services dans le domaine de l&#039;affichage gynamique","publisher":{"@id":"https:\/\/nextgen-sn.com\/#organization"},"potentialAction":[{"@type":"SearchAction","target":{"@type":"EntryPoint","urlTemplate":"https:\/\/nextgen-sn.com\/?s={search_term_string}"},"query-input":{"@type":"PropertyValueSpecification","valueRequired":true,"valueName":"search_term_string"}}],"inLanguage":"fr-FR"},{"@type":"Organization","@id":"https:\/\/nextgen-sn.com\/#organization","name":"NEXT GEN GROUP","url":"https:\/\/nextgen-sn.com\/","logo":{"@type":"ImageObject","inLanguage":"fr-FR","@id":"https:\/\/nextgen-sn.com\/#\/schema\/logo\/image\/","url":"https:\/\/nextgen-sn.com\/wp-content\/uploads\/2025\/08\/Logo-Next-Gen.png","contentUrl":"https:\/\/nextgen-sn.com\/wp-content\/uploads\/2025\/08\/Logo-Next-Gen.png","width":341,"height":149,"caption":"NEXT GEN GROUP"},"image":{"@id":"https:\/\/nextgen-sn.com\/#\/schema\/logo\/image\/"}}]}},"_links":{"self":[{"href":"https:\/\/nextgen-sn.com\/index.php?rest_route=\/wp\/v2\/product\/2846","targetHints":{"allow":["GET"]}}],"collection":[{"href":"https:\/\/nextgen-sn.com\/index.php?rest_route=\/wp\/v2\/product"}],"about":[{"href":"https:\/\/nextgen-sn.com\/index.php?rest_route=\/wp\/v2\/types\/product"}],"wp:featuredmedia":[{"embeddable":true,"href":"https:\/\/nextgen-sn.com\/index.php?rest_route=\/wp\/v2\/media\/2866"}],"wp:attachment":[{"href":"https:\/\/nextgen-sn.com\/index.php?rest_route=%2Fwp%2Fv2%2Fmedia&parent=2846"}],"wp:term":[{"taxonomy":"product_brand","embeddable":true,"href":"https:\/\/nextgen-sn.com\/index.php?rest_route=%2Fwp%2Fv2%2Fproduct_brand&post=2846"},{"taxonomy":"product_cat","embeddable":true,"href":"https:\/\/nextgen-sn.com\/index.php?rest_route=%2Fwp%2Fv2%2Fproduct_cat&post=2846"},{"taxonomy":"product_tag","embeddable":true,"href":"https:\/\/nextgen-sn.com\/index.php?rest_route=%2Fwp%2Fv2%2Fproduct_tag&post=2846"}],"curies":[{"name":"wp","href":"https:\/\/api.w.org\/{rel}","templated":true}]}}