{"id":2800,"date":"2025-09-10T15:54:16","date_gmt":"2025-09-10T15:54:16","guid":{"rendered":"https:\/\/nextgen.leden-shop.com\/?post_type=product&#038;p=2800"},"modified":"2025-09-10T15:54:24","modified_gmt":"2025-09-10T15:54:24","slug":"station-de-porte","status":"publish","type":"product","link":"https:\/\/nextgen-sn.com\/?product=station-de-porte","title":{"rendered":"Station de porte"},"content":{"rendered":"<p><strong>Station de porte de villa \u00e0 reconnaissance faciale anti-vandalisme en m\u00e9tal<\/strong><\/p>\n<p><strong>Model<\/strong>: DS-KV9503-WBE1<br \/>\nDesign industriel moderne<br \/>\n\u00c9cran LCD color\u00e9 de 4,3 pouces avec r\u00e9solution 800 \u00d7 480<br \/>\nBouton physique \u00e0 une touche pour des appels plus faciles<br \/>\nAlimentation PoE standard<br \/>\nNiveau de protection sup\u00e9rieur IK08 et IP65<br \/>\nInteraction conviviale<br \/>\nFonction de reconnaissance faciale en option pour les probl\u00e8mes de confidentialit\u00e9<br \/>\nInterface publicitaire personnalis\u00e9e<br \/>\nDivers sc\u00e9narios d&rsquo;application : Villa, appartement et bureau<br \/>\nPlusieurs m\u00e9thodes d&rsquo;authentification : visage, code PIN, carte, code QR, Bluetooth (r\u00e9serv\u00e9)<\/p>\n","protected":false},"excerpt":{"rendered":"<p class=\"tx-excerpt\">Station de porte de villa \u00e0 reconnaissance faciale anti-vandalisme en m\u00e9tal Model: DS-KV9503-WBE1 Design industriel moderne \u00c9cran LCD color\u00e9 de 4,3 pouces avec r\u00e9solution 800 \u00d7 480 Bouton physique \u00e0 une touche pour des appels...<\/p>","protected":false},"featured_media":2840,"template":"","meta":{"_joinchat":[]},"product_brand":[],"product_cat":[36],"product_tag":[],"class_list":{"0":"post-2800","1":"product","2":"type-product","3":"status-publish","4":"has-post-thumbnail","6":"product_cat-interphone","8":"first","9":"instock","10":"downloadable","11":"taxable","12":"shipping-taxable","13":"purchasable","14":"product-type-simple"},"yoast_head":"<!-- This site is optimized with the Yoast SEO plugin v27.4 - https:\/\/yoast.com\/product\/yoast-seo-wordpress\/ -->\n<title>Station de porte - NEXT GEN GROUP<\/title>\n<meta name=\"robots\" content=\"index, follow, max-snippet:-1, max-image-preview:large, max-video-preview:-1\" \/>\n<link rel=\"canonical\" href=\"https:\/\/nextgen-sn.com\/?product=station-de-porte\" \/>\n<meta property=\"og:locale\" content=\"fr_FR\" \/>\n<meta property=\"og:type\" content=\"article\" \/>\n<meta property=\"og:title\" content=\"Station de porte - NEXT GEN GROUP\" \/>\n<meta property=\"og:description\" content=\"Station de porte de villa \u00e0 reconnaissance faciale anti-vandalisme en m\u00e9tal Model: DS-KV9503-WBE1 Design industriel moderne \u00c9cran LCD color\u00e9 de 4,3 pouces avec r\u00e9solution 800 \u00d7 480 Bouton physique \u00e0 une touche pour des appels plus faciles Alimentation PoE standard Niveau de protection sup\u00e9rieur IK08 et IP65 Interaction conviviale Fonction de reconnaissance faciale en option pour les probl\u00e8mes de confidentialit\u00e9 Interface publicitaire personnalis\u00e9e Divers sc\u00e9narios d&rsquo;application : Villa, appartement et bureau Plusieurs m\u00e9thodes d&rsquo;authentification : visage, code PIN, carte, code QR, Bluetooth (r\u00e9serv\u00e9)\" \/>\n<meta property=\"og:url\" content=\"https:\/\/nextgen-sn.com\/?product=station-de-porte\" \/>\n<meta property=\"og:site_name\" content=\"NEXT GEN GROUP\" \/>\n<meta property=\"article:modified_time\" content=\"2025-09-10T15:54:24+00:00\" \/>\n<meta property=\"og:image\" content=\"https:\/\/nextgen-sn.com\/wp-content\/uploads\/2025\/09\/KV9503-\u6d77\u5916-\u6b63\u89c6\u56fe.png.thumb_.1280.1280.png\" \/>\n\t<meta property=\"og:image:width\" content=\"800\" \/>\n\t<meta property=\"og:image:height\" content=\"450\" \/>\n\t<meta property=\"og:image:type\" content=\"image\/png\" \/>\n<meta name=\"twitter:card\" content=\"summary_large_image\" \/>\n<script type=\"application\/ld+json\" class=\"yoast-schema-graph\">{\"@context\":\"https:\\\/\\\/schema.org\",\"@graph\":[{\"@type\":\"WebPage\",\"@id\":\"https:\\\/\\\/nextgen-sn.com\\\/?product=station-de-porte\",\"url\":\"https:\\\/\\\/nextgen-sn.com\\\/?product=station-de-porte\",\"name\":\"Station de porte - NEXT GEN GROUP\",\"isPartOf\":{\"@id\":\"https:\\\/\\\/nextgen-sn.com\\\/#website\"},\"primaryImageOfPage\":{\"@id\":\"https:\\\/\\\/nextgen-sn.com\\\/?product=station-de-porte#primaryimage\"},\"image\":{\"@id\":\"https:\\\/\\\/nextgen-sn.com\\\/?product=station-de-porte#primaryimage\"},\"thumbnailUrl\":\"https:\\\/\\\/nextgen-sn.com\\\/wp-content\\\/uploads\\\/2025\\\/09\\\/KV9503-\u6d77\u5916-\u6b63\u89c6\u56fe.png.thumb_.1280.1280.png\",\"datePublished\":\"2025-09-10T15:54:16+00:00\",\"dateModified\":\"2025-09-10T15:54:24+00:00\",\"breadcrumb\":{\"@id\":\"https:\\\/\\\/nextgen-sn.com\\\/?product=station-de-porte#breadcrumb\"},\"inLanguage\":\"fr-FR\",\"potentialAction\":[{\"@type\":\"ReadAction\",\"target\":[\"https:\\\/\\\/nextgen-sn.com\\\/?product=station-de-porte\"]}]},{\"@type\":\"ImageObject\",\"inLanguage\":\"fr-FR\",\"@id\":\"https:\\\/\\\/nextgen-sn.com\\\/?product=station-de-porte#primaryimage\",\"url\":\"https:\\\/\\\/nextgen-sn.com\\\/wp-content\\\/uploads\\\/2025\\\/09\\\/KV9503-\u6d77\u5916-\u6b63\u89c6\u56fe.png.thumb_.1280.1280.png\",\"contentUrl\":\"https:\\\/\\\/nextgen-sn.com\\\/wp-content\\\/uploads\\\/2025\\\/09\\\/KV9503-\u6d77\u5916-\u6b63\u89c6\u56fe.png.thumb_.1280.1280.png\",\"width\":800,\"height\":450},{\"@type\":\"BreadcrumbList\",\"@id\":\"https:\\\/\\\/nextgen-sn.com\\\/?product=station-de-porte#breadcrumb\",\"itemListElement\":[{\"@type\":\"ListItem\",\"position\":1,\"name\":\"Accueil\",\"item\":\"https:\\\/\\\/nextgen-sn.com\\\/\"},{\"@type\":\"ListItem\",\"position\":2,\"name\":\"Produits\",\"item\":\"https:\\\/\\\/nextgen-sn.com\\\/?post_type=product\"},{\"@type\":\"ListItem\",\"position\":3,\"name\":\"Station de porte\"}]},{\"@type\":\"WebSite\",\"@id\":\"https:\\\/\\\/nextgen-sn.com\\\/#website\",\"url\":\"https:\\\/\\\/nextgen-sn.com\\\/\",\"name\":\"NEXT GEN GROUP\",\"description\":\"Next Gen Group offre des services dans le domaine de l&#039;affichage gynamique\",\"publisher\":{\"@id\":\"https:\\\/\\\/nextgen-sn.com\\\/#organization\"},\"potentialAction\":[{\"@type\":\"SearchAction\",\"target\":{\"@type\":\"EntryPoint\",\"urlTemplate\":\"https:\\\/\\\/nextgen-sn.com\\\/?s={search_term_string}\"},\"query-input\":{\"@type\":\"PropertyValueSpecification\",\"valueRequired\":true,\"valueName\":\"search_term_string\"}}],\"inLanguage\":\"fr-FR\"},{\"@type\":\"Organization\",\"@id\":\"https:\\\/\\\/nextgen-sn.com\\\/#organization\",\"name\":\"NEXT GEN GROUP\",\"url\":\"https:\\\/\\\/nextgen-sn.com\\\/\",\"logo\":{\"@type\":\"ImageObject\",\"inLanguage\":\"fr-FR\",\"@id\":\"https:\\\/\\\/nextgen-sn.com\\\/#\\\/schema\\\/logo\\\/image\\\/\",\"url\":\"https:\\\/\\\/nextgen-sn.com\\\/wp-content\\\/uploads\\\/2025\\\/08\\\/Logo-Next-Gen.png\",\"contentUrl\":\"https:\\\/\\\/nextgen-sn.com\\\/wp-content\\\/uploads\\\/2025\\\/08\\\/Logo-Next-Gen.png\",\"width\":341,\"height\":149,\"caption\":\"NEXT GEN GROUP\"},\"image\":{\"@id\":\"https:\\\/\\\/nextgen-sn.com\\\/#\\\/schema\\\/logo\\\/image\\\/\"}}]}<\/script>\n<!-- \/ Yoast SEO plugin. -->","yoast_head_json":{"title":"Station de porte - NEXT GEN GROUP","robots":{"index":"index","follow":"follow","max-snippet":"max-snippet:-1","max-image-preview":"max-image-preview:large","max-video-preview":"max-video-preview:-1"},"canonical":"https:\/\/nextgen-sn.com\/?product=station-de-porte","og_locale":"fr_FR","og_type":"article","og_title":"Station de porte - NEXT GEN GROUP","og_description":"Station de porte de villa \u00e0 reconnaissance faciale anti-vandalisme en m\u00e9tal Model: DS-KV9503-WBE1 Design industriel moderne \u00c9cran LCD color\u00e9 de 4,3 pouces avec r\u00e9solution 800 \u00d7 480 Bouton physique \u00e0 une touche pour des appels plus faciles Alimentation PoE standard Niveau de protection sup\u00e9rieur IK08 et IP65 Interaction conviviale Fonction de reconnaissance faciale en option pour les probl\u00e8mes de confidentialit\u00e9 Interface publicitaire personnalis\u00e9e Divers sc\u00e9narios d&rsquo;application : Villa, appartement et bureau Plusieurs m\u00e9thodes d&rsquo;authentification : visage, code PIN, carte, code QR, Bluetooth (r\u00e9serv\u00e9)","og_url":"https:\/\/nextgen-sn.com\/?product=station-de-porte","og_site_name":"NEXT GEN GROUP","article_modified_time":"2025-09-10T15:54:24+00:00","og_image":[{"width":800,"height":450,"url":"https:\/\/nextgen-sn.com\/wp-content\/uploads\/2025\/09\/KV9503-\u6d77\u5916-\u6b63\u89c6\u56fe.png.thumb_.1280.1280.png","type":"image\/png"}],"twitter_card":"summary_large_image","schema":{"@context":"https:\/\/schema.org","@graph":[{"@type":"WebPage","@id":"https:\/\/nextgen-sn.com\/?product=station-de-porte","url":"https:\/\/nextgen-sn.com\/?product=station-de-porte","name":"Station de porte - NEXT GEN GROUP","isPartOf":{"@id":"https:\/\/nextgen-sn.com\/#website"},"primaryImageOfPage":{"@id":"https:\/\/nextgen-sn.com\/?product=station-de-porte#primaryimage"},"image":{"@id":"https:\/\/nextgen-sn.com\/?product=station-de-porte#primaryimage"},"thumbnailUrl":"https:\/\/nextgen-sn.com\/wp-content\/uploads\/2025\/09\/KV9503-\u6d77\u5916-\u6b63\u89c6\u56fe.png.thumb_.1280.1280.png","datePublished":"2025-09-10T15:54:16+00:00","dateModified":"2025-09-10T15:54:24+00:00","breadcrumb":{"@id":"https:\/\/nextgen-sn.com\/?product=station-de-porte#breadcrumb"},"inLanguage":"fr-FR","potentialAction":[{"@type":"ReadAction","target":["https:\/\/nextgen-sn.com\/?product=station-de-porte"]}]},{"@type":"ImageObject","inLanguage":"fr-FR","@id":"https:\/\/nextgen-sn.com\/?product=station-de-porte#primaryimage","url":"https:\/\/nextgen-sn.com\/wp-content\/uploads\/2025\/09\/KV9503-\u6d77\u5916-\u6b63\u89c6\u56fe.png.thumb_.1280.1280.png","contentUrl":"https:\/\/nextgen-sn.com\/wp-content\/uploads\/2025\/09\/KV9503-\u6d77\u5916-\u6b63\u89c6\u56fe.png.thumb_.1280.1280.png","width":800,"height":450},{"@type":"BreadcrumbList","@id":"https:\/\/nextgen-sn.com\/?product=station-de-porte#breadcrumb","itemListElement":[{"@type":"ListItem","position":1,"name":"Accueil","item":"https:\/\/nextgen-sn.com\/"},{"@type":"ListItem","position":2,"name":"Produits","item":"https:\/\/nextgen-sn.com\/?post_type=product"},{"@type":"ListItem","position":3,"name":"Station de porte"}]},{"@type":"WebSite","@id":"https:\/\/nextgen-sn.com\/#website","url":"https:\/\/nextgen-sn.com\/","name":"NEXT GEN GROUP","description":"Next Gen Group offre des services dans le domaine de l&#039;affichage gynamique","publisher":{"@id":"https:\/\/nextgen-sn.com\/#organization"},"potentialAction":[{"@type":"SearchAction","target":{"@type":"EntryPoint","urlTemplate":"https:\/\/nextgen-sn.com\/?s={search_term_string}"},"query-input":{"@type":"PropertyValueSpecification","valueRequired":true,"valueName":"search_term_string"}}],"inLanguage":"fr-FR"},{"@type":"Organization","@id":"https:\/\/nextgen-sn.com\/#organization","name":"NEXT GEN GROUP","url":"https:\/\/nextgen-sn.com\/","logo":{"@type":"ImageObject","inLanguage":"fr-FR","@id":"https:\/\/nextgen-sn.com\/#\/schema\/logo\/image\/","url":"https:\/\/nextgen-sn.com\/wp-content\/uploads\/2025\/08\/Logo-Next-Gen.png","contentUrl":"https:\/\/nextgen-sn.com\/wp-content\/uploads\/2025\/08\/Logo-Next-Gen.png","width":341,"height":149,"caption":"NEXT GEN GROUP"},"image":{"@id":"https:\/\/nextgen-sn.com\/#\/schema\/logo\/image\/"}}]}},"_links":{"self":[{"href":"https:\/\/nextgen-sn.com\/index.php?rest_route=\/wp\/v2\/product\/2800","targetHints":{"allow":["GET"]}}],"collection":[{"href":"https:\/\/nextgen-sn.com\/index.php?rest_route=\/wp\/v2\/product"}],"about":[{"href":"https:\/\/nextgen-sn.com\/index.php?rest_route=\/wp\/v2\/types\/product"}],"wp:featuredmedia":[{"embeddable":true,"href":"https:\/\/nextgen-sn.com\/index.php?rest_route=\/wp\/v2\/media\/2840"}],"wp:attachment":[{"href":"https:\/\/nextgen-sn.com\/index.php?rest_route=%2Fwp%2Fv2%2Fmedia&parent=2800"}],"wp:term":[{"taxonomy":"product_brand","embeddable":true,"href":"https:\/\/nextgen-sn.com\/index.php?rest_route=%2Fwp%2Fv2%2Fproduct_brand&post=2800"},{"taxonomy":"product_cat","embeddable":true,"href":"https:\/\/nextgen-sn.com\/index.php?rest_route=%2Fwp%2Fv2%2Fproduct_cat&post=2800"},{"taxonomy":"product_tag","embeddable":true,"href":"https:\/\/nextgen-sn.com\/index.php?rest_route=%2Fwp%2Fv2%2Fproduct_tag&post=2800"}],"curies":[{"name":"wp","href":"https:\/\/api.w.org\/{rel}","templated":true}]}}