{"id":2798,"date":"2025-09-10T15:54:16","date_gmt":"2025-09-10T15:54:16","guid":{"rendered":"https:\/\/nextgen.leden-shop.com\/?post_type=product&#038;p=2798"},"modified":"2025-09-10T15:54:23","modified_gmt":"2025-09-10T15:54:23","slug":"terminal-de-controle-dacces","status":"publish","type":"product","link":"https:\/\/nextgen-sn.com\/?product=terminal-de-controle-dacces","title":{"rendered":"Terminal de contr\u00f4le d&rsquo;acc\u00e8s"},"content":{"rendered":"<p><strong>Terminal de contr\u00f4le d&rsquo;acc\u00e8s<\/strong><\/p>\n<p><strong>Model<\/strong>: DS-K1T502DBFWX-C<\/p>\n<p>G\u00e9rez les fonctions de contr\u00f4le d&rsquo;acc\u00e8s et d&rsquo;interphone dans un seul appareil<br \/>\nProtections IP65 et IK09, ainsi qu&rsquo;une stabilit\u00e9 accrue avec des mat\u00e9riaux en alliage de zinc<br \/>\nPrend en charge plusieurs m\u00e9thodes d&rsquo;authentification (carte, empreinte digitale, PIN, etc.)<br \/>\nT\u00e9l\u00e9commande via l&rsquo;application mobile Hik-Connect<br \/>\nSe connecte au contr\u00f4leur d&rsquo;acc\u00e8s externe via le protocole Wiegand<br \/>\nInterphone vid\u00e9o via le protocole SIP. Serveur SIP pris en charge\u00a0: Brekeke, miniSipServer, FreePBX, Asterisk, 3CX, ELASTIX et PBX ware<br \/>\nCommunication RS-485 pour connecter un lecteur de carte externe et appeler un ascenseur<br \/>\nPrend en charge le mode AP<br \/>\nAppuyez sur le bouton d&rsquo;appel pour appeler l&rsquo;un des objets suivants\u00a0: centre de gestion, station int\u00e9rieure, station int\u00e9rieure sp\u00e9cifi\u00e9e ou application Hik-Connect<br \/>\nPrend en charge jusqu&rsquo;\u00e0 256\u00a0Go de m\u00e9moire de carte SD<br \/>\nPrend en charge les param\u00e8tres PIN en mode plateforme et en mode local<br \/>\nLe r\u00e9glage de la priorit\u00e9 du r\u00e9seau filaire et du r\u00e9seau sans fil est disponible<br \/>\nMod\u00e8les disponibles\u00a0:<\/p>\n","protected":false},"excerpt":{"rendered":"<p class=\"tx-excerpt\">Terminal de contr\u00f4le d&rsquo;acc\u00e8s Model: DS-K1T502DBFWX-C G\u00e9rez les fonctions de contr\u00f4le d&rsquo;acc\u00e8s et d&rsquo;interphone dans un seul appareil Protections IP65 et IK09, ainsi qu&rsquo;une stabilit\u00e9 accrue avec des mat\u00e9riaux en alliage de zinc Prend en...<\/p>","protected":false},"featured_media":2834,"template":"","meta":{"_joinchat":[]},"product_brand":[],"product_cat":[35],"product_tag":[],"class_list":{"0":"post-2798","1":"product","2":"type-product","3":"status-publish","4":"has-post-thumbnail","6":"product_cat-controle-dacces","8":"first","9":"instock","10":"downloadable","11":"taxable","12":"shipping-taxable","13":"purchasable","14":"product-type-simple"},"yoast_head":"<!-- This site is optimized with the Yoast SEO plugin v27.4 - https:\/\/yoast.com\/product\/yoast-seo-wordpress\/ -->\n<title>Terminal de contr\u00f4le d&#039;acc\u00e8s - NEXT GEN GROUP<\/title>\n<meta name=\"robots\" content=\"index, follow, max-snippet:-1, max-image-preview:large, max-video-preview:-1\" \/>\n<link rel=\"canonical\" href=\"https:\/\/nextgen-sn.com\/?product=terminal-de-controle-dacces\" \/>\n<meta property=\"og:locale\" content=\"fr_FR\" \/>\n<meta property=\"og:type\" content=\"article\" \/>\n<meta property=\"og:title\" content=\"Terminal de contr\u00f4le d&#039;acc\u00e8s - NEXT GEN GROUP\" \/>\n<meta property=\"og:description\" content=\"Terminal de contr\u00f4le d&rsquo;acc\u00e8s Model: DS-K1T502DBFWX-C G\u00e9rez les fonctions de contr\u00f4le d&rsquo;acc\u00e8s et d&rsquo;interphone dans un seul appareil Protections IP65 et IK09, ainsi qu&rsquo;une stabilit\u00e9 accrue avec des mat\u00e9riaux en alliage de zinc Prend en charge plusieurs m\u00e9thodes d&rsquo;authentification (carte, empreinte digitale, PIN, etc.) T\u00e9l\u00e9commande via l&rsquo;application mobile Hik-Connect Se connecte au contr\u00f4leur d&rsquo;acc\u00e8s externe via le protocole Wiegand Interphone vid\u00e9o via le protocole SIP. Serveur SIP pris en charge\u00a0: Brekeke, miniSipServer, FreePBX, Asterisk, 3CX, ELASTIX et PBX ware Communication RS-485 pour connecter un lecteur de carte externe et appeler un ascenseur Prend en charge le mode AP Appuyez sur le bouton d&rsquo;appel pour appeler l&rsquo;un des objets suivants\u00a0: centre de gestion, station int\u00e9rieure, station int\u00e9rieure sp\u00e9cifi\u00e9e ou application Hik-Connect Prend en charge jusqu&rsquo;\u00e0 256\u00a0Go de m\u00e9moire de carte SD Prend en charge les param\u00e8tres PIN en mode plateforme et en mode local Le r\u00e9glage de la priorit\u00e9 du r\u00e9seau filaire et du r\u00e9seau sans fil est disponible Mod\u00e8les disponibles\u00a0:\" \/>\n<meta property=\"og:url\" content=\"https:\/\/nextgen-sn.com\/?product=terminal-de-controle-dacces\" \/>\n<meta property=\"og:site_name\" content=\"NEXT GEN GROUP\" \/>\n<meta property=\"article:modified_time\" content=\"2025-09-10T15:54:23+00:00\" \/>\n<meta property=\"og:image\" content=\"https:\/\/nextgen-sn.com\/wp-content\/uploads\/2025\/09\/\u955c\u5934\u6307\u7eb9\u5237\u5361-\u6b63\u89c6\u56fe.png.thumb_.1280.1280.png\" \/>\n\t<meta property=\"og:image:width\" content=\"800\" \/>\n\t<meta property=\"og:image:height\" content=\"800\" \/>\n\t<meta property=\"og:image:type\" content=\"image\/png\" \/>\n<meta name=\"twitter:card\" content=\"summary_large_image\" \/>\n<meta name=\"twitter:label1\" content=\"Dur\u00e9e de lecture estim\u00e9e\" \/>\n\t<meta name=\"twitter:data1\" content=\"1 minute\" \/>\n<script type=\"application\/ld+json\" class=\"yoast-schema-graph\">{\"@context\":\"https:\\\/\\\/schema.org\",\"@graph\":[{\"@type\":\"WebPage\",\"@id\":\"https:\\\/\\\/nextgen-sn.com\\\/?product=terminal-de-controle-dacces\",\"url\":\"https:\\\/\\\/nextgen-sn.com\\\/?product=terminal-de-controle-dacces\",\"name\":\"Terminal de contr\u00f4le d'acc\u00e8s - NEXT GEN GROUP\",\"isPartOf\":{\"@id\":\"https:\\\/\\\/nextgen-sn.com\\\/#website\"},\"primaryImageOfPage\":{\"@id\":\"https:\\\/\\\/nextgen-sn.com\\\/?product=terminal-de-controle-dacces#primaryimage\"},\"image\":{\"@id\":\"https:\\\/\\\/nextgen-sn.com\\\/?product=terminal-de-controle-dacces#primaryimage\"},\"thumbnailUrl\":\"https:\\\/\\\/nextgen-sn.com\\\/wp-content\\\/uploads\\\/2025\\\/09\\\/\u955c\u5934\u6307\u7eb9\u5237\u5361-\u6b63\u89c6\u56fe.png.thumb_.1280.1280.png\",\"datePublished\":\"2025-09-10T15:54:16+00:00\",\"dateModified\":\"2025-09-10T15:54:23+00:00\",\"breadcrumb\":{\"@id\":\"https:\\\/\\\/nextgen-sn.com\\\/?product=terminal-de-controle-dacces#breadcrumb\"},\"inLanguage\":\"fr-FR\",\"potentialAction\":[{\"@type\":\"ReadAction\",\"target\":[\"https:\\\/\\\/nextgen-sn.com\\\/?product=terminal-de-controle-dacces\"]}]},{\"@type\":\"ImageObject\",\"inLanguage\":\"fr-FR\",\"@id\":\"https:\\\/\\\/nextgen-sn.com\\\/?product=terminal-de-controle-dacces#primaryimage\",\"url\":\"https:\\\/\\\/nextgen-sn.com\\\/wp-content\\\/uploads\\\/2025\\\/09\\\/\u955c\u5934\u6307\u7eb9\u5237\u5361-\u6b63\u89c6\u56fe.png.thumb_.1280.1280.png\",\"contentUrl\":\"https:\\\/\\\/nextgen-sn.com\\\/wp-content\\\/uploads\\\/2025\\\/09\\\/\u955c\u5934\u6307\u7eb9\u5237\u5361-\u6b63\u89c6\u56fe.png.thumb_.1280.1280.png\",\"width\":800,\"height\":800},{\"@type\":\"BreadcrumbList\",\"@id\":\"https:\\\/\\\/nextgen-sn.com\\\/?product=terminal-de-controle-dacces#breadcrumb\",\"itemListElement\":[{\"@type\":\"ListItem\",\"position\":1,\"name\":\"Accueil\",\"item\":\"https:\\\/\\\/nextgen-sn.com\\\/\"},{\"@type\":\"ListItem\",\"position\":2,\"name\":\"Produits\",\"item\":\"https:\\\/\\\/nextgen-sn.com\\\/?post_type=product\"},{\"@type\":\"ListItem\",\"position\":3,\"name\":\"Terminal de contr\u00f4le d&rsquo;acc\u00e8s\"}]},{\"@type\":\"WebSite\",\"@id\":\"https:\\\/\\\/nextgen-sn.com\\\/#website\",\"url\":\"https:\\\/\\\/nextgen-sn.com\\\/\",\"name\":\"NEXT GEN GROUP\",\"description\":\"Next Gen Group offre des services dans le domaine de l&#039;affichage gynamique\",\"publisher\":{\"@id\":\"https:\\\/\\\/nextgen-sn.com\\\/#organization\"},\"potentialAction\":[{\"@type\":\"SearchAction\",\"target\":{\"@type\":\"EntryPoint\",\"urlTemplate\":\"https:\\\/\\\/nextgen-sn.com\\\/?s={search_term_string}\"},\"query-input\":{\"@type\":\"PropertyValueSpecification\",\"valueRequired\":true,\"valueName\":\"search_term_string\"}}],\"inLanguage\":\"fr-FR\"},{\"@type\":\"Organization\",\"@id\":\"https:\\\/\\\/nextgen-sn.com\\\/#organization\",\"name\":\"NEXT GEN GROUP\",\"url\":\"https:\\\/\\\/nextgen-sn.com\\\/\",\"logo\":{\"@type\":\"ImageObject\",\"inLanguage\":\"fr-FR\",\"@id\":\"https:\\\/\\\/nextgen-sn.com\\\/#\\\/schema\\\/logo\\\/image\\\/\",\"url\":\"https:\\\/\\\/nextgen-sn.com\\\/wp-content\\\/uploads\\\/2025\\\/08\\\/Logo-Next-Gen.png\",\"contentUrl\":\"https:\\\/\\\/nextgen-sn.com\\\/wp-content\\\/uploads\\\/2025\\\/08\\\/Logo-Next-Gen.png\",\"width\":341,\"height\":149,\"caption\":\"NEXT GEN GROUP\"},\"image\":{\"@id\":\"https:\\\/\\\/nextgen-sn.com\\\/#\\\/schema\\\/logo\\\/image\\\/\"}}]}<\/script>\n<!-- \/ Yoast SEO plugin. -->","yoast_head_json":{"title":"Terminal de contr\u00f4le d'acc\u00e8s - NEXT GEN GROUP","robots":{"index":"index","follow":"follow","max-snippet":"max-snippet:-1","max-image-preview":"max-image-preview:large","max-video-preview":"max-video-preview:-1"},"canonical":"https:\/\/nextgen-sn.com\/?product=terminal-de-controle-dacces","og_locale":"fr_FR","og_type":"article","og_title":"Terminal de contr\u00f4le d'acc\u00e8s - NEXT GEN GROUP","og_description":"Terminal de contr\u00f4le d&rsquo;acc\u00e8s Model: DS-K1T502DBFWX-C G\u00e9rez les fonctions de contr\u00f4le d&rsquo;acc\u00e8s et d&rsquo;interphone dans un seul appareil Protections IP65 et IK09, ainsi qu&rsquo;une stabilit\u00e9 accrue avec des mat\u00e9riaux en alliage de zinc Prend en charge plusieurs m\u00e9thodes d&rsquo;authentification (carte, empreinte digitale, PIN, etc.) T\u00e9l\u00e9commande via l&rsquo;application mobile Hik-Connect Se connecte au contr\u00f4leur d&rsquo;acc\u00e8s externe via le protocole Wiegand Interphone vid\u00e9o via le protocole SIP. Serveur SIP pris en charge\u00a0: Brekeke, miniSipServer, FreePBX, Asterisk, 3CX, ELASTIX et PBX ware Communication RS-485 pour connecter un lecteur de carte externe et appeler un ascenseur Prend en charge le mode AP Appuyez sur le bouton d&rsquo;appel pour appeler l&rsquo;un des objets suivants\u00a0: centre de gestion, station int\u00e9rieure, station int\u00e9rieure sp\u00e9cifi\u00e9e ou application Hik-Connect Prend en charge jusqu&rsquo;\u00e0 256\u00a0Go de m\u00e9moire de carte SD Prend en charge les param\u00e8tres PIN en mode plateforme et en mode local Le r\u00e9glage de la priorit\u00e9 du r\u00e9seau filaire et du r\u00e9seau sans fil est disponible Mod\u00e8les disponibles\u00a0:","og_url":"https:\/\/nextgen-sn.com\/?product=terminal-de-controle-dacces","og_site_name":"NEXT GEN GROUP","article_modified_time":"2025-09-10T15:54:23+00:00","og_image":[{"width":800,"height":800,"url":"https:\/\/nextgen-sn.com\/wp-content\/uploads\/2025\/09\/\u955c\u5934\u6307\u7eb9\u5237\u5361-\u6b63\u89c6\u56fe.png.thumb_.1280.1280.png","type":"image\/png"}],"twitter_card":"summary_large_image","twitter_misc":{"Dur\u00e9e de lecture estim\u00e9e":"1 minute"},"schema":{"@context":"https:\/\/schema.org","@graph":[{"@type":"WebPage","@id":"https:\/\/nextgen-sn.com\/?product=terminal-de-controle-dacces","url":"https:\/\/nextgen-sn.com\/?product=terminal-de-controle-dacces","name":"Terminal de contr\u00f4le d'acc\u00e8s - NEXT GEN GROUP","isPartOf":{"@id":"https:\/\/nextgen-sn.com\/#website"},"primaryImageOfPage":{"@id":"https:\/\/nextgen-sn.com\/?product=terminal-de-controle-dacces#primaryimage"},"image":{"@id":"https:\/\/nextgen-sn.com\/?product=terminal-de-controle-dacces#primaryimage"},"thumbnailUrl":"https:\/\/nextgen-sn.com\/wp-content\/uploads\/2025\/09\/\u955c\u5934\u6307\u7eb9\u5237\u5361-\u6b63\u89c6\u56fe.png.thumb_.1280.1280.png","datePublished":"2025-09-10T15:54:16+00:00","dateModified":"2025-09-10T15:54:23+00:00","breadcrumb":{"@id":"https:\/\/nextgen-sn.com\/?product=terminal-de-controle-dacces#breadcrumb"},"inLanguage":"fr-FR","potentialAction":[{"@type":"ReadAction","target":["https:\/\/nextgen-sn.com\/?product=terminal-de-controle-dacces"]}]},{"@type":"ImageObject","inLanguage":"fr-FR","@id":"https:\/\/nextgen-sn.com\/?product=terminal-de-controle-dacces#primaryimage","url":"https:\/\/nextgen-sn.com\/wp-content\/uploads\/2025\/09\/\u955c\u5934\u6307\u7eb9\u5237\u5361-\u6b63\u89c6\u56fe.png.thumb_.1280.1280.png","contentUrl":"https:\/\/nextgen-sn.com\/wp-content\/uploads\/2025\/09\/\u955c\u5934\u6307\u7eb9\u5237\u5361-\u6b63\u89c6\u56fe.png.thumb_.1280.1280.png","width":800,"height":800},{"@type":"BreadcrumbList","@id":"https:\/\/nextgen-sn.com\/?product=terminal-de-controle-dacces#breadcrumb","itemListElement":[{"@type":"ListItem","position":1,"name":"Accueil","item":"https:\/\/nextgen-sn.com\/"},{"@type":"ListItem","position":2,"name":"Produits","item":"https:\/\/nextgen-sn.com\/?post_type=product"},{"@type":"ListItem","position":3,"name":"Terminal de contr\u00f4le d&rsquo;acc\u00e8s"}]},{"@type":"WebSite","@id":"https:\/\/nextgen-sn.com\/#website","url":"https:\/\/nextgen-sn.com\/","name":"NEXT GEN GROUP","description":"Next Gen Group offre des services dans le domaine de l&#039;affichage gynamique","publisher":{"@id":"https:\/\/nextgen-sn.com\/#organization"},"potentialAction":[{"@type":"SearchAction","target":{"@type":"EntryPoint","urlTemplate":"https:\/\/nextgen-sn.com\/?s={search_term_string}"},"query-input":{"@type":"PropertyValueSpecification","valueRequired":true,"valueName":"search_term_string"}}],"inLanguage":"fr-FR"},{"@type":"Organization","@id":"https:\/\/nextgen-sn.com\/#organization","name":"NEXT GEN GROUP","url":"https:\/\/nextgen-sn.com\/","logo":{"@type":"ImageObject","inLanguage":"fr-FR","@id":"https:\/\/nextgen-sn.com\/#\/schema\/logo\/image\/","url":"https:\/\/nextgen-sn.com\/wp-content\/uploads\/2025\/08\/Logo-Next-Gen.png","contentUrl":"https:\/\/nextgen-sn.com\/wp-content\/uploads\/2025\/08\/Logo-Next-Gen.png","width":341,"height":149,"caption":"NEXT GEN GROUP"},"image":{"@id":"https:\/\/nextgen-sn.com\/#\/schema\/logo\/image\/"}}]}},"_links":{"self":[{"href":"https:\/\/nextgen-sn.com\/index.php?rest_route=\/wp\/v2\/product\/2798","targetHints":{"allow":["GET"]}}],"collection":[{"href":"https:\/\/nextgen-sn.com\/index.php?rest_route=\/wp\/v2\/product"}],"about":[{"href":"https:\/\/nextgen-sn.com\/index.php?rest_route=\/wp\/v2\/types\/product"}],"wp:featuredmedia":[{"embeddable":true,"href":"https:\/\/nextgen-sn.com\/index.php?rest_route=\/wp\/v2\/media\/2834"}],"wp:attachment":[{"href":"https:\/\/nextgen-sn.com\/index.php?rest_route=%2Fwp%2Fv2%2Fmedia&parent=2798"}],"wp:term":[{"taxonomy":"product_brand","embeddable":true,"href":"https:\/\/nextgen-sn.com\/index.php?rest_route=%2Fwp%2Fv2%2Fproduct_brand&post=2798"},{"taxonomy":"product_cat","embeddable":true,"href":"https:\/\/nextgen-sn.com\/index.php?rest_route=%2Fwp%2Fv2%2Fproduct_cat&post=2798"},{"taxonomy":"product_tag","embeddable":true,"href":"https:\/\/nextgen-sn.com\/index.php?rest_route=%2Fwp%2Fv2%2Fproduct_tag&post=2798"}],"curies":[{"name":"wp","href":"https:\/\/api.w.org\/{rel}","templated":true}]}}