{"id":2797,"date":"2025-09-10T15:54:16","date_gmt":"2025-09-10T15:54:16","guid":{"rendered":"https:\/\/nextgen.leden-shop.com\/?post_type=product&#038;p=2797"},"modified":"2025-09-10T15:54:23","modified_gmt":"2025-09-10T15:54:23","slug":"kit-dinterphone-video-hd-4-fils","status":"publish","type":"product","link":"https:\/\/nextgen-sn.com\/?product=kit-dinterphone-video-hd-4-fils","title":{"rendered":"Kit d&rsquo;interphone vid\u00e9o HD 4 fils"},"content":{"rendered":"<p><strong>Kit d&rsquo;interphone vid\u00e9o HD 4 fils<\/strong><\/p>\n<p><strong>Model<\/strong>: DS-KIS212<br \/>\nQualit\u00e9 vid\u00e9o HD TVI<br \/>\nPlug &amp; play<br \/>\nAppel en un clic<br \/>\nD\u00e9verrouillage de la porte en un clic<br \/>\nMax 2 postes de porte et 3 postes int\u00e9rieurs dans un seul syst\u00e8me<\/p>\n","protected":false},"excerpt":{"rendered":"<p class=\"tx-excerpt\">Kit d&rsquo;interphone vid\u00e9o HD 4 fils Model: DS-KIS212 Qualit\u00e9 vid\u00e9o HD TVI Plug &amp; play Appel en un clic D\u00e9verrouillage de la porte en un clic Max 2 postes de porte et 3 postes int\u00e9rieurs...<\/p>","protected":false},"featured_media":2831,"template":"","meta":{"_joinchat":[]},"product_brand":[],"product_cat":[35],"product_tag":[],"class_list":{"0":"post-2797","1":"product","2":"type-product","3":"status-publish","4":"has-post-thumbnail","6":"product_cat-controle-dacces","8":"first","9":"instock","10":"downloadable","11":"taxable","12":"shipping-taxable","13":"purchasable","14":"product-type-simple"},"yoast_head":"<!-- This site is optimized with the Yoast SEO plugin v27.4 - https:\/\/yoast.com\/product\/yoast-seo-wordpress\/ -->\n<title>Kit d&#039;interphone vid\u00e9o HD 4 fils - NEXT GEN GROUP<\/title>\n<meta name=\"robots\" content=\"index, follow, max-snippet:-1, max-image-preview:large, max-video-preview:-1\" \/>\n<link rel=\"canonical\" href=\"https:\/\/nextgen-sn.com\/?product=kit-dinterphone-video-hd-4-fils\" \/>\n<meta property=\"og:locale\" content=\"fr_FR\" \/>\n<meta property=\"og:type\" content=\"article\" \/>\n<meta property=\"og:title\" content=\"Kit d&#039;interphone vid\u00e9o HD 4 fils - NEXT GEN GROUP\" \/>\n<meta property=\"og:description\" content=\"Kit d&rsquo;interphone vid\u00e9o HD 4 fils Model: DS-KIS212 Qualit\u00e9 vid\u00e9o HD TVI Plug &amp; play Appel en un clic D\u00e9verrouillage de la porte en un clic Max 2 postes de porte et 3 postes int\u00e9rieurs dans un seul syst\u00e8me\" \/>\n<meta property=\"og:url\" content=\"https:\/\/nextgen-sn.com\/?product=kit-dinterphone-video-hd-4-fils\" \/>\n<meta property=\"og:site_name\" content=\"NEXT GEN GROUP\" \/>\n<meta property=\"article:modified_time\" content=\"2025-09-10T15:54:23+00:00\" \/>\n<meta property=\"og:image\" content=\"https:\/\/nextgen-sn.com\/wp-content\/uploads\/2025\/09\/\u7ec4\u5408\u5957\u88c5-F.png.thumb_.1280.1280.png\" \/>\n\t<meta property=\"og:image:width\" content=\"800\" \/>\n\t<meta property=\"og:image:height\" content=\"373\" \/>\n\t<meta property=\"og:image:type\" content=\"image\/png\" \/>\n<meta name=\"twitter:card\" content=\"summary_large_image\" \/>\n<script type=\"application\/ld+json\" class=\"yoast-schema-graph\">{\"@context\":\"https:\\\/\\\/schema.org\",\"@graph\":[{\"@type\":\"WebPage\",\"@id\":\"https:\\\/\\\/nextgen-sn.com\\\/?product=kit-dinterphone-video-hd-4-fils\",\"url\":\"https:\\\/\\\/nextgen-sn.com\\\/?product=kit-dinterphone-video-hd-4-fils\",\"name\":\"Kit d'interphone vid\u00e9o HD 4 fils - NEXT GEN GROUP\",\"isPartOf\":{\"@id\":\"https:\\\/\\\/nextgen-sn.com\\\/#website\"},\"primaryImageOfPage\":{\"@id\":\"https:\\\/\\\/nextgen-sn.com\\\/?product=kit-dinterphone-video-hd-4-fils#primaryimage\"},\"image\":{\"@id\":\"https:\\\/\\\/nextgen-sn.com\\\/?product=kit-dinterphone-video-hd-4-fils#primaryimage\"},\"thumbnailUrl\":\"https:\\\/\\\/nextgen-sn.com\\\/wp-content\\\/uploads\\\/2025\\\/09\\\/\u7ec4\u5408\u5957\u88c5-F.png.thumb_.1280.1280.png\",\"datePublished\":\"2025-09-10T15:54:16+00:00\",\"dateModified\":\"2025-09-10T15:54:23+00:00\",\"breadcrumb\":{\"@id\":\"https:\\\/\\\/nextgen-sn.com\\\/?product=kit-dinterphone-video-hd-4-fils#breadcrumb\"},\"inLanguage\":\"fr-FR\",\"potentialAction\":[{\"@type\":\"ReadAction\",\"target\":[\"https:\\\/\\\/nextgen-sn.com\\\/?product=kit-dinterphone-video-hd-4-fils\"]}]},{\"@type\":\"ImageObject\",\"inLanguage\":\"fr-FR\",\"@id\":\"https:\\\/\\\/nextgen-sn.com\\\/?product=kit-dinterphone-video-hd-4-fils#primaryimage\",\"url\":\"https:\\\/\\\/nextgen-sn.com\\\/wp-content\\\/uploads\\\/2025\\\/09\\\/\u7ec4\u5408\u5957\u88c5-F.png.thumb_.1280.1280.png\",\"contentUrl\":\"https:\\\/\\\/nextgen-sn.com\\\/wp-content\\\/uploads\\\/2025\\\/09\\\/\u7ec4\u5408\u5957\u88c5-F.png.thumb_.1280.1280.png\",\"width\":800,\"height\":373},{\"@type\":\"BreadcrumbList\",\"@id\":\"https:\\\/\\\/nextgen-sn.com\\\/?product=kit-dinterphone-video-hd-4-fils#breadcrumb\",\"itemListElement\":[{\"@type\":\"ListItem\",\"position\":1,\"name\":\"Accueil\",\"item\":\"https:\\\/\\\/nextgen-sn.com\\\/\"},{\"@type\":\"ListItem\",\"position\":2,\"name\":\"Produits\",\"item\":\"https:\\\/\\\/nextgen-sn.com\\\/?post_type=product\"},{\"@type\":\"ListItem\",\"position\":3,\"name\":\"Kit d&rsquo;interphone vid\u00e9o HD 4 fils\"}]},{\"@type\":\"WebSite\",\"@id\":\"https:\\\/\\\/nextgen-sn.com\\\/#website\",\"url\":\"https:\\\/\\\/nextgen-sn.com\\\/\",\"name\":\"NEXT GEN GROUP\",\"description\":\"Next Gen Group offre des services dans le domaine de l&#039;affichage gynamique\",\"publisher\":{\"@id\":\"https:\\\/\\\/nextgen-sn.com\\\/#organization\"},\"potentialAction\":[{\"@type\":\"SearchAction\",\"target\":{\"@type\":\"EntryPoint\",\"urlTemplate\":\"https:\\\/\\\/nextgen-sn.com\\\/?s={search_term_string}\"},\"query-input\":{\"@type\":\"PropertyValueSpecification\",\"valueRequired\":true,\"valueName\":\"search_term_string\"}}],\"inLanguage\":\"fr-FR\"},{\"@type\":\"Organization\",\"@id\":\"https:\\\/\\\/nextgen-sn.com\\\/#organization\",\"name\":\"NEXT GEN GROUP\",\"url\":\"https:\\\/\\\/nextgen-sn.com\\\/\",\"logo\":{\"@type\":\"ImageObject\",\"inLanguage\":\"fr-FR\",\"@id\":\"https:\\\/\\\/nextgen-sn.com\\\/#\\\/schema\\\/logo\\\/image\\\/\",\"url\":\"https:\\\/\\\/nextgen-sn.com\\\/wp-content\\\/uploads\\\/2025\\\/08\\\/Logo-Next-Gen.png\",\"contentUrl\":\"https:\\\/\\\/nextgen-sn.com\\\/wp-content\\\/uploads\\\/2025\\\/08\\\/Logo-Next-Gen.png\",\"width\":341,\"height\":149,\"caption\":\"NEXT GEN GROUP\"},\"image\":{\"@id\":\"https:\\\/\\\/nextgen-sn.com\\\/#\\\/schema\\\/logo\\\/image\\\/\"}}]}<\/script>\n<!-- \/ Yoast SEO plugin. -->","yoast_head_json":{"title":"Kit d'interphone vid\u00e9o HD 4 fils - NEXT GEN GROUP","robots":{"index":"index","follow":"follow","max-snippet":"max-snippet:-1","max-image-preview":"max-image-preview:large","max-video-preview":"max-video-preview:-1"},"canonical":"https:\/\/nextgen-sn.com\/?product=kit-dinterphone-video-hd-4-fils","og_locale":"fr_FR","og_type":"article","og_title":"Kit d'interphone vid\u00e9o HD 4 fils - NEXT GEN GROUP","og_description":"Kit d&rsquo;interphone vid\u00e9o HD 4 fils Model: DS-KIS212 Qualit\u00e9 vid\u00e9o HD TVI Plug &amp; play Appel en un clic D\u00e9verrouillage de la porte en un clic Max 2 postes de porte et 3 postes int\u00e9rieurs dans un seul syst\u00e8me","og_url":"https:\/\/nextgen-sn.com\/?product=kit-dinterphone-video-hd-4-fils","og_site_name":"NEXT GEN GROUP","article_modified_time":"2025-09-10T15:54:23+00:00","og_image":[{"width":800,"height":373,"url":"https:\/\/nextgen-sn.com\/wp-content\/uploads\/2025\/09\/\u7ec4\u5408\u5957\u88c5-F.png.thumb_.1280.1280.png","type":"image\/png"}],"twitter_card":"summary_large_image","schema":{"@context":"https:\/\/schema.org","@graph":[{"@type":"WebPage","@id":"https:\/\/nextgen-sn.com\/?product=kit-dinterphone-video-hd-4-fils","url":"https:\/\/nextgen-sn.com\/?product=kit-dinterphone-video-hd-4-fils","name":"Kit d'interphone vid\u00e9o HD 4 fils - NEXT GEN GROUP","isPartOf":{"@id":"https:\/\/nextgen-sn.com\/#website"},"primaryImageOfPage":{"@id":"https:\/\/nextgen-sn.com\/?product=kit-dinterphone-video-hd-4-fils#primaryimage"},"image":{"@id":"https:\/\/nextgen-sn.com\/?product=kit-dinterphone-video-hd-4-fils#primaryimage"},"thumbnailUrl":"https:\/\/nextgen-sn.com\/wp-content\/uploads\/2025\/09\/\u7ec4\u5408\u5957\u88c5-F.png.thumb_.1280.1280.png","datePublished":"2025-09-10T15:54:16+00:00","dateModified":"2025-09-10T15:54:23+00:00","breadcrumb":{"@id":"https:\/\/nextgen-sn.com\/?product=kit-dinterphone-video-hd-4-fils#breadcrumb"},"inLanguage":"fr-FR","potentialAction":[{"@type":"ReadAction","target":["https:\/\/nextgen-sn.com\/?product=kit-dinterphone-video-hd-4-fils"]}]},{"@type":"ImageObject","inLanguage":"fr-FR","@id":"https:\/\/nextgen-sn.com\/?product=kit-dinterphone-video-hd-4-fils#primaryimage","url":"https:\/\/nextgen-sn.com\/wp-content\/uploads\/2025\/09\/\u7ec4\u5408\u5957\u88c5-F.png.thumb_.1280.1280.png","contentUrl":"https:\/\/nextgen-sn.com\/wp-content\/uploads\/2025\/09\/\u7ec4\u5408\u5957\u88c5-F.png.thumb_.1280.1280.png","width":800,"height":373},{"@type":"BreadcrumbList","@id":"https:\/\/nextgen-sn.com\/?product=kit-dinterphone-video-hd-4-fils#breadcrumb","itemListElement":[{"@type":"ListItem","position":1,"name":"Accueil","item":"https:\/\/nextgen-sn.com\/"},{"@type":"ListItem","position":2,"name":"Produits","item":"https:\/\/nextgen-sn.com\/?post_type=product"},{"@type":"ListItem","position":3,"name":"Kit d&rsquo;interphone vid\u00e9o HD 4 fils"}]},{"@type":"WebSite","@id":"https:\/\/nextgen-sn.com\/#website","url":"https:\/\/nextgen-sn.com\/","name":"NEXT GEN GROUP","description":"Next Gen Group offre des services dans le domaine de l&#039;affichage gynamique","publisher":{"@id":"https:\/\/nextgen-sn.com\/#organization"},"potentialAction":[{"@type":"SearchAction","target":{"@type":"EntryPoint","urlTemplate":"https:\/\/nextgen-sn.com\/?s={search_term_string}"},"query-input":{"@type":"PropertyValueSpecification","valueRequired":true,"valueName":"search_term_string"}}],"inLanguage":"fr-FR"},{"@type":"Organization","@id":"https:\/\/nextgen-sn.com\/#organization","name":"NEXT GEN GROUP","url":"https:\/\/nextgen-sn.com\/","logo":{"@type":"ImageObject","inLanguage":"fr-FR","@id":"https:\/\/nextgen-sn.com\/#\/schema\/logo\/image\/","url":"https:\/\/nextgen-sn.com\/wp-content\/uploads\/2025\/08\/Logo-Next-Gen.png","contentUrl":"https:\/\/nextgen-sn.com\/wp-content\/uploads\/2025\/08\/Logo-Next-Gen.png","width":341,"height":149,"caption":"NEXT GEN GROUP"},"image":{"@id":"https:\/\/nextgen-sn.com\/#\/schema\/logo\/image\/"}}]}},"_links":{"self":[{"href":"https:\/\/nextgen-sn.com\/index.php?rest_route=\/wp\/v2\/product\/2797","targetHints":{"allow":["GET"]}}],"collection":[{"href":"https:\/\/nextgen-sn.com\/index.php?rest_route=\/wp\/v2\/product"}],"about":[{"href":"https:\/\/nextgen-sn.com\/index.php?rest_route=\/wp\/v2\/types\/product"}],"wp:featuredmedia":[{"embeddable":true,"href":"https:\/\/nextgen-sn.com\/index.php?rest_route=\/wp\/v2\/media\/2831"}],"wp:attachment":[{"href":"https:\/\/nextgen-sn.com\/index.php?rest_route=%2Fwp%2Fv2%2Fmedia&parent=2797"}],"wp:term":[{"taxonomy":"product_brand","embeddable":true,"href":"https:\/\/nextgen-sn.com\/index.php?rest_route=%2Fwp%2Fv2%2Fproduct_brand&post=2797"},{"taxonomy":"product_cat","embeddable":true,"href":"https:\/\/nextgen-sn.com\/index.php?rest_route=%2Fwp%2Fv2%2Fproduct_cat&post=2797"},{"taxonomy":"product_tag","embeddable":true,"href":"https:\/\/nextgen-sn.com\/index.php?rest_route=%2Fwp%2Fv2%2Fproduct_tag&post=2797"}],"curies":[{"name":"wp","href":"https:\/\/api.w.org\/{rel}","templated":true}]}}