{"id":2795,"date":"2025-09-10T15:54:16","date_gmt":"2025-09-10T15:54:16","guid":{"rendered":"https:\/\/nextgen.leden-shop.com\/?post_type=product&#038;p=2795"},"modified":"2025-09-10T15:54:21","modified_gmt":"2025-09-10T15:54:21","slug":"camera-dome-2-mp","status":"publish","type":"product","link":"https:\/\/nextgen-sn.com\/?product=camera-dome-2-mp","title":{"rendered":"Camera D\u00f4me 2 MP"},"content":{"rendered":"<h1 class=\"product_title entry-title wd-entities-title\">Cam\u00e9ra d\u00f4me 2MP Hikvision DS-2CE76D0T-EXIMF<\/h1>\n<p style=\"text-align: left;\">La cam\u00e9ra d\u00f4me fixe int\u00e9rieure DS-2CE76D0T-EXIPF 2 MP 2.8mm est une cam\u00e9ra performante et polyvalente pour int\u00e9rieur comme ext\u00e9rieur.<\/p>\n<p style=\"text-align: left;\">Elle offre une qualit\u00e9 d\u2019image \u00e9lev\u00e9e avec une r\u00e9solution de 2 MP (1920 \u00d7 1080) et une fonction IR EXIR qui assure une vision nocturne claire et uniforme jusqu\u2019\u00e0 20 m\u00e8tres.<\/p>\n<p style=\"text-align: left;\">Compatible diff\u00e9rents modes de signal\u00a0 (TVI\/AHD\/CVI\/CVBS), elle s\u2019adapte \u00e0 tout syst\u00e8me. Elle dispose \u00e9galement d\u2019un angle d\u2019ajustement flexible et d\u2019un filtre jour\/nuit ICR pour optimiser la qualit\u00e9 des couleurs.<\/p>\n","protected":false},"excerpt":{"rendered":"<p class=\"tx-excerpt\">Cam\u00e9ra d\u00f4me 2MP Hikvision DS-2CE76D0T-EXIMF La cam\u00e9ra d\u00f4me fixe int\u00e9rieure DS-2CE76D0T-EXIPF 2 MP 2.8mm est une cam\u00e9ra performante et polyvalente pour int\u00e9rieur comme ext\u00e9rieur. Elle offre une qualit\u00e9 d\u2019image \u00e9lev\u00e9e avec une r\u00e9solution de 2...<\/p>","protected":false},"featured_media":2827,"template":"","meta":{"_joinchat":[]},"product_brand":[],"product_cat":[31],"product_tag":[],"class_list":{"0":"post-2795","1":"product","2":"type-product","3":"status-publish","4":"has-post-thumbnail","6":"product_cat-cameras-ip","8":"first","9":"instock","10":"taxable","11":"shipping-taxable","12":"purchasable","13":"product-type-simple"},"yoast_head":"<!-- This site is optimized with the Yoast SEO plugin v27.4 - https:\/\/yoast.com\/product\/yoast-seo-wordpress\/ -->\n<title>Camera D\u00f4me 2 MP - NEXT GEN GROUP<\/title>\n<meta name=\"robots\" content=\"index, follow, max-snippet:-1, max-image-preview:large, max-video-preview:-1\" \/>\n<link rel=\"canonical\" href=\"https:\/\/nextgen-sn.com\/?product=camera-dome-2-mp\" \/>\n<meta property=\"og:locale\" content=\"fr_FR\" \/>\n<meta property=\"og:type\" content=\"article\" \/>\n<meta property=\"og:title\" content=\"Camera D\u00f4me 2 MP - NEXT GEN GROUP\" \/>\n<meta property=\"og:description\" content=\"Cam\u00e9ra d\u00f4me 2MP Hikvision DS-2CE76D0T-EXIMF La cam\u00e9ra d\u00f4me fixe int\u00e9rieure DS-2CE76D0T-EXIPF 2 MP 2.8mm est une cam\u00e9ra performante et polyvalente pour int\u00e9rieur comme ext\u00e9rieur. Elle offre une qualit\u00e9 d\u2019image \u00e9lev\u00e9e avec une r\u00e9solution de 2 MP (1920 \u00d7 1080) et une fonction IR EXIR qui assure une vision nocturne claire et uniforme jusqu\u2019\u00e0 20 m\u00e8tres. Compatible diff\u00e9rents modes de signal\u00a0 (TVI\/AHD\/CVI\/CVBS), elle s\u2019adapte \u00e0 tout syst\u00e8me. Elle dispose \u00e9galement d\u2019un angle d\u2019ajustement flexible et d\u2019un filtre jour\/nuit ICR pour optimiser la qualit\u00e9 des couleurs.\" \/>\n<meta property=\"og:url\" content=\"https:\/\/nextgen-sn.com\/?product=camera-dome-2-mp\" \/>\n<meta property=\"og:site_name\" content=\"NEXT GEN GROUP\" \/>\n<meta property=\"article:modified_time\" content=\"2025-09-10T15:54:21+00:00\" \/>\n<meta property=\"og:image\" content=\"https:\/\/nextgen-sn.com\/wp-content\/uploads\/2025\/09\/Hikvision-DS-2CE76D0T-EXIMF.png.webp\" \/>\n\t<meta property=\"og:image:width\" content=\"500\" \/>\n\t<meta property=\"og:image:height\" content=\"500\" \/>\n\t<meta property=\"og:image:type\" content=\"image\/webp\" \/>\n<meta name=\"twitter:card\" content=\"summary_large_image\" \/>\n<meta name=\"twitter:label1\" content=\"Dur\u00e9e de lecture estim\u00e9e\" \/>\n\t<meta name=\"twitter:data1\" content=\"1 minute\" \/>\n<script type=\"application\/ld+json\" class=\"yoast-schema-graph\">{\"@context\":\"https:\\\/\\\/schema.org\",\"@graph\":[{\"@type\":\"WebPage\",\"@id\":\"https:\\\/\\\/nextgen-sn.com\\\/?product=camera-dome-2-mp\",\"url\":\"https:\\\/\\\/nextgen-sn.com\\\/?product=camera-dome-2-mp\",\"name\":\"Camera D\u00f4me 2 MP - NEXT GEN GROUP\",\"isPartOf\":{\"@id\":\"https:\\\/\\\/nextgen-sn.com\\\/#website\"},\"primaryImageOfPage\":{\"@id\":\"https:\\\/\\\/nextgen-sn.com\\\/?product=camera-dome-2-mp#primaryimage\"},\"image\":{\"@id\":\"https:\\\/\\\/nextgen-sn.com\\\/?product=camera-dome-2-mp#primaryimage\"},\"thumbnailUrl\":\"https:\\\/\\\/nextgen-sn.com\\\/wp-content\\\/uploads\\\/2025\\\/09\\\/Hikvision-DS-2CE76D0T-EXIMF.png.webp\",\"datePublished\":\"2025-09-10T15:54:16+00:00\",\"dateModified\":\"2025-09-10T15:54:21+00:00\",\"breadcrumb\":{\"@id\":\"https:\\\/\\\/nextgen-sn.com\\\/?product=camera-dome-2-mp#breadcrumb\"},\"inLanguage\":\"fr-FR\",\"potentialAction\":[{\"@type\":\"ReadAction\",\"target\":[\"https:\\\/\\\/nextgen-sn.com\\\/?product=camera-dome-2-mp\"]}]},{\"@type\":\"ImageObject\",\"inLanguage\":\"fr-FR\",\"@id\":\"https:\\\/\\\/nextgen-sn.com\\\/?product=camera-dome-2-mp#primaryimage\",\"url\":\"https:\\\/\\\/nextgen-sn.com\\\/wp-content\\\/uploads\\\/2025\\\/09\\\/Hikvision-DS-2CE76D0T-EXIMF.png.webp\",\"contentUrl\":\"https:\\\/\\\/nextgen-sn.com\\\/wp-content\\\/uploads\\\/2025\\\/09\\\/Hikvision-DS-2CE76D0T-EXIMF.png.webp\",\"width\":500,\"height\":500},{\"@type\":\"BreadcrumbList\",\"@id\":\"https:\\\/\\\/nextgen-sn.com\\\/?product=camera-dome-2-mp#breadcrumb\",\"itemListElement\":[{\"@type\":\"ListItem\",\"position\":1,\"name\":\"Accueil\",\"item\":\"https:\\\/\\\/nextgen-sn.com\\\/\"},{\"@type\":\"ListItem\",\"position\":2,\"name\":\"Produits\",\"item\":\"https:\\\/\\\/nextgen-sn.com\\\/?post_type=product\"},{\"@type\":\"ListItem\",\"position\":3,\"name\":\"Camera D\u00f4me 2 MP\"}]},{\"@type\":\"WebSite\",\"@id\":\"https:\\\/\\\/nextgen-sn.com\\\/#website\",\"url\":\"https:\\\/\\\/nextgen-sn.com\\\/\",\"name\":\"NEXT GEN GROUP\",\"description\":\"Next Gen Group offre des services dans le domaine de l&#039;affichage gynamique\",\"publisher\":{\"@id\":\"https:\\\/\\\/nextgen-sn.com\\\/#organization\"},\"potentialAction\":[{\"@type\":\"SearchAction\",\"target\":{\"@type\":\"EntryPoint\",\"urlTemplate\":\"https:\\\/\\\/nextgen-sn.com\\\/?s={search_term_string}\"},\"query-input\":{\"@type\":\"PropertyValueSpecification\",\"valueRequired\":true,\"valueName\":\"search_term_string\"}}],\"inLanguage\":\"fr-FR\"},{\"@type\":\"Organization\",\"@id\":\"https:\\\/\\\/nextgen-sn.com\\\/#organization\",\"name\":\"NEXT GEN GROUP\",\"url\":\"https:\\\/\\\/nextgen-sn.com\\\/\",\"logo\":{\"@type\":\"ImageObject\",\"inLanguage\":\"fr-FR\",\"@id\":\"https:\\\/\\\/nextgen-sn.com\\\/#\\\/schema\\\/logo\\\/image\\\/\",\"url\":\"https:\\\/\\\/nextgen-sn.com\\\/wp-content\\\/uploads\\\/2025\\\/08\\\/Logo-Next-Gen.png\",\"contentUrl\":\"https:\\\/\\\/nextgen-sn.com\\\/wp-content\\\/uploads\\\/2025\\\/08\\\/Logo-Next-Gen.png\",\"width\":341,\"height\":149,\"caption\":\"NEXT GEN GROUP\"},\"image\":{\"@id\":\"https:\\\/\\\/nextgen-sn.com\\\/#\\\/schema\\\/logo\\\/image\\\/\"}}]}<\/script>\n<!-- \/ Yoast SEO plugin. -->","yoast_head_json":{"title":"Camera D\u00f4me 2 MP - NEXT GEN GROUP","robots":{"index":"index","follow":"follow","max-snippet":"max-snippet:-1","max-image-preview":"max-image-preview:large","max-video-preview":"max-video-preview:-1"},"canonical":"https:\/\/nextgen-sn.com\/?product=camera-dome-2-mp","og_locale":"fr_FR","og_type":"article","og_title":"Camera D\u00f4me 2 MP - NEXT GEN GROUP","og_description":"Cam\u00e9ra d\u00f4me 2MP Hikvision DS-2CE76D0T-EXIMF La cam\u00e9ra d\u00f4me fixe int\u00e9rieure DS-2CE76D0T-EXIPF 2 MP 2.8mm est une cam\u00e9ra performante et polyvalente pour int\u00e9rieur comme ext\u00e9rieur. Elle offre une qualit\u00e9 d\u2019image \u00e9lev\u00e9e avec une r\u00e9solution de 2 MP (1920 \u00d7 1080) et une fonction IR EXIR qui assure une vision nocturne claire et uniforme jusqu\u2019\u00e0 20 m\u00e8tres. Compatible diff\u00e9rents modes de signal\u00a0 (TVI\/AHD\/CVI\/CVBS), elle s\u2019adapte \u00e0 tout syst\u00e8me. Elle dispose \u00e9galement d\u2019un angle d\u2019ajustement flexible et d\u2019un filtre jour\/nuit ICR pour optimiser la qualit\u00e9 des couleurs.","og_url":"https:\/\/nextgen-sn.com\/?product=camera-dome-2-mp","og_site_name":"NEXT GEN GROUP","article_modified_time":"2025-09-10T15:54:21+00:00","og_image":[{"width":500,"height":500,"url":"https:\/\/nextgen-sn.com\/wp-content\/uploads\/2025\/09\/Hikvision-DS-2CE76D0T-EXIMF.png.webp","type":"image\/webp"}],"twitter_card":"summary_large_image","twitter_misc":{"Dur\u00e9e de lecture estim\u00e9e":"1 minute"},"schema":{"@context":"https:\/\/schema.org","@graph":[{"@type":"WebPage","@id":"https:\/\/nextgen-sn.com\/?product=camera-dome-2-mp","url":"https:\/\/nextgen-sn.com\/?product=camera-dome-2-mp","name":"Camera D\u00f4me 2 MP - NEXT GEN GROUP","isPartOf":{"@id":"https:\/\/nextgen-sn.com\/#website"},"primaryImageOfPage":{"@id":"https:\/\/nextgen-sn.com\/?product=camera-dome-2-mp#primaryimage"},"image":{"@id":"https:\/\/nextgen-sn.com\/?product=camera-dome-2-mp#primaryimage"},"thumbnailUrl":"https:\/\/nextgen-sn.com\/wp-content\/uploads\/2025\/09\/Hikvision-DS-2CE76D0T-EXIMF.png.webp","datePublished":"2025-09-10T15:54:16+00:00","dateModified":"2025-09-10T15:54:21+00:00","breadcrumb":{"@id":"https:\/\/nextgen-sn.com\/?product=camera-dome-2-mp#breadcrumb"},"inLanguage":"fr-FR","potentialAction":[{"@type":"ReadAction","target":["https:\/\/nextgen-sn.com\/?product=camera-dome-2-mp"]}]},{"@type":"ImageObject","inLanguage":"fr-FR","@id":"https:\/\/nextgen-sn.com\/?product=camera-dome-2-mp#primaryimage","url":"https:\/\/nextgen-sn.com\/wp-content\/uploads\/2025\/09\/Hikvision-DS-2CE76D0T-EXIMF.png.webp","contentUrl":"https:\/\/nextgen-sn.com\/wp-content\/uploads\/2025\/09\/Hikvision-DS-2CE76D0T-EXIMF.png.webp","width":500,"height":500},{"@type":"BreadcrumbList","@id":"https:\/\/nextgen-sn.com\/?product=camera-dome-2-mp#breadcrumb","itemListElement":[{"@type":"ListItem","position":1,"name":"Accueil","item":"https:\/\/nextgen-sn.com\/"},{"@type":"ListItem","position":2,"name":"Produits","item":"https:\/\/nextgen-sn.com\/?post_type=product"},{"@type":"ListItem","position":3,"name":"Camera D\u00f4me 2 MP"}]},{"@type":"WebSite","@id":"https:\/\/nextgen-sn.com\/#website","url":"https:\/\/nextgen-sn.com\/","name":"NEXT GEN GROUP","description":"Next Gen Group offre des services dans le domaine de l&#039;affichage gynamique","publisher":{"@id":"https:\/\/nextgen-sn.com\/#organization"},"potentialAction":[{"@type":"SearchAction","target":{"@type":"EntryPoint","urlTemplate":"https:\/\/nextgen-sn.com\/?s={search_term_string}"},"query-input":{"@type":"PropertyValueSpecification","valueRequired":true,"valueName":"search_term_string"}}],"inLanguage":"fr-FR"},{"@type":"Organization","@id":"https:\/\/nextgen-sn.com\/#organization","name":"NEXT GEN GROUP","url":"https:\/\/nextgen-sn.com\/","logo":{"@type":"ImageObject","inLanguage":"fr-FR","@id":"https:\/\/nextgen-sn.com\/#\/schema\/logo\/image\/","url":"https:\/\/nextgen-sn.com\/wp-content\/uploads\/2025\/08\/Logo-Next-Gen.png","contentUrl":"https:\/\/nextgen-sn.com\/wp-content\/uploads\/2025\/08\/Logo-Next-Gen.png","width":341,"height":149,"caption":"NEXT GEN GROUP"},"image":{"@id":"https:\/\/nextgen-sn.com\/#\/schema\/logo\/image\/"}}]}},"_links":{"self":[{"href":"https:\/\/nextgen-sn.com\/index.php?rest_route=\/wp\/v2\/product\/2795","targetHints":{"allow":["GET"]}}],"collection":[{"href":"https:\/\/nextgen-sn.com\/index.php?rest_route=\/wp\/v2\/product"}],"about":[{"href":"https:\/\/nextgen-sn.com\/index.php?rest_route=\/wp\/v2\/types\/product"}],"wp:featuredmedia":[{"embeddable":true,"href":"https:\/\/nextgen-sn.com\/index.php?rest_route=\/wp\/v2\/media\/2827"}],"wp:attachment":[{"href":"https:\/\/nextgen-sn.com\/index.php?rest_route=%2Fwp%2Fv2%2Fmedia&parent=2795"}],"wp:term":[{"taxonomy":"product_brand","embeddable":true,"href":"https:\/\/nextgen-sn.com\/index.php?rest_route=%2Fwp%2Fv2%2Fproduct_brand&post=2795"},{"taxonomy":"product_cat","embeddable":true,"href":"https:\/\/nextgen-sn.com\/index.php?rest_route=%2Fwp%2Fv2%2Fproduct_cat&post=2795"},{"taxonomy":"product_tag","embeddable":true,"href":"https:\/\/nextgen-sn.com\/index.php?rest_route=%2Fwp%2Fv2%2Fproduct_tag&post=2795"}],"curies":[{"name":"wp","href":"https:\/\/api.w.org\/{rel}","templated":true}]}}