{"id":2794,"date":"2025-09-10T15:54:15","date_gmt":"2025-09-10T15:54:15","guid":{"rendered":"https:\/\/nextgen.leden-shop.com\/?post_type=product&#038;p=2794"},"modified":"2025-09-10T15:54:21","modified_gmt":"2025-09-10T15:54:21","slug":"detecteur-de-mouvement-pir-sans-fil","status":"publish","type":"product","link":"https:\/\/nextgen-sn.com\/?product=detecteur-de-mouvement-pir-sans-fil","title":{"rendered":"D\u00e9tecteur de mouvement PIR sans fil"},"content":{"rendered":"<p><strong>HIKVISION &#8211; D\u00e9tecteur de mouvement PIR sans fil DS-PDP15P-EG2-WB<\/strong><\/p>\n<ul>\n<li>Port\u00e9e de d\u00e9tection : <strong>15 m \/ 85,9 \u00b0<\/strong><\/li>\n<li>Jusqu&rsquo;\u00e0 30 kg d&rsquo;immunit\u00e9 aux animaux de compagnie<\/li>\n<li>Transmission Fr\u00e9quence :<strong>433 MHz<\/strong><\/li>\n<li>SEC (Smart Environmental Control) &#8211; Traitement avanc\u00e9 du signal num\u00e9rique et optique 3D<\/li>\n<li>Enti\u00e8rement configurable \u00e0 distance via l&rsquo;application<\/li>\n<li>M\u00e9thode d&rsquo;inscription multiple et conception d&rsquo;installation facile<\/li>\n<li>Batterie facilement rempla\u00e7able avec PCB prot\u00e9g\u00e9<\/li>\n<li>Saut de fr\u00e9quence contre le brouillage pour une transmission fiable<\/li>\n<\/ul>\n","protected":false},"excerpt":{"rendered":"<p class=\"tx-excerpt\">HIKVISION &#8211; D\u00e9tecteur de mouvement PIR sans fil DS-PDP15P-EG2-WB Port\u00e9e de d\u00e9tection : 15 m \/ 85,9 \u00b0 Jusqu&rsquo;\u00e0 30 kg d&rsquo;immunit\u00e9 aux animaux de compagnie Transmission Fr\u00e9quence :433 MHz SEC (Smart Environmental Control) &#8211;...<\/p>","protected":false},"featured_media":2826,"template":"","meta":{"_joinchat":[]},"product_brand":[],"product_cat":[38],"product_tag":[],"class_list":{"0":"post-2794","1":"product","2":"type-product","3":"status-publish","4":"has-post-thumbnail","6":"product_cat-alarmes","8":"first","9":"instock","10":"downloadable","11":"taxable","12":"shipping-taxable","13":"purchasable","14":"product-type-simple"},"yoast_head":"<!-- This site is optimized with the Yoast SEO plugin v27.4 - https:\/\/yoast.com\/product\/yoast-seo-wordpress\/ -->\n<title>D\u00e9tecteur de mouvement PIR sans fil - NEXT GEN GROUP<\/title>\n<meta name=\"robots\" content=\"index, follow, max-snippet:-1, max-image-preview:large, max-video-preview:-1\" \/>\n<link rel=\"canonical\" href=\"https:\/\/nextgen-sn.com\/?product=detecteur-de-mouvement-pir-sans-fil\" \/>\n<meta property=\"og:locale\" content=\"fr_FR\" \/>\n<meta property=\"og:type\" content=\"article\" \/>\n<meta property=\"og:title\" content=\"D\u00e9tecteur de mouvement PIR sans fil - NEXT GEN GROUP\" \/>\n<meta property=\"og:description\" content=\"HIKVISION &#8211; D\u00e9tecteur de mouvement PIR sans fil DS-PDP15P-EG2-WB Port\u00e9e de d\u00e9tection : 15 m \/ 85,9 \u00b0 Jusqu&rsquo;\u00e0 30 kg d&rsquo;immunit\u00e9 aux animaux de compagnie Transmission Fr\u00e9quence :433 MHz SEC (Smart Environmental Control) &#8211; Traitement avanc\u00e9 du signal num\u00e9rique et optique 3D Enti\u00e8rement configurable \u00e0 distance via l&rsquo;application M\u00e9thode d&rsquo;inscription multiple et conception d&rsquo;installation facile Batterie facilement rempla\u00e7able avec PCB prot\u00e9g\u00e9 Saut de fr\u00e9quence contre le brouillage pour une transmission fiable\" \/>\n<meta property=\"og:url\" content=\"https:\/\/nextgen-sn.com\/?product=detecteur-de-mouvement-pir-sans-fil\" \/>\n<meta property=\"og:site_name\" content=\"NEXT GEN GROUP\" \/>\n<meta property=\"article:modified_time\" content=\"2025-09-10T15:54:21+00:00\" \/>\n<meta property=\"og:image\" content=\"https:\/\/nextgen-sn.com\/wp-content\/uploads\/2025\/09\/motion-detector.webp\" \/>\n\t<meta property=\"og:image:width\" content=\"1280\" \/>\n\t<meta property=\"og:image:height\" content=\"720\" \/>\n\t<meta property=\"og:image:type\" content=\"image\/webp\" \/>\n<meta name=\"twitter:card\" content=\"summary_large_image\" \/>\n<script type=\"application\/ld+json\" class=\"yoast-schema-graph\">{\"@context\":\"https:\\\/\\\/schema.org\",\"@graph\":[{\"@type\":\"WebPage\",\"@id\":\"https:\\\/\\\/nextgen-sn.com\\\/?product=detecteur-de-mouvement-pir-sans-fil\",\"url\":\"https:\\\/\\\/nextgen-sn.com\\\/?product=detecteur-de-mouvement-pir-sans-fil\",\"name\":\"D\u00e9tecteur de mouvement PIR sans fil - NEXT GEN GROUP\",\"isPartOf\":{\"@id\":\"https:\\\/\\\/nextgen-sn.com\\\/#website\"},\"primaryImageOfPage\":{\"@id\":\"https:\\\/\\\/nextgen-sn.com\\\/?product=detecteur-de-mouvement-pir-sans-fil#primaryimage\"},\"image\":{\"@id\":\"https:\\\/\\\/nextgen-sn.com\\\/?product=detecteur-de-mouvement-pir-sans-fil#primaryimage\"},\"thumbnailUrl\":\"https:\\\/\\\/nextgen-sn.com\\\/wp-content\\\/uploads\\\/2025\\\/09\\\/motion-detector.webp\",\"datePublished\":\"2025-09-10T15:54:15+00:00\",\"dateModified\":\"2025-09-10T15:54:21+00:00\",\"breadcrumb\":{\"@id\":\"https:\\\/\\\/nextgen-sn.com\\\/?product=detecteur-de-mouvement-pir-sans-fil#breadcrumb\"},\"inLanguage\":\"fr-FR\",\"potentialAction\":[{\"@type\":\"ReadAction\",\"target\":[\"https:\\\/\\\/nextgen-sn.com\\\/?product=detecteur-de-mouvement-pir-sans-fil\"]}]},{\"@type\":\"ImageObject\",\"inLanguage\":\"fr-FR\",\"@id\":\"https:\\\/\\\/nextgen-sn.com\\\/?product=detecteur-de-mouvement-pir-sans-fil#primaryimage\",\"url\":\"https:\\\/\\\/nextgen-sn.com\\\/wp-content\\\/uploads\\\/2025\\\/09\\\/motion-detector.webp\",\"contentUrl\":\"https:\\\/\\\/nextgen-sn.com\\\/wp-content\\\/uploads\\\/2025\\\/09\\\/motion-detector.webp\",\"width\":1280,\"height\":720},{\"@type\":\"BreadcrumbList\",\"@id\":\"https:\\\/\\\/nextgen-sn.com\\\/?product=detecteur-de-mouvement-pir-sans-fil#breadcrumb\",\"itemListElement\":[{\"@type\":\"ListItem\",\"position\":1,\"name\":\"Accueil\",\"item\":\"https:\\\/\\\/nextgen-sn.com\\\/\"},{\"@type\":\"ListItem\",\"position\":2,\"name\":\"Produits\",\"item\":\"https:\\\/\\\/nextgen-sn.com\\\/?post_type=product\"},{\"@type\":\"ListItem\",\"position\":3,\"name\":\"D\u00e9tecteur de mouvement PIR sans fil\"}]},{\"@type\":\"WebSite\",\"@id\":\"https:\\\/\\\/nextgen-sn.com\\\/#website\",\"url\":\"https:\\\/\\\/nextgen-sn.com\\\/\",\"name\":\"NEXT GEN GROUP\",\"description\":\"Next Gen Group offre des services dans le domaine de l&#039;affichage gynamique\",\"publisher\":{\"@id\":\"https:\\\/\\\/nextgen-sn.com\\\/#organization\"},\"potentialAction\":[{\"@type\":\"SearchAction\",\"target\":{\"@type\":\"EntryPoint\",\"urlTemplate\":\"https:\\\/\\\/nextgen-sn.com\\\/?s={search_term_string}\"},\"query-input\":{\"@type\":\"PropertyValueSpecification\",\"valueRequired\":true,\"valueName\":\"search_term_string\"}}],\"inLanguage\":\"fr-FR\"},{\"@type\":\"Organization\",\"@id\":\"https:\\\/\\\/nextgen-sn.com\\\/#organization\",\"name\":\"NEXT GEN GROUP\",\"url\":\"https:\\\/\\\/nextgen-sn.com\\\/\",\"logo\":{\"@type\":\"ImageObject\",\"inLanguage\":\"fr-FR\",\"@id\":\"https:\\\/\\\/nextgen-sn.com\\\/#\\\/schema\\\/logo\\\/image\\\/\",\"url\":\"https:\\\/\\\/nextgen-sn.com\\\/wp-content\\\/uploads\\\/2025\\\/08\\\/Logo-Next-Gen.png\",\"contentUrl\":\"https:\\\/\\\/nextgen-sn.com\\\/wp-content\\\/uploads\\\/2025\\\/08\\\/Logo-Next-Gen.png\",\"width\":341,\"height\":149,\"caption\":\"NEXT GEN GROUP\"},\"image\":{\"@id\":\"https:\\\/\\\/nextgen-sn.com\\\/#\\\/schema\\\/logo\\\/image\\\/\"}}]}<\/script>\n<!-- \/ Yoast SEO plugin. -->","yoast_head_json":{"title":"D\u00e9tecteur de mouvement PIR sans fil - NEXT GEN GROUP","robots":{"index":"index","follow":"follow","max-snippet":"max-snippet:-1","max-image-preview":"max-image-preview:large","max-video-preview":"max-video-preview:-1"},"canonical":"https:\/\/nextgen-sn.com\/?product=detecteur-de-mouvement-pir-sans-fil","og_locale":"fr_FR","og_type":"article","og_title":"D\u00e9tecteur de mouvement PIR sans fil - NEXT GEN GROUP","og_description":"HIKVISION &#8211; D\u00e9tecteur de mouvement PIR sans fil DS-PDP15P-EG2-WB Port\u00e9e de d\u00e9tection : 15 m \/ 85,9 \u00b0 Jusqu&rsquo;\u00e0 30 kg d&rsquo;immunit\u00e9 aux animaux de compagnie Transmission Fr\u00e9quence :433 MHz SEC (Smart Environmental Control) &#8211; Traitement avanc\u00e9 du signal num\u00e9rique et optique 3D Enti\u00e8rement configurable \u00e0 distance via l&rsquo;application M\u00e9thode d&rsquo;inscription multiple et conception d&rsquo;installation facile Batterie facilement rempla\u00e7able avec PCB prot\u00e9g\u00e9 Saut de fr\u00e9quence contre le brouillage pour une transmission fiable","og_url":"https:\/\/nextgen-sn.com\/?product=detecteur-de-mouvement-pir-sans-fil","og_site_name":"NEXT GEN GROUP","article_modified_time":"2025-09-10T15:54:21+00:00","og_image":[{"width":1280,"height":720,"url":"https:\/\/nextgen-sn.com\/wp-content\/uploads\/2025\/09\/motion-detector.webp","type":"image\/webp"}],"twitter_card":"summary_large_image","schema":{"@context":"https:\/\/schema.org","@graph":[{"@type":"WebPage","@id":"https:\/\/nextgen-sn.com\/?product=detecteur-de-mouvement-pir-sans-fil","url":"https:\/\/nextgen-sn.com\/?product=detecteur-de-mouvement-pir-sans-fil","name":"D\u00e9tecteur de mouvement PIR sans fil - NEXT GEN GROUP","isPartOf":{"@id":"https:\/\/nextgen-sn.com\/#website"},"primaryImageOfPage":{"@id":"https:\/\/nextgen-sn.com\/?product=detecteur-de-mouvement-pir-sans-fil#primaryimage"},"image":{"@id":"https:\/\/nextgen-sn.com\/?product=detecteur-de-mouvement-pir-sans-fil#primaryimage"},"thumbnailUrl":"https:\/\/nextgen-sn.com\/wp-content\/uploads\/2025\/09\/motion-detector.webp","datePublished":"2025-09-10T15:54:15+00:00","dateModified":"2025-09-10T15:54:21+00:00","breadcrumb":{"@id":"https:\/\/nextgen-sn.com\/?product=detecteur-de-mouvement-pir-sans-fil#breadcrumb"},"inLanguage":"fr-FR","potentialAction":[{"@type":"ReadAction","target":["https:\/\/nextgen-sn.com\/?product=detecteur-de-mouvement-pir-sans-fil"]}]},{"@type":"ImageObject","inLanguage":"fr-FR","@id":"https:\/\/nextgen-sn.com\/?product=detecteur-de-mouvement-pir-sans-fil#primaryimage","url":"https:\/\/nextgen-sn.com\/wp-content\/uploads\/2025\/09\/motion-detector.webp","contentUrl":"https:\/\/nextgen-sn.com\/wp-content\/uploads\/2025\/09\/motion-detector.webp","width":1280,"height":720},{"@type":"BreadcrumbList","@id":"https:\/\/nextgen-sn.com\/?product=detecteur-de-mouvement-pir-sans-fil#breadcrumb","itemListElement":[{"@type":"ListItem","position":1,"name":"Accueil","item":"https:\/\/nextgen-sn.com\/"},{"@type":"ListItem","position":2,"name":"Produits","item":"https:\/\/nextgen-sn.com\/?post_type=product"},{"@type":"ListItem","position":3,"name":"D\u00e9tecteur de mouvement PIR sans fil"}]},{"@type":"WebSite","@id":"https:\/\/nextgen-sn.com\/#website","url":"https:\/\/nextgen-sn.com\/","name":"NEXT GEN GROUP","description":"Next Gen Group offre des services dans le domaine de l&#039;affichage gynamique","publisher":{"@id":"https:\/\/nextgen-sn.com\/#organization"},"potentialAction":[{"@type":"SearchAction","target":{"@type":"EntryPoint","urlTemplate":"https:\/\/nextgen-sn.com\/?s={search_term_string}"},"query-input":{"@type":"PropertyValueSpecification","valueRequired":true,"valueName":"search_term_string"}}],"inLanguage":"fr-FR"},{"@type":"Organization","@id":"https:\/\/nextgen-sn.com\/#organization","name":"NEXT GEN GROUP","url":"https:\/\/nextgen-sn.com\/","logo":{"@type":"ImageObject","inLanguage":"fr-FR","@id":"https:\/\/nextgen-sn.com\/#\/schema\/logo\/image\/","url":"https:\/\/nextgen-sn.com\/wp-content\/uploads\/2025\/08\/Logo-Next-Gen.png","contentUrl":"https:\/\/nextgen-sn.com\/wp-content\/uploads\/2025\/08\/Logo-Next-Gen.png","width":341,"height":149,"caption":"NEXT GEN GROUP"},"image":{"@id":"https:\/\/nextgen-sn.com\/#\/schema\/logo\/image\/"}}]}},"_links":{"self":[{"href":"https:\/\/nextgen-sn.com\/index.php?rest_route=\/wp\/v2\/product\/2794","targetHints":{"allow":["GET"]}}],"collection":[{"href":"https:\/\/nextgen-sn.com\/index.php?rest_route=\/wp\/v2\/product"}],"about":[{"href":"https:\/\/nextgen-sn.com\/index.php?rest_route=\/wp\/v2\/types\/product"}],"wp:featuredmedia":[{"embeddable":true,"href":"https:\/\/nextgen-sn.com\/index.php?rest_route=\/wp\/v2\/media\/2826"}],"wp:attachment":[{"href":"https:\/\/nextgen-sn.com\/index.php?rest_route=%2Fwp%2Fv2%2Fmedia&parent=2794"}],"wp:term":[{"taxonomy":"product_brand","embeddable":true,"href":"https:\/\/nextgen-sn.com\/index.php?rest_route=%2Fwp%2Fv2%2Fproduct_brand&post=2794"},{"taxonomy":"product_cat","embeddable":true,"href":"https:\/\/nextgen-sn.com\/index.php?rest_route=%2Fwp%2Fv2%2Fproduct_cat&post=2794"},{"taxonomy":"product_tag","embeddable":true,"href":"https:\/\/nextgen-sn.com\/index.php?rest_route=%2Fwp%2Fv2%2Fproduct_tag&post=2794"}],"curies":[{"name":"wp","href":"https:\/\/api.w.org\/{rel}","templated":true}]}}