{"id":2792,"date":"2025-09-10T15:54:15","date_gmt":"2025-09-10T15:54:15","guid":{"rendered":"https:\/\/nextgen.leden-shop.com\/?post_type=product&#038;p=2792"},"modified":"2025-09-10T15:54:20","modified_gmt":"2025-09-10T15:54:20","slug":"bouton-poussoir","status":"publish","type":"product","link":"https:\/\/nextgen-sn.com\/?product=bouton-poussoir","title":{"rendered":"Bouton poussoir"},"content":{"rendered":"<h2 style=\"text-align: left;\"><strong>\u00a0Bouton poussoir<\/strong><\/h2>\n<p style=\"text-align: left;\">Le bouton poussoir DS-K7P01 a une structure panneau en alliage d&rsquo;aluminium et un bouton en m\u00e9tal.<\/p>\n<p style=\"text-align: left;\">Le courant nominal est de 3A \u00e0 36 VCC max.<\/p>\n<p style=\"text-align: left;\">Le Contact de sortie est Contact NO \/ NC \/ COM. Aussi, le BOUTON POUSSOIR &#8211; DS-K7P01 a d\u00e9j\u00e0 r\u00e9ussi le test de vieillissement de 500 mille fois.<\/p>\n<p style=\"text-align: left;\">Les portes appropri\u00e9es cadre de porte creux et bo\u00eete \u00e9lectrique int\u00e9gr\u00e9e. Le Poids du produit est de 0,25 kg (0,55 lb).<\/p>\n<p>&nbsp;<\/p>\n","protected":false},"excerpt":{"rendered":"<p class=\"tx-excerpt\">\u00a0Bouton poussoir Le bouton poussoir DS-K7P01 a une structure panneau en alliage d&rsquo;aluminium et un bouton en m\u00e9tal. Le courant nominal est de 3A \u00e0 36 VCC max. Le Contact de sortie est Contact NO...<\/p>","protected":false},"featured_media":2824,"template":"","meta":{"_joinchat":[]},"product_brand":[],"product_cat":[38],"product_tag":[],"class_list":{"0":"post-2792","1":"product","2":"type-product","3":"status-publish","4":"has-post-thumbnail","6":"product_cat-alarmes","8":"first","9":"instock","10":"taxable","11":"shipping-taxable","12":"purchasable","13":"product-type-simple"},"yoast_head":"<!-- This site is optimized with the Yoast SEO plugin v27.4 - https:\/\/yoast.com\/product\/yoast-seo-wordpress\/ -->\n<title>Bouton poussoir - NEXT GEN GROUP<\/title>\n<meta name=\"robots\" content=\"index, follow, max-snippet:-1, max-image-preview:large, max-video-preview:-1\" \/>\n<link rel=\"canonical\" href=\"https:\/\/nextgen-sn.com\/?product=bouton-poussoir\" \/>\n<meta property=\"og:locale\" content=\"fr_FR\" \/>\n<meta property=\"og:type\" content=\"article\" \/>\n<meta property=\"og:title\" content=\"Bouton poussoir - NEXT GEN GROUP\" \/>\n<meta property=\"og:description\" content=\"\u00a0Bouton poussoir Le bouton poussoir DS-K7P01 a une structure panneau en alliage d&rsquo;aluminium et un bouton en m\u00e9tal. Le courant nominal est de 3A \u00e0 36 VCC max. Le Contact de sortie est Contact NO \/ NC \/ COM. Aussi, le BOUTON POUSSOIR &#8211; DS-K7P01 a d\u00e9j\u00e0 r\u00e9ussi le test de vieillissement de 500 mille fois. Les portes appropri\u00e9es cadre de porte creux et bo\u00eete \u00e9lectrique int\u00e9gr\u00e9e. Le Poids du produit est de 0,25 kg (0,55 lb). &nbsp;\" \/>\n<meta property=\"og:url\" content=\"https:\/\/nextgen-sn.com\/?product=bouton-poussoir\" \/>\n<meta property=\"og:site_name\" content=\"NEXT GEN GROUP\" \/>\n<meta property=\"article:modified_time\" content=\"2025-09-10T15:54:20+00:00\" \/>\n<meta property=\"og:image\" content=\"https:\/\/nextgen-sn.com\/wp-content\/uploads\/2025\/09\/Nut-exit-HIKVISION-DS-K7P01-1.png\" \/>\n\t<meta property=\"og:image:width\" content=\"701\" \/>\n\t<meta property=\"og:image:height\" content=\"700\" \/>\n\t<meta property=\"og:image:type\" content=\"image\/png\" \/>\n<meta name=\"twitter:card\" content=\"summary_large_image\" \/>\n<script type=\"application\/ld+json\" class=\"yoast-schema-graph\">{\"@context\":\"https:\\\/\\\/schema.org\",\"@graph\":[{\"@type\":\"WebPage\",\"@id\":\"https:\\\/\\\/nextgen-sn.com\\\/?product=bouton-poussoir\",\"url\":\"https:\\\/\\\/nextgen-sn.com\\\/?product=bouton-poussoir\",\"name\":\"Bouton poussoir - NEXT GEN GROUP\",\"isPartOf\":{\"@id\":\"https:\\\/\\\/nextgen-sn.com\\\/#website\"},\"primaryImageOfPage\":{\"@id\":\"https:\\\/\\\/nextgen-sn.com\\\/?product=bouton-poussoir#primaryimage\"},\"image\":{\"@id\":\"https:\\\/\\\/nextgen-sn.com\\\/?product=bouton-poussoir#primaryimage\"},\"thumbnailUrl\":\"https:\\\/\\\/nextgen-sn.com\\\/wp-content\\\/uploads\\\/2025\\\/09\\\/Nut-exit-HIKVISION-DS-K7P01-1.png\",\"datePublished\":\"2025-09-10T15:54:15+00:00\",\"dateModified\":\"2025-09-10T15:54:20+00:00\",\"breadcrumb\":{\"@id\":\"https:\\\/\\\/nextgen-sn.com\\\/?product=bouton-poussoir#breadcrumb\"},\"inLanguage\":\"fr-FR\",\"potentialAction\":[{\"@type\":\"ReadAction\",\"target\":[\"https:\\\/\\\/nextgen-sn.com\\\/?product=bouton-poussoir\"]}]},{\"@type\":\"ImageObject\",\"inLanguage\":\"fr-FR\",\"@id\":\"https:\\\/\\\/nextgen-sn.com\\\/?product=bouton-poussoir#primaryimage\",\"url\":\"https:\\\/\\\/nextgen-sn.com\\\/wp-content\\\/uploads\\\/2025\\\/09\\\/Nut-exit-HIKVISION-DS-K7P01-1.png\",\"contentUrl\":\"https:\\\/\\\/nextgen-sn.com\\\/wp-content\\\/uploads\\\/2025\\\/09\\\/Nut-exit-HIKVISION-DS-K7P01-1.png\",\"width\":701,\"height\":700},{\"@type\":\"BreadcrumbList\",\"@id\":\"https:\\\/\\\/nextgen-sn.com\\\/?product=bouton-poussoir#breadcrumb\",\"itemListElement\":[{\"@type\":\"ListItem\",\"position\":1,\"name\":\"Accueil\",\"item\":\"https:\\\/\\\/nextgen-sn.com\\\/\"},{\"@type\":\"ListItem\",\"position\":2,\"name\":\"Produits\",\"item\":\"https:\\\/\\\/nextgen-sn.com\\\/?post_type=product\"},{\"@type\":\"ListItem\",\"position\":3,\"name\":\"Bouton poussoir\"}]},{\"@type\":\"WebSite\",\"@id\":\"https:\\\/\\\/nextgen-sn.com\\\/#website\",\"url\":\"https:\\\/\\\/nextgen-sn.com\\\/\",\"name\":\"NEXT GEN GROUP\",\"description\":\"Next Gen Group offre des services dans le domaine de l&#039;affichage gynamique\",\"publisher\":{\"@id\":\"https:\\\/\\\/nextgen-sn.com\\\/#organization\"},\"potentialAction\":[{\"@type\":\"SearchAction\",\"target\":{\"@type\":\"EntryPoint\",\"urlTemplate\":\"https:\\\/\\\/nextgen-sn.com\\\/?s={search_term_string}\"},\"query-input\":{\"@type\":\"PropertyValueSpecification\",\"valueRequired\":true,\"valueName\":\"search_term_string\"}}],\"inLanguage\":\"fr-FR\"},{\"@type\":\"Organization\",\"@id\":\"https:\\\/\\\/nextgen-sn.com\\\/#organization\",\"name\":\"NEXT GEN GROUP\",\"url\":\"https:\\\/\\\/nextgen-sn.com\\\/\",\"logo\":{\"@type\":\"ImageObject\",\"inLanguage\":\"fr-FR\",\"@id\":\"https:\\\/\\\/nextgen-sn.com\\\/#\\\/schema\\\/logo\\\/image\\\/\",\"url\":\"https:\\\/\\\/nextgen-sn.com\\\/wp-content\\\/uploads\\\/2025\\\/08\\\/Logo-Next-Gen.png\",\"contentUrl\":\"https:\\\/\\\/nextgen-sn.com\\\/wp-content\\\/uploads\\\/2025\\\/08\\\/Logo-Next-Gen.png\",\"width\":341,\"height\":149,\"caption\":\"NEXT GEN GROUP\"},\"image\":{\"@id\":\"https:\\\/\\\/nextgen-sn.com\\\/#\\\/schema\\\/logo\\\/image\\\/\"}}]}<\/script>\n<!-- \/ Yoast SEO plugin. -->","yoast_head_json":{"title":"Bouton poussoir - NEXT GEN GROUP","robots":{"index":"index","follow":"follow","max-snippet":"max-snippet:-1","max-image-preview":"max-image-preview:large","max-video-preview":"max-video-preview:-1"},"canonical":"https:\/\/nextgen-sn.com\/?product=bouton-poussoir","og_locale":"fr_FR","og_type":"article","og_title":"Bouton poussoir - NEXT GEN GROUP","og_description":"\u00a0Bouton poussoir Le bouton poussoir DS-K7P01 a une structure panneau en alliage d&rsquo;aluminium et un bouton en m\u00e9tal. Le courant nominal est de 3A \u00e0 36 VCC max. Le Contact de sortie est Contact NO \/ NC \/ COM. Aussi, le BOUTON POUSSOIR &#8211; DS-K7P01 a d\u00e9j\u00e0 r\u00e9ussi le test de vieillissement de 500 mille fois. Les portes appropri\u00e9es cadre de porte creux et bo\u00eete \u00e9lectrique int\u00e9gr\u00e9e. Le Poids du produit est de 0,25 kg (0,55 lb). &nbsp;","og_url":"https:\/\/nextgen-sn.com\/?product=bouton-poussoir","og_site_name":"NEXT GEN GROUP","article_modified_time":"2025-09-10T15:54:20+00:00","og_image":[{"width":701,"height":700,"url":"https:\/\/nextgen-sn.com\/wp-content\/uploads\/2025\/09\/Nut-exit-HIKVISION-DS-K7P01-1.png","type":"image\/png"}],"twitter_card":"summary_large_image","schema":{"@context":"https:\/\/schema.org","@graph":[{"@type":"WebPage","@id":"https:\/\/nextgen-sn.com\/?product=bouton-poussoir","url":"https:\/\/nextgen-sn.com\/?product=bouton-poussoir","name":"Bouton poussoir - NEXT GEN GROUP","isPartOf":{"@id":"https:\/\/nextgen-sn.com\/#website"},"primaryImageOfPage":{"@id":"https:\/\/nextgen-sn.com\/?product=bouton-poussoir#primaryimage"},"image":{"@id":"https:\/\/nextgen-sn.com\/?product=bouton-poussoir#primaryimage"},"thumbnailUrl":"https:\/\/nextgen-sn.com\/wp-content\/uploads\/2025\/09\/Nut-exit-HIKVISION-DS-K7P01-1.png","datePublished":"2025-09-10T15:54:15+00:00","dateModified":"2025-09-10T15:54:20+00:00","breadcrumb":{"@id":"https:\/\/nextgen-sn.com\/?product=bouton-poussoir#breadcrumb"},"inLanguage":"fr-FR","potentialAction":[{"@type":"ReadAction","target":["https:\/\/nextgen-sn.com\/?product=bouton-poussoir"]}]},{"@type":"ImageObject","inLanguage":"fr-FR","@id":"https:\/\/nextgen-sn.com\/?product=bouton-poussoir#primaryimage","url":"https:\/\/nextgen-sn.com\/wp-content\/uploads\/2025\/09\/Nut-exit-HIKVISION-DS-K7P01-1.png","contentUrl":"https:\/\/nextgen-sn.com\/wp-content\/uploads\/2025\/09\/Nut-exit-HIKVISION-DS-K7P01-1.png","width":701,"height":700},{"@type":"BreadcrumbList","@id":"https:\/\/nextgen-sn.com\/?product=bouton-poussoir#breadcrumb","itemListElement":[{"@type":"ListItem","position":1,"name":"Accueil","item":"https:\/\/nextgen-sn.com\/"},{"@type":"ListItem","position":2,"name":"Produits","item":"https:\/\/nextgen-sn.com\/?post_type=product"},{"@type":"ListItem","position":3,"name":"Bouton poussoir"}]},{"@type":"WebSite","@id":"https:\/\/nextgen-sn.com\/#website","url":"https:\/\/nextgen-sn.com\/","name":"NEXT GEN GROUP","description":"Next Gen Group offre des services dans le domaine de l&#039;affichage gynamique","publisher":{"@id":"https:\/\/nextgen-sn.com\/#organization"},"potentialAction":[{"@type":"SearchAction","target":{"@type":"EntryPoint","urlTemplate":"https:\/\/nextgen-sn.com\/?s={search_term_string}"},"query-input":{"@type":"PropertyValueSpecification","valueRequired":true,"valueName":"search_term_string"}}],"inLanguage":"fr-FR"},{"@type":"Organization","@id":"https:\/\/nextgen-sn.com\/#organization","name":"NEXT GEN GROUP","url":"https:\/\/nextgen-sn.com\/","logo":{"@type":"ImageObject","inLanguage":"fr-FR","@id":"https:\/\/nextgen-sn.com\/#\/schema\/logo\/image\/","url":"https:\/\/nextgen-sn.com\/wp-content\/uploads\/2025\/08\/Logo-Next-Gen.png","contentUrl":"https:\/\/nextgen-sn.com\/wp-content\/uploads\/2025\/08\/Logo-Next-Gen.png","width":341,"height":149,"caption":"NEXT GEN GROUP"},"image":{"@id":"https:\/\/nextgen-sn.com\/#\/schema\/logo\/image\/"}}]}},"_links":{"self":[{"href":"https:\/\/nextgen-sn.com\/index.php?rest_route=\/wp\/v2\/product\/2792","targetHints":{"allow":["GET"]}}],"collection":[{"href":"https:\/\/nextgen-sn.com\/index.php?rest_route=\/wp\/v2\/product"}],"about":[{"href":"https:\/\/nextgen-sn.com\/index.php?rest_route=\/wp\/v2\/types\/product"}],"wp:featuredmedia":[{"embeddable":true,"href":"https:\/\/nextgen-sn.com\/index.php?rest_route=\/wp\/v2\/media\/2824"}],"wp:attachment":[{"href":"https:\/\/nextgen-sn.com\/index.php?rest_route=%2Fwp%2Fv2%2Fmedia&parent=2792"}],"wp:term":[{"taxonomy":"product_brand","embeddable":true,"href":"https:\/\/nextgen-sn.com\/index.php?rest_route=%2Fwp%2Fv2%2Fproduct_brand&post=2792"},{"taxonomy":"product_cat","embeddable":true,"href":"https:\/\/nextgen-sn.com\/index.php?rest_route=%2Fwp%2Fv2%2Fproduct_cat&post=2792"},{"taxonomy":"product_tag","embeddable":true,"href":"https:\/\/nextgen-sn.com\/index.php?rest_route=%2Fwp%2Fv2%2Fproduct_tag&post=2792"}],"curies":[{"name":"wp","href":"https:\/\/api.w.org\/{rel}","templated":true}]}}