{"id":2790,"date":"2025-09-10T15:54:15","date_gmt":"2025-09-10T15:54:15","guid":{"rendered":"https:\/\/nextgen.leden-shop.com\/?post_type=product&#038;p=2790"},"modified":"2025-09-10T15:54:20","modified_gmt":"2025-09-10T15:54:20","slug":"detecteur-de-mouvement","status":"publish","type":"product","link":"https:\/\/nextgen-sn.com\/?product=detecteur-de-mouvement","title":{"rendered":"D\u00e9tecteur de mouvement"},"content":{"rendered":"<h2>D\u00e9tecteur\u00a0de mouvement\u00a0sans fil avec cam\u00e9ra int\u00e9gr\u00e9e pour centrale d&rsquo;alarme Hikvision\u00a0<strong>AX PRO<\/strong><\/h2>\n<p><strong>Model<\/strong>: DS-PDPC12P-EG2-WE<\/p>\n<p>D\u00e9tecteur de mouvement\u00a0infrarouge\u00a0avec une port\u00e9e de d\u00e9tection de 15 m\u00e8tres sur 85,9\u00b0. Le DS-PDP12P-EG2-WE est con\u00e7u pour ne pas d\u00e9tecter les animaux domestiques de moins de 30 Kg tels que les chiens ou les chats par exemple (non compatible avec la centrale d&rsquo;alarme AX Hub).<\/p>\n<p>Le d\u00e9tecteur DS-PDPC12P-EG2-WE est \u00e9quip\u00e9 d&rsquo;une\u00a0<strong>cam\u00e9ra int\u00e9gr\u00e9e<\/strong>\u00a0avec d\u00e9tecteur de mouvement pour la prise d\u2019images sur \u00e9v\u00e9nement ou \u00e0 la demande.<\/p>\n<p>Ce d\u00e9tecteur embarque la technologie de communication s\u00e9curis\u00e9e exclusive Cam-X compatible avec les alarmes\u00a0sans fil\u00a0AX-PRO 96 et 64.<\/p>\n<h3>Caract\u00e9ristiques<\/h3>\n<ul>\n<li>Immunit\u00e9 aux animaux : jusqu&rsquo;\u00e0 30 kg<\/li>\n<li>port\u00e9e de d\u00e9tection : 12 m\u00e8tres<\/li>\n<li>Angle : 85.9\u00b0<\/li>\n<li>Technologie : sans fil bidirectionnelle 800 m\u00e8tres avec technologie CAM-X (champ libre sans obstacle)<\/li>\n<li>SEC (Smart Environmental Control) &#8211; Traitement num\u00e9rique avanc\u00e9 du signal et optique 3D<\/li>\n<li>Saut de fr\u00e9quence contre le brouillage pour une transmission fiable et s\u00e9curis\u00e9e<\/li>\n<li>Enti\u00e8rement configurable \u00e0 distance via l&rsquo;application\u00a0Hik-Connect<\/li>\n<li>Supports plafond et mural inclus<\/li>\n<li>Indicateurs de force signal (SSI)<\/li>\n<li>Fr\u00e9quence de communication : 868 MHz &#8211; chiffrement AES 128 Bits<\/li>\n<li>Fonction de pr\u00e9vention des conflits de donn\u00e9es sans fil<\/li>\n<\/ul>\n<h3>Caract\u00e9ristiques techniques<\/h3>\n<ul>\n<li>Temp\u00e9rature de fonctionnement : de -20 \u00b0C \u00e0 60 \u00b0C<\/li>\n<li>Dimensions : 72.2mm \u00d7 120.5mm \u00d7 56.7mm<\/li>\n<li>Poids : 210 grammes<\/li>\n<li>Hauteur d&rsquo;installation : 1.80 \u00e0 2.40 m\u00e8tres<\/li>\n<li>Utilisation : Int\u00e9rieur<\/li>\n<li>3 x piles CR123A incluses<\/li>\n<\/ul>\n","protected":false},"excerpt":{"rendered":"<p class=\"tx-excerpt\">D\u00e9tecteur\u00a0de mouvement\u00a0sans fil avec cam\u00e9ra int\u00e9gr\u00e9e pour centrale d&rsquo;alarme Hikvision\u00a0AX PRO Model: DS-PDPC12P-EG2-WE D\u00e9tecteur de mouvement\u00a0infrarouge\u00a0avec une port\u00e9e de d\u00e9tection de 15 m\u00e8tres sur 85,9\u00b0. Le DS-PDP12P-EG2-WE est con\u00e7u pour ne pas d\u00e9tecter les animaux...<\/p>","protected":false},"featured_media":2820,"template":"","meta":{"_joinchat":[]},"product_brand":[],"product_cat":[38],"product_tag":[],"class_list":{"0":"post-2790","1":"product","2":"type-product","3":"status-publish","4":"has-post-thumbnail","6":"product_cat-alarmes","8":"first","9":"instock","10":"downloadable","11":"taxable","12":"shipping-taxable","13":"purchasable","14":"product-type-simple"},"yoast_head":"<!-- This site is optimized with the Yoast SEO plugin v27.4 - https:\/\/yoast.com\/product\/yoast-seo-wordpress\/ -->\n<title>D\u00e9tecteur de mouvement - NEXT GEN GROUP<\/title>\n<meta name=\"robots\" content=\"index, follow, max-snippet:-1, max-image-preview:large, max-video-preview:-1\" \/>\n<link rel=\"canonical\" href=\"https:\/\/nextgen-sn.com\/?product=detecteur-de-mouvement\" \/>\n<meta property=\"og:locale\" content=\"fr_FR\" \/>\n<meta property=\"og:type\" content=\"article\" \/>\n<meta property=\"og:title\" content=\"D\u00e9tecteur de mouvement - NEXT GEN GROUP\" \/>\n<meta property=\"og:description\" content=\"D\u00e9tecteur\u00a0de mouvement\u00a0sans fil avec cam\u00e9ra int\u00e9gr\u00e9e pour centrale d&rsquo;alarme Hikvision\u00a0AX PRO Model: DS-PDPC12P-EG2-WE D\u00e9tecteur de mouvement\u00a0infrarouge\u00a0avec une port\u00e9e de d\u00e9tection de 15 m\u00e8tres sur 85,9\u00b0. Le DS-PDP12P-EG2-WE est con\u00e7u pour ne pas d\u00e9tecter les animaux domestiques de moins de 30 Kg tels que les chiens ou les chats par exemple (non compatible avec la centrale d&rsquo;alarme AX Hub). Le d\u00e9tecteur DS-PDPC12P-EG2-WE est \u00e9quip\u00e9 d&rsquo;une\u00a0cam\u00e9ra int\u00e9gr\u00e9e\u00a0avec d\u00e9tecteur de mouvement pour la prise d\u2019images sur \u00e9v\u00e9nement ou \u00e0 la demande. Ce d\u00e9tecteur embarque la technologie de communication s\u00e9curis\u00e9e exclusive Cam-X compatible avec les alarmes\u00a0sans fil\u00a0AX-PRO 96 et 64. Caract\u00e9ristiques Immunit\u00e9 aux animaux : jusqu&rsquo;\u00e0 30 kg port\u00e9e de d\u00e9tection : 12 m\u00e8tres Angle : 85.9\u00b0 Technologie : sans fil bidirectionnelle 800 m\u00e8tres avec technologie CAM-X (champ libre sans obstacle) SEC (Smart Environmental Control) &#8211; Traitement num\u00e9rique avanc\u00e9 du signal et optique 3D Saut de fr\u00e9quence contre le brouillage pour une transmission fiable et s\u00e9curis\u00e9e Enti\u00e8rement configurable \u00e0 distance via l&rsquo;application\u00a0Hik-Connect Supports plafond et mural inclus Indicateurs de force signal (SSI) Fr\u00e9quence de communication : 868 MHz &#8211; chiffrement AES 128 Bits Fonction de pr\u00e9vention des conflits de donn\u00e9es sans fil Caract\u00e9ristiques techniques Temp\u00e9rature de fonctionnement : de -20 \u00b0C \u00e0 60 \u00b0C Dimensions : 72.2mm \u00d7 120.5mm \u00d7 56.7mm Poids : 210 grammes Hauteur d&rsquo;installation : 1.80 \u00e0 2.40 m\u00e8tres Utilisation : Int\u00e9rieur 3 x piles CR123A incluses\" \/>\n<meta property=\"og:url\" content=\"https:\/\/nextgen-sn.com\/?product=detecteur-de-mouvement\" \/>\n<meta property=\"og:site_name\" content=\"NEXT GEN GROUP\" \/>\n<meta property=\"article:modified_time\" content=\"2025-09-10T15:54:20+00:00\" \/>\n<meta property=\"og:image\" content=\"https:\/\/nextgen-sn.com\/wp-content\/uploads\/2025\/09\/i.webp\" \/>\n\t<meta property=\"og:image:width\" content=\"455\" \/>\n\t<meta property=\"og:image:height\" content=\"455\" \/>\n\t<meta property=\"og:image:type\" content=\"image\/webp\" \/>\n<meta name=\"twitter:card\" content=\"summary_large_image\" \/>\n<meta name=\"twitter:label1\" content=\"Dur\u00e9e de lecture estim\u00e9e\" \/>\n\t<meta name=\"twitter:data1\" content=\"1 minute\" \/>\n<script type=\"application\/ld+json\" class=\"yoast-schema-graph\">{\"@context\":\"https:\\\/\\\/schema.org\",\"@graph\":[{\"@type\":\"WebPage\",\"@id\":\"https:\\\/\\\/nextgen-sn.com\\\/?product=detecteur-de-mouvement\",\"url\":\"https:\\\/\\\/nextgen-sn.com\\\/?product=detecteur-de-mouvement\",\"name\":\"D\u00e9tecteur de mouvement - NEXT GEN GROUP\",\"isPartOf\":{\"@id\":\"https:\\\/\\\/nextgen-sn.com\\\/#website\"},\"primaryImageOfPage\":{\"@id\":\"https:\\\/\\\/nextgen-sn.com\\\/?product=detecteur-de-mouvement#primaryimage\"},\"image\":{\"@id\":\"https:\\\/\\\/nextgen-sn.com\\\/?product=detecteur-de-mouvement#primaryimage\"},\"thumbnailUrl\":\"https:\\\/\\\/nextgen-sn.com\\\/wp-content\\\/uploads\\\/2025\\\/09\\\/i.webp\",\"datePublished\":\"2025-09-10T15:54:15+00:00\",\"dateModified\":\"2025-09-10T15:54:20+00:00\",\"breadcrumb\":{\"@id\":\"https:\\\/\\\/nextgen-sn.com\\\/?product=detecteur-de-mouvement#breadcrumb\"},\"inLanguage\":\"fr-FR\",\"potentialAction\":[{\"@type\":\"ReadAction\",\"target\":[\"https:\\\/\\\/nextgen-sn.com\\\/?product=detecteur-de-mouvement\"]}]},{\"@type\":\"ImageObject\",\"inLanguage\":\"fr-FR\",\"@id\":\"https:\\\/\\\/nextgen-sn.com\\\/?product=detecteur-de-mouvement#primaryimage\",\"url\":\"https:\\\/\\\/nextgen-sn.com\\\/wp-content\\\/uploads\\\/2025\\\/09\\\/i.webp\",\"contentUrl\":\"https:\\\/\\\/nextgen-sn.com\\\/wp-content\\\/uploads\\\/2025\\\/09\\\/i.webp\",\"width\":455,\"height\":455},{\"@type\":\"BreadcrumbList\",\"@id\":\"https:\\\/\\\/nextgen-sn.com\\\/?product=detecteur-de-mouvement#breadcrumb\",\"itemListElement\":[{\"@type\":\"ListItem\",\"position\":1,\"name\":\"Accueil\",\"item\":\"https:\\\/\\\/nextgen-sn.com\\\/\"},{\"@type\":\"ListItem\",\"position\":2,\"name\":\"Produits\",\"item\":\"https:\\\/\\\/nextgen-sn.com\\\/?post_type=product\"},{\"@type\":\"ListItem\",\"position\":3,\"name\":\"D\u00e9tecteur de mouvement\"}]},{\"@type\":\"WebSite\",\"@id\":\"https:\\\/\\\/nextgen-sn.com\\\/#website\",\"url\":\"https:\\\/\\\/nextgen-sn.com\\\/\",\"name\":\"NEXT GEN GROUP\",\"description\":\"Next Gen Group offre des services dans le domaine de l&#039;affichage gynamique\",\"publisher\":{\"@id\":\"https:\\\/\\\/nextgen-sn.com\\\/#organization\"},\"potentialAction\":[{\"@type\":\"SearchAction\",\"target\":{\"@type\":\"EntryPoint\",\"urlTemplate\":\"https:\\\/\\\/nextgen-sn.com\\\/?s={search_term_string}\"},\"query-input\":{\"@type\":\"PropertyValueSpecification\",\"valueRequired\":true,\"valueName\":\"search_term_string\"}}],\"inLanguage\":\"fr-FR\"},{\"@type\":\"Organization\",\"@id\":\"https:\\\/\\\/nextgen-sn.com\\\/#organization\",\"name\":\"NEXT GEN GROUP\",\"url\":\"https:\\\/\\\/nextgen-sn.com\\\/\",\"logo\":{\"@type\":\"ImageObject\",\"inLanguage\":\"fr-FR\",\"@id\":\"https:\\\/\\\/nextgen-sn.com\\\/#\\\/schema\\\/logo\\\/image\\\/\",\"url\":\"https:\\\/\\\/nextgen-sn.com\\\/wp-content\\\/uploads\\\/2025\\\/08\\\/Logo-Next-Gen.png\",\"contentUrl\":\"https:\\\/\\\/nextgen-sn.com\\\/wp-content\\\/uploads\\\/2025\\\/08\\\/Logo-Next-Gen.png\",\"width\":341,\"height\":149,\"caption\":\"NEXT GEN GROUP\"},\"image\":{\"@id\":\"https:\\\/\\\/nextgen-sn.com\\\/#\\\/schema\\\/logo\\\/image\\\/\"}}]}<\/script>\n<!-- \/ Yoast SEO plugin. -->","yoast_head_json":{"title":"D\u00e9tecteur de mouvement - NEXT GEN GROUP","robots":{"index":"index","follow":"follow","max-snippet":"max-snippet:-1","max-image-preview":"max-image-preview:large","max-video-preview":"max-video-preview:-1"},"canonical":"https:\/\/nextgen-sn.com\/?product=detecteur-de-mouvement","og_locale":"fr_FR","og_type":"article","og_title":"D\u00e9tecteur de mouvement - NEXT GEN GROUP","og_description":"D\u00e9tecteur\u00a0de mouvement\u00a0sans fil avec cam\u00e9ra int\u00e9gr\u00e9e pour centrale d&rsquo;alarme Hikvision\u00a0AX PRO Model: DS-PDPC12P-EG2-WE D\u00e9tecteur de mouvement\u00a0infrarouge\u00a0avec une port\u00e9e de d\u00e9tection de 15 m\u00e8tres sur 85,9\u00b0. Le DS-PDP12P-EG2-WE est con\u00e7u pour ne pas d\u00e9tecter les animaux domestiques de moins de 30 Kg tels que les chiens ou les chats par exemple (non compatible avec la centrale d&rsquo;alarme AX Hub). Le d\u00e9tecteur DS-PDPC12P-EG2-WE est \u00e9quip\u00e9 d&rsquo;une\u00a0cam\u00e9ra int\u00e9gr\u00e9e\u00a0avec d\u00e9tecteur de mouvement pour la prise d\u2019images sur \u00e9v\u00e9nement ou \u00e0 la demande. Ce d\u00e9tecteur embarque la technologie de communication s\u00e9curis\u00e9e exclusive Cam-X compatible avec les alarmes\u00a0sans fil\u00a0AX-PRO 96 et 64. Caract\u00e9ristiques Immunit\u00e9 aux animaux : jusqu&rsquo;\u00e0 30 kg port\u00e9e de d\u00e9tection : 12 m\u00e8tres Angle : 85.9\u00b0 Technologie : sans fil bidirectionnelle 800 m\u00e8tres avec technologie CAM-X (champ libre sans obstacle) SEC (Smart Environmental Control) &#8211; Traitement num\u00e9rique avanc\u00e9 du signal et optique 3D Saut de fr\u00e9quence contre le brouillage pour une transmission fiable et s\u00e9curis\u00e9e Enti\u00e8rement configurable \u00e0 distance via l&rsquo;application\u00a0Hik-Connect Supports plafond et mural inclus Indicateurs de force signal (SSI) Fr\u00e9quence de communication : 868 MHz &#8211; chiffrement AES 128 Bits Fonction de pr\u00e9vention des conflits de donn\u00e9es sans fil Caract\u00e9ristiques techniques Temp\u00e9rature de fonctionnement : de -20 \u00b0C \u00e0 60 \u00b0C Dimensions : 72.2mm \u00d7 120.5mm \u00d7 56.7mm Poids : 210 grammes Hauteur d&rsquo;installation : 1.80 \u00e0 2.40 m\u00e8tres Utilisation : Int\u00e9rieur 3 x piles CR123A incluses","og_url":"https:\/\/nextgen-sn.com\/?product=detecteur-de-mouvement","og_site_name":"NEXT GEN GROUP","article_modified_time":"2025-09-10T15:54:20+00:00","og_image":[{"width":455,"height":455,"url":"https:\/\/nextgen-sn.com\/wp-content\/uploads\/2025\/09\/i.webp","type":"image\/webp"}],"twitter_card":"summary_large_image","twitter_misc":{"Dur\u00e9e de lecture estim\u00e9e":"1 minute"},"schema":{"@context":"https:\/\/schema.org","@graph":[{"@type":"WebPage","@id":"https:\/\/nextgen-sn.com\/?product=detecteur-de-mouvement","url":"https:\/\/nextgen-sn.com\/?product=detecteur-de-mouvement","name":"D\u00e9tecteur de mouvement - NEXT GEN GROUP","isPartOf":{"@id":"https:\/\/nextgen-sn.com\/#website"},"primaryImageOfPage":{"@id":"https:\/\/nextgen-sn.com\/?product=detecteur-de-mouvement#primaryimage"},"image":{"@id":"https:\/\/nextgen-sn.com\/?product=detecteur-de-mouvement#primaryimage"},"thumbnailUrl":"https:\/\/nextgen-sn.com\/wp-content\/uploads\/2025\/09\/i.webp","datePublished":"2025-09-10T15:54:15+00:00","dateModified":"2025-09-10T15:54:20+00:00","breadcrumb":{"@id":"https:\/\/nextgen-sn.com\/?product=detecteur-de-mouvement#breadcrumb"},"inLanguage":"fr-FR","potentialAction":[{"@type":"ReadAction","target":["https:\/\/nextgen-sn.com\/?product=detecteur-de-mouvement"]}]},{"@type":"ImageObject","inLanguage":"fr-FR","@id":"https:\/\/nextgen-sn.com\/?product=detecteur-de-mouvement#primaryimage","url":"https:\/\/nextgen-sn.com\/wp-content\/uploads\/2025\/09\/i.webp","contentUrl":"https:\/\/nextgen-sn.com\/wp-content\/uploads\/2025\/09\/i.webp","width":455,"height":455},{"@type":"BreadcrumbList","@id":"https:\/\/nextgen-sn.com\/?product=detecteur-de-mouvement#breadcrumb","itemListElement":[{"@type":"ListItem","position":1,"name":"Accueil","item":"https:\/\/nextgen-sn.com\/"},{"@type":"ListItem","position":2,"name":"Produits","item":"https:\/\/nextgen-sn.com\/?post_type=product"},{"@type":"ListItem","position":3,"name":"D\u00e9tecteur de mouvement"}]},{"@type":"WebSite","@id":"https:\/\/nextgen-sn.com\/#website","url":"https:\/\/nextgen-sn.com\/","name":"NEXT GEN GROUP","description":"Next Gen Group offre des services dans le domaine de l&#039;affichage gynamique","publisher":{"@id":"https:\/\/nextgen-sn.com\/#organization"},"potentialAction":[{"@type":"SearchAction","target":{"@type":"EntryPoint","urlTemplate":"https:\/\/nextgen-sn.com\/?s={search_term_string}"},"query-input":{"@type":"PropertyValueSpecification","valueRequired":true,"valueName":"search_term_string"}}],"inLanguage":"fr-FR"},{"@type":"Organization","@id":"https:\/\/nextgen-sn.com\/#organization","name":"NEXT GEN GROUP","url":"https:\/\/nextgen-sn.com\/","logo":{"@type":"ImageObject","inLanguage":"fr-FR","@id":"https:\/\/nextgen-sn.com\/#\/schema\/logo\/image\/","url":"https:\/\/nextgen-sn.com\/wp-content\/uploads\/2025\/08\/Logo-Next-Gen.png","contentUrl":"https:\/\/nextgen-sn.com\/wp-content\/uploads\/2025\/08\/Logo-Next-Gen.png","width":341,"height":149,"caption":"NEXT GEN GROUP"},"image":{"@id":"https:\/\/nextgen-sn.com\/#\/schema\/logo\/image\/"}}]}},"_links":{"self":[{"href":"https:\/\/nextgen-sn.com\/index.php?rest_route=\/wp\/v2\/product\/2790","targetHints":{"allow":["GET"]}}],"collection":[{"href":"https:\/\/nextgen-sn.com\/index.php?rest_route=\/wp\/v2\/product"}],"about":[{"href":"https:\/\/nextgen-sn.com\/index.php?rest_route=\/wp\/v2\/types\/product"}],"wp:featuredmedia":[{"embeddable":true,"href":"https:\/\/nextgen-sn.com\/index.php?rest_route=\/wp\/v2\/media\/2820"}],"wp:attachment":[{"href":"https:\/\/nextgen-sn.com\/index.php?rest_route=%2Fwp%2Fv2%2Fmedia&parent=2790"}],"wp:term":[{"taxonomy":"product_brand","embeddable":true,"href":"https:\/\/nextgen-sn.com\/index.php?rest_route=%2Fwp%2Fv2%2Fproduct_brand&post=2790"},{"taxonomy":"product_cat","embeddable":true,"href":"https:\/\/nextgen-sn.com\/index.php?rest_route=%2Fwp%2Fv2%2Fproduct_cat&post=2790"},{"taxonomy":"product_tag","embeddable":true,"href":"https:\/\/nextgen-sn.com\/index.php?rest_route=%2Fwp%2Fv2%2Fproduct_tag&post=2790"}],"curies":[{"name":"wp","href":"https:\/\/api.w.org\/{rel}","templated":true}]}}