{"id":2789,"date":"2025-09-10T15:54:15","date_gmt":"2025-09-10T15:54:15","guid":{"rendered":"https:\/\/nextgen.leden-shop.com\/?post_type=product&#038;p=2789"},"modified":"2025-09-10T15:54:20","modified_gmt":"2025-09-10T15:54:20","slug":"detecteur-magnetique-sans-fil","status":"publish","type":"product","link":"https:\/\/nextgen-sn.com\/?product=detecteur-magnetique-sans-fil","title":{"rendered":"D\u00e9tecteur magn\u00e9tique sans fil"},"content":{"rendered":"<h2>D\u00e9tecteur magn\u00e9tique sans fil pour centrale d\u2019alarme Hikvision AX PRO<\/h2>\n<p>Le d\u00e9tecteur d\u2019ouverture de portes\/fen\u00eatres DS-PDMCS-EG2-WE est un contact magn\u00e9tique sans fil tr\u00e8s fin (slim), con\u00e7u pour prot\u00e9ger les portes et les fen\u00eatres contre les effractions (non compatible avec la centrale d\u2019alarme AX Hub).<\/p>\n<p>Il identifie l\u2019ouverture d\u2019une porte ou d\u2019une fen\u00eatre et permet de d\u00e9clencher l\u2019alarme.<\/p>\n<p>Ce d\u00e9tecteur embarque la technologie de communication s\u00e9curis\u00e9e exclusive Tri-X compatible avec les alarmes sans fil AX-PRO 96 et 64.<\/p>\n<ul class=\"ul-style check\">\n<li>Fonction de pr\u00e9vention des conflits de donn\u00e9es sans fil<\/li>\n<li>Saut de fr\u00e9quence contre le brouillage pour une transmission fiable et s\u00e9curis\u00e9e<\/li>\n<li>Peut \u00eatre mont\u00e9 sur tous les types de portes, y compris celles \u00e0 base m\u00e9tallique<\/li>\n<\/ul>\n<table>\n<tbody>\n<tr>\n<th>Communication bidirectionnelle<\/th>\n<td>1200 m\u00e8tres (champ libre hors obstacle)<\/td>\n<\/tr>\n<tr>\n<th>Fr\u00e9quence de communication<\/th>\n<td>868 MHz \u2013 chiffrement AES 128 Bits<\/td>\n<\/tr>\n<tr>\n<th>Alarme anti-sabotage<\/th>\n<td>D\u00e9clenchement d\u2019alarme en cas de retrait du capteur<\/td>\n<\/tr>\n<tr>\n<th>Batterie<\/th>\n<td>CR2450 x 1 (jusqu\u2019\u00e0 3 ans d\u2019autonomie)<\/td>\n<\/tr>\n<tr>\n<th>Temp\u00e9rature de fonctionnement<\/th>\n<td>\u00a0-10 \u00b0C \u00e0 55 \u00b0C<\/td>\n<\/tr>\n<\/tbody>\n<\/table>\n","protected":false},"excerpt":{"rendered":"<p class=\"tx-excerpt\">D\u00e9tecteur magn\u00e9tique sans fil pour centrale d\u2019alarme Hikvision AX PRO Le d\u00e9tecteur d\u2019ouverture de portes\/fen\u00eatres DS-PDMCS-EG2-WE est un contact magn\u00e9tique sans fil tr\u00e8s fin (slim), con\u00e7u pour prot\u00e9ger les portes et les fen\u00eatres contre les...<\/p>","protected":false},"featured_media":2819,"template":"","meta":{"_joinchat":[]},"product_brand":[],"product_cat":[38],"product_tag":[],"class_list":{"0":"post-2789","1":"product","2":"type-product","3":"status-publish","4":"has-post-thumbnail","6":"product_cat-alarmes","8":"first","9":"instock","10":"taxable","11":"shipping-taxable","12":"purchasable","13":"product-type-simple"},"yoast_head":"<!-- This site is optimized with the Yoast SEO plugin v27.4 - https:\/\/yoast.com\/product\/yoast-seo-wordpress\/ -->\n<title>D\u00e9tecteur magn\u00e9tique sans fil - NEXT GEN GROUP<\/title>\n<meta name=\"robots\" content=\"index, follow, max-snippet:-1, max-image-preview:large, max-video-preview:-1\" \/>\n<link rel=\"canonical\" href=\"https:\/\/nextgen-sn.com\/?product=detecteur-magnetique-sans-fil\" \/>\n<meta property=\"og:locale\" content=\"fr_FR\" \/>\n<meta property=\"og:type\" content=\"article\" \/>\n<meta property=\"og:title\" content=\"D\u00e9tecteur magn\u00e9tique sans fil - NEXT GEN GROUP\" \/>\n<meta property=\"og:description\" content=\"D\u00e9tecteur magn\u00e9tique sans fil pour centrale d\u2019alarme Hikvision AX PRO Le d\u00e9tecteur d\u2019ouverture de portes\/fen\u00eatres DS-PDMCS-EG2-WE est un contact magn\u00e9tique sans fil tr\u00e8s fin (slim), con\u00e7u pour prot\u00e9ger les portes et les fen\u00eatres contre les effractions (non compatible avec la centrale d\u2019alarme AX Hub). Il identifie l\u2019ouverture d\u2019une porte ou d\u2019une fen\u00eatre et permet de d\u00e9clencher l\u2019alarme. Ce d\u00e9tecteur embarque la technologie de communication s\u00e9curis\u00e9e exclusive Tri-X compatible avec les alarmes sans fil AX-PRO 96 et 64. Fonction de pr\u00e9vention des conflits de donn\u00e9es sans fil Saut de fr\u00e9quence contre le brouillage pour une transmission fiable et s\u00e9curis\u00e9e Peut \u00eatre mont\u00e9 sur tous les types de portes, y compris celles \u00e0 base m\u00e9tallique Communication bidirectionnelle 1200 m\u00e8tres (champ libre hors obstacle) Fr\u00e9quence de communication 868 MHz \u2013 chiffrement AES 128 Bits Alarme anti-sabotage D\u00e9clenchement d\u2019alarme en cas de retrait du capteur Batterie CR2450 x 1 (jusqu\u2019\u00e0 3 ans d\u2019autonomie) Temp\u00e9rature de fonctionnement \u00a0-10 \u00b0C \u00e0 55 \u00b0C\" \/>\n<meta property=\"og:url\" content=\"https:\/\/nextgen-sn.com\/?product=detecteur-magnetique-sans-fil\" \/>\n<meta property=\"og:site_name\" content=\"NEXT GEN GROUP\" \/>\n<meta property=\"article:modified_time\" content=\"2025-09-10T15:54:20+00:00\" \/>\n<meta property=\"og:image\" content=\"https:\/\/nextgen-sn.com\/wp-content\/uploads\/2025\/09\/wireless_slim.png.thumb_.1280.1280.webp\" \/>\n\t<meta property=\"og:image:width\" content=\"1280\" \/>\n\t<meta property=\"og:image:height\" content=\"640\" \/>\n\t<meta property=\"og:image:type\" content=\"image\/webp\" \/>\n<meta name=\"twitter:card\" content=\"summary_large_image\" \/>\n<meta name=\"twitter:label1\" content=\"Dur\u00e9e de lecture estim\u00e9e\" \/>\n\t<meta name=\"twitter:data1\" content=\"1 minute\" \/>\n<script type=\"application\/ld+json\" class=\"yoast-schema-graph\">{\"@context\":\"https:\\\/\\\/schema.org\",\"@graph\":[{\"@type\":\"WebPage\",\"@id\":\"https:\\\/\\\/nextgen-sn.com\\\/?product=detecteur-magnetique-sans-fil\",\"url\":\"https:\\\/\\\/nextgen-sn.com\\\/?product=detecteur-magnetique-sans-fil\",\"name\":\"D\u00e9tecteur magn\u00e9tique sans fil - NEXT GEN GROUP\",\"isPartOf\":{\"@id\":\"https:\\\/\\\/nextgen-sn.com\\\/#website\"},\"primaryImageOfPage\":{\"@id\":\"https:\\\/\\\/nextgen-sn.com\\\/?product=detecteur-magnetique-sans-fil#primaryimage\"},\"image\":{\"@id\":\"https:\\\/\\\/nextgen-sn.com\\\/?product=detecteur-magnetique-sans-fil#primaryimage\"},\"thumbnailUrl\":\"https:\\\/\\\/nextgen-sn.com\\\/wp-content\\\/uploads\\\/2025\\\/09\\\/wireless_slim.png.thumb_.1280.1280.webp\",\"datePublished\":\"2025-09-10T15:54:15+00:00\",\"dateModified\":\"2025-09-10T15:54:20+00:00\",\"breadcrumb\":{\"@id\":\"https:\\\/\\\/nextgen-sn.com\\\/?product=detecteur-magnetique-sans-fil#breadcrumb\"},\"inLanguage\":\"fr-FR\",\"potentialAction\":[{\"@type\":\"ReadAction\",\"target\":[\"https:\\\/\\\/nextgen-sn.com\\\/?product=detecteur-magnetique-sans-fil\"]}]},{\"@type\":\"ImageObject\",\"inLanguage\":\"fr-FR\",\"@id\":\"https:\\\/\\\/nextgen-sn.com\\\/?product=detecteur-magnetique-sans-fil#primaryimage\",\"url\":\"https:\\\/\\\/nextgen-sn.com\\\/wp-content\\\/uploads\\\/2025\\\/09\\\/wireless_slim.png.thumb_.1280.1280.webp\",\"contentUrl\":\"https:\\\/\\\/nextgen-sn.com\\\/wp-content\\\/uploads\\\/2025\\\/09\\\/wireless_slim.png.thumb_.1280.1280.webp\",\"width\":1280,\"height\":640},{\"@type\":\"BreadcrumbList\",\"@id\":\"https:\\\/\\\/nextgen-sn.com\\\/?product=detecteur-magnetique-sans-fil#breadcrumb\",\"itemListElement\":[{\"@type\":\"ListItem\",\"position\":1,\"name\":\"Accueil\",\"item\":\"https:\\\/\\\/nextgen-sn.com\\\/\"},{\"@type\":\"ListItem\",\"position\":2,\"name\":\"Produits\",\"item\":\"https:\\\/\\\/nextgen-sn.com\\\/?post_type=product\"},{\"@type\":\"ListItem\",\"position\":3,\"name\":\"D\u00e9tecteur magn\u00e9tique sans fil\"}]},{\"@type\":\"WebSite\",\"@id\":\"https:\\\/\\\/nextgen-sn.com\\\/#website\",\"url\":\"https:\\\/\\\/nextgen-sn.com\\\/\",\"name\":\"NEXT GEN GROUP\",\"description\":\"Next Gen Group offre des services dans le domaine de l&#039;affichage gynamique\",\"publisher\":{\"@id\":\"https:\\\/\\\/nextgen-sn.com\\\/#organization\"},\"potentialAction\":[{\"@type\":\"SearchAction\",\"target\":{\"@type\":\"EntryPoint\",\"urlTemplate\":\"https:\\\/\\\/nextgen-sn.com\\\/?s={search_term_string}\"},\"query-input\":{\"@type\":\"PropertyValueSpecification\",\"valueRequired\":true,\"valueName\":\"search_term_string\"}}],\"inLanguage\":\"fr-FR\"},{\"@type\":\"Organization\",\"@id\":\"https:\\\/\\\/nextgen-sn.com\\\/#organization\",\"name\":\"NEXT GEN GROUP\",\"url\":\"https:\\\/\\\/nextgen-sn.com\\\/\",\"logo\":{\"@type\":\"ImageObject\",\"inLanguage\":\"fr-FR\",\"@id\":\"https:\\\/\\\/nextgen-sn.com\\\/#\\\/schema\\\/logo\\\/image\\\/\",\"url\":\"https:\\\/\\\/nextgen-sn.com\\\/wp-content\\\/uploads\\\/2025\\\/08\\\/Logo-Next-Gen.png\",\"contentUrl\":\"https:\\\/\\\/nextgen-sn.com\\\/wp-content\\\/uploads\\\/2025\\\/08\\\/Logo-Next-Gen.png\",\"width\":341,\"height\":149,\"caption\":\"NEXT GEN GROUP\"},\"image\":{\"@id\":\"https:\\\/\\\/nextgen-sn.com\\\/#\\\/schema\\\/logo\\\/image\\\/\"}}]}<\/script>\n<!-- \/ Yoast SEO plugin. -->","yoast_head_json":{"title":"D\u00e9tecteur magn\u00e9tique sans fil - NEXT GEN GROUP","robots":{"index":"index","follow":"follow","max-snippet":"max-snippet:-1","max-image-preview":"max-image-preview:large","max-video-preview":"max-video-preview:-1"},"canonical":"https:\/\/nextgen-sn.com\/?product=detecteur-magnetique-sans-fil","og_locale":"fr_FR","og_type":"article","og_title":"D\u00e9tecteur magn\u00e9tique sans fil - NEXT GEN GROUP","og_description":"D\u00e9tecteur magn\u00e9tique sans fil pour centrale d\u2019alarme Hikvision AX PRO Le d\u00e9tecteur d\u2019ouverture de portes\/fen\u00eatres DS-PDMCS-EG2-WE est un contact magn\u00e9tique sans fil tr\u00e8s fin (slim), con\u00e7u pour prot\u00e9ger les portes et les fen\u00eatres contre les effractions (non compatible avec la centrale d\u2019alarme AX Hub). Il identifie l\u2019ouverture d\u2019une porte ou d\u2019une fen\u00eatre et permet de d\u00e9clencher l\u2019alarme. Ce d\u00e9tecteur embarque la technologie de communication s\u00e9curis\u00e9e exclusive Tri-X compatible avec les alarmes sans fil AX-PRO 96 et 64. Fonction de pr\u00e9vention des conflits de donn\u00e9es sans fil Saut de fr\u00e9quence contre le brouillage pour une transmission fiable et s\u00e9curis\u00e9e Peut \u00eatre mont\u00e9 sur tous les types de portes, y compris celles \u00e0 base m\u00e9tallique Communication bidirectionnelle 1200 m\u00e8tres (champ libre hors obstacle) Fr\u00e9quence de communication 868 MHz \u2013 chiffrement AES 128 Bits Alarme anti-sabotage D\u00e9clenchement d\u2019alarme en cas de retrait du capteur Batterie CR2450 x 1 (jusqu\u2019\u00e0 3 ans d\u2019autonomie) Temp\u00e9rature de fonctionnement \u00a0-10 \u00b0C \u00e0 55 \u00b0C","og_url":"https:\/\/nextgen-sn.com\/?product=detecteur-magnetique-sans-fil","og_site_name":"NEXT GEN GROUP","article_modified_time":"2025-09-10T15:54:20+00:00","og_image":[{"width":1280,"height":640,"url":"https:\/\/nextgen-sn.com\/wp-content\/uploads\/2025\/09\/wireless_slim.png.thumb_.1280.1280.webp","type":"image\/webp"}],"twitter_card":"summary_large_image","twitter_misc":{"Dur\u00e9e de lecture estim\u00e9e":"1 minute"},"schema":{"@context":"https:\/\/schema.org","@graph":[{"@type":"WebPage","@id":"https:\/\/nextgen-sn.com\/?product=detecteur-magnetique-sans-fil","url":"https:\/\/nextgen-sn.com\/?product=detecteur-magnetique-sans-fil","name":"D\u00e9tecteur magn\u00e9tique sans fil - NEXT GEN GROUP","isPartOf":{"@id":"https:\/\/nextgen-sn.com\/#website"},"primaryImageOfPage":{"@id":"https:\/\/nextgen-sn.com\/?product=detecteur-magnetique-sans-fil#primaryimage"},"image":{"@id":"https:\/\/nextgen-sn.com\/?product=detecteur-magnetique-sans-fil#primaryimage"},"thumbnailUrl":"https:\/\/nextgen-sn.com\/wp-content\/uploads\/2025\/09\/wireless_slim.png.thumb_.1280.1280.webp","datePublished":"2025-09-10T15:54:15+00:00","dateModified":"2025-09-10T15:54:20+00:00","breadcrumb":{"@id":"https:\/\/nextgen-sn.com\/?product=detecteur-magnetique-sans-fil#breadcrumb"},"inLanguage":"fr-FR","potentialAction":[{"@type":"ReadAction","target":["https:\/\/nextgen-sn.com\/?product=detecteur-magnetique-sans-fil"]}]},{"@type":"ImageObject","inLanguage":"fr-FR","@id":"https:\/\/nextgen-sn.com\/?product=detecteur-magnetique-sans-fil#primaryimage","url":"https:\/\/nextgen-sn.com\/wp-content\/uploads\/2025\/09\/wireless_slim.png.thumb_.1280.1280.webp","contentUrl":"https:\/\/nextgen-sn.com\/wp-content\/uploads\/2025\/09\/wireless_slim.png.thumb_.1280.1280.webp","width":1280,"height":640},{"@type":"BreadcrumbList","@id":"https:\/\/nextgen-sn.com\/?product=detecteur-magnetique-sans-fil#breadcrumb","itemListElement":[{"@type":"ListItem","position":1,"name":"Accueil","item":"https:\/\/nextgen-sn.com\/"},{"@type":"ListItem","position":2,"name":"Produits","item":"https:\/\/nextgen-sn.com\/?post_type=product"},{"@type":"ListItem","position":3,"name":"D\u00e9tecteur magn\u00e9tique sans fil"}]},{"@type":"WebSite","@id":"https:\/\/nextgen-sn.com\/#website","url":"https:\/\/nextgen-sn.com\/","name":"NEXT GEN GROUP","description":"Next Gen Group offre des services dans le domaine de l&#039;affichage gynamique","publisher":{"@id":"https:\/\/nextgen-sn.com\/#organization"},"potentialAction":[{"@type":"SearchAction","target":{"@type":"EntryPoint","urlTemplate":"https:\/\/nextgen-sn.com\/?s={search_term_string}"},"query-input":{"@type":"PropertyValueSpecification","valueRequired":true,"valueName":"search_term_string"}}],"inLanguage":"fr-FR"},{"@type":"Organization","@id":"https:\/\/nextgen-sn.com\/#organization","name":"NEXT GEN GROUP","url":"https:\/\/nextgen-sn.com\/","logo":{"@type":"ImageObject","inLanguage":"fr-FR","@id":"https:\/\/nextgen-sn.com\/#\/schema\/logo\/image\/","url":"https:\/\/nextgen-sn.com\/wp-content\/uploads\/2025\/08\/Logo-Next-Gen.png","contentUrl":"https:\/\/nextgen-sn.com\/wp-content\/uploads\/2025\/08\/Logo-Next-Gen.png","width":341,"height":149,"caption":"NEXT GEN GROUP"},"image":{"@id":"https:\/\/nextgen-sn.com\/#\/schema\/logo\/image\/"}}]}},"_links":{"self":[{"href":"https:\/\/nextgen-sn.com\/index.php?rest_route=\/wp\/v2\/product\/2789","targetHints":{"allow":["GET"]}}],"collection":[{"href":"https:\/\/nextgen-sn.com\/index.php?rest_route=\/wp\/v2\/product"}],"about":[{"href":"https:\/\/nextgen-sn.com\/index.php?rest_route=\/wp\/v2\/types\/product"}],"wp:featuredmedia":[{"embeddable":true,"href":"https:\/\/nextgen-sn.com\/index.php?rest_route=\/wp\/v2\/media\/2819"}],"wp:attachment":[{"href":"https:\/\/nextgen-sn.com\/index.php?rest_route=%2Fwp%2Fv2%2Fmedia&parent=2789"}],"wp:term":[{"taxonomy":"product_brand","embeddable":true,"href":"https:\/\/nextgen-sn.com\/index.php?rest_route=%2Fwp%2Fv2%2Fproduct_brand&post=2789"},{"taxonomy":"product_cat","embeddable":true,"href":"https:\/\/nextgen-sn.com\/index.php?rest_route=%2Fwp%2Fv2%2Fproduct_cat&post=2789"},{"taxonomy":"product_tag","embeddable":true,"href":"https:\/\/nextgen-sn.com\/index.php?rest_route=%2Fwp%2Fv2%2Fproduct_tag&post=2789"}],"curies":[{"name":"wp","href":"https:\/\/api.w.org\/{rel}","templated":true}]}}