{"id":2786,"date":"2025-09-10T15:54:15","date_gmt":"2025-09-10T15:54:15","guid":{"rendered":"https:\/\/nextgen.leden-shop.com\/?post_type=product&#038;p=2786"},"modified":"2025-09-10T15:54:19","modified_gmt":"2025-09-10T15:54:19","slug":"terminale-controle-dacces","status":"publish","type":"product","link":"https:\/\/nextgen-sn.com\/?product=terminale-controle-dacces","title":{"rendered":"Terminale controle d&rsquo;acces"},"content":{"rendered":"<h3 style=\"text-align: left;\"><strong>Terminal de controle d&rsquo;acces DS-K1T342MFX<\/strong><\/h3>\n<ul class=\"product_description_item-list\">\n<li class=\" product_description_item\">Capacit\u00e9 de faces Max.1500, capacit\u00e9 d&#8217;empreintes digitales Max.3000 et cartes Max.3000<\/li>\n<li class=\" product_description_item\">Terminal de reconnaissance faciale, \u00e9cran tactile LCD de 4.3 pouces, objectif grand angle de 2 m\u00e9gapixels, module de lecture de carte Mifare int\u00e9gr\u00e9<\/li>\n<li class=\" product_description_item\">Audio bidirectionnel avec logiciel client, station int\u00e9rieure et station principale; prend en charge TCP\/IP<\/li>\n<li class=\" product_description_item\">Appuis ISAPI, ISUP5.0<\/li>\n<li class=\" product_description_item\">Configuration via le client web<\/li>\n<li class=\" product_description_item\">Distance de reconnaissance faciale: 0.3 m \u00e0 1.5 m<\/li>\n<li class=\" product_description_item\">Dur\u00e9e &lt;0.2 s\/Utilisateur<\/li>\n<li class=\" product_description_item\">Taux d&rsquo;exactitude \u2265 99%<\/li>\n<li class=\" product_description_item\">\n<p data-spm-anchor-id=\"a2g0o.detail.1000023.i0.3f1745784oTplT\">Prend en charge la reconnaissance du masque<\/p>\n<\/li>\n<\/ul>\n","protected":false},"excerpt":{"rendered":"<p class=\"tx-excerpt\">Terminal de controle d&rsquo;acces DS-K1T342MFX Capacit\u00e9 de faces Max.1500, capacit\u00e9 d&#8217;empreintes digitales Max.3000 et cartes Max.3000 Terminal de reconnaissance faciale, \u00e9cran tactile LCD de 4.3 pouces, objectif grand angle de 2 m\u00e9gapixels, module de lecture...<\/p>","protected":false},"featured_media":2816,"template":"","meta":{"_joinchat":[]},"product_brand":[],"product_cat":[35],"product_tag":[],"class_list":{"0":"post-2786","1":"product","2":"type-product","3":"status-publish","4":"has-post-thumbnail","6":"product_cat-controle-dacces","8":"first","9":"instock","10":"taxable","11":"shipping-taxable","12":"purchasable","13":"product-type-simple"},"yoast_head":"<!-- This site is optimized with the Yoast SEO plugin v27.4 - https:\/\/yoast.com\/product\/yoast-seo-wordpress\/ -->\n<title>Terminale controle d&#039;acces - NEXT GEN GROUP<\/title>\n<meta name=\"robots\" content=\"index, follow, max-snippet:-1, max-image-preview:large, max-video-preview:-1\" \/>\n<link rel=\"canonical\" href=\"https:\/\/nextgen-sn.com\/?product=terminale-controle-dacces\" \/>\n<meta property=\"og:locale\" content=\"fr_FR\" \/>\n<meta property=\"og:type\" content=\"article\" \/>\n<meta property=\"og:title\" content=\"Terminale controle d&#039;acces - NEXT GEN GROUP\" \/>\n<meta property=\"og:description\" content=\"Terminal de controle d&rsquo;acces DS-K1T342MFX Capacit\u00e9 de faces Max.1500, capacit\u00e9 d&#8217;empreintes digitales Max.3000 et cartes Max.3000 Terminal de reconnaissance faciale, \u00e9cran tactile LCD de 4.3 pouces, objectif grand angle de 2 m\u00e9gapixels, module de lecture de carte Mifare int\u00e9gr\u00e9 Audio bidirectionnel avec logiciel client, station int\u00e9rieure et station principale; prend en charge TCP\/IP Appuis ISAPI, ISUP5.0 Configuration via le client web Distance de reconnaissance faciale: 0.3 m \u00e0 1.5 m Dur\u00e9e &lt;0.2 s\/Utilisateur Taux d&rsquo;exactitude \u2265 99% Prend en charge la reconnaissance du masque\" \/>\n<meta property=\"og:url\" content=\"https:\/\/nextgen-sn.com\/?product=terminale-controle-dacces\" \/>\n<meta property=\"og:site_name\" content=\"NEXT GEN GROUP\" \/>\n<meta property=\"article:modified_time\" content=\"2025-09-10T15:54:19+00:00\" \/>\n<meta property=\"og:image\" content=\"https:\/\/nextgen-sn.com\/wp-content\/uploads\/2025\/09\/343.png.thumb_.1280.1280.webp\" \/>\n\t<meta property=\"og:image:width\" content=\"1280\" \/>\n\t<meta property=\"og:image:height\" content=\"1220\" \/>\n\t<meta property=\"og:image:type\" content=\"image\/webp\" \/>\n<meta name=\"twitter:card\" content=\"summary_large_image\" \/>\n<script type=\"application\/ld+json\" class=\"yoast-schema-graph\">{\"@context\":\"https:\\\/\\\/schema.org\",\"@graph\":[{\"@type\":\"WebPage\",\"@id\":\"https:\\\/\\\/nextgen-sn.com\\\/?product=terminale-controle-dacces\",\"url\":\"https:\\\/\\\/nextgen-sn.com\\\/?product=terminale-controle-dacces\",\"name\":\"Terminale controle d'acces - NEXT GEN GROUP\",\"isPartOf\":{\"@id\":\"https:\\\/\\\/nextgen-sn.com\\\/#website\"},\"primaryImageOfPage\":{\"@id\":\"https:\\\/\\\/nextgen-sn.com\\\/?product=terminale-controle-dacces#primaryimage\"},\"image\":{\"@id\":\"https:\\\/\\\/nextgen-sn.com\\\/?product=terminale-controle-dacces#primaryimage\"},\"thumbnailUrl\":\"https:\\\/\\\/nextgen-sn.com\\\/wp-content\\\/uploads\\\/2025\\\/09\\\/343.png.thumb_.1280.1280.webp\",\"datePublished\":\"2025-09-10T15:54:15+00:00\",\"dateModified\":\"2025-09-10T15:54:19+00:00\",\"breadcrumb\":{\"@id\":\"https:\\\/\\\/nextgen-sn.com\\\/?product=terminale-controle-dacces#breadcrumb\"},\"inLanguage\":\"fr-FR\",\"potentialAction\":[{\"@type\":\"ReadAction\",\"target\":[\"https:\\\/\\\/nextgen-sn.com\\\/?product=terminale-controle-dacces\"]}]},{\"@type\":\"ImageObject\",\"inLanguage\":\"fr-FR\",\"@id\":\"https:\\\/\\\/nextgen-sn.com\\\/?product=terminale-controle-dacces#primaryimage\",\"url\":\"https:\\\/\\\/nextgen-sn.com\\\/wp-content\\\/uploads\\\/2025\\\/09\\\/343.png.thumb_.1280.1280.webp\",\"contentUrl\":\"https:\\\/\\\/nextgen-sn.com\\\/wp-content\\\/uploads\\\/2025\\\/09\\\/343.png.thumb_.1280.1280.webp\",\"width\":1280,\"height\":1220},{\"@type\":\"BreadcrumbList\",\"@id\":\"https:\\\/\\\/nextgen-sn.com\\\/?product=terminale-controle-dacces#breadcrumb\",\"itemListElement\":[{\"@type\":\"ListItem\",\"position\":1,\"name\":\"Accueil\",\"item\":\"https:\\\/\\\/nextgen-sn.com\\\/\"},{\"@type\":\"ListItem\",\"position\":2,\"name\":\"Produits\",\"item\":\"https:\\\/\\\/nextgen-sn.com\\\/?post_type=product\"},{\"@type\":\"ListItem\",\"position\":3,\"name\":\"Terminale controle d&rsquo;acces\"}]},{\"@type\":\"WebSite\",\"@id\":\"https:\\\/\\\/nextgen-sn.com\\\/#website\",\"url\":\"https:\\\/\\\/nextgen-sn.com\\\/\",\"name\":\"NEXT GEN GROUP\",\"description\":\"Next Gen Group offre des services dans le domaine de l&#039;affichage gynamique\",\"publisher\":{\"@id\":\"https:\\\/\\\/nextgen-sn.com\\\/#organization\"},\"potentialAction\":[{\"@type\":\"SearchAction\",\"target\":{\"@type\":\"EntryPoint\",\"urlTemplate\":\"https:\\\/\\\/nextgen-sn.com\\\/?s={search_term_string}\"},\"query-input\":{\"@type\":\"PropertyValueSpecification\",\"valueRequired\":true,\"valueName\":\"search_term_string\"}}],\"inLanguage\":\"fr-FR\"},{\"@type\":\"Organization\",\"@id\":\"https:\\\/\\\/nextgen-sn.com\\\/#organization\",\"name\":\"NEXT GEN GROUP\",\"url\":\"https:\\\/\\\/nextgen-sn.com\\\/\",\"logo\":{\"@type\":\"ImageObject\",\"inLanguage\":\"fr-FR\",\"@id\":\"https:\\\/\\\/nextgen-sn.com\\\/#\\\/schema\\\/logo\\\/image\\\/\",\"url\":\"https:\\\/\\\/nextgen-sn.com\\\/wp-content\\\/uploads\\\/2025\\\/08\\\/Logo-Next-Gen.png\",\"contentUrl\":\"https:\\\/\\\/nextgen-sn.com\\\/wp-content\\\/uploads\\\/2025\\\/08\\\/Logo-Next-Gen.png\",\"width\":341,\"height\":149,\"caption\":\"NEXT GEN GROUP\"},\"image\":{\"@id\":\"https:\\\/\\\/nextgen-sn.com\\\/#\\\/schema\\\/logo\\\/image\\\/\"}}]}<\/script>\n<!-- \/ Yoast SEO plugin. -->","yoast_head_json":{"title":"Terminale controle d'acces - NEXT GEN GROUP","robots":{"index":"index","follow":"follow","max-snippet":"max-snippet:-1","max-image-preview":"max-image-preview:large","max-video-preview":"max-video-preview:-1"},"canonical":"https:\/\/nextgen-sn.com\/?product=terminale-controle-dacces","og_locale":"fr_FR","og_type":"article","og_title":"Terminale controle d'acces - NEXT GEN GROUP","og_description":"Terminal de controle d&rsquo;acces DS-K1T342MFX Capacit\u00e9 de faces Max.1500, capacit\u00e9 d&#8217;empreintes digitales Max.3000 et cartes Max.3000 Terminal de reconnaissance faciale, \u00e9cran tactile LCD de 4.3 pouces, objectif grand angle de 2 m\u00e9gapixels, module de lecture de carte Mifare int\u00e9gr\u00e9 Audio bidirectionnel avec logiciel client, station int\u00e9rieure et station principale; prend en charge TCP\/IP Appuis ISAPI, ISUP5.0 Configuration via le client web Distance de reconnaissance faciale: 0.3 m \u00e0 1.5 m Dur\u00e9e &lt;0.2 s\/Utilisateur Taux d&rsquo;exactitude \u2265 99% Prend en charge la reconnaissance du masque","og_url":"https:\/\/nextgen-sn.com\/?product=terminale-controle-dacces","og_site_name":"NEXT GEN GROUP","article_modified_time":"2025-09-10T15:54:19+00:00","og_image":[{"width":1280,"height":1220,"url":"https:\/\/nextgen-sn.com\/wp-content\/uploads\/2025\/09\/343.png.thumb_.1280.1280.webp","type":"image\/webp"}],"twitter_card":"summary_large_image","schema":{"@context":"https:\/\/schema.org","@graph":[{"@type":"WebPage","@id":"https:\/\/nextgen-sn.com\/?product=terminale-controle-dacces","url":"https:\/\/nextgen-sn.com\/?product=terminale-controle-dacces","name":"Terminale controle d'acces - NEXT GEN GROUP","isPartOf":{"@id":"https:\/\/nextgen-sn.com\/#website"},"primaryImageOfPage":{"@id":"https:\/\/nextgen-sn.com\/?product=terminale-controle-dacces#primaryimage"},"image":{"@id":"https:\/\/nextgen-sn.com\/?product=terminale-controle-dacces#primaryimage"},"thumbnailUrl":"https:\/\/nextgen-sn.com\/wp-content\/uploads\/2025\/09\/343.png.thumb_.1280.1280.webp","datePublished":"2025-09-10T15:54:15+00:00","dateModified":"2025-09-10T15:54:19+00:00","breadcrumb":{"@id":"https:\/\/nextgen-sn.com\/?product=terminale-controle-dacces#breadcrumb"},"inLanguage":"fr-FR","potentialAction":[{"@type":"ReadAction","target":["https:\/\/nextgen-sn.com\/?product=terminale-controle-dacces"]}]},{"@type":"ImageObject","inLanguage":"fr-FR","@id":"https:\/\/nextgen-sn.com\/?product=terminale-controle-dacces#primaryimage","url":"https:\/\/nextgen-sn.com\/wp-content\/uploads\/2025\/09\/343.png.thumb_.1280.1280.webp","contentUrl":"https:\/\/nextgen-sn.com\/wp-content\/uploads\/2025\/09\/343.png.thumb_.1280.1280.webp","width":1280,"height":1220},{"@type":"BreadcrumbList","@id":"https:\/\/nextgen-sn.com\/?product=terminale-controle-dacces#breadcrumb","itemListElement":[{"@type":"ListItem","position":1,"name":"Accueil","item":"https:\/\/nextgen-sn.com\/"},{"@type":"ListItem","position":2,"name":"Produits","item":"https:\/\/nextgen-sn.com\/?post_type=product"},{"@type":"ListItem","position":3,"name":"Terminale controle d&rsquo;acces"}]},{"@type":"WebSite","@id":"https:\/\/nextgen-sn.com\/#website","url":"https:\/\/nextgen-sn.com\/","name":"NEXT GEN GROUP","description":"Next Gen Group offre des services dans le domaine de l&#039;affichage gynamique","publisher":{"@id":"https:\/\/nextgen-sn.com\/#organization"},"potentialAction":[{"@type":"SearchAction","target":{"@type":"EntryPoint","urlTemplate":"https:\/\/nextgen-sn.com\/?s={search_term_string}"},"query-input":{"@type":"PropertyValueSpecification","valueRequired":true,"valueName":"search_term_string"}}],"inLanguage":"fr-FR"},{"@type":"Organization","@id":"https:\/\/nextgen-sn.com\/#organization","name":"NEXT GEN GROUP","url":"https:\/\/nextgen-sn.com\/","logo":{"@type":"ImageObject","inLanguage":"fr-FR","@id":"https:\/\/nextgen-sn.com\/#\/schema\/logo\/image\/","url":"https:\/\/nextgen-sn.com\/wp-content\/uploads\/2025\/08\/Logo-Next-Gen.png","contentUrl":"https:\/\/nextgen-sn.com\/wp-content\/uploads\/2025\/08\/Logo-Next-Gen.png","width":341,"height":149,"caption":"NEXT GEN GROUP"},"image":{"@id":"https:\/\/nextgen-sn.com\/#\/schema\/logo\/image\/"}}]}},"_links":{"self":[{"href":"https:\/\/nextgen-sn.com\/index.php?rest_route=\/wp\/v2\/product\/2786","targetHints":{"allow":["GET"]}}],"collection":[{"href":"https:\/\/nextgen-sn.com\/index.php?rest_route=\/wp\/v2\/product"}],"about":[{"href":"https:\/\/nextgen-sn.com\/index.php?rest_route=\/wp\/v2\/types\/product"}],"wp:featuredmedia":[{"embeddable":true,"href":"https:\/\/nextgen-sn.com\/index.php?rest_route=\/wp\/v2\/media\/2816"}],"wp:attachment":[{"href":"https:\/\/nextgen-sn.com\/index.php?rest_route=%2Fwp%2Fv2%2Fmedia&parent=2786"}],"wp:term":[{"taxonomy":"product_brand","embeddable":true,"href":"https:\/\/nextgen-sn.com\/index.php?rest_route=%2Fwp%2Fv2%2Fproduct_brand&post=2786"},{"taxonomy":"product_cat","embeddable":true,"href":"https:\/\/nextgen-sn.com\/index.php?rest_route=%2Fwp%2Fv2%2Fproduct_cat&post=2786"},{"taxonomy":"product_tag","embeddable":true,"href":"https:\/\/nextgen-sn.com\/index.php?rest_route=%2Fwp%2Fv2%2Fproduct_tag&post=2786"}],"curies":[{"name":"wp","href":"https:\/\/api.w.org\/{rel}","templated":true}]}}