{"id":2785,"date":"2025-09-10T15:54:15","date_gmt":"2025-09-10T15:54:15","guid":{"rendered":"https:\/\/nextgen.leden-shop.com\/?post_type=product&#038;p=2785"},"modified":"2025-09-10T15:54:18","modified_gmt":"2025-09-10T15:54:18","slug":"dvr-32","status":"publish","type":"product","link":"https:\/\/nextgen-sn.com\/?product=dvr-32","title":{"rendered":"Dvr 32"},"content":{"rendered":"<section id=\"wrapper\">\n<div class=\"container\">\n<div class=\"row\">\n<div id=\"content-wrapper\" class=\"col\">\n<section id=\"main\">\n<section class=\"col-12 p-0 card tabs\">\n<div id=\"tab-content\" class=\"card-body tab-content\">\n<div id=\"description\" class=\"tab-pane fade in show active\" role=\"tabpanel\">\n<div class=\"product-description html-doc\">\n<p>Hikvision Pro DS-7332HQHI-K4 DVR 32ch 5in1 (TVI, AHD, CVI, CVBS et IP), 12ips@1080P, RS485, 4 HDD, 2 x RJ45<\/p>\n<p>32 entr\u00e9es d&rsquo;interface Turbo HD\/CVI\/AHD\/CVBS, entr\u00e9e vid\u00e9o 32 canaux et audio 4 canaux, entr\u00e9e vid\u00e9o IP 16 canaux (jusqu&rsquo;\u00e0 48 canaux IP), H.264\/H.264+\/H.265+\/ Compression vid\u00e9o H.265, 4 interfaces SATA.<\/p>\n<div class=\"table-responsive\">\n<table class=\"table table-bordered specs\" border=\"0\" cellspacing=\"0\" cellpadding=\"0\">\n<tbody>\n<tr>\n<th>Nombre maximal de canaux<\/th>\n<td>32<\/td>\n<\/tr>\n<tr>\n<th>Nombre de canaux analogiques<\/th>\n<td>32<\/td>\n<\/tr>\n<tr>\n<th>Nombre de canaux IP<\/th>\n<td>48<\/td>\n<\/tr>\n<tr>\n<th>Nombre maximal de disques durs<\/th>\n<td>4<\/td>\n<\/tr>\n<tr>\n<th>analyse vid\u00e9o<\/th>\n<td>LPR, comptage, carte thermique, VCA, POS<\/td>\n<\/tr>\n<tr>\n<th>Enregistrement\/visualisation de la bande passante<\/th>\n<td>160 \/ 128<\/td>\n<\/tr>\n<tr>\n<th>Technologie vid\u00e9o<\/th>\n<td>HD-TVI, AHD, CVBS, HD-CVI, IP<\/td>\n<\/tr>\n<tr>\n<th>Interface r\u00e9seau<\/th>\n<td>1xRJ45 10\/100\/1000<\/td>\n<\/tr>\n<tr>\n<th>Alimentation<\/th>\n<td>220 Vca<\/td>\n<\/tr>\n<tr>\n<th>Hauteur (cm)<\/th>\n<td>sept<\/td>\n<\/tr>\n<tr>\n<th>Largeur (cm)<\/th>\n<td>44<\/td>\n<\/tr>\n<tr>\n<th>profondeur (cm)<\/th>\n<td>39<\/td>\n<\/tr>\n<tr>\n<th>poids (kg)<\/th>\n<td>sept<\/td>\n<\/tr>\n<tr>\n<th>Disponibilit\u00e9<\/th>\n<td>B<\/td>\n<\/tr>\n<tr>\n<th>Marque<\/th>\n<td>HikVision Pro<\/td>\n<\/tr>\n<tr>\n<th>R\u00e9solution analogique maximale<\/th>\n<td>4MP<\/td>\n<\/tr>\n<tr>\n<th>Sortie vid\u00e9o<\/th>\n<td>VGA, BNC, HDMI2, HDMI1<\/td>\n<\/tr>\n<tr>\n<th>Entr\u00e9es\/sorties d&rsquo;alarme<\/th>\n<td>16i\/4o<\/td>\n<\/tr>\n<tr>\n<th>Entr\u00e9e\/sortie audio<\/th>\n<td>4e \/ 1s<\/td>\n<\/tr>\n<\/tbody>\n<\/table>\n<\/div>\n<\/div>\n<\/div>\n<\/div>\n<\/section>\n<footer class=\"page-footer\"><\/footer>\n<\/section>\n<\/div>\n<\/div>\n<\/div>\n<\/section>\n<footer id=\"footer\"><\/footer>\n","protected":false},"excerpt":{"rendered":"<p class=\"tx-excerpt\">Hikvision Pro DS-7332HQHI-K4 DVR 32ch 5in1 (TVI, AHD, CVI, CVBS et IP), 12ips@1080P, RS485, 4 HDD, 2 x RJ45 32 entr\u00e9es d&rsquo;interface Turbo HD\/CVI\/AHD\/CVBS, entr\u00e9e vid\u00e9o 32 canaux et audio 4 canaux, entr\u00e9e vid\u00e9o IP...<\/p>","protected":false},"featured_media":2815,"template":"","meta":{"_joinchat":[]},"product_brand":[],"product_cat":[37],"product_tag":[],"class_list":{"0":"post-2785","1":"product","2":"type-product","3":"status-publish","4":"has-post-thumbnail","6":"product_cat-dvr","8":"first","9":"instock","10":"taxable","11":"shipping-taxable","12":"purchasable","13":"product-type-simple"},"yoast_head":"<!-- This site is optimized with the Yoast SEO plugin v27.4 - https:\/\/yoast.com\/product\/yoast-seo-wordpress\/ -->\n<title>Dvr 32 - NEXT GEN GROUP<\/title>\n<meta name=\"robots\" content=\"index, follow, max-snippet:-1, max-image-preview:large, max-video-preview:-1\" \/>\n<link rel=\"canonical\" href=\"https:\/\/nextgen-sn.com\/?product=dvr-32\" \/>\n<meta property=\"og:locale\" content=\"fr_FR\" \/>\n<meta property=\"og:type\" content=\"article\" \/>\n<meta property=\"og:title\" content=\"Dvr 32 - NEXT GEN GROUP\" \/>\n<meta property=\"og:description\" content=\"Hikvision Pro DS-7332HQHI-K4 DVR 32ch 5in1 (TVI, AHD, CVI, CVBS et IP), 12ips@1080P, RS485, 4 HDD, 2 x RJ45 32 entr\u00e9es d&rsquo;interface Turbo HD\/CVI\/AHD\/CVBS, entr\u00e9e vid\u00e9o 32 canaux et audio 4 canaux, entr\u00e9e vid\u00e9o IP 16 canaux (jusqu&rsquo;\u00e0 48 canaux IP), H.264\/H.264+\/H.265+\/ Compression vid\u00e9o H.265, 4 interfaces SATA. Nombre maximal de canaux 32 Nombre de canaux analogiques 32 Nombre de canaux IP 48 Nombre maximal de disques durs 4 analyse vid\u00e9o LPR, comptage, carte thermique, VCA, POS Enregistrement\/visualisation de la bande passante 160 \/ 128 Technologie vid\u00e9o HD-TVI, AHD, CVBS, HD-CVI, IP Interface r\u00e9seau 1xRJ45 10\/100\/1000 Alimentation 220 Vca Hauteur (cm) sept Largeur (cm) 44 profondeur (cm) 39 poids (kg) sept Disponibilit\u00e9 B Marque HikVision Pro R\u00e9solution analogique maximale 4MP Sortie vid\u00e9o VGA, BNC, HDMI2, HDMI1 Entr\u00e9es\/sorties d&rsquo;alarme 16i\/4o Entr\u00e9e\/sortie audio 4e \/ 1s\" \/>\n<meta property=\"og:url\" content=\"https:\/\/nextgen-sn.com\/?product=dvr-32\" \/>\n<meta property=\"og:site_name\" content=\"NEXT GEN GROUP\" \/>\n<meta property=\"article:modified_time\" content=\"2025-09-10T15:54:18+00:00\" \/>\n<meta property=\"og:image\" content=\"https:\/\/nextgen-sn.com\/wp-content\/uploads\/2025\/09\/DS-73HQHI_HUHI-K4_1200px_1200x1200.webp\" \/>\n\t<meta property=\"og:image:width\" content=\"1200\" \/>\n\t<meta property=\"og:image:height\" content=\"675\" \/>\n\t<meta property=\"og:image:type\" content=\"image\/webp\" \/>\n<meta name=\"twitter:card\" content=\"summary_large_image\" \/>\n<meta name=\"twitter:label1\" content=\"Dur\u00e9e de lecture estim\u00e9e\" \/>\n\t<meta name=\"twitter:data1\" content=\"1 minute\" \/>\n<script type=\"application\/ld+json\" class=\"yoast-schema-graph\">{\"@context\":\"https:\\\/\\\/schema.org\",\"@graph\":[{\"@type\":\"WebPage\",\"@id\":\"https:\\\/\\\/nextgen-sn.com\\\/?product=dvr-32\",\"url\":\"https:\\\/\\\/nextgen-sn.com\\\/?product=dvr-32\",\"name\":\"Dvr 32 - NEXT GEN GROUP\",\"isPartOf\":{\"@id\":\"https:\\\/\\\/nextgen-sn.com\\\/#website\"},\"primaryImageOfPage\":{\"@id\":\"https:\\\/\\\/nextgen-sn.com\\\/?product=dvr-32#primaryimage\"},\"image\":{\"@id\":\"https:\\\/\\\/nextgen-sn.com\\\/?product=dvr-32#primaryimage\"},\"thumbnailUrl\":\"https:\\\/\\\/nextgen-sn.com\\\/wp-content\\\/uploads\\\/2025\\\/09\\\/DS-73HQHI_HUHI-K4_1200px_1200x1200.webp\",\"datePublished\":\"2025-09-10T15:54:15+00:00\",\"dateModified\":\"2025-09-10T15:54:18+00:00\",\"breadcrumb\":{\"@id\":\"https:\\\/\\\/nextgen-sn.com\\\/?product=dvr-32#breadcrumb\"},\"inLanguage\":\"fr-FR\",\"potentialAction\":[{\"@type\":\"ReadAction\",\"target\":[\"https:\\\/\\\/nextgen-sn.com\\\/?product=dvr-32\"]}]},{\"@type\":\"ImageObject\",\"inLanguage\":\"fr-FR\",\"@id\":\"https:\\\/\\\/nextgen-sn.com\\\/?product=dvr-32#primaryimage\",\"url\":\"https:\\\/\\\/nextgen-sn.com\\\/wp-content\\\/uploads\\\/2025\\\/09\\\/DS-73HQHI_HUHI-K4_1200px_1200x1200.webp\",\"contentUrl\":\"https:\\\/\\\/nextgen-sn.com\\\/wp-content\\\/uploads\\\/2025\\\/09\\\/DS-73HQHI_HUHI-K4_1200px_1200x1200.webp\",\"width\":1200,\"height\":675},{\"@type\":\"BreadcrumbList\",\"@id\":\"https:\\\/\\\/nextgen-sn.com\\\/?product=dvr-32#breadcrumb\",\"itemListElement\":[{\"@type\":\"ListItem\",\"position\":1,\"name\":\"Accueil\",\"item\":\"https:\\\/\\\/nextgen-sn.com\\\/\"},{\"@type\":\"ListItem\",\"position\":2,\"name\":\"Produits\",\"item\":\"https:\\\/\\\/nextgen-sn.com\\\/?post_type=product\"},{\"@type\":\"ListItem\",\"position\":3,\"name\":\"Dvr 32\"}]},{\"@type\":\"WebSite\",\"@id\":\"https:\\\/\\\/nextgen-sn.com\\\/#website\",\"url\":\"https:\\\/\\\/nextgen-sn.com\\\/\",\"name\":\"NEXT GEN GROUP\",\"description\":\"Next Gen Group offre des services dans le domaine de l&#039;affichage gynamique\",\"publisher\":{\"@id\":\"https:\\\/\\\/nextgen-sn.com\\\/#organization\"},\"potentialAction\":[{\"@type\":\"SearchAction\",\"target\":{\"@type\":\"EntryPoint\",\"urlTemplate\":\"https:\\\/\\\/nextgen-sn.com\\\/?s={search_term_string}\"},\"query-input\":{\"@type\":\"PropertyValueSpecification\",\"valueRequired\":true,\"valueName\":\"search_term_string\"}}],\"inLanguage\":\"fr-FR\"},{\"@type\":\"Organization\",\"@id\":\"https:\\\/\\\/nextgen-sn.com\\\/#organization\",\"name\":\"NEXT GEN GROUP\",\"url\":\"https:\\\/\\\/nextgen-sn.com\\\/\",\"logo\":{\"@type\":\"ImageObject\",\"inLanguage\":\"fr-FR\",\"@id\":\"https:\\\/\\\/nextgen-sn.com\\\/#\\\/schema\\\/logo\\\/image\\\/\",\"url\":\"https:\\\/\\\/nextgen-sn.com\\\/wp-content\\\/uploads\\\/2025\\\/08\\\/Logo-Next-Gen.png\",\"contentUrl\":\"https:\\\/\\\/nextgen-sn.com\\\/wp-content\\\/uploads\\\/2025\\\/08\\\/Logo-Next-Gen.png\",\"width\":341,\"height\":149,\"caption\":\"NEXT GEN GROUP\"},\"image\":{\"@id\":\"https:\\\/\\\/nextgen-sn.com\\\/#\\\/schema\\\/logo\\\/image\\\/\"}}]}<\/script>\n<!-- \/ Yoast SEO plugin. -->","yoast_head_json":{"title":"Dvr 32 - NEXT GEN GROUP","robots":{"index":"index","follow":"follow","max-snippet":"max-snippet:-1","max-image-preview":"max-image-preview:large","max-video-preview":"max-video-preview:-1"},"canonical":"https:\/\/nextgen-sn.com\/?product=dvr-32","og_locale":"fr_FR","og_type":"article","og_title":"Dvr 32 - NEXT GEN GROUP","og_description":"Hikvision Pro DS-7332HQHI-K4 DVR 32ch 5in1 (TVI, AHD, CVI, CVBS et IP), 12ips@1080P, RS485, 4 HDD, 2 x RJ45 32 entr\u00e9es d&rsquo;interface Turbo HD\/CVI\/AHD\/CVBS, entr\u00e9e vid\u00e9o 32 canaux et audio 4 canaux, entr\u00e9e vid\u00e9o IP 16 canaux (jusqu&rsquo;\u00e0 48 canaux IP), H.264\/H.264+\/H.265+\/ Compression vid\u00e9o H.265, 4 interfaces SATA. Nombre maximal de canaux 32 Nombre de canaux analogiques 32 Nombre de canaux IP 48 Nombre maximal de disques durs 4 analyse vid\u00e9o LPR, comptage, carte thermique, VCA, POS Enregistrement\/visualisation de la bande passante 160 \/ 128 Technologie vid\u00e9o HD-TVI, AHD, CVBS, HD-CVI, IP Interface r\u00e9seau 1xRJ45 10\/100\/1000 Alimentation 220 Vca Hauteur (cm) sept Largeur (cm) 44 profondeur (cm) 39 poids (kg) sept Disponibilit\u00e9 B Marque HikVision Pro R\u00e9solution analogique maximale 4MP Sortie vid\u00e9o VGA, BNC, HDMI2, HDMI1 Entr\u00e9es\/sorties d&rsquo;alarme 16i\/4o Entr\u00e9e\/sortie audio 4e \/ 1s","og_url":"https:\/\/nextgen-sn.com\/?product=dvr-32","og_site_name":"NEXT GEN GROUP","article_modified_time":"2025-09-10T15:54:18+00:00","og_image":[{"width":1200,"height":675,"url":"https:\/\/nextgen-sn.com\/wp-content\/uploads\/2025\/09\/DS-73HQHI_HUHI-K4_1200px_1200x1200.webp","type":"image\/webp"}],"twitter_card":"summary_large_image","twitter_misc":{"Dur\u00e9e de lecture estim\u00e9e":"1 minute"},"schema":{"@context":"https:\/\/schema.org","@graph":[{"@type":"WebPage","@id":"https:\/\/nextgen-sn.com\/?product=dvr-32","url":"https:\/\/nextgen-sn.com\/?product=dvr-32","name":"Dvr 32 - NEXT GEN GROUP","isPartOf":{"@id":"https:\/\/nextgen-sn.com\/#website"},"primaryImageOfPage":{"@id":"https:\/\/nextgen-sn.com\/?product=dvr-32#primaryimage"},"image":{"@id":"https:\/\/nextgen-sn.com\/?product=dvr-32#primaryimage"},"thumbnailUrl":"https:\/\/nextgen-sn.com\/wp-content\/uploads\/2025\/09\/DS-73HQHI_HUHI-K4_1200px_1200x1200.webp","datePublished":"2025-09-10T15:54:15+00:00","dateModified":"2025-09-10T15:54:18+00:00","breadcrumb":{"@id":"https:\/\/nextgen-sn.com\/?product=dvr-32#breadcrumb"},"inLanguage":"fr-FR","potentialAction":[{"@type":"ReadAction","target":["https:\/\/nextgen-sn.com\/?product=dvr-32"]}]},{"@type":"ImageObject","inLanguage":"fr-FR","@id":"https:\/\/nextgen-sn.com\/?product=dvr-32#primaryimage","url":"https:\/\/nextgen-sn.com\/wp-content\/uploads\/2025\/09\/DS-73HQHI_HUHI-K4_1200px_1200x1200.webp","contentUrl":"https:\/\/nextgen-sn.com\/wp-content\/uploads\/2025\/09\/DS-73HQHI_HUHI-K4_1200px_1200x1200.webp","width":1200,"height":675},{"@type":"BreadcrumbList","@id":"https:\/\/nextgen-sn.com\/?product=dvr-32#breadcrumb","itemListElement":[{"@type":"ListItem","position":1,"name":"Accueil","item":"https:\/\/nextgen-sn.com\/"},{"@type":"ListItem","position":2,"name":"Produits","item":"https:\/\/nextgen-sn.com\/?post_type=product"},{"@type":"ListItem","position":3,"name":"Dvr 32"}]},{"@type":"WebSite","@id":"https:\/\/nextgen-sn.com\/#website","url":"https:\/\/nextgen-sn.com\/","name":"NEXT GEN GROUP","description":"Next Gen Group offre des services dans le domaine de l&#039;affichage gynamique","publisher":{"@id":"https:\/\/nextgen-sn.com\/#organization"},"potentialAction":[{"@type":"SearchAction","target":{"@type":"EntryPoint","urlTemplate":"https:\/\/nextgen-sn.com\/?s={search_term_string}"},"query-input":{"@type":"PropertyValueSpecification","valueRequired":true,"valueName":"search_term_string"}}],"inLanguage":"fr-FR"},{"@type":"Organization","@id":"https:\/\/nextgen-sn.com\/#organization","name":"NEXT GEN GROUP","url":"https:\/\/nextgen-sn.com\/","logo":{"@type":"ImageObject","inLanguage":"fr-FR","@id":"https:\/\/nextgen-sn.com\/#\/schema\/logo\/image\/","url":"https:\/\/nextgen-sn.com\/wp-content\/uploads\/2025\/08\/Logo-Next-Gen.png","contentUrl":"https:\/\/nextgen-sn.com\/wp-content\/uploads\/2025\/08\/Logo-Next-Gen.png","width":341,"height":149,"caption":"NEXT GEN GROUP"},"image":{"@id":"https:\/\/nextgen-sn.com\/#\/schema\/logo\/image\/"}}]}},"_links":{"self":[{"href":"https:\/\/nextgen-sn.com\/index.php?rest_route=\/wp\/v2\/product\/2785","targetHints":{"allow":["GET"]}}],"collection":[{"href":"https:\/\/nextgen-sn.com\/index.php?rest_route=\/wp\/v2\/product"}],"about":[{"href":"https:\/\/nextgen-sn.com\/index.php?rest_route=\/wp\/v2\/types\/product"}],"wp:featuredmedia":[{"embeddable":true,"href":"https:\/\/nextgen-sn.com\/index.php?rest_route=\/wp\/v2\/media\/2815"}],"wp:attachment":[{"href":"https:\/\/nextgen-sn.com\/index.php?rest_route=%2Fwp%2Fv2%2Fmedia&parent=2785"}],"wp:term":[{"taxonomy":"product_brand","embeddable":true,"href":"https:\/\/nextgen-sn.com\/index.php?rest_route=%2Fwp%2Fv2%2Fproduct_brand&post=2785"},{"taxonomy":"product_cat","embeddable":true,"href":"https:\/\/nextgen-sn.com\/index.php?rest_route=%2Fwp%2Fv2%2Fproduct_cat&post=2785"},{"taxonomy":"product_tag","embeddable":true,"href":"https:\/\/nextgen-sn.com\/index.php?rest_route=%2Fwp%2Fv2%2Fproduct_tag&post=2785"}],"curies":[{"name":"wp","href":"https:\/\/api.w.org\/{rel}","templated":true}]}}