{"id":2784,"date":"2025-09-10T15:54:15","date_gmt":"2025-09-10T15:54:15","guid":{"rendered":"https:\/\/nextgen.leden-shop.com\/?post_type=product&#038;p=2784"},"modified":"2025-09-10T15:54:18","modified_gmt":"2025-09-10T15:54:18","slug":"dvr-16","status":"publish","type":"product","link":"https:\/\/nextgen-sn.com\/?product=dvr-16","title":{"rendered":"DVR 16"},"content":{"rendered":"<div id=\"product-description-short-1679\" class=\"rte-content\">\n<p><strong>DVR HIKVISION 4MP pour 16 Cam\u00e9ras<\/strong><strong>\u00a0 \u00a0<\/strong><\/p>\n<ul>\n<li>Codage H.265 Pro + \/ H.265 Pro \/ H.265 \/ H.264 + \/ H.264 pour le flux principal et H.265 \/ H.264 pour le sous-flux de cam\u00e9ras analogiques<\/li>\n<li>Entr\u00e9e de signal HDTVI \/ HDCVI \/ AHD \/ CVBS auto-adaptative<\/li>\n<li>Support du stockage en cloud (One Drive, Google Drive ou Drop Box)<\/li>\n<li>R\u00e9solution maximale de 4 MP pour l\u2019enregistrement<\/li>\n<li>Sortie HDMI avec une r\u00e9solution maximale de 4K (3840 \u00d7 2160)<\/li>\n<li>Transmission longue distance sur UTP et c\u00e2ble coaxial: max. 800 m pour 1080p et 1200 m pour le signal HDTVI 720p<\/li>\n<li>Lecture synchrone 4\/8\/16 canaux<\/li>\n<li>Prise en charge de l&rsquo;enregistrement d\u00e9clench\u00e9 par PDV et de la superposition d&rsquo;informations sur les points de vente<\/li>\n<\/ul>\n<\/div>\n","protected":false},"excerpt":{"rendered":"<p class=\"tx-excerpt\">DVR HIKVISION 4MP pour 16 Cam\u00e9ras\u00a0 \u00a0 Codage H.265 Pro + \/ H.265 Pro \/ H.265 \/ H.264 + \/ H.264 pour le flux principal et H.265 \/ H.264 pour le sous-flux de cam\u00e9ras analogiques...<\/p>","protected":false},"featured_media":2814,"template":"","meta":{"_joinchat":[]},"product_brand":[],"product_cat":[37],"product_tag":[],"class_list":{"0":"post-2784","1":"product","2":"type-product","3":"status-publish","4":"has-post-thumbnail","6":"product_cat-dvr","8":"first","9":"instock","10":"taxable","11":"shipping-taxable","12":"purchasable","13":"product-type-simple"},"yoast_head":"<!-- This site is optimized with the Yoast SEO plugin v27.4 - https:\/\/yoast.com\/product\/yoast-seo-wordpress\/ -->\n<title>DVR 16 - NEXT GEN GROUP<\/title>\n<meta name=\"robots\" content=\"index, follow, max-snippet:-1, max-image-preview:large, max-video-preview:-1\" \/>\n<link rel=\"canonical\" href=\"https:\/\/nextgen-sn.com\/?product=dvr-16\" \/>\n<meta property=\"og:locale\" content=\"fr_FR\" \/>\n<meta property=\"og:type\" content=\"article\" \/>\n<meta property=\"og:title\" content=\"DVR 16 - NEXT GEN GROUP\" \/>\n<meta property=\"og:description\" content=\"DVR HIKVISION 4MP pour 16 Cam\u00e9ras\u00a0 \u00a0 Codage H.265 Pro + \/ H.265 Pro \/ H.265 \/ H.264 + \/ H.264 pour le flux principal et H.265 \/ H.264 pour le sous-flux de cam\u00e9ras analogiques Entr\u00e9e de signal HDTVI \/ HDCVI \/ AHD \/ CVBS auto-adaptative Support du stockage en cloud (One Drive, Google Drive ou Drop Box) R\u00e9solution maximale de 4 MP pour l\u2019enregistrement Sortie HDMI avec une r\u00e9solution maximale de 4K (3840 \u00d7 2160) Transmission longue distance sur UTP et c\u00e2ble coaxial: max. 800 m pour 1080p et 1200 m pour le signal HDTVI 720p Lecture synchrone 4\/8\/16 canaux Prise en charge de l&rsquo;enregistrement d\u00e9clench\u00e9 par PDV et de la superposition d&rsquo;informations sur les points de vente\" \/>\n<meta property=\"og:url\" content=\"https:\/\/nextgen-sn.com\/?product=dvr-16\" \/>\n<meta property=\"og:site_name\" content=\"NEXT GEN GROUP\" \/>\n<meta property=\"article:modified_time\" content=\"2025-09-10T15:54:18+00:00\" \/>\n<meta property=\"og:image\" content=\"https:\/\/nextgen-sn.com\/wp-content\/uploads\/2025\/09\/MB-121HHE-P-HIKVISION.png.thumb_.1280.1280.webp\" \/>\n\t<meta property=\"og:image:width\" content=\"1280\" \/>\n\t<meta property=\"og:image:height\" content=\"1280\" \/>\n\t<meta property=\"og:image:type\" content=\"image\/webp\" \/>\n<meta name=\"twitter:card\" content=\"summary_large_image\" \/>\n<meta name=\"twitter:label1\" content=\"Dur\u00e9e de lecture estim\u00e9e\" \/>\n\t<meta name=\"twitter:data1\" content=\"1 minute\" \/>\n<script type=\"application\/ld+json\" class=\"yoast-schema-graph\">{\"@context\":\"https:\\\/\\\/schema.org\",\"@graph\":[{\"@type\":\"WebPage\",\"@id\":\"https:\\\/\\\/nextgen-sn.com\\\/?product=dvr-16\",\"url\":\"https:\\\/\\\/nextgen-sn.com\\\/?product=dvr-16\",\"name\":\"DVR 16 - NEXT GEN GROUP\",\"isPartOf\":{\"@id\":\"https:\\\/\\\/nextgen-sn.com\\\/#website\"},\"primaryImageOfPage\":{\"@id\":\"https:\\\/\\\/nextgen-sn.com\\\/?product=dvr-16#primaryimage\"},\"image\":{\"@id\":\"https:\\\/\\\/nextgen-sn.com\\\/?product=dvr-16#primaryimage\"},\"thumbnailUrl\":\"https:\\\/\\\/nextgen-sn.com\\\/wp-content\\\/uploads\\\/2025\\\/09\\\/MB-121HHE-P-HIKVISION.png.thumb_.1280.1280.webp\",\"datePublished\":\"2025-09-10T15:54:15+00:00\",\"dateModified\":\"2025-09-10T15:54:18+00:00\",\"breadcrumb\":{\"@id\":\"https:\\\/\\\/nextgen-sn.com\\\/?product=dvr-16#breadcrumb\"},\"inLanguage\":\"fr-FR\",\"potentialAction\":[{\"@type\":\"ReadAction\",\"target\":[\"https:\\\/\\\/nextgen-sn.com\\\/?product=dvr-16\"]}]},{\"@type\":\"ImageObject\",\"inLanguage\":\"fr-FR\",\"@id\":\"https:\\\/\\\/nextgen-sn.com\\\/?product=dvr-16#primaryimage\",\"url\":\"https:\\\/\\\/nextgen-sn.com\\\/wp-content\\\/uploads\\\/2025\\\/09\\\/MB-121HHE-P-HIKVISION.png.thumb_.1280.1280.webp\",\"contentUrl\":\"https:\\\/\\\/nextgen-sn.com\\\/wp-content\\\/uploads\\\/2025\\\/09\\\/MB-121HHE-P-HIKVISION.png.thumb_.1280.1280.webp\",\"width\":1280,\"height\":1280},{\"@type\":\"BreadcrumbList\",\"@id\":\"https:\\\/\\\/nextgen-sn.com\\\/?product=dvr-16#breadcrumb\",\"itemListElement\":[{\"@type\":\"ListItem\",\"position\":1,\"name\":\"Accueil\",\"item\":\"https:\\\/\\\/nextgen-sn.com\\\/\"},{\"@type\":\"ListItem\",\"position\":2,\"name\":\"Produits\",\"item\":\"https:\\\/\\\/nextgen-sn.com\\\/?post_type=product\"},{\"@type\":\"ListItem\",\"position\":3,\"name\":\"DVR 16\"}]},{\"@type\":\"WebSite\",\"@id\":\"https:\\\/\\\/nextgen-sn.com\\\/#website\",\"url\":\"https:\\\/\\\/nextgen-sn.com\\\/\",\"name\":\"NEXT GEN GROUP\",\"description\":\"Next Gen Group offre des services dans le domaine de l&#039;affichage gynamique\",\"publisher\":{\"@id\":\"https:\\\/\\\/nextgen-sn.com\\\/#organization\"},\"potentialAction\":[{\"@type\":\"SearchAction\",\"target\":{\"@type\":\"EntryPoint\",\"urlTemplate\":\"https:\\\/\\\/nextgen-sn.com\\\/?s={search_term_string}\"},\"query-input\":{\"@type\":\"PropertyValueSpecification\",\"valueRequired\":true,\"valueName\":\"search_term_string\"}}],\"inLanguage\":\"fr-FR\"},{\"@type\":\"Organization\",\"@id\":\"https:\\\/\\\/nextgen-sn.com\\\/#organization\",\"name\":\"NEXT GEN GROUP\",\"url\":\"https:\\\/\\\/nextgen-sn.com\\\/\",\"logo\":{\"@type\":\"ImageObject\",\"inLanguage\":\"fr-FR\",\"@id\":\"https:\\\/\\\/nextgen-sn.com\\\/#\\\/schema\\\/logo\\\/image\\\/\",\"url\":\"https:\\\/\\\/nextgen-sn.com\\\/wp-content\\\/uploads\\\/2025\\\/08\\\/Logo-Next-Gen.png\",\"contentUrl\":\"https:\\\/\\\/nextgen-sn.com\\\/wp-content\\\/uploads\\\/2025\\\/08\\\/Logo-Next-Gen.png\",\"width\":341,\"height\":149,\"caption\":\"NEXT GEN GROUP\"},\"image\":{\"@id\":\"https:\\\/\\\/nextgen-sn.com\\\/#\\\/schema\\\/logo\\\/image\\\/\"}}]}<\/script>\n<!-- \/ Yoast SEO plugin. -->","yoast_head_json":{"title":"DVR 16 - NEXT GEN GROUP","robots":{"index":"index","follow":"follow","max-snippet":"max-snippet:-1","max-image-preview":"max-image-preview:large","max-video-preview":"max-video-preview:-1"},"canonical":"https:\/\/nextgen-sn.com\/?product=dvr-16","og_locale":"fr_FR","og_type":"article","og_title":"DVR 16 - NEXT GEN GROUP","og_description":"DVR HIKVISION 4MP pour 16 Cam\u00e9ras\u00a0 \u00a0 Codage H.265 Pro + \/ H.265 Pro \/ H.265 \/ H.264 + \/ H.264 pour le flux principal et H.265 \/ H.264 pour le sous-flux de cam\u00e9ras analogiques Entr\u00e9e de signal HDTVI \/ HDCVI \/ AHD \/ CVBS auto-adaptative Support du stockage en cloud (One Drive, Google Drive ou Drop Box) R\u00e9solution maximale de 4 MP pour l\u2019enregistrement Sortie HDMI avec une r\u00e9solution maximale de 4K (3840 \u00d7 2160) Transmission longue distance sur UTP et c\u00e2ble coaxial: max. 800 m pour 1080p et 1200 m pour le signal HDTVI 720p Lecture synchrone 4\/8\/16 canaux Prise en charge de l&rsquo;enregistrement d\u00e9clench\u00e9 par PDV et de la superposition d&rsquo;informations sur les points de vente","og_url":"https:\/\/nextgen-sn.com\/?product=dvr-16","og_site_name":"NEXT GEN GROUP","article_modified_time":"2025-09-10T15:54:18+00:00","og_image":[{"width":1280,"height":1280,"url":"https:\/\/nextgen-sn.com\/wp-content\/uploads\/2025\/09\/MB-121HHE-P-HIKVISION.png.thumb_.1280.1280.webp","type":"image\/webp"}],"twitter_card":"summary_large_image","twitter_misc":{"Dur\u00e9e de lecture estim\u00e9e":"1 minute"},"schema":{"@context":"https:\/\/schema.org","@graph":[{"@type":"WebPage","@id":"https:\/\/nextgen-sn.com\/?product=dvr-16","url":"https:\/\/nextgen-sn.com\/?product=dvr-16","name":"DVR 16 - NEXT GEN GROUP","isPartOf":{"@id":"https:\/\/nextgen-sn.com\/#website"},"primaryImageOfPage":{"@id":"https:\/\/nextgen-sn.com\/?product=dvr-16#primaryimage"},"image":{"@id":"https:\/\/nextgen-sn.com\/?product=dvr-16#primaryimage"},"thumbnailUrl":"https:\/\/nextgen-sn.com\/wp-content\/uploads\/2025\/09\/MB-121HHE-P-HIKVISION.png.thumb_.1280.1280.webp","datePublished":"2025-09-10T15:54:15+00:00","dateModified":"2025-09-10T15:54:18+00:00","breadcrumb":{"@id":"https:\/\/nextgen-sn.com\/?product=dvr-16#breadcrumb"},"inLanguage":"fr-FR","potentialAction":[{"@type":"ReadAction","target":["https:\/\/nextgen-sn.com\/?product=dvr-16"]}]},{"@type":"ImageObject","inLanguage":"fr-FR","@id":"https:\/\/nextgen-sn.com\/?product=dvr-16#primaryimage","url":"https:\/\/nextgen-sn.com\/wp-content\/uploads\/2025\/09\/MB-121HHE-P-HIKVISION.png.thumb_.1280.1280.webp","contentUrl":"https:\/\/nextgen-sn.com\/wp-content\/uploads\/2025\/09\/MB-121HHE-P-HIKVISION.png.thumb_.1280.1280.webp","width":1280,"height":1280},{"@type":"BreadcrumbList","@id":"https:\/\/nextgen-sn.com\/?product=dvr-16#breadcrumb","itemListElement":[{"@type":"ListItem","position":1,"name":"Accueil","item":"https:\/\/nextgen-sn.com\/"},{"@type":"ListItem","position":2,"name":"Produits","item":"https:\/\/nextgen-sn.com\/?post_type=product"},{"@type":"ListItem","position":3,"name":"DVR 16"}]},{"@type":"WebSite","@id":"https:\/\/nextgen-sn.com\/#website","url":"https:\/\/nextgen-sn.com\/","name":"NEXT GEN GROUP","description":"Next Gen Group offre des services dans le domaine de l&#039;affichage gynamique","publisher":{"@id":"https:\/\/nextgen-sn.com\/#organization"},"potentialAction":[{"@type":"SearchAction","target":{"@type":"EntryPoint","urlTemplate":"https:\/\/nextgen-sn.com\/?s={search_term_string}"},"query-input":{"@type":"PropertyValueSpecification","valueRequired":true,"valueName":"search_term_string"}}],"inLanguage":"fr-FR"},{"@type":"Organization","@id":"https:\/\/nextgen-sn.com\/#organization","name":"NEXT GEN GROUP","url":"https:\/\/nextgen-sn.com\/","logo":{"@type":"ImageObject","inLanguage":"fr-FR","@id":"https:\/\/nextgen-sn.com\/#\/schema\/logo\/image\/","url":"https:\/\/nextgen-sn.com\/wp-content\/uploads\/2025\/08\/Logo-Next-Gen.png","contentUrl":"https:\/\/nextgen-sn.com\/wp-content\/uploads\/2025\/08\/Logo-Next-Gen.png","width":341,"height":149,"caption":"NEXT GEN GROUP"},"image":{"@id":"https:\/\/nextgen-sn.com\/#\/schema\/logo\/image\/"}}]}},"_links":{"self":[{"href":"https:\/\/nextgen-sn.com\/index.php?rest_route=\/wp\/v2\/product\/2784","targetHints":{"allow":["GET"]}}],"collection":[{"href":"https:\/\/nextgen-sn.com\/index.php?rest_route=\/wp\/v2\/product"}],"about":[{"href":"https:\/\/nextgen-sn.com\/index.php?rest_route=\/wp\/v2\/types\/product"}],"wp:featuredmedia":[{"embeddable":true,"href":"https:\/\/nextgen-sn.com\/index.php?rest_route=\/wp\/v2\/media\/2814"}],"wp:attachment":[{"href":"https:\/\/nextgen-sn.com\/index.php?rest_route=%2Fwp%2Fv2%2Fmedia&parent=2784"}],"wp:term":[{"taxonomy":"product_brand","embeddable":true,"href":"https:\/\/nextgen-sn.com\/index.php?rest_route=%2Fwp%2Fv2%2Fproduct_brand&post=2784"},{"taxonomy":"product_cat","embeddable":true,"href":"https:\/\/nextgen-sn.com\/index.php?rest_route=%2Fwp%2Fv2%2Fproduct_cat&post=2784"},{"taxonomy":"product_tag","embeddable":true,"href":"https:\/\/nextgen-sn.com\/index.php?rest_route=%2Fwp%2Fv2%2Fproduct_tag&post=2784"}],"curies":[{"name":"wp","href":"https:\/\/api.w.org\/{rel}","templated":true}]}}