{"id":2783,"date":"2025-09-10T15:54:15","date_gmt":"2025-09-10T15:54:15","guid":{"rendered":"https:\/\/nextgen.leden-shop.com\/?post_type=product&#038;p=2783"},"modified":"2025-09-10T15:54:18","modified_gmt":"2025-09-10T15:54:18","slug":"nvr-8-canaux","status":"publish","type":"product","link":"https:\/\/nextgen-sn.com\/?product=nvr-8-canaux","title":{"rendered":"NVR 8 canaux"},"content":{"rendered":"<h2><strong>NVR 8 canaux 1U 8 PoE 4K DS-7608NI-Q2\/8P<\/strong><\/h2>\n<ul>\n<li>Entr\u00e9es de cam\u00e9ra IP jusqu\u2019\u00e0 8 canaux<\/li>\n<li>Formats vid\u00e9o H.265+\/H.265\/H.264+\/H.264<\/li>\n<li>Capacit\u00e9 de d\u00e9codage jusqu\u2019\u00e0 1 canal @ 8MP ou 5 canaux @ 1080P<\/li>\n<li>Jusqu\u2019\u00e0 80 Mbps de bande passante entrante<\/li>\n<li><span class=\"tech-specs-items-description__title--heading\">D\u00e9tection De Mouvement 2.0<\/span><\/li>\n<li><span class=\"tech-specs-items-description__title\">Analyse Homme\/V\u00e9hicule<\/span><span class=\"tech-specs-items-description__title-details\">4<\/span><\/li>\n<\/ul>\n<p><span class=\"tech-specs-items-description__title--heading\">Vid\u00e9o Et Audio<\/span><\/p>\n<ul class=\"product_description_item-list\">\n<li class=\" product_description_item\"><span class=\"tech-specs-items-description__title\">Entr\u00e9e Vid\u00e9o IP<\/span><span class=\"tech-specs-items-description__title-details\">8-ch<\/span><\/li>\n<li class=\" product_description_item\"><span class=\"tech-specs-items-description__title\">Sortie HDMI<\/span><span class=\"tech-specs-items-description__title-details\">1 canal, 4K (4096 x 2160)\/30 Hz, 4K (3840 x 2160)\/30 Hz, 2K (2560 x 1440)\/60 Hz, 1920 x 1080\/60 Hz, 1600 x 1200\/60 Hz, 1280 x 1024\/60 Hz, 1280 x 720\/60 Hz<\/span><\/li>\n<li class=\" product_description_item\"><span class=\"tech-specs-items-description__title\">Sortie VGA<\/span><span class=\"tech-specs-items-description__title-details\">1 canal, 1920 \u00d7 1080\/60 Hz, 1280 \u00d7 1024\/60 Hz, 1280 \u00d7 720\/60 Hz<\/span><\/li>\n<li class=\" product_description_item\"><span class=\"tech-specs-items-description__title\">Mode De Sortie Vid\u00e9o<\/span><span class=\"tech-specs-items-description__title-details\">Sortie simultan\u00e9e HDMI\/VGA<\/span><\/li>\n<li class=\" product_description_item\"><span class=\"tech-specs-items-description__title\">Bande Passante Entrante<\/span><span class=\"tech-specs-items-description__title-details\">80 Mbit\/s<\/span><\/li>\n<li class=\" product_description_item\"><span class=\"tech-specs-items-description__title\">Bande Passante Sortante<\/span><span class=\"tech-specs-items-description__title-details\">80 Mbit\/s<\/span><\/li>\n<li class=\" product_description_item\"><span class=\"tech-specs-items-description__title\">Sortie Audio<\/span><span class=\"tech-specs-items-description__title-details\">1 canal, RCA (Lin\u00e9aire, 1\u00a0K\u03a9)<\/span><\/li>\n<li class=\" product_description_item\"><span class=\"tech-specs-items-description__title\">Audio Bidirectionnel<\/span><span class=\"tech-specs-items-description__title-details\">1 canal, RCA (2,0 Vp-p, 1 k\u03a9)<\/span><\/li>\n<\/ul>\n<p><span class=\"tech-specs-items-description__title--heading\">D\u00e9codage<\/span><\/p>\n<ul class=\"product_description_item-list\">\n<li class=\" product_description_item\"><span class=\"tech-specs-items-description__title\">Format De D\u00e9codage<\/span><span class=\"tech-specs-items-description__title-details\">H.265 +, H.265, H.264 +, H.264<\/span><\/li>\n<li class=\" product_description_item\"><span class=\"tech-specs-items-description__title\">Capacit\u00e9 De D\u00e9codage<\/span><span class=\"tech-specs-items-description__title-details\">1 canal \u00e0 8 MP (30 ips)\/5 canaux \u00e0 1080p (30 ips)<\/span><\/li>\n<li class=\" product_description_item\"><span class=\"tech-specs-items-description__title\">Lecture Synchrone<\/span><span class=\"tech-specs-items-description__title-details\">8-ch<\/span><\/li>\n<li class=\" product_description_item\"><span class=\"tech-specs-items-description__title\">R\u00e9solution D\u2019enregistrement<\/span><span class=\"tech-specs-items-description__title-details\">8 MP\/6 MP\/5 MP\/4 MP\/3 MP\/1080p\/UXGA \/720p\/VGA\/4CIF\/DCIF\/ 2CIF\/CIF\/QCIF<\/span><\/li>\n<\/ul>\n<p><span class=\"tech-specs-items-description__title--heading\">R\u00e9seau<\/span><\/p>\n<ul class=\"tech-specs-items-description\" data-target=\"Network\">\n<li class=\"tech-specs-items-description-list\"><span class=\"tech-specs-items-description__title\">Protocole R\u00e9seau<\/span><span class=\"tech-specs-items-description__title-details\">TCP\/IP, DHCP, Hik-Connect, DNS, DDNS, NTP, SADP, SMTP, NFS, iSCSI, UPnP\u2122, HTTPS<\/span><\/li>\n<li class=\"tech-specs-items-description-list\"><span class=\"tech-specs-items-description__title\">Interface R\u00e9seau<\/span><span class=\"tech-specs-items-description__title-details\">1, interface Ethernet auto-adaptative RJ-45 10\/100 Mbps<\/span><\/li>\n<\/ul>\n<p><span class=\"tech-specs-items-description__title--heading\">PoE<\/span><\/p>\n<ul class=\"tech-specs-items-description\" data-target=\"PoE\">\n<li class=\"tech-specs-items-description-list\"><span class=\"tech-specs-items-description__title\">Interface<\/span><span class=\"tech-specs-items-description__title-details\">8-ch<\/span><\/li>\n<li class=\"tech-specs-items-description-list\"><span class=\"tech-specs-items-description__title\">Du Pouvoir<\/span><span class=\"tech-specs-items-description__title-details\">\u2264 80W<\/span><\/li>\n<li class=\"tech-specs-items-description-list\"><span class=\"tech-specs-items-description__title\">Standard<\/span><span class=\"tech-specs-items-description__title-details\">IEEE 802.3 af\/at<\/span><\/li>\n<li class=\"tech-specs-items-description-list\"><span class=\"tech-specs-items-description__title--heading\">Interface Auxiliaire<\/span><\/li>\n<li class=\"tech-specs-items-description-list\"><span class=\"tech-specs-items-description__title\">SATA<\/span><span class=\"tech-specs-items-description__title-details\">2<\/span><\/li>\n<li class=\"tech-specs-items-description-list\"><span class=\"tech-specs-items-description__title\">Capacit\u00e9<\/span><span class=\"tech-specs-items-description__title-details\">Jusqu\u2019\u00e0 8 To de capacit\u00e9 pour chaque disque<\/span><\/li>\n<li class=\"tech-specs-items-description-list\"><span class=\"tech-specs-items-description__title\">Interface USB<\/span><span class=\"tech-specs-items-description__title-details\">2 \u00d7 USB 2.0<\/span><\/li>\n<\/ul>\n<p><span class=\"tech-specs-items-description__title--heading\">G\u00e9n\u00e9ral<\/span><\/p>\n<ul class=\"tech-specs-items-description\" data-target=\"General\">\n<li class=\"tech-specs-items-description-list\"><span class=\"tech-specs-items-description__title\">Source De Courant<\/span><span class=\"tech-specs-items-description__title-details\">48V |\u00a0,2.5A MAX<\/span><\/li>\n<li class=\"tech-specs-items-description-list\"><span class=\"tech-specs-items-description__title\">Consommation<\/span><span class=\"tech-specs-items-description__title-details\">\u2264 15W<\/span><\/li>\n<li class=\"tech-specs-items-description-list\"><span class=\"tech-specs-items-description__title\">Temp\u00e9rature De Fonctionnement<\/span><span class=\"tech-specs-items-description__title-details\">-10 \u00e0 +55\u00ba C (+14 \u00e0 +131\u00ba F)<\/span><\/li>\n<li class=\"tech-specs-items-description-list\"><span class=\"tech-specs-items-description__title\">Humidit\u00e9 De Travail<\/span><span class=\"tech-specs-items-description__title-details\">10 \u00e0 90 %<\/span><\/li>\n<li class=\"tech-specs-items-description-list\"><span class=\"tech-specs-items-description__title\">Ch\u00e2ssis<\/span><span class=\"tech-specs-items-description__title-details\">Ch\u00e2ssis 1U<\/span><\/li>\n<li class=\"tech-specs-items-description-list\"><span class=\"tech-specs-items-description__title\">Dimensions (L \u00d7 P \u00d7 H)<\/span><span class=\"tech-specs-items-description__title-details\">385 \u00d7 315 \u00d7 52 mm (15,2\u2033 \u00d7 12,4\u2033 \u00d7 2,0\u2033)<\/span><\/li>\n<li class=\"tech-specs-items-description-list\"><span class=\"tech-specs-items-description__title-details\">\u2264 2,6 kg (5,7 livres)<\/span><\/li>\n<\/ul>\n","protected":false},"excerpt":{"rendered":"<p class=\"tx-excerpt\">NVR 8 canaux 1U 8 PoE 4K DS-7608NI-Q2\/8P Entr\u00e9es de cam\u00e9ra IP jusqu\u2019\u00e0 8 canaux Formats vid\u00e9o H.265+\/H.265\/H.264+\/H.264 Capacit\u00e9 de d\u00e9codage jusqu\u2019\u00e0 1 canal @ 8MP ou 5 canaux @ 1080P Jusqu\u2019\u00e0 80 Mbps de...<\/p>","protected":false},"featured_media":2813,"template":"","meta":{"_joinchat":[]},"product_brand":[],"product_cat":[32],"product_tag":[],"class_list":{"0":"post-2783","1":"product","2":"type-product","3":"status-publish","4":"has-post-thumbnail","6":"product_cat-nvr","8":"first","9":"instock","10":"taxable","11":"shipping-taxable","12":"purchasable","13":"product-type-simple"},"yoast_head":"<!-- This site is optimized with the Yoast SEO plugin v27.4 - https:\/\/yoast.com\/product\/yoast-seo-wordpress\/ -->\n<title>NVR 8 canaux - NEXT GEN GROUP<\/title>\n<meta name=\"robots\" content=\"index, follow, max-snippet:-1, max-image-preview:large, max-video-preview:-1\" \/>\n<link rel=\"canonical\" href=\"https:\/\/nextgen-sn.com\/?product=nvr-8-canaux\" \/>\n<meta property=\"og:locale\" content=\"fr_FR\" \/>\n<meta property=\"og:type\" content=\"article\" \/>\n<meta property=\"og:title\" content=\"NVR 8 canaux - NEXT GEN GROUP\" \/>\n<meta property=\"og:description\" content=\"NVR 8 canaux 1U 8 PoE 4K DS-7608NI-Q2\/8P Entr\u00e9es de cam\u00e9ra IP jusqu\u2019\u00e0 8 canaux Formats vid\u00e9o H.265+\/H.265\/H.264+\/H.264 Capacit\u00e9 de d\u00e9codage jusqu\u2019\u00e0 1 canal @ 8MP ou 5 canaux @ 1080P Jusqu\u2019\u00e0 80 Mbps de bande passante entrante D\u00e9tection De Mouvement 2.0 Analyse Homme\/V\u00e9hicule4 Vid\u00e9o Et Audio Entr\u00e9e Vid\u00e9o IP8-ch Sortie HDMI1 canal, 4K (4096 x 2160)\/30 Hz, 4K (3840 x 2160)\/30 Hz, 2K (2560 x 1440)\/60 Hz, 1920 x 1080\/60 Hz, 1600 x 1200\/60 Hz, 1280 x 1024\/60 Hz, 1280 x 720\/60 Hz Sortie VGA1 canal, 1920 \u00d7 1080\/60 Hz, 1280 \u00d7 1024\/60 Hz, 1280 \u00d7 720\/60 Hz Mode De Sortie Vid\u00e9oSortie simultan\u00e9e HDMI\/VGA Bande Passante Entrante80 Mbit\/s Bande Passante Sortante80 Mbit\/s Sortie Audio1 canal, RCA (Lin\u00e9aire, 1\u00a0K\u03a9) Audio Bidirectionnel1 canal, RCA (2,0 Vp-p, 1 k\u03a9) D\u00e9codage Format De D\u00e9codageH.265 +, H.265, H.264 +, H.264 Capacit\u00e9 De D\u00e9codage1 canal \u00e0 8 MP (30 ips)\/5 canaux \u00e0 1080p (30 ips) Lecture Synchrone8-ch R\u00e9solution D\u2019enregistrement8 MP\/6 MP\/5 MP\/4 MP\/3 MP\/1080p\/UXGA \/720p\/VGA\/4CIF\/DCIF\/ 2CIF\/CIF\/QCIF R\u00e9seau Protocole R\u00e9seauTCP\/IP, DHCP, Hik-Connect, DNS, DDNS, NTP, SADP, SMTP, NFS, iSCSI, UPnP\u2122, HTTPS Interface R\u00e9seau1, interface Ethernet auto-adaptative RJ-45 10\/100 Mbps PoE Interface8-ch Du Pouvoir\u2264 80W StandardIEEE 802.3 af\/at Interface Auxiliaire SATA2 Capacit\u00e9Jusqu\u2019\u00e0 8 To de capacit\u00e9 pour chaque disque Interface USB2 \u00d7 USB 2.0 G\u00e9n\u00e9ral Source De Courant48V |\u00a0,2.5A MAX Consommation\u2264 15W Temp\u00e9rature De Fonctionnement-10 \u00e0 +55\u00ba C (+14 \u00e0 +131\u00ba F) Humidit\u00e9 De Travail10 \u00e0 90 % Ch\u00e2ssisCh\u00e2ssis 1U Dimensions (L \u00d7 P \u00d7 H)385 \u00d7 315 \u00d7 52 mm (15,2\u2033 \u00d7 12,4\u2033 \u00d7 2,0\u2033) \u2264 2,6 kg (5,7 livres)\" \/>\n<meta property=\"og:url\" content=\"https:\/\/nextgen-sn.com\/?product=nvr-8-canaux\" \/>\n<meta property=\"og:site_name\" content=\"NEXT GEN GROUP\" \/>\n<meta property=\"article:modified_time\" content=\"2025-09-10T15:54:18+00:00\" \/>\n<meta property=\"og:image\" content=\"https:\/\/nextgen-sn.com\/wp-content\/uploads\/2025\/09\/MB-203Y-P-HIKVISION.png.thumb_.1280.1280-1.webp\" \/>\n\t<meta property=\"og:image:width\" content=\"1280\" \/>\n\t<meta property=\"og:image:height\" content=\"1280\" \/>\n\t<meta property=\"og:image:type\" content=\"image\/webp\" \/>\n<meta name=\"twitter:card\" content=\"summary_large_image\" \/>\n<meta name=\"twitter:label1\" content=\"Dur\u00e9e de lecture estim\u00e9e\" \/>\n\t<meta name=\"twitter:data1\" content=\"1 minute\" \/>\n<script type=\"application\/ld+json\" class=\"yoast-schema-graph\">{\"@context\":\"https:\\\/\\\/schema.org\",\"@graph\":[{\"@type\":\"WebPage\",\"@id\":\"https:\\\/\\\/nextgen-sn.com\\\/?product=nvr-8-canaux\",\"url\":\"https:\\\/\\\/nextgen-sn.com\\\/?product=nvr-8-canaux\",\"name\":\"NVR 8 canaux - NEXT GEN GROUP\",\"isPartOf\":{\"@id\":\"https:\\\/\\\/nextgen-sn.com\\\/#website\"},\"primaryImageOfPage\":{\"@id\":\"https:\\\/\\\/nextgen-sn.com\\\/?product=nvr-8-canaux#primaryimage\"},\"image\":{\"@id\":\"https:\\\/\\\/nextgen-sn.com\\\/?product=nvr-8-canaux#primaryimage\"},\"thumbnailUrl\":\"https:\\\/\\\/nextgen-sn.com\\\/wp-content\\\/uploads\\\/2025\\\/09\\\/MB-203Y-P-HIKVISION.png.thumb_.1280.1280-1.webp\",\"datePublished\":\"2025-09-10T15:54:15+00:00\",\"dateModified\":\"2025-09-10T15:54:18+00:00\",\"breadcrumb\":{\"@id\":\"https:\\\/\\\/nextgen-sn.com\\\/?product=nvr-8-canaux#breadcrumb\"},\"inLanguage\":\"fr-FR\",\"potentialAction\":[{\"@type\":\"ReadAction\",\"target\":[\"https:\\\/\\\/nextgen-sn.com\\\/?product=nvr-8-canaux\"]}]},{\"@type\":\"ImageObject\",\"inLanguage\":\"fr-FR\",\"@id\":\"https:\\\/\\\/nextgen-sn.com\\\/?product=nvr-8-canaux#primaryimage\",\"url\":\"https:\\\/\\\/nextgen-sn.com\\\/wp-content\\\/uploads\\\/2025\\\/09\\\/MB-203Y-P-HIKVISION.png.thumb_.1280.1280-1.webp\",\"contentUrl\":\"https:\\\/\\\/nextgen-sn.com\\\/wp-content\\\/uploads\\\/2025\\\/09\\\/MB-203Y-P-HIKVISION.png.thumb_.1280.1280-1.webp\",\"width\":1280,\"height\":1280},{\"@type\":\"BreadcrumbList\",\"@id\":\"https:\\\/\\\/nextgen-sn.com\\\/?product=nvr-8-canaux#breadcrumb\",\"itemListElement\":[{\"@type\":\"ListItem\",\"position\":1,\"name\":\"Accueil\",\"item\":\"https:\\\/\\\/nextgen-sn.com\\\/\"},{\"@type\":\"ListItem\",\"position\":2,\"name\":\"Produits\",\"item\":\"https:\\\/\\\/nextgen-sn.com\\\/?post_type=product\"},{\"@type\":\"ListItem\",\"position\":3,\"name\":\"NVR 8 canaux\"}]},{\"@type\":\"WebSite\",\"@id\":\"https:\\\/\\\/nextgen-sn.com\\\/#website\",\"url\":\"https:\\\/\\\/nextgen-sn.com\\\/\",\"name\":\"NEXT GEN GROUP\",\"description\":\"Next Gen Group offre des services dans le domaine de l&#039;affichage gynamique\",\"publisher\":{\"@id\":\"https:\\\/\\\/nextgen-sn.com\\\/#organization\"},\"potentialAction\":[{\"@type\":\"SearchAction\",\"target\":{\"@type\":\"EntryPoint\",\"urlTemplate\":\"https:\\\/\\\/nextgen-sn.com\\\/?s={search_term_string}\"},\"query-input\":{\"@type\":\"PropertyValueSpecification\",\"valueRequired\":true,\"valueName\":\"search_term_string\"}}],\"inLanguage\":\"fr-FR\"},{\"@type\":\"Organization\",\"@id\":\"https:\\\/\\\/nextgen-sn.com\\\/#organization\",\"name\":\"NEXT GEN GROUP\",\"url\":\"https:\\\/\\\/nextgen-sn.com\\\/\",\"logo\":{\"@type\":\"ImageObject\",\"inLanguage\":\"fr-FR\",\"@id\":\"https:\\\/\\\/nextgen-sn.com\\\/#\\\/schema\\\/logo\\\/image\\\/\",\"url\":\"https:\\\/\\\/nextgen-sn.com\\\/wp-content\\\/uploads\\\/2025\\\/08\\\/Logo-Next-Gen.png\",\"contentUrl\":\"https:\\\/\\\/nextgen-sn.com\\\/wp-content\\\/uploads\\\/2025\\\/08\\\/Logo-Next-Gen.png\",\"width\":341,\"height\":149,\"caption\":\"NEXT GEN GROUP\"},\"image\":{\"@id\":\"https:\\\/\\\/nextgen-sn.com\\\/#\\\/schema\\\/logo\\\/image\\\/\"}}]}<\/script>\n<!-- \/ Yoast SEO plugin. -->","yoast_head_json":{"title":"NVR 8 canaux - NEXT GEN GROUP","robots":{"index":"index","follow":"follow","max-snippet":"max-snippet:-1","max-image-preview":"max-image-preview:large","max-video-preview":"max-video-preview:-1"},"canonical":"https:\/\/nextgen-sn.com\/?product=nvr-8-canaux","og_locale":"fr_FR","og_type":"article","og_title":"NVR 8 canaux - NEXT GEN GROUP","og_description":"NVR 8 canaux 1U 8 PoE 4K DS-7608NI-Q2\/8P Entr\u00e9es de cam\u00e9ra IP jusqu\u2019\u00e0 8 canaux Formats vid\u00e9o H.265+\/H.265\/H.264+\/H.264 Capacit\u00e9 de d\u00e9codage jusqu\u2019\u00e0 1 canal @ 8MP ou 5 canaux @ 1080P Jusqu\u2019\u00e0 80 Mbps de bande passante entrante D\u00e9tection De Mouvement 2.0 Analyse Homme\/V\u00e9hicule4 Vid\u00e9o Et Audio Entr\u00e9e Vid\u00e9o IP8-ch Sortie HDMI1 canal, 4K (4096 x 2160)\/30 Hz, 4K (3840 x 2160)\/30 Hz, 2K (2560 x 1440)\/60 Hz, 1920 x 1080\/60 Hz, 1600 x 1200\/60 Hz, 1280 x 1024\/60 Hz, 1280 x 720\/60 Hz Sortie VGA1 canal, 1920 \u00d7 1080\/60 Hz, 1280 \u00d7 1024\/60 Hz, 1280 \u00d7 720\/60 Hz Mode De Sortie Vid\u00e9oSortie simultan\u00e9e HDMI\/VGA Bande Passante Entrante80 Mbit\/s Bande Passante Sortante80 Mbit\/s Sortie Audio1 canal, RCA (Lin\u00e9aire, 1\u00a0K\u03a9) Audio Bidirectionnel1 canal, RCA (2,0 Vp-p, 1 k\u03a9) D\u00e9codage Format De D\u00e9codageH.265 +, H.265, H.264 +, H.264 Capacit\u00e9 De D\u00e9codage1 canal \u00e0 8 MP (30 ips)\/5 canaux \u00e0 1080p (30 ips) Lecture Synchrone8-ch R\u00e9solution D\u2019enregistrement8 MP\/6 MP\/5 MP\/4 MP\/3 MP\/1080p\/UXGA \/720p\/VGA\/4CIF\/DCIF\/ 2CIF\/CIF\/QCIF R\u00e9seau Protocole R\u00e9seauTCP\/IP, DHCP, Hik-Connect, DNS, DDNS, NTP, SADP, SMTP, NFS, iSCSI, UPnP\u2122, HTTPS Interface R\u00e9seau1, interface Ethernet auto-adaptative RJ-45 10\/100 Mbps PoE Interface8-ch Du Pouvoir\u2264 80W StandardIEEE 802.3 af\/at Interface Auxiliaire SATA2 Capacit\u00e9Jusqu\u2019\u00e0 8 To de capacit\u00e9 pour chaque disque Interface USB2 \u00d7 USB 2.0 G\u00e9n\u00e9ral Source De Courant48V |\u00a0,2.5A MAX Consommation\u2264 15W Temp\u00e9rature De Fonctionnement-10 \u00e0 +55\u00ba C (+14 \u00e0 +131\u00ba F) Humidit\u00e9 De Travail10 \u00e0 90 % Ch\u00e2ssisCh\u00e2ssis 1U Dimensions (L \u00d7 P \u00d7 H)385 \u00d7 315 \u00d7 52 mm (15,2\u2033 \u00d7 12,4\u2033 \u00d7 2,0\u2033) \u2264 2,6 kg (5,7 livres)","og_url":"https:\/\/nextgen-sn.com\/?product=nvr-8-canaux","og_site_name":"NEXT GEN GROUP","article_modified_time":"2025-09-10T15:54:18+00:00","og_image":[{"width":1280,"height":1280,"url":"https:\/\/nextgen-sn.com\/wp-content\/uploads\/2025\/09\/MB-203Y-P-HIKVISION.png.thumb_.1280.1280-1.webp","type":"image\/webp"}],"twitter_card":"summary_large_image","twitter_misc":{"Dur\u00e9e de lecture estim\u00e9e":"1 minute"},"schema":{"@context":"https:\/\/schema.org","@graph":[{"@type":"WebPage","@id":"https:\/\/nextgen-sn.com\/?product=nvr-8-canaux","url":"https:\/\/nextgen-sn.com\/?product=nvr-8-canaux","name":"NVR 8 canaux - NEXT GEN GROUP","isPartOf":{"@id":"https:\/\/nextgen-sn.com\/#website"},"primaryImageOfPage":{"@id":"https:\/\/nextgen-sn.com\/?product=nvr-8-canaux#primaryimage"},"image":{"@id":"https:\/\/nextgen-sn.com\/?product=nvr-8-canaux#primaryimage"},"thumbnailUrl":"https:\/\/nextgen-sn.com\/wp-content\/uploads\/2025\/09\/MB-203Y-P-HIKVISION.png.thumb_.1280.1280-1.webp","datePublished":"2025-09-10T15:54:15+00:00","dateModified":"2025-09-10T15:54:18+00:00","breadcrumb":{"@id":"https:\/\/nextgen-sn.com\/?product=nvr-8-canaux#breadcrumb"},"inLanguage":"fr-FR","potentialAction":[{"@type":"ReadAction","target":["https:\/\/nextgen-sn.com\/?product=nvr-8-canaux"]}]},{"@type":"ImageObject","inLanguage":"fr-FR","@id":"https:\/\/nextgen-sn.com\/?product=nvr-8-canaux#primaryimage","url":"https:\/\/nextgen-sn.com\/wp-content\/uploads\/2025\/09\/MB-203Y-P-HIKVISION.png.thumb_.1280.1280-1.webp","contentUrl":"https:\/\/nextgen-sn.com\/wp-content\/uploads\/2025\/09\/MB-203Y-P-HIKVISION.png.thumb_.1280.1280-1.webp","width":1280,"height":1280},{"@type":"BreadcrumbList","@id":"https:\/\/nextgen-sn.com\/?product=nvr-8-canaux#breadcrumb","itemListElement":[{"@type":"ListItem","position":1,"name":"Accueil","item":"https:\/\/nextgen-sn.com\/"},{"@type":"ListItem","position":2,"name":"Produits","item":"https:\/\/nextgen-sn.com\/?post_type=product"},{"@type":"ListItem","position":3,"name":"NVR 8 canaux"}]},{"@type":"WebSite","@id":"https:\/\/nextgen-sn.com\/#website","url":"https:\/\/nextgen-sn.com\/","name":"NEXT GEN GROUP","description":"Next Gen Group offre des services dans le domaine de l&#039;affichage gynamique","publisher":{"@id":"https:\/\/nextgen-sn.com\/#organization"},"potentialAction":[{"@type":"SearchAction","target":{"@type":"EntryPoint","urlTemplate":"https:\/\/nextgen-sn.com\/?s={search_term_string}"},"query-input":{"@type":"PropertyValueSpecification","valueRequired":true,"valueName":"search_term_string"}}],"inLanguage":"fr-FR"},{"@type":"Organization","@id":"https:\/\/nextgen-sn.com\/#organization","name":"NEXT GEN GROUP","url":"https:\/\/nextgen-sn.com\/","logo":{"@type":"ImageObject","inLanguage":"fr-FR","@id":"https:\/\/nextgen-sn.com\/#\/schema\/logo\/image\/","url":"https:\/\/nextgen-sn.com\/wp-content\/uploads\/2025\/08\/Logo-Next-Gen.png","contentUrl":"https:\/\/nextgen-sn.com\/wp-content\/uploads\/2025\/08\/Logo-Next-Gen.png","width":341,"height":149,"caption":"NEXT GEN GROUP"},"image":{"@id":"https:\/\/nextgen-sn.com\/#\/schema\/logo\/image\/"}}]}},"_links":{"self":[{"href":"https:\/\/nextgen-sn.com\/index.php?rest_route=\/wp\/v2\/product\/2783","targetHints":{"allow":["GET"]}}],"collection":[{"href":"https:\/\/nextgen-sn.com\/index.php?rest_route=\/wp\/v2\/product"}],"about":[{"href":"https:\/\/nextgen-sn.com\/index.php?rest_route=\/wp\/v2\/types\/product"}],"wp:featuredmedia":[{"embeddable":true,"href":"https:\/\/nextgen-sn.com\/index.php?rest_route=\/wp\/v2\/media\/2813"}],"wp:attachment":[{"href":"https:\/\/nextgen-sn.com\/index.php?rest_route=%2Fwp%2Fv2%2Fmedia&parent=2783"}],"wp:term":[{"taxonomy":"product_brand","embeddable":true,"href":"https:\/\/nextgen-sn.com\/index.php?rest_route=%2Fwp%2Fv2%2Fproduct_brand&post=2783"},{"taxonomy":"product_cat","embeddable":true,"href":"https:\/\/nextgen-sn.com\/index.php?rest_route=%2Fwp%2Fv2%2Fproduct_cat&post=2783"},{"taxonomy":"product_tag","embeddable":true,"href":"https:\/\/nextgen-sn.com\/index.php?rest_route=%2Fwp%2Fv2%2Fproduct_tag&post=2783"}],"curies":[{"name":"wp","href":"https:\/\/api.w.org\/{rel}","templated":true}]}}