{"id":2777,"date":"2025-09-10T15:54:15","date_gmt":"2025-09-10T15:54:15","guid":{"rendered":"https:\/\/nextgen.leden-shop.com\/?post_type=product&#038;p=2777"},"modified":"2025-09-10T15:54:17","modified_gmt":"2025-09-10T15:54:17","slug":"nvr-16-canaux","status":"publish","type":"product","link":"https:\/\/nextgen-sn.com\/?product=nvr-16-canaux","title":{"rendered":"NVR 16 canaux"},"content":{"rendered":"<p><strong>NVR 16 canaux 1U 4K DS-7616NI-Q2\/16P(STD)(C) HIKVISION<\/strong><\/p>\n<ul class=\"product_description_item-list\">\n<li class=\" product_description_item\">Entr\u00e9es de cam\u00e9ra IP jusqu\u2019\u00e0 16 canaux<\/li>\n<li class=\" product_description_item\">Formats vid\u00e9o H.265+\/H.265\/H.264+\/H.264<\/li>\n<li class=\" product_description_item\">Capacit\u00e9 de d\u00e9codage jusqu\u2019\u00e0 2 canaux \u00e0 8 MP ou 4 canaux \u00e0 4 MP ou 8 canaux \u00e0 1080p<\/li>\n<li class=\" product_description_item\">1 interfaces HDMI et 1 VGA, les deux interfaces prennent en charge une sortie vid\u00e9o ind\u00e9pendante<\/li>\n<li class=\" product_description_item\">2 interfaces SATA pour la connexion du disque dur (jusqu\u2019\u00e0 10 To de capacit\u00e9 par disque dur)<\/li>\n<li class=\" product_description_item\">Jusqu\u2019\u00e0 160 Mbps de bande passante entrante<\/li>\n<\/ul>\n<ul class=\"tech-specs-items-description\" data-target=\"Video and Audio\">\n<li class=\"tech-specs-items-description-list\"><span class=\"tech-specs-items-description__title--heading\">Vid\u00e9o Et Audio<\/span><\/li>\n<li class=\"tech-specs-items-description-list\"><span class=\"tech-specs-items-description__title\">Entr\u00e9e Vid\u00e9o IP<\/span><span class=\"tech-specs-items-description__title-details\">16-ch<\/span><\/li>\n<li class=\"tech-specs-items-description-list\"><span class=\"tech-specs-items-description__title\">Bande Passante Entrante<\/span><span class=\"tech-specs-items-description__title-details\">160 Mbit\/s<\/span><\/li>\n<li class=\"tech-specs-items-description-list\"><span class=\"tech-specs-items-description__title\">Bande Passante Sortante<\/span><span class=\"tech-specs-items-description__title-details\">160 Mbit\/s<\/span><\/li>\n<li class=\"tech-specs-items-description-list\"><span class=\"tech-specs-items-description__title\">Sortie HDMI<\/span><span class=\"tech-specs-items-description__title-details\">4K (3840 x 2160)\/30 Hz, 2K (2560 x 1440)\/60 Hz, 1920 x 1080\/60 Hz, 1600 x 1200\/60 Hz, 1280 x 1024\/60 Hz, 1280 x 720\/60 Hz<\/span><\/li>\n<li class=\"tech-specs-items-description-list\"><span class=\"tech-specs-items-description__title\">Sortie VGA<\/span><span class=\"tech-specs-items-description__title-details\">1920 x 1080\/60 Hz, 1280 x 1024\/60 Hz, 1280 x 720\/60 Hz<\/span><\/li>\n<li class=\"tech-specs-items-description-list\"><span class=\"tech-specs-items-description__title\">Mode De Sortie Vid\u00e9o<\/span><span class=\"tech-specs-items-description__title-details\">Sortie ind\u00e9pendante HDMI\/VGA<\/span><\/li>\n<li class=\"tech-specs-items-description-list\"><span class=\"tech-specs-items-description__title\">Entr\u00e9e Audio<\/span><span class=\"tech-specs-items-description__title-details\">1 canal, RCA (2,0\u00a0Vp-p, 1\u00a0K\u03a9)<\/span><\/li>\n<li class=\"tech-specs-items-description-list\"><span class=\"tech-specs-items-description__title\">Sortie Audio<\/span><span class=\"tech-specs-items-description__title-details\">1 canal, RCA (Lin\u00e9aire, 1\u00a0K\u03a9)<\/span><\/li>\n<li class=\"tech-specs-items-description-list\"><span class=\"tech-specs-items-description__title\">Audio Bidirectionnel<\/span><span class=\"tech-specs-items-description__title-details\">1 canal, RCA (2,0 Vp-p, 1k\u03a9, en utilisant l\u2019entr\u00e9e audio)<\/span><\/li>\n<\/ul>\n<ul class=\"tech-specs-items-description\" data-target=\"Decoding\">\n<li class=\"tech-specs-items-description-list\"><span class=\"tech-specs-items-description__title--heading\">D\u00e9codage<\/span><\/li>\n<li class=\"tech-specs-items-description-list\"><span class=\"tech-specs-items-description__title\">Format De D\u00e9codage<\/span><span class=\"tech-specs-items-description__title-details\">H.265\/H.265+\/H.264\/H.264+<\/span><\/li>\n<li class=\"tech-specs-items-description-list\"><span class=\"tech-specs-items-description__title\">R\u00e9solution D\u2019enregistrement<\/span><span class=\"tech-specs-items-description__title-details\">12 MP\/8 MP\/6 MP\/5 MP\/4 MP\/3 MP\/1080p\/UXGA\/720p\/VGA\/4CIF\/DCIF\/2CIF\/CIF\/QCIF<\/span><\/li>\n<li class=\"tech-specs-items-description-list\"><span class=\"tech-specs-items-description__title\">Lecture Synchrone<\/span><span class=\"tech-specs-items-description__title-details\">16-ch<\/span><\/li>\n<li class=\"tech-specs-items-description-list\"><span class=\"tech-specs-items-description__title\">Capacit\u00e9 De D\u00e9codage<\/span><span class=\"tech-specs-items-description__title-details\">1 canal \u00e0 12 MP (30 ips)\/2 canaux \u00e0 8 MP (30 ips)\/4 canaux \u00e0 4 MP (30 ips)\/8 canaux \u00e0 1080p (30 ips)<\/span><\/li>\n<li class=\"tech-specs-items-description-list\"><span class=\"tech-specs-items-description__title\">Type De Flux<\/span><span class=\"tech-specs-items-description__title-details\">Vid\u00e9o, vid\u00e9o et audio<\/span><\/li>\n<li class=\"tech-specs-items-description-list\"><span class=\"tech-specs-items-description__title\">Compression Audio<\/span><span class=\"tech-specs-items-description__title-details\">G.711ulaw\/G.711alaw\/G.722\/G.726<\/span><\/li>\n<\/ul>\n<ul class=\"tech-specs-items-description\" data-target=\"Network\">\n<li class=\"tech-specs-items-description-list\"><span class=\"tech-specs-items-description__title--heading\">R\u00e9seau<\/span><\/li>\n<li class=\"tech-specs-items-description-list\"><span class=\"tech-specs-items-description__title\">Connexion \u00c0 Distance<\/span><span class=\"tech-specs-items-description__title-details\">128 canaux<\/span><\/li>\n<li class=\"tech-specs-items-description-list\"><span class=\"tech-specs-items-description__title\">Protocole R\u00e9seau<\/span><span class=\"tech-specs-items-description__title-details\">TCP\/IP, DHCP, IPv4, IPv6, DNS, DDNS, NTP, RTSP, SADP, SMTP, SNMP, NFS, iSCSI, ISUP, UPnP\u2122, HTTP, HTTPS<\/span><\/li>\n<li class=\"tech-specs-items-description-list\"><span class=\"tech-specs-items-description__title\">Interface R\u00e9seau<\/span><span class=\"tech-specs-items-description__title-details\">1, interface Ethernet auto-adaptative RJ-45 10\/100\/1000 Mbps<\/span><\/li>\n<\/ul>\n<ul class=\"tech-specs-items-description\" data-target=\"Auxiliary Interface\">\n<li class=\"tech-specs-items-description-list\"><span class=\"tech-specs-items-description__title--heading\">Interface Auxiliaire<\/span><\/li>\n<li class=\"tech-specs-items-description-list\"><span class=\"tech-specs-items-description__title\">HEURES<\/span><span class=\"tech-specs-items-description__title-details\">2 interfaces SATA<\/span><\/li>\n<li class=\"tech-specs-items-description-list\"><span class=\"tech-specs-items-description__title\">Capacit\u00e9<\/span><span class=\"tech-specs-items-description__title-details\">Jusqu\u2019\u00e0 10 To de capacit\u00e9 pour chaque disque dur<\/span><\/li>\n<li class=\"tech-specs-items-description-list\"><span class=\"tech-specs-items-description__title\">Interface USB<\/span><span class=\"tech-specs-items-description__title-details\">Panneau avant : 1 \u00d7 USB 2.0 ;\u00a0Panneau arri\u00e8re : 1 \u00d7 USB 2.0<\/span><\/li>\n<li class=\"tech-specs-items-description-list\"><span class=\"tech-specs-items-description__title\">Entr\u00e9e\/Sortie D\u2019alarme<\/span><span class=\"tech-specs-items-description__title-details\">4\/1<\/span><\/li>\n<\/ul>\n<ul class=\"tech-specs-items-description\" data-target=\"General\">\n<li class=\"tech-specs-items-description-list\"><span class=\"tech-specs-items-description__title--heading\">G\u00e9n\u00e9ral<\/span><\/li>\n<li class=\"tech-specs-items-description-list\"><span class=\"tech-specs-items-description__title\">Source De Courant<\/span><span class=\"tech-specs-items-description__title-details\">12 Vcc, 3,33 A<\/span><\/li>\n<li class=\"tech-specs-items-description-list\"><span class=\"tech-specs-items-description__title\">Consommation<\/span><span class=\"tech-specs-items-description__title-details\">\u2264 15 W (sans disque dur)<\/span><\/li>\n<li class=\"tech-specs-items-description-list\"><span class=\"tech-specs-items-description__title\">Temp\u00e9rature De Fonctionnement<\/span><span class=\"tech-specs-items-description__title-details\">-10 \u00b0C \u00e0 55 \u00b0C (14 \u00b0F \u00e0 131 \u00b0F)<\/span><\/li>\n<li class=\"tech-specs-items-description-list\"><span class=\"tech-specs-items-description__title\">Humidit\u00e9 De Travail<\/span><span class=\"tech-specs-items-description__title-details\">10 \u00e0 90 %<\/span><\/li>\n<li class=\"tech-specs-items-description-list\"><span class=\"tech-specs-items-description__title\">Dimension (W \u00d7 D \u00d7 H)<\/span><span class=\"tech-specs-items-description__title-details\">385 \u00d7 315 \u00d7 52 mm (15,2\u2033 \u00d7 12,4\u2033 \u00d7 2,0\u2033)<\/span><\/li>\n<li class=\"tech-specs-items-description-list\"><span class=\"tech-specs-items-description__title-details\">\u2264 1 kg (sans disque dur, 2,2 lb)<\/span><\/li>\n<\/ul>\n","protected":false},"excerpt":{"rendered":"<p class=\"tx-excerpt\">NVR 16 canaux 1U 4K DS-7616NI-Q2\/16P(STD)(C) HIKVISION Entr\u00e9es de cam\u00e9ra IP jusqu\u2019\u00e0 16 canaux Formats vid\u00e9o H.265+\/H.265\/H.264+\/H.264 Capacit\u00e9 de d\u00e9codage jusqu\u2019\u00e0 2 canaux \u00e0 8 MP ou 4 canaux \u00e0 4 MP ou 8 canaux...<\/p>","protected":false},"featured_media":2807,"template":"","meta":{"_joinchat":[]},"product_brand":[],"product_cat":[32],"product_tag":[],"class_list":{"0":"post-2777","1":"product","2":"type-product","3":"status-publish","4":"has-post-thumbnail","6":"product_cat-nvr","8":"first","9":"instock","10":"taxable","11":"shipping-taxable","12":"purchasable","13":"product-type-simple"},"yoast_head":"<!-- This site is optimized with the Yoast SEO plugin v27.4 - https:\/\/yoast.com\/product\/yoast-seo-wordpress\/ -->\n<title>NVR 16 canaux - NEXT GEN GROUP<\/title>\n<meta name=\"robots\" content=\"index, follow, max-snippet:-1, max-image-preview:large, max-video-preview:-1\" \/>\n<link rel=\"canonical\" href=\"https:\/\/nextgen-sn.com\/?product=nvr-16-canaux\" \/>\n<meta property=\"og:locale\" content=\"fr_FR\" \/>\n<meta property=\"og:type\" content=\"article\" \/>\n<meta property=\"og:title\" content=\"NVR 16 canaux - NEXT GEN GROUP\" \/>\n<meta property=\"og:description\" content=\"NVR 16 canaux 1U 4K DS-7616NI-Q2\/16P(STD)(C) HIKVISION Entr\u00e9es de cam\u00e9ra IP jusqu\u2019\u00e0 16 canaux Formats vid\u00e9o H.265+\/H.265\/H.264+\/H.264 Capacit\u00e9 de d\u00e9codage jusqu\u2019\u00e0 2 canaux \u00e0 8 MP ou 4 canaux \u00e0 4 MP ou 8 canaux \u00e0 1080p 1 interfaces HDMI et 1 VGA, les deux interfaces prennent en charge une sortie vid\u00e9o ind\u00e9pendante 2 interfaces SATA pour la connexion du disque dur (jusqu\u2019\u00e0 10 To de capacit\u00e9 par disque dur) Jusqu\u2019\u00e0 160 Mbps de bande passante entrante Vid\u00e9o Et Audio Entr\u00e9e Vid\u00e9o IP16-ch Bande Passante Entrante160 Mbit\/s Bande Passante Sortante160 Mbit\/s Sortie HDMI4K (3840 x 2160)\/30 Hz, 2K (2560 x 1440)\/60 Hz, 1920 x 1080\/60 Hz, 1600 x 1200\/60 Hz, 1280 x 1024\/60 Hz, 1280 x 720\/60 Hz Sortie VGA1920 x 1080\/60 Hz, 1280 x 1024\/60 Hz, 1280 x 720\/60 Hz Mode De Sortie Vid\u00e9oSortie ind\u00e9pendante HDMI\/VGA Entr\u00e9e Audio1 canal, RCA (2,0\u00a0Vp-p, 1\u00a0K\u03a9) Sortie Audio1 canal, RCA (Lin\u00e9aire, 1\u00a0K\u03a9) Audio Bidirectionnel1 canal, RCA (2,0 Vp-p, 1k\u03a9, en utilisant l\u2019entr\u00e9e audio) D\u00e9codage Format De D\u00e9codageH.265\/H.265+\/H.264\/H.264+ R\u00e9solution D\u2019enregistrement12 MP\/8 MP\/6 MP\/5 MP\/4 MP\/3 MP\/1080p\/UXGA\/720p\/VGA\/4CIF\/DCIF\/2CIF\/CIF\/QCIF Lecture Synchrone16-ch Capacit\u00e9 De D\u00e9codage1 canal \u00e0 12 MP (30 ips)\/2 canaux \u00e0 8 MP (30 ips)\/4 canaux \u00e0 4 MP (30 ips)\/8 canaux \u00e0 1080p (30 ips) Type De FluxVid\u00e9o, vid\u00e9o et audio Compression AudioG.711ulaw\/G.711alaw\/G.722\/G.726 R\u00e9seau Connexion \u00c0 Distance128 canaux Protocole R\u00e9seauTCP\/IP, DHCP, IPv4, IPv6, DNS, DDNS, NTP, RTSP, SADP, SMTP, SNMP, NFS, iSCSI, ISUP, UPnP\u2122, HTTP, HTTPS Interface R\u00e9seau1, interface Ethernet auto-adaptative RJ-45 10\/100\/1000 Mbps Interface Auxiliaire HEURES2 interfaces SATA Capacit\u00e9Jusqu\u2019\u00e0 10 To de capacit\u00e9 pour chaque disque dur Interface USBPanneau avant : 1 \u00d7 USB 2.0 ;\u00a0Panneau arri\u00e8re : 1 \u00d7 USB 2.0 Entr\u00e9e\/Sortie D\u2019alarme4\/1 G\u00e9n\u00e9ral Source De Courant12 Vcc, 3,33 A Consommation\u2264 15 W (sans disque dur) Temp\u00e9rature De Fonctionnement-10 \u00b0C \u00e0 55 \u00b0C (14 \u00b0F \u00e0 131 \u00b0F) Humidit\u00e9 De Travail10 \u00e0 90 % Dimension (W \u00d7 D \u00d7 H)385 \u00d7 315 \u00d7 52 mm (15,2\u2033 \u00d7 12,4\u2033 \u00d7 2,0\u2033) \u2264 1 kg (sans disque dur, 2,2 lb)\" \/>\n<meta property=\"og:url\" content=\"https:\/\/nextgen-sn.com\/?product=nvr-16-canaux\" \/>\n<meta property=\"og:site_name\" content=\"NEXT GEN GROUP\" \/>\n<meta property=\"article:modified_time\" content=\"2025-09-10T15:54:17+00:00\" \/>\n<meta property=\"og:image\" content=\"https:\/\/nextgen-sn.com\/wp-content\/uploads\/2025\/09\/MB-203Y-P-HIKVISION.png.thumb_.1280.1280.webp\" \/>\n\t<meta property=\"og:image:width\" content=\"1280\" \/>\n\t<meta property=\"og:image:height\" content=\"1280\" \/>\n\t<meta property=\"og:image:type\" content=\"image\/webp\" \/>\n<meta name=\"twitter:card\" content=\"summary_large_image\" \/>\n<meta name=\"twitter:label1\" content=\"Dur\u00e9e de lecture estim\u00e9e\" \/>\n\t<meta name=\"twitter:data1\" content=\"2 minutes\" \/>\n<script type=\"application\/ld+json\" class=\"yoast-schema-graph\">{\"@context\":\"https:\\\/\\\/schema.org\",\"@graph\":[{\"@type\":\"WebPage\",\"@id\":\"https:\\\/\\\/nextgen-sn.com\\\/?product=nvr-16-canaux\",\"url\":\"https:\\\/\\\/nextgen-sn.com\\\/?product=nvr-16-canaux\",\"name\":\"NVR 16 canaux - NEXT GEN GROUP\",\"isPartOf\":{\"@id\":\"https:\\\/\\\/nextgen-sn.com\\\/#website\"},\"primaryImageOfPage\":{\"@id\":\"https:\\\/\\\/nextgen-sn.com\\\/?product=nvr-16-canaux#primaryimage\"},\"image\":{\"@id\":\"https:\\\/\\\/nextgen-sn.com\\\/?product=nvr-16-canaux#primaryimage\"},\"thumbnailUrl\":\"https:\\\/\\\/nextgen-sn.com\\\/wp-content\\\/uploads\\\/2025\\\/09\\\/MB-203Y-P-HIKVISION.png.thumb_.1280.1280.webp\",\"datePublished\":\"2025-09-10T15:54:15+00:00\",\"dateModified\":\"2025-09-10T15:54:17+00:00\",\"breadcrumb\":{\"@id\":\"https:\\\/\\\/nextgen-sn.com\\\/?product=nvr-16-canaux#breadcrumb\"},\"inLanguage\":\"fr-FR\",\"potentialAction\":[{\"@type\":\"ReadAction\",\"target\":[\"https:\\\/\\\/nextgen-sn.com\\\/?product=nvr-16-canaux\"]}]},{\"@type\":\"ImageObject\",\"inLanguage\":\"fr-FR\",\"@id\":\"https:\\\/\\\/nextgen-sn.com\\\/?product=nvr-16-canaux#primaryimage\",\"url\":\"https:\\\/\\\/nextgen-sn.com\\\/wp-content\\\/uploads\\\/2025\\\/09\\\/MB-203Y-P-HIKVISION.png.thumb_.1280.1280.webp\",\"contentUrl\":\"https:\\\/\\\/nextgen-sn.com\\\/wp-content\\\/uploads\\\/2025\\\/09\\\/MB-203Y-P-HIKVISION.png.thumb_.1280.1280.webp\",\"width\":1280,\"height\":1280},{\"@type\":\"BreadcrumbList\",\"@id\":\"https:\\\/\\\/nextgen-sn.com\\\/?product=nvr-16-canaux#breadcrumb\",\"itemListElement\":[{\"@type\":\"ListItem\",\"position\":1,\"name\":\"Accueil\",\"item\":\"https:\\\/\\\/nextgen-sn.com\\\/\"},{\"@type\":\"ListItem\",\"position\":2,\"name\":\"Produits\",\"item\":\"https:\\\/\\\/nextgen-sn.com\\\/?post_type=product\"},{\"@type\":\"ListItem\",\"position\":3,\"name\":\"NVR 16 canaux\"}]},{\"@type\":\"WebSite\",\"@id\":\"https:\\\/\\\/nextgen-sn.com\\\/#website\",\"url\":\"https:\\\/\\\/nextgen-sn.com\\\/\",\"name\":\"NEXT GEN GROUP\",\"description\":\"Next Gen Group offre des services dans le domaine de l&#039;affichage gynamique\",\"publisher\":{\"@id\":\"https:\\\/\\\/nextgen-sn.com\\\/#organization\"},\"potentialAction\":[{\"@type\":\"SearchAction\",\"target\":{\"@type\":\"EntryPoint\",\"urlTemplate\":\"https:\\\/\\\/nextgen-sn.com\\\/?s={search_term_string}\"},\"query-input\":{\"@type\":\"PropertyValueSpecification\",\"valueRequired\":true,\"valueName\":\"search_term_string\"}}],\"inLanguage\":\"fr-FR\"},{\"@type\":\"Organization\",\"@id\":\"https:\\\/\\\/nextgen-sn.com\\\/#organization\",\"name\":\"NEXT GEN GROUP\",\"url\":\"https:\\\/\\\/nextgen-sn.com\\\/\",\"logo\":{\"@type\":\"ImageObject\",\"inLanguage\":\"fr-FR\",\"@id\":\"https:\\\/\\\/nextgen-sn.com\\\/#\\\/schema\\\/logo\\\/image\\\/\",\"url\":\"https:\\\/\\\/nextgen-sn.com\\\/wp-content\\\/uploads\\\/2025\\\/08\\\/Logo-Next-Gen.png\",\"contentUrl\":\"https:\\\/\\\/nextgen-sn.com\\\/wp-content\\\/uploads\\\/2025\\\/08\\\/Logo-Next-Gen.png\",\"width\":341,\"height\":149,\"caption\":\"NEXT GEN GROUP\"},\"image\":{\"@id\":\"https:\\\/\\\/nextgen-sn.com\\\/#\\\/schema\\\/logo\\\/image\\\/\"}}]}<\/script>\n<!-- \/ Yoast SEO plugin. -->","yoast_head_json":{"title":"NVR 16 canaux - NEXT GEN GROUP","robots":{"index":"index","follow":"follow","max-snippet":"max-snippet:-1","max-image-preview":"max-image-preview:large","max-video-preview":"max-video-preview:-1"},"canonical":"https:\/\/nextgen-sn.com\/?product=nvr-16-canaux","og_locale":"fr_FR","og_type":"article","og_title":"NVR 16 canaux - NEXT GEN GROUP","og_description":"NVR 16 canaux 1U 4K DS-7616NI-Q2\/16P(STD)(C) HIKVISION Entr\u00e9es de cam\u00e9ra IP jusqu\u2019\u00e0 16 canaux Formats vid\u00e9o H.265+\/H.265\/H.264+\/H.264 Capacit\u00e9 de d\u00e9codage jusqu\u2019\u00e0 2 canaux \u00e0 8 MP ou 4 canaux \u00e0 4 MP ou 8 canaux \u00e0 1080p 1 interfaces HDMI et 1 VGA, les deux interfaces prennent en charge une sortie vid\u00e9o ind\u00e9pendante 2 interfaces SATA pour la connexion du disque dur (jusqu\u2019\u00e0 10 To de capacit\u00e9 par disque dur) Jusqu\u2019\u00e0 160 Mbps de bande passante entrante Vid\u00e9o Et Audio Entr\u00e9e Vid\u00e9o IP16-ch Bande Passante Entrante160 Mbit\/s Bande Passante Sortante160 Mbit\/s Sortie HDMI4K (3840 x 2160)\/30 Hz, 2K (2560 x 1440)\/60 Hz, 1920 x 1080\/60 Hz, 1600 x 1200\/60 Hz, 1280 x 1024\/60 Hz, 1280 x 720\/60 Hz Sortie VGA1920 x 1080\/60 Hz, 1280 x 1024\/60 Hz, 1280 x 720\/60 Hz Mode De Sortie Vid\u00e9oSortie ind\u00e9pendante HDMI\/VGA Entr\u00e9e Audio1 canal, RCA (2,0\u00a0Vp-p, 1\u00a0K\u03a9) Sortie Audio1 canal, RCA (Lin\u00e9aire, 1\u00a0K\u03a9) Audio Bidirectionnel1 canal, RCA (2,0 Vp-p, 1k\u03a9, en utilisant l\u2019entr\u00e9e audio) D\u00e9codage Format De D\u00e9codageH.265\/H.265+\/H.264\/H.264+ R\u00e9solution D\u2019enregistrement12 MP\/8 MP\/6 MP\/5 MP\/4 MP\/3 MP\/1080p\/UXGA\/720p\/VGA\/4CIF\/DCIF\/2CIF\/CIF\/QCIF Lecture Synchrone16-ch Capacit\u00e9 De D\u00e9codage1 canal \u00e0 12 MP (30 ips)\/2 canaux \u00e0 8 MP (30 ips)\/4 canaux \u00e0 4 MP (30 ips)\/8 canaux \u00e0 1080p (30 ips) Type De FluxVid\u00e9o, vid\u00e9o et audio Compression AudioG.711ulaw\/G.711alaw\/G.722\/G.726 R\u00e9seau Connexion \u00c0 Distance128 canaux Protocole R\u00e9seauTCP\/IP, DHCP, IPv4, IPv6, DNS, DDNS, NTP, RTSP, SADP, SMTP, SNMP, NFS, iSCSI, ISUP, UPnP\u2122, HTTP, HTTPS Interface R\u00e9seau1, interface Ethernet auto-adaptative RJ-45 10\/100\/1000 Mbps Interface Auxiliaire HEURES2 interfaces SATA Capacit\u00e9Jusqu\u2019\u00e0 10 To de capacit\u00e9 pour chaque disque dur Interface USBPanneau avant : 1 \u00d7 USB 2.0 ;\u00a0Panneau arri\u00e8re : 1 \u00d7 USB 2.0 Entr\u00e9e\/Sortie D\u2019alarme4\/1 G\u00e9n\u00e9ral Source De Courant12 Vcc, 3,33 A Consommation\u2264 15 W (sans disque dur) Temp\u00e9rature De Fonctionnement-10 \u00b0C \u00e0 55 \u00b0C (14 \u00b0F \u00e0 131 \u00b0F) Humidit\u00e9 De Travail10 \u00e0 90 % Dimension (W \u00d7 D \u00d7 H)385 \u00d7 315 \u00d7 52 mm (15,2\u2033 \u00d7 12,4\u2033 \u00d7 2,0\u2033) \u2264 1 kg (sans disque dur, 2,2 lb)","og_url":"https:\/\/nextgen-sn.com\/?product=nvr-16-canaux","og_site_name":"NEXT GEN GROUP","article_modified_time":"2025-09-10T15:54:17+00:00","og_image":[{"width":1280,"height":1280,"url":"https:\/\/nextgen-sn.com\/wp-content\/uploads\/2025\/09\/MB-203Y-P-HIKVISION.png.thumb_.1280.1280.webp","type":"image\/webp"}],"twitter_card":"summary_large_image","twitter_misc":{"Dur\u00e9e de lecture estim\u00e9e":"2 minutes"},"schema":{"@context":"https:\/\/schema.org","@graph":[{"@type":"WebPage","@id":"https:\/\/nextgen-sn.com\/?product=nvr-16-canaux","url":"https:\/\/nextgen-sn.com\/?product=nvr-16-canaux","name":"NVR 16 canaux - NEXT GEN GROUP","isPartOf":{"@id":"https:\/\/nextgen-sn.com\/#website"},"primaryImageOfPage":{"@id":"https:\/\/nextgen-sn.com\/?product=nvr-16-canaux#primaryimage"},"image":{"@id":"https:\/\/nextgen-sn.com\/?product=nvr-16-canaux#primaryimage"},"thumbnailUrl":"https:\/\/nextgen-sn.com\/wp-content\/uploads\/2025\/09\/MB-203Y-P-HIKVISION.png.thumb_.1280.1280.webp","datePublished":"2025-09-10T15:54:15+00:00","dateModified":"2025-09-10T15:54:17+00:00","breadcrumb":{"@id":"https:\/\/nextgen-sn.com\/?product=nvr-16-canaux#breadcrumb"},"inLanguage":"fr-FR","potentialAction":[{"@type":"ReadAction","target":["https:\/\/nextgen-sn.com\/?product=nvr-16-canaux"]}]},{"@type":"ImageObject","inLanguage":"fr-FR","@id":"https:\/\/nextgen-sn.com\/?product=nvr-16-canaux#primaryimage","url":"https:\/\/nextgen-sn.com\/wp-content\/uploads\/2025\/09\/MB-203Y-P-HIKVISION.png.thumb_.1280.1280.webp","contentUrl":"https:\/\/nextgen-sn.com\/wp-content\/uploads\/2025\/09\/MB-203Y-P-HIKVISION.png.thumb_.1280.1280.webp","width":1280,"height":1280},{"@type":"BreadcrumbList","@id":"https:\/\/nextgen-sn.com\/?product=nvr-16-canaux#breadcrumb","itemListElement":[{"@type":"ListItem","position":1,"name":"Accueil","item":"https:\/\/nextgen-sn.com\/"},{"@type":"ListItem","position":2,"name":"Produits","item":"https:\/\/nextgen-sn.com\/?post_type=product"},{"@type":"ListItem","position":3,"name":"NVR 16 canaux"}]},{"@type":"WebSite","@id":"https:\/\/nextgen-sn.com\/#website","url":"https:\/\/nextgen-sn.com\/","name":"NEXT GEN GROUP","description":"Next Gen Group offre des services dans le domaine de l&#039;affichage gynamique","publisher":{"@id":"https:\/\/nextgen-sn.com\/#organization"},"potentialAction":[{"@type":"SearchAction","target":{"@type":"EntryPoint","urlTemplate":"https:\/\/nextgen-sn.com\/?s={search_term_string}"},"query-input":{"@type":"PropertyValueSpecification","valueRequired":true,"valueName":"search_term_string"}}],"inLanguage":"fr-FR"},{"@type":"Organization","@id":"https:\/\/nextgen-sn.com\/#organization","name":"NEXT GEN GROUP","url":"https:\/\/nextgen-sn.com\/","logo":{"@type":"ImageObject","inLanguage":"fr-FR","@id":"https:\/\/nextgen-sn.com\/#\/schema\/logo\/image\/","url":"https:\/\/nextgen-sn.com\/wp-content\/uploads\/2025\/08\/Logo-Next-Gen.png","contentUrl":"https:\/\/nextgen-sn.com\/wp-content\/uploads\/2025\/08\/Logo-Next-Gen.png","width":341,"height":149,"caption":"NEXT GEN GROUP"},"image":{"@id":"https:\/\/nextgen-sn.com\/#\/schema\/logo\/image\/"}}]}},"_links":{"self":[{"href":"https:\/\/nextgen-sn.com\/index.php?rest_route=\/wp\/v2\/product\/2777","targetHints":{"allow":["GET"]}}],"collection":[{"href":"https:\/\/nextgen-sn.com\/index.php?rest_route=\/wp\/v2\/product"}],"about":[{"href":"https:\/\/nextgen-sn.com\/index.php?rest_route=\/wp\/v2\/types\/product"}],"wp:featuredmedia":[{"embeddable":true,"href":"https:\/\/nextgen-sn.com\/index.php?rest_route=\/wp\/v2\/media\/2807"}],"wp:attachment":[{"href":"https:\/\/nextgen-sn.com\/index.php?rest_route=%2Fwp%2Fv2%2Fmedia&parent=2777"}],"wp:term":[{"taxonomy":"product_brand","embeddable":true,"href":"https:\/\/nextgen-sn.com\/index.php?rest_route=%2Fwp%2Fv2%2Fproduct_brand&post=2777"},{"taxonomy":"product_cat","embeddable":true,"href":"https:\/\/nextgen-sn.com\/index.php?rest_route=%2Fwp%2Fv2%2Fproduct_cat&post=2777"},{"taxonomy":"product_tag","embeddable":true,"href":"https:\/\/nextgen-sn.com\/index.php?rest_route=%2Fwp%2Fv2%2Fproduct_tag&post=2777"}],"curies":[{"name":"wp","href":"https:\/\/api.w.org\/{rel}","templated":true}]}}