{"id":2776,"date":"2025-09-10T15:54:15","date_gmt":"2025-09-10T15:54:15","guid":{"rendered":"https:\/\/nextgen.leden-shop.com\/?post_type=product&#038;p=2776"},"modified":"2025-09-10T15:54:17","modified_gmt":"2025-09-10T15:54:17","slug":"enregistreur-nvr-4-canaux-poe-4-mpx","status":"publish","type":"product","link":"https:\/\/nextgen-sn.com\/?product=enregistreur-nvr-4-canaux-poe-4-mpx","title":{"rendered":"Enregistreur NVR 4 Canaux PoE, 4 Mpx"},"content":{"rendered":"<div class=\"col-lg-12\">\n<div class=\"product-tabs tabs\">\n<div id=\"tab-content\" class=\"tab-content\">\n<div id=\"description\" class=\"tab-pane fade in active\">\n<div class=\"product-description\">\n<p>Fabricant :\u00a0Hikvision<\/p>\n<ul class=\"article_list\">\n<li>Enregistreur NVR pour cam\u00e9ras IP<\/li>\n<li>4 CH PoE 36 W<\/li>\n<li>R\u00e9solution maximale 4 Mpx<\/li>\n<li>Bande passante entrante support\u00e9e 40 Mbps<\/li>\n<li>Compression H.265+\/H.265\/H.264+\/H.264<\/li>\n<li>Sortie HDMI FullHD et VGA<\/li>\n<li>Acc\u00e8s IP Double Flux<\/li>\n<li>Souris<\/li>\n<li>Espace pour 1 disque dur<\/li>\n<li>Interface WEB, CMS et Smartphone<\/li>\n<li>Compatible avec ONVIF<\/li>\n<\/ul>\n<div class=\"table-responsive\">\n<table class=\"specs\" border=\"0\" cellspacing=\"0\" cellpadding=\"0\">\n<tbody>\n<tr class=\"table-data\" align=\"left\" valign=\"middle\">\n<td><strong>Marque<\/strong><\/td>\n<td>Hikvision<\/td>\n<\/tr>\n<tr class=\"table-data\" align=\"left\" valign=\"middle\">\n<td><strong>Gamme<\/strong><\/td>\n<td>VALUE<\/td>\n<\/tr>\n<tr class=\"table-data\" align=\"left\" valign=\"middle\">\n<td><strong>Entr\u00e9es pour cam\u00e9ras IP<\/strong><\/td>\n<td>Switch de 4 ports PoE IEEE802.3af\/at (max. 36 W)<\/td>\n<\/tr>\n<tr class=\"table-data\" align=\"left\" valign=\"middle\">\n<td><strong>Alimentation PoE<\/strong><\/td>\n<td>4 (Max. 36 W)<\/td>\n<\/tr>\n<tr class=\"table-data\" align=\"left\" valign=\"middle\">\n<td><strong>Cam\u00e9ras IP compatibles<\/strong><\/td>\n<td>HIKVISION (protocole natif), ONVIF<\/td>\n<\/tr>\n<tr class=\"table-data\" align=\"left\" valign=\"middle\">\n<td><strong>Sorties vid\u00e9o<\/strong><\/td>\n<td>1xHDMI FullHD, 1xVGA simultan\u00e9s<\/td>\n<\/tr>\n<tr class=\"table-data\" align=\"left\" valign=\"middle\">\n<td><strong>Format de compression vid\u00e9o<\/strong><\/td>\n<td>H.265+ \/ H.265 \/ H.264+ \/ H.264<\/td>\n<\/tr>\n<tr class=\"table-data\" align=\"left\" valign=\"middle\">\n<td><strong>R\u00e9solution d&rsquo;affichage<\/strong><\/td>\n<td>HDMI: 1920&#215;1080, 1280&#215;1024, 1280&#215;720, 1024&#215;768<br \/>\nVGA: 1920&#215;1080, 1280&#215;1024, 1280&#215;720, 1024&#215;768<\/td>\n<\/tr>\n<tr class=\"table-data\" align=\"left\" valign=\"middle\">\n<td><strong>Bande passante totale<\/strong><\/td>\n<td>40 Mbps entr\u00e9e \/ 60 Mbps sortie<\/td>\n<\/tr>\n<tr class=\"table-data\" align=\"left\" valign=\"middle\">\n<td><strong>Type de flux<\/strong><\/td>\n<td>Vid\u00e9o \/ Vid\u00e9o + Audio<\/td>\n<\/tr>\n<tr class=\"table-data\" align=\"left\" valign=\"middle\">\n<td><strong>Enregistrement flux principal<\/strong><\/td>\n<td>4MP \/3MP \/1080P \/UXGA \/720P \/VGA \/4CIF \/DCIF \/2CIF \/CIF \/QCIF<\/td>\n<\/tr>\n<tr class=\"table-data\" align=\"left\" valign=\"middle\">\n<td><strong>Capacit\u00e9 de d\u00e9codage<\/strong><\/td>\n<td>2CH@4MPx, 4CH@1080p<\/td>\n<\/tr>\n<tr class=\"table-data\" align=\"left\" valign=\"middle\">\n<td><strong>Fonctionnement simultan\u00e9<\/strong><\/td>\n<td>Pentaplex : Direct, Enregistrement, Lecture, Sauvegarde et Acc\u00e8s \u00e0 distance<\/td>\n<\/tr>\n<tr class=\"table-data\" align=\"left\" valign=\"middle\">\n<td><strong>Alarmes<\/strong><\/td>\n<td>Non disponible<\/td>\n<\/tr>\n<tr class=\"table-data\" align=\"left\" valign=\"middle\">\n<td><strong>M\u00e9thode d&rsquo;enregistrement<\/strong><\/td>\n<td>Manuelle, programm\u00e9e, d\u00e9tection de mouvement<\/td>\n<\/tr>\n<tr class=\"table-data\" align=\"left\" valign=\"middle\">\n<td><strong>Sauvegarde externe<\/strong><\/td>\n<td>M\u00e9moire USB \/ HDD USB \/ CD-RW USB \/ DVR-RW USB<\/td>\n<\/tr>\n<tr class=\"table-data\" align=\"left\" valign=\"middle\">\n<td><strong>Acc\u00e8s \u00e0 distance<\/strong><\/td>\n<td>Navigateur Web, App Smartphone Hik-Connect, Logiciel PC iVMS-4200 et Hik-Central<\/td>\n<\/tr>\n<tr class=\"table-data\" align=\"left\" valign=\"middle\">\n<td><strong>Connexions \u00e0 distance<\/strong><\/td>\n<td>16<\/td>\n<\/tr>\n<tr class=\"table-data\" align=\"left\" valign=\"middle\">\n<td><strong>Stockage interne<\/strong><\/td>\n<td>1 HDD SATA 3.5&Prime; jusqu&rsquo;\u00e0 6 To (non inclus)<\/td>\n<\/tr>\n<tr class=\"table-data\" align=\"left\" valign=\"middle\">\n<td><strong>Communication<\/strong><\/td>\n<td>2 x USB 2.0 (Arri\u00e8re) \/ 1 x RJ45 10\/100M (Ethernet)<\/td>\n<\/tr>\n<tr class=\"table-data\" align=\"left\" valign=\"middle\">\n<td><strong>Alimentation<\/strong><\/td>\n<td>DC 48 V \/ 1 A, \u2264 10 W (sans HDD)<\/td>\n<\/tr>\n<tr class=\"table-data\" align=\"left\" valign=\"middle\">\n<td><strong>Temp\u00e9rature de fonctionnement<\/strong><\/td>\n<td>-10\u00baC ~ 55\u00baC (10%-90% Humidit\u00e9)<\/td>\n<\/tr>\n<tr class=\"table-data\" align=\"left\" valign=\"middle\">\n<td><strong>Dimensions \/ Poids<\/strong><\/td>\n<td>48 (H) x 265 (L) x 225 (P) mm \/ 1 Kg (sans HDD)<\/td>\n<\/tr>\n<\/tbody>\n<\/table>\n<\/div>\n<\/div>\n<\/div>\n<\/div>\n<\/div>\n<\/div>\n<div class=\"col-lg-12\">\n<div id=\"product-details\"><\/div>\n<\/div>\n","protected":false},"excerpt":{"rendered":"<p class=\"tx-excerpt\">Fabricant :\u00a0Hikvision Enregistreur NVR pour cam\u00e9ras IP 4 CH PoE 36 W R\u00e9solution maximale 4 Mpx Bande passante entrante support\u00e9e 40 Mbps Compression H.265+\/H.265\/H.264+\/H.264 Sortie HDMI FullHD et VGA Acc\u00e8s IP Double Flux Souris Espace...<\/p>","protected":false},"featured_media":2806,"template":"","meta":{"_joinchat":[]},"product_brand":[],"product_cat":[32],"product_tag":[],"class_list":{"0":"post-2776","1":"product","2":"type-product","3":"status-publish","4":"has-post-thumbnail","6":"product_cat-nvr","8":"first","9":"instock","10":"taxable","11":"shipping-taxable","12":"purchasable","13":"product-type-simple"},"yoast_head":"<!-- This site is optimized with the Yoast SEO plugin v27.4 - https:\/\/yoast.com\/product\/yoast-seo-wordpress\/ -->\n<title>Enregistreur NVR 4 Canaux PoE, 4 Mpx - NEXT GEN GROUP<\/title>\n<meta name=\"robots\" content=\"index, follow, max-snippet:-1, max-image-preview:large, max-video-preview:-1\" \/>\n<link rel=\"canonical\" href=\"https:\/\/nextgen-sn.com\/?product=enregistreur-nvr-4-canaux-poe-4-mpx\" \/>\n<meta property=\"og:locale\" content=\"fr_FR\" \/>\n<meta property=\"og:type\" content=\"article\" \/>\n<meta property=\"og:title\" content=\"Enregistreur NVR 4 Canaux PoE, 4 Mpx - NEXT GEN GROUP\" \/>\n<meta property=\"og:description\" content=\"Fabricant :\u00a0Hikvision Enregistreur NVR pour cam\u00e9ras IP 4 CH PoE 36 W R\u00e9solution maximale 4 Mpx Bande passante entrante support\u00e9e 40 Mbps Compression H.265+\/H.265\/H.264+\/H.264 Sortie HDMI FullHD et VGA Acc\u00e8s IP Double Flux Souris Espace pour 1 disque dur Interface WEB, CMS et Smartphone Compatible avec ONVIF Marque Hikvision Gamme VALUE Entr\u00e9es pour cam\u00e9ras IP Switch de 4 ports PoE IEEE802.3af\/at (max. 36 W) Alimentation PoE 4 (Max. 36 W) Cam\u00e9ras IP compatibles HIKVISION (protocole natif), ONVIF Sorties vid\u00e9o 1xHDMI FullHD, 1xVGA simultan\u00e9s Format de compression vid\u00e9o H.265+ \/ H.265 \/ H.264+ \/ H.264 R\u00e9solution d&rsquo;affichage HDMI: 1920&#215;1080, 1280&#215;1024, 1280&#215;720, 1024&#215;768 VGA: 1920&#215;1080, 1280&#215;1024, 1280&#215;720, 1024&#215;768 Bande passante totale 40 Mbps entr\u00e9e \/ 60 Mbps sortie Type de flux Vid\u00e9o \/ Vid\u00e9o + Audio Enregistrement flux principal 4MP \/3MP \/1080P \/UXGA \/720P \/VGA \/4CIF \/DCIF \/2CIF \/CIF \/QCIF Capacit\u00e9 de d\u00e9codage 2CH@4MPx, 4CH@1080p Fonctionnement simultan\u00e9 Pentaplex : Direct, Enregistrement, Lecture, Sauvegarde et Acc\u00e8s \u00e0 distance Alarmes Non disponible M\u00e9thode d&rsquo;enregistrement Manuelle, programm\u00e9e, d\u00e9tection de mouvement Sauvegarde externe M\u00e9moire USB \/ HDD USB \/ CD-RW USB \/ DVR-RW USB Acc\u00e8s \u00e0 distance Navigateur Web, App Smartphone Hik-Connect, Logiciel PC iVMS-4200 et Hik-Central Connexions \u00e0 distance 16 Stockage interne 1 HDD SATA 3.5&Prime; jusqu&rsquo;\u00e0 6 To (non inclus) Communication 2 x USB 2.0 (Arri\u00e8re) \/ 1 x RJ45 10\/100M (Ethernet) Alimentation DC 48 V \/ 1 A, \u2264 10 W (sans HDD) Temp\u00e9rature de fonctionnement -10\u00baC ~ 55\u00baC (10%-90% Humidit\u00e9) Dimensions \/ Poids 48 (H) x 265 (L) x 225 (P) mm \/ 1 Kg (sans HDD)\" \/>\n<meta property=\"og:url\" content=\"https:\/\/nextgen-sn.com\/?product=enregistreur-nvr-4-canaux-poe-4-mpx\" \/>\n<meta property=\"og:site_name\" content=\"NEXT GEN GROUP\" \/>\n<meta property=\"article:modified_time\" content=\"2025-09-10T15:54:17+00:00\" \/>\n<meta property=\"og:image\" content=\"https:\/\/nextgen-sn.com\/wp-content\/uploads\/2025\/09\/enregistreur-nvr-4-canaux-poe-4-mpx-hikvision-ds-7104ni-q14pmc.jpg\" \/>\n\t<meta property=\"og:image:width\" content=\"600\" \/>\n\t<meta property=\"og:image:height\" content=\"600\" \/>\n\t<meta property=\"og:image:type\" content=\"image\/jpeg\" \/>\n<meta name=\"twitter:card\" content=\"summary_large_image\" \/>\n<meta name=\"twitter:label1\" content=\"Dur\u00e9e de lecture estim\u00e9e\" \/>\n\t<meta name=\"twitter:data1\" content=\"1 minute\" \/>\n<script type=\"application\/ld+json\" class=\"yoast-schema-graph\">{\"@context\":\"https:\\\/\\\/schema.org\",\"@graph\":[{\"@type\":\"WebPage\",\"@id\":\"https:\\\/\\\/nextgen-sn.com\\\/?product=enregistreur-nvr-4-canaux-poe-4-mpx\",\"url\":\"https:\\\/\\\/nextgen-sn.com\\\/?product=enregistreur-nvr-4-canaux-poe-4-mpx\",\"name\":\"Enregistreur NVR 4 Canaux PoE, 4 Mpx - NEXT GEN GROUP\",\"isPartOf\":{\"@id\":\"https:\\\/\\\/nextgen-sn.com\\\/#website\"},\"primaryImageOfPage\":{\"@id\":\"https:\\\/\\\/nextgen-sn.com\\\/?product=enregistreur-nvr-4-canaux-poe-4-mpx#primaryimage\"},\"image\":{\"@id\":\"https:\\\/\\\/nextgen-sn.com\\\/?product=enregistreur-nvr-4-canaux-poe-4-mpx#primaryimage\"},\"thumbnailUrl\":\"https:\\\/\\\/nextgen-sn.com\\\/wp-content\\\/uploads\\\/2025\\\/09\\\/enregistreur-nvr-4-canaux-poe-4-mpx-hikvision-ds-7104ni-q14pmc.jpg\",\"datePublished\":\"2025-09-10T15:54:15+00:00\",\"dateModified\":\"2025-09-10T15:54:17+00:00\",\"breadcrumb\":{\"@id\":\"https:\\\/\\\/nextgen-sn.com\\\/?product=enregistreur-nvr-4-canaux-poe-4-mpx#breadcrumb\"},\"inLanguage\":\"fr-FR\",\"potentialAction\":[{\"@type\":\"ReadAction\",\"target\":[\"https:\\\/\\\/nextgen-sn.com\\\/?product=enregistreur-nvr-4-canaux-poe-4-mpx\"]}]},{\"@type\":\"ImageObject\",\"inLanguage\":\"fr-FR\",\"@id\":\"https:\\\/\\\/nextgen-sn.com\\\/?product=enregistreur-nvr-4-canaux-poe-4-mpx#primaryimage\",\"url\":\"https:\\\/\\\/nextgen-sn.com\\\/wp-content\\\/uploads\\\/2025\\\/09\\\/enregistreur-nvr-4-canaux-poe-4-mpx-hikvision-ds-7104ni-q14pmc.jpg\",\"contentUrl\":\"https:\\\/\\\/nextgen-sn.com\\\/wp-content\\\/uploads\\\/2025\\\/09\\\/enregistreur-nvr-4-canaux-poe-4-mpx-hikvision-ds-7104ni-q14pmc.jpg\",\"width\":600,\"height\":600},{\"@type\":\"BreadcrumbList\",\"@id\":\"https:\\\/\\\/nextgen-sn.com\\\/?product=enregistreur-nvr-4-canaux-poe-4-mpx#breadcrumb\",\"itemListElement\":[{\"@type\":\"ListItem\",\"position\":1,\"name\":\"Accueil\",\"item\":\"https:\\\/\\\/nextgen-sn.com\\\/\"},{\"@type\":\"ListItem\",\"position\":2,\"name\":\"Produits\",\"item\":\"https:\\\/\\\/nextgen-sn.com\\\/?post_type=product\"},{\"@type\":\"ListItem\",\"position\":3,\"name\":\"Enregistreur NVR 4 Canaux PoE, 4 Mpx\"}]},{\"@type\":\"WebSite\",\"@id\":\"https:\\\/\\\/nextgen-sn.com\\\/#website\",\"url\":\"https:\\\/\\\/nextgen-sn.com\\\/\",\"name\":\"NEXT GEN GROUP\",\"description\":\"Next Gen Group offre des services dans le domaine de l&#039;affichage gynamique\",\"publisher\":{\"@id\":\"https:\\\/\\\/nextgen-sn.com\\\/#organization\"},\"potentialAction\":[{\"@type\":\"SearchAction\",\"target\":{\"@type\":\"EntryPoint\",\"urlTemplate\":\"https:\\\/\\\/nextgen-sn.com\\\/?s={search_term_string}\"},\"query-input\":{\"@type\":\"PropertyValueSpecification\",\"valueRequired\":true,\"valueName\":\"search_term_string\"}}],\"inLanguage\":\"fr-FR\"},{\"@type\":\"Organization\",\"@id\":\"https:\\\/\\\/nextgen-sn.com\\\/#organization\",\"name\":\"NEXT GEN GROUP\",\"url\":\"https:\\\/\\\/nextgen-sn.com\\\/\",\"logo\":{\"@type\":\"ImageObject\",\"inLanguage\":\"fr-FR\",\"@id\":\"https:\\\/\\\/nextgen-sn.com\\\/#\\\/schema\\\/logo\\\/image\\\/\",\"url\":\"https:\\\/\\\/nextgen-sn.com\\\/wp-content\\\/uploads\\\/2025\\\/08\\\/Logo-Next-Gen.png\",\"contentUrl\":\"https:\\\/\\\/nextgen-sn.com\\\/wp-content\\\/uploads\\\/2025\\\/08\\\/Logo-Next-Gen.png\",\"width\":341,\"height\":149,\"caption\":\"NEXT GEN GROUP\"},\"image\":{\"@id\":\"https:\\\/\\\/nextgen-sn.com\\\/#\\\/schema\\\/logo\\\/image\\\/\"}}]}<\/script>\n<!-- \/ Yoast SEO plugin. -->","yoast_head_json":{"title":"Enregistreur NVR 4 Canaux PoE, 4 Mpx - NEXT GEN GROUP","robots":{"index":"index","follow":"follow","max-snippet":"max-snippet:-1","max-image-preview":"max-image-preview:large","max-video-preview":"max-video-preview:-1"},"canonical":"https:\/\/nextgen-sn.com\/?product=enregistreur-nvr-4-canaux-poe-4-mpx","og_locale":"fr_FR","og_type":"article","og_title":"Enregistreur NVR 4 Canaux PoE, 4 Mpx - NEXT GEN GROUP","og_description":"Fabricant :\u00a0Hikvision Enregistreur NVR pour cam\u00e9ras IP 4 CH PoE 36 W R\u00e9solution maximale 4 Mpx Bande passante entrante support\u00e9e 40 Mbps Compression H.265+\/H.265\/H.264+\/H.264 Sortie HDMI FullHD et VGA Acc\u00e8s IP Double Flux Souris Espace pour 1 disque dur Interface WEB, CMS et Smartphone Compatible avec ONVIF Marque Hikvision Gamme VALUE Entr\u00e9es pour cam\u00e9ras IP Switch de 4 ports PoE IEEE802.3af\/at (max. 36 W) Alimentation PoE 4 (Max. 36 W) Cam\u00e9ras IP compatibles HIKVISION (protocole natif), ONVIF Sorties vid\u00e9o 1xHDMI FullHD, 1xVGA simultan\u00e9s Format de compression vid\u00e9o H.265+ \/ H.265 \/ H.264+ \/ H.264 R\u00e9solution d&rsquo;affichage HDMI: 1920&#215;1080, 1280&#215;1024, 1280&#215;720, 1024&#215;768 VGA: 1920&#215;1080, 1280&#215;1024, 1280&#215;720, 1024&#215;768 Bande passante totale 40 Mbps entr\u00e9e \/ 60 Mbps sortie Type de flux Vid\u00e9o \/ Vid\u00e9o + Audio Enregistrement flux principal 4MP \/3MP \/1080P \/UXGA \/720P \/VGA \/4CIF \/DCIF \/2CIF \/CIF \/QCIF Capacit\u00e9 de d\u00e9codage 2CH@4MPx, 4CH@1080p Fonctionnement simultan\u00e9 Pentaplex : Direct, Enregistrement, Lecture, Sauvegarde et Acc\u00e8s \u00e0 distance Alarmes Non disponible M\u00e9thode d&rsquo;enregistrement Manuelle, programm\u00e9e, d\u00e9tection de mouvement Sauvegarde externe M\u00e9moire USB \/ HDD USB \/ CD-RW USB \/ DVR-RW USB Acc\u00e8s \u00e0 distance Navigateur Web, App Smartphone Hik-Connect, Logiciel PC iVMS-4200 et Hik-Central Connexions \u00e0 distance 16 Stockage interne 1 HDD SATA 3.5&Prime; jusqu&rsquo;\u00e0 6 To (non inclus) Communication 2 x USB 2.0 (Arri\u00e8re) \/ 1 x RJ45 10\/100M (Ethernet) Alimentation DC 48 V \/ 1 A, \u2264 10 W (sans HDD) Temp\u00e9rature de fonctionnement -10\u00baC ~ 55\u00baC (10%-90% Humidit\u00e9) Dimensions \/ Poids 48 (H) x 265 (L) x 225 (P) mm \/ 1 Kg (sans HDD)","og_url":"https:\/\/nextgen-sn.com\/?product=enregistreur-nvr-4-canaux-poe-4-mpx","og_site_name":"NEXT GEN GROUP","article_modified_time":"2025-09-10T15:54:17+00:00","og_image":[{"width":600,"height":600,"url":"https:\/\/nextgen-sn.com\/wp-content\/uploads\/2025\/09\/enregistreur-nvr-4-canaux-poe-4-mpx-hikvision-ds-7104ni-q14pmc.jpg","type":"image\/jpeg"}],"twitter_card":"summary_large_image","twitter_misc":{"Dur\u00e9e de lecture estim\u00e9e":"1 minute"},"schema":{"@context":"https:\/\/schema.org","@graph":[{"@type":"WebPage","@id":"https:\/\/nextgen-sn.com\/?product=enregistreur-nvr-4-canaux-poe-4-mpx","url":"https:\/\/nextgen-sn.com\/?product=enregistreur-nvr-4-canaux-poe-4-mpx","name":"Enregistreur NVR 4 Canaux PoE, 4 Mpx - NEXT GEN GROUP","isPartOf":{"@id":"https:\/\/nextgen-sn.com\/#website"},"primaryImageOfPage":{"@id":"https:\/\/nextgen-sn.com\/?product=enregistreur-nvr-4-canaux-poe-4-mpx#primaryimage"},"image":{"@id":"https:\/\/nextgen-sn.com\/?product=enregistreur-nvr-4-canaux-poe-4-mpx#primaryimage"},"thumbnailUrl":"https:\/\/nextgen-sn.com\/wp-content\/uploads\/2025\/09\/enregistreur-nvr-4-canaux-poe-4-mpx-hikvision-ds-7104ni-q14pmc.jpg","datePublished":"2025-09-10T15:54:15+00:00","dateModified":"2025-09-10T15:54:17+00:00","breadcrumb":{"@id":"https:\/\/nextgen-sn.com\/?product=enregistreur-nvr-4-canaux-poe-4-mpx#breadcrumb"},"inLanguage":"fr-FR","potentialAction":[{"@type":"ReadAction","target":["https:\/\/nextgen-sn.com\/?product=enregistreur-nvr-4-canaux-poe-4-mpx"]}]},{"@type":"ImageObject","inLanguage":"fr-FR","@id":"https:\/\/nextgen-sn.com\/?product=enregistreur-nvr-4-canaux-poe-4-mpx#primaryimage","url":"https:\/\/nextgen-sn.com\/wp-content\/uploads\/2025\/09\/enregistreur-nvr-4-canaux-poe-4-mpx-hikvision-ds-7104ni-q14pmc.jpg","contentUrl":"https:\/\/nextgen-sn.com\/wp-content\/uploads\/2025\/09\/enregistreur-nvr-4-canaux-poe-4-mpx-hikvision-ds-7104ni-q14pmc.jpg","width":600,"height":600},{"@type":"BreadcrumbList","@id":"https:\/\/nextgen-sn.com\/?product=enregistreur-nvr-4-canaux-poe-4-mpx#breadcrumb","itemListElement":[{"@type":"ListItem","position":1,"name":"Accueil","item":"https:\/\/nextgen-sn.com\/"},{"@type":"ListItem","position":2,"name":"Produits","item":"https:\/\/nextgen-sn.com\/?post_type=product"},{"@type":"ListItem","position":3,"name":"Enregistreur NVR 4 Canaux PoE, 4 Mpx"}]},{"@type":"WebSite","@id":"https:\/\/nextgen-sn.com\/#website","url":"https:\/\/nextgen-sn.com\/","name":"NEXT GEN GROUP","description":"Next Gen Group offre des services dans le domaine de l&#039;affichage gynamique","publisher":{"@id":"https:\/\/nextgen-sn.com\/#organization"},"potentialAction":[{"@type":"SearchAction","target":{"@type":"EntryPoint","urlTemplate":"https:\/\/nextgen-sn.com\/?s={search_term_string}"},"query-input":{"@type":"PropertyValueSpecification","valueRequired":true,"valueName":"search_term_string"}}],"inLanguage":"fr-FR"},{"@type":"Organization","@id":"https:\/\/nextgen-sn.com\/#organization","name":"NEXT GEN GROUP","url":"https:\/\/nextgen-sn.com\/","logo":{"@type":"ImageObject","inLanguage":"fr-FR","@id":"https:\/\/nextgen-sn.com\/#\/schema\/logo\/image\/","url":"https:\/\/nextgen-sn.com\/wp-content\/uploads\/2025\/08\/Logo-Next-Gen.png","contentUrl":"https:\/\/nextgen-sn.com\/wp-content\/uploads\/2025\/08\/Logo-Next-Gen.png","width":341,"height":149,"caption":"NEXT GEN GROUP"},"image":{"@id":"https:\/\/nextgen-sn.com\/#\/schema\/logo\/image\/"}}]}},"_links":{"self":[{"href":"https:\/\/nextgen-sn.com\/index.php?rest_route=\/wp\/v2\/product\/2776","targetHints":{"allow":["GET"]}}],"collection":[{"href":"https:\/\/nextgen-sn.com\/index.php?rest_route=\/wp\/v2\/product"}],"about":[{"href":"https:\/\/nextgen-sn.com\/index.php?rest_route=\/wp\/v2\/types\/product"}],"wp:featuredmedia":[{"embeddable":true,"href":"https:\/\/nextgen-sn.com\/index.php?rest_route=\/wp\/v2\/media\/2806"}],"wp:attachment":[{"href":"https:\/\/nextgen-sn.com\/index.php?rest_route=%2Fwp%2Fv2%2Fmedia&parent=2776"}],"wp:term":[{"taxonomy":"product_brand","embeddable":true,"href":"https:\/\/nextgen-sn.com\/index.php?rest_route=%2Fwp%2Fv2%2Fproduct_brand&post=2776"},{"taxonomy":"product_cat","embeddable":true,"href":"https:\/\/nextgen-sn.com\/index.php?rest_route=%2Fwp%2Fv2%2Fproduct_cat&post=2776"},{"taxonomy":"product_tag","embeddable":true,"href":"https:\/\/nextgen-sn.com\/index.php?rest_route=%2Fwp%2Fv2%2Fproduct_tag&post=2776"}],"curies":[{"name":"wp","href":"https:\/\/api.w.org\/{rel}","templated":true}]}}