{"id":2775,"date":"2025-09-10T15:54:14","date_gmt":"2025-09-10T15:54:14","guid":{"rendered":"https:\/\/nextgen.leden-shop.com\/?post_type=product&#038;p=2775"},"modified":"2025-09-10T15:54:17","modified_gmt":"2025-09-10T15:54:17","slug":"dvr-turbo-hd-8-canaux-2mp-1080p","status":"publish","type":"product","link":"https:\/\/nextgen-sn.com\/?product=dvr-turbo-hd-8-canaux-2mp-1080p","title":{"rendered":"DVR Turbo HD 8 canaux 2MP 1080p"},"content":{"rendered":"<h3>Hikvision DVR Turbo HD 8 canaux 2MP 1080p H.265 1U Lite (DS-7208HGHI-K1-STD-S)<\/h3>\n<p>DVR Turbo HD de Hikvision DS-7208HGHI-K1-STD-S a r\u00e9volutionn\u00e9 la surveillance analogique en int\u00e9grant l\u2019interface de transport haute d\u00e9finition (HDTVI) avec une norme ouverte. Bas\u00e9e sur la prise en charge de la transmission analogique d\u2019origine, la norme HDTVI permet de transmettre la vid\u00e9o HD sur un syst\u00e8me coaxial sur une distance \u00e9tendue avec une plus grande fiabilit\u00e9. Hikvision DS-7208HGHI-K1-STD-S est le premier \u00e0 introduire l\u2019encodage H.265+ \u00e0 haute efficacit\u00e9 dans les DVR, ce qui r\u00e9duit consid\u00e9rablement les besoins en stockage et en bande passante des vid\u00e9os HD. Nous sommes \u00e9galement les premiers \u00e0 utiliser des algorithmes d\u2019apprentissage en profondeur, gr\u00e2ce \u00e0 la technologie AcuSense, pour am\u00e9liorer l\u2019efficacit\u00e9 des alarmes.<\/p>\n","protected":false},"excerpt":{"rendered":"<p class=\"tx-excerpt\">Hikvision DVR Turbo HD 8 canaux 2MP 1080p H.265 1U Lite (DS-7208HGHI-K1-STD-S) DVR Turbo HD de Hikvision DS-7208HGHI-K1-STD-S a r\u00e9volutionn\u00e9 la surveillance analogique en int\u00e9grant l\u2019interface de transport haute d\u00e9finition (HDTVI) avec une norme ouverte....<\/p>","protected":false},"featured_media":2805,"template":"","meta":{"_joinchat":[]},"product_brand":[],"product_cat":[37],"product_tag":[],"class_list":{"0":"post-2775","1":"product","2":"type-product","3":"status-publish","4":"has-post-thumbnail","6":"product_cat-dvr","8":"first","9":"instock","10":"taxable","11":"shipping-taxable","12":"purchasable","13":"product-type-simple"},"yoast_head":"<!-- This site is optimized with the Yoast SEO plugin v27.4 - https:\/\/yoast.com\/product\/yoast-seo-wordpress\/ -->\n<title>DVR Turbo HD 8 canaux 2MP 1080p - NEXT GEN GROUP<\/title>\n<meta name=\"robots\" content=\"index, follow, max-snippet:-1, max-image-preview:large, max-video-preview:-1\" \/>\n<link rel=\"canonical\" href=\"https:\/\/nextgen-sn.com\/?product=dvr-turbo-hd-8-canaux-2mp-1080p\" \/>\n<meta property=\"og:locale\" content=\"fr_FR\" \/>\n<meta property=\"og:type\" content=\"article\" \/>\n<meta property=\"og:title\" content=\"DVR Turbo HD 8 canaux 2MP 1080p - NEXT GEN GROUP\" \/>\n<meta property=\"og:description\" content=\"Hikvision DVR Turbo HD 8 canaux 2MP 1080p H.265 1U Lite (DS-7208HGHI-K1-STD-S) DVR Turbo HD de Hikvision DS-7208HGHI-K1-STD-S a r\u00e9volutionn\u00e9 la surveillance analogique en int\u00e9grant l\u2019interface de transport haute d\u00e9finition (HDTVI) avec une norme ouverte. Bas\u00e9e sur la prise en charge de la transmission analogique d\u2019origine, la norme HDTVI permet de transmettre la vid\u00e9o HD sur un syst\u00e8me coaxial sur une distance \u00e9tendue avec une plus grande fiabilit\u00e9. Hikvision DS-7208HGHI-K1-STD-S est le premier \u00e0 introduire l\u2019encodage H.265+ \u00e0 haute efficacit\u00e9 dans les DVR, ce qui r\u00e9duit consid\u00e9rablement les besoins en stockage et en bande passante des vid\u00e9os HD. Nous sommes \u00e9galement les premiers \u00e0 utiliser des algorithmes d\u2019apprentissage en profondeur, gr\u00e2ce \u00e0 la technologie AcuSense, pour am\u00e9liorer l\u2019efficacit\u00e9 des alarmes.\" \/>\n<meta property=\"og:url\" content=\"https:\/\/nextgen-sn.com\/?product=dvr-turbo-hd-8-canaux-2mp-1080p\" \/>\n<meta property=\"og:site_name\" content=\"NEXT GEN GROUP\" \/>\n<meta property=\"article:modified_time\" content=\"2025-09-10T15:54:17+00:00\" \/>\n<meta property=\"og:image\" content=\"https:\/\/nextgen-sn.com\/wp-content\/uploads\/2025\/09\/Hikvision-DS-7208HGHI-K1-STD-S-DVR-Turbo-HD-8-canaux-2MP-1080p-H.265.jpg\" \/>\n\t<meta property=\"og:image:width\" content=\"800\" \/>\n\t<meta property=\"og:image:height\" content=\"800\" \/>\n\t<meta property=\"og:image:type\" content=\"image\/jpeg\" \/>\n<meta name=\"twitter:card\" content=\"summary_large_image\" \/>\n<meta name=\"twitter:label1\" content=\"Dur\u00e9e de lecture estim\u00e9e\" \/>\n\t<meta name=\"twitter:data1\" content=\"1 minute\" \/>\n<script type=\"application\/ld+json\" class=\"yoast-schema-graph\">{\"@context\":\"https:\\\/\\\/schema.org\",\"@graph\":[{\"@type\":\"WebPage\",\"@id\":\"https:\\\/\\\/nextgen-sn.com\\\/?product=dvr-turbo-hd-8-canaux-2mp-1080p\",\"url\":\"https:\\\/\\\/nextgen-sn.com\\\/?product=dvr-turbo-hd-8-canaux-2mp-1080p\",\"name\":\"DVR Turbo HD 8 canaux 2MP 1080p - NEXT GEN GROUP\",\"isPartOf\":{\"@id\":\"https:\\\/\\\/nextgen-sn.com\\\/#website\"},\"primaryImageOfPage\":{\"@id\":\"https:\\\/\\\/nextgen-sn.com\\\/?product=dvr-turbo-hd-8-canaux-2mp-1080p#primaryimage\"},\"image\":{\"@id\":\"https:\\\/\\\/nextgen-sn.com\\\/?product=dvr-turbo-hd-8-canaux-2mp-1080p#primaryimage\"},\"thumbnailUrl\":\"https:\\\/\\\/nextgen-sn.com\\\/wp-content\\\/uploads\\\/2025\\\/09\\\/Hikvision-DS-7208HGHI-K1-STD-S-DVR-Turbo-HD-8-canaux-2MP-1080p-H.265.jpg\",\"datePublished\":\"2025-09-10T15:54:14+00:00\",\"dateModified\":\"2025-09-10T15:54:17+00:00\",\"breadcrumb\":{\"@id\":\"https:\\\/\\\/nextgen-sn.com\\\/?product=dvr-turbo-hd-8-canaux-2mp-1080p#breadcrumb\"},\"inLanguage\":\"fr-FR\",\"potentialAction\":[{\"@type\":\"ReadAction\",\"target\":[\"https:\\\/\\\/nextgen-sn.com\\\/?product=dvr-turbo-hd-8-canaux-2mp-1080p\"]}]},{\"@type\":\"ImageObject\",\"inLanguage\":\"fr-FR\",\"@id\":\"https:\\\/\\\/nextgen-sn.com\\\/?product=dvr-turbo-hd-8-canaux-2mp-1080p#primaryimage\",\"url\":\"https:\\\/\\\/nextgen-sn.com\\\/wp-content\\\/uploads\\\/2025\\\/09\\\/Hikvision-DS-7208HGHI-K1-STD-S-DVR-Turbo-HD-8-canaux-2MP-1080p-H.265.jpg\",\"contentUrl\":\"https:\\\/\\\/nextgen-sn.com\\\/wp-content\\\/uploads\\\/2025\\\/09\\\/Hikvision-DS-7208HGHI-K1-STD-S-DVR-Turbo-HD-8-canaux-2MP-1080p-H.265.jpg\",\"width\":800,\"height\":800},{\"@type\":\"BreadcrumbList\",\"@id\":\"https:\\\/\\\/nextgen-sn.com\\\/?product=dvr-turbo-hd-8-canaux-2mp-1080p#breadcrumb\",\"itemListElement\":[{\"@type\":\"ListItem\",\"position\":1,\"name\":\"Accueil\",\"item\":\"https:\\\/\\\/nextgen-sn.com\\\/\"},{\"@type\":\"ListItem\",\"position\":2,\"name\":\"Produits\",\"item\":\"https:\\\/\\\/nextgen-sn.com\\\/?post_type=product\"},{\"@type\":\"ListItem\",\"position\":3,\"name\":\"DVR Turbo HD 8 canaux 2MP 1080p\"}]},{\"@type\":\"WebSite\",\"@id\":\"https:\\\/\\\/nextgen-sn.com\\\/#website\",\"url\":\"https:\\\/\\\/nextgen-sn.com\\\/\",\"name\":\"NEXT GEN GROUP\",\"description\":\"Next Gen Group offre des services dans le domaine de l&#039;affichage gynamique\",\"publisher\":{\"@id\":\"https:\\\/\\\/nextgen-sn.com\\\/#organization\"},\"potentialAction\":[{\"@type\":\"SearchAction\",\"target\":{\"@type\":\"EntryPoint\",\"urlTemplate\":\"https:\\\/\\\/nextgen-sn.com\\\/?s={search_term_string}\"},\"query-input\":{\"@type\":\"PropertyValueSpecification\",\"valueRequired\":true,\"valueName\":\"search_term_string\"}}],\"inLanguage\":\"fr-FR\"},{\"@type\":\"Organization\",\"@id\":\"https:\\\/\\\/nextgen-sn.com\\\/#organization\",\"name\":\"NEXT GEN GROUP\",\"url\":\"https:\\\/\\\/nextgen-sn.com\\\/\",\"logo\":{\"@type\":\"ImageObject\",\"inLanguage\":\"fr-FR\",\"@id\":\"https:\\\/\\\/nextgen-sn.com\\\/#\\\/schema\\\/logo\\\/image\\\/\",\"url\":\"https:\\\/\\\/nextgen-sn.com\\\/wp-content\\\/uploads\\\/2025\\\/08\\\/Logo-Next-Gen.png\",\"contentUrl\":\"https:\\\/\\\/nextgen-sn.com\\\/wp-content\\\/uploads\\\/2025\\\/08\\\/Logo-Next-Gen.png\",\"width\":341,\"height\":149,\"caption\":\"NEXT GEN GROUP\"},\"image\":{\"@id\":\"https:\\\/\\\/nextgen-sn.com\\\/#\\\/schema\\\/logo\\\/image\\\/\"}}]}<\/script>\n<!-- \/ Yoast SEO plugin. -->","yoast_head_json":{"title":"DVR Turbo HD 8 canaux 2MP 1080p - NEXT GEN GROUP","robots":{"index":"index","follow":"follow","max-snippet":"max-snippet:-1","max-image-preview":"max-image-preview:large","max-video-preview":"max-video-preview:-1"},"canonical":"https:\/\/nextgen-sn.com\/?product=dvr-turbo-hd-8-canaux-2mp-1080p","og_locale":"fr_FR","og_type":"article","og_title":"DVR Turbo HD 8 canaux 2MP 1080p - NEXT GEN GROUP","og_description":"Hikvision DVR Turbo HD 8 canaux 2MP 1080p H.265 1U Lite (DS-7208HGHI-K1-STD-S) DVR Turbo HD de Hikvision DS-7208HGHI-K1-STD-S a r\u00e9volutionn\u00e9 la surveillance analogique en int\u00e9grant l\u2019interface de transport haute d\u00e9finition (HDTVI) avec une norme ouverte. Bas\u00e9e sur la prise en charge de la transmission analogique d\u2019origine, la norme HDTVI permet de transmettre la vid\u00e9o HD sur un syst\u00e8me coaxial sur une distance \u00e9tendue avec une plus grande fiabilit\u00e9. Hikvision DS-7208HGHI-K1-STD-S est le premier \u00e0 introduire l\u2019encodage H.265+ \u00e0 haute efficacit\u00e9 dans les DVR, ce qui r\u00e9duit consid\u00e9rablement les besoins en stockage et en bande passante des vid\u00e9os HD. Nous sommes \u00e9galement les premiers \u00e0 utiliser des algorithmes d\u2019apprentissage en profondeur, gr\u00e2ce \u00e0 la technologie AcuSense, pour am\u00e9liorer l\u2019efficacit\u00e9 des alarmes.","og_url":"https:\/\/nextgen-sn.com\/?product=dvr-turbo-hd-8-canaux-2mp-1080p","og_site_name":"NEXT GEN GROUP","article_modified_time":"2025-09-10T15:54:17+00:00","og_image":[{"width":800,"height":800,"url":"https:\/\/nextgen-sn.com\/wp-content\/uploads\/2025\/09\/Hikvision-DS-7208HGHI-K1-STD-S-DVR-Turbo-HD-8-canaux-2MP-1080p-H.265.jpg","type":"image\/jpeg"}],"twitter_card":"summary_large_image","twitter_misc":{"Dur\u00e9e de lecture estim\u00e9e":"1 minute"},"schema":{"@context":"https:\/\/schema.org","@graph":[{"@type":"WebPage","@id":"https:\/\/nextgen-sn.com\/?product=dvr-turbo-hd-8-canaux-2mp-1080p","url":"https:\/\/nextgen-sn.com\/?product=dvr-turbo-hd-8-canaux-2mp-1080p","name":"DVR Turbo HD 8 canaux 2MP 1080p - NEXT GEN GROUP","isPartOf":{"@id":"https:\/\/nextgen-sn.com\/#website"},"primaryImageOfPage":{"@id":"https:\/\/nextgen-sn.com\/?product=dvr-turbo-hd-8-canaux-2mp-1080p#primaryimage"},"image":{"@id":"https:\/\/nextgen-sn.com\/?product=dvr-turbo-hd-8-canaux-2mp-1080p#primaryimage"},"thumbnailUrl":"https:\/\/nextgen-sn.com\/wp-content\/uploads\/2025\/09\/Hikvision-DS-7208HGHI-K1-STD-S-DVR-Turbo-HD-8-canaux-2MP-1080p-H.265.jpg","datePublished":"2025-09-10T15:54:14+00:00","dateModified":"2025-09-10T15:54:17+00:00","breadcrumb":{"@id":"https:\/\/nextgen-sn.com\/?product=dvr-turbo-hd-8-canaux-2mp-1080p#breadcrumb"},"inLanguage":"fr-FR","potentialAction":[{"@type":"ReadAction","target":["https:\/\/nextgen-sn.com\/?product=dvr-turbo-hd-8-canaux-2mp-1080p"]}]},{"@type":"ImageObject","inLanguage":"fr-FR","@id":"https:\/\/nextgen-sn.com\/?product=dvr-turbo-hd-8-canaux-2mp-1080p#primaryimage","url":"https:\/\/nextgen-sn.com\/wp-content\/uploads\/2025\/09\/Hikvision-DS-7208HGHI-K1-STD-S-DVR-Turbo-HD-8-canaux-2MP-1080p-H.265.jpg","contentUrl":"https:\/\/nextgen-sn.com\/wp-content\/uploads\/2025\/09\/Hikvision-DS-7208HGHI-K1-STD-S-DVR-Turbo-HD-8-canaux-2MP-1080p-H.265.jpg","width":800,"height":800},{"@type":"BreadcrumbList","@id":"https:\/\/nextgen-sn.com\/?product=dvr-turbo-hd-8-canaux-2mp-1080p#breadcrumb","itemListElement":[{"@type":"ListItem","position":1,"name":"Accueil","item":"https:\/\/nextgen-sn.com\/"},{"@type":"ListItem","position":2,"name":"Produits","item":"https:\/\/nextgen-sn.com\/?post_type=product"},{"@type":"ListItem","position":3,"name":"DVR Turbo HD 8 canaux 2MP 1080p"}]},{"@type":"WebSite","@id":"https:\/\/nextgen-sn.com\/#website","url":"https:\/\/nextgen-sn.com\/","name":"NEXT GEN GROUP","description":"Next Gen Group offre des services dans le domaine de l&#039;affichage gynamique","publisher":{"@id":"https:\/\/nextgen-sn.com\/#organization"},"potentialAction":[{"@type":"SearchAction","target":{"@type":"EntryPoint","urlTemplate":"https:\/\/nextgen-sn.com\/?s={search_term_string}"},"query-input":{"@type":"PropertyValueSpecification","valueRequired":true,"valueName":"search_term_string"}}],"inLanguage":"fr-FR"},{"@type":"Organization","@id":"https:\/\/nextgen-sn.com\/#organization","name":"NEXT GEN GROUP","url":"https:\/\/nextgen-sn.com\/","logo":{"@type":"ImageObject","inLanguage":"fr-FR","@id":"https:\/\/nextgen-sn.com\/#\/schema\/logo\/image\/","url":"https:\/\/nextgen-sn.com\/wp-content\/uploads\/2025\/08\/Logo-Next-Gen.png","contentUrl":"https:\/\/nextgen-sn.com\/wp-content\/uploads\/2025\/08\/Logo-Next-Gen.png","width":341,"height":149,"caption":"NEXT GEN GROUP"},"image":{"@id":"https:\/\/nextgen-sn.com\/#\/schema\/logo\/image\/"}}]}},"_links":{"self":[{"href":"https:\/\/nextgen-sn.com\/index.php?rest_route=\/wp\/v2\/product\/2775","targetHints":{"allow":["GET"]}}],"collection":[{"href":"https:\/\/nextgen-sn.com\/index.php?rest_route=\/wp\/v2\/product"}],"about":[{"href":"https:\/\/nextgen-sn.com\/index.php?rest_route=\/wp\/v2\/types\/product"}],"wp:featuredmedia":[{"embeddable":true,"href":"https:\/\/nextgen-sn.com\/index.php?rest_route=\/wp\/v2\/media\/2805"}],"wp:attachment":[{"href":"https:\/\/nextgen-sn.com\/index.php?rest_route=%2Fwp%2Fv2%2Fmedia&parent=2775"}],"wp:term":[{"taxonomy":"product_brand","embeddable":true,"href":"https:\/\/nextgen-sn.com\/index.php?rest_route=%2Fwp%2Fv2%2Fproduct_brand&post=2775"},{"taxonomy":"product_cat","embeddable":true,"href":"https:\/\/nextgen-sn.com\/index.php?rest_route=%2Fwp%2Fv2%2Fproduct_cat&post=2775"},{"taxonomy":"product_tag","embeddable":true,"href":"https:\/\/nextgen-sn.com\/index.php?rest_route=%2Fwp%2Fv2%2Fproduct_tag&post=2775"}],"curies":[{"name":"wp","href":"https:\/\/api.w.org\/{rel}","templated":true}]}}