{"id":2740,"date":"2025-09-10T15:54:06","date_gmt":"2025-09-10T15:54:06","guid":{"rendered":"https:\/\/nextgen.leden-shop.com\/?post_type=product&#038;p=2740"},"modified":"2025-09-10T15:54:12","modified_gmt":"2025-09-10T15:54:12","slug":"enroleur-dempreintes-digitales","status":"publish","type":"product","link":"https:\/\/nextgen-sn.com\/?product=enroleur-dempreintes-digitales","title":{"rendered":"Enroleur d&#8217;empreintes digitales"},"content":{"rendered":"<div id=\"product-description-short-2700\" class=\"rte-content\">\n<p><b>Enr\u00f4leur<\/b><strong> d&#8217;empreintes Digitales Optique<\/strong><\/p>\n<p>L&rsquo;enregistreur d&#8217;empreintes digitales DS-K1F820-F prend en charge les empreintes digitales vivantes.<br \/>\nl&rsquo;enregistrement et l&rsquo;identification. Il peut se connecter directement \u00e0 l&rsquo;ordinateur<br \/>\nvia l&rsquo;interface USB, et t\u00e9l\u00e9charger\/t\u00e9l\u00e9charger les donn\u00e9es caract\u00e9ristiques des empreintes digitales<br \/>\net de l&rsquo;image au contr\u00f4leur\/module. Il prend en charge la fonction de<br \/>\nv\u00e9rifier l&rsquo;exhaustivit\u00e9 des mod\u00e8les d&#8217;empreintes digitales enregistr\u00e9s.<\/p>\n<ul>\n<li>Haute d\u00e9finition 508 dpi<\/li>\n<li>Supporte la fonction PnP (plug and play)<\/li>\n<li>Capteur optique d&#8217;empreintes digitales con\u00e7u avec un mat\u00e9riau r\u00e9sistant aux rayures<\/li>\n<li>S&rsquo;applique aux syst\u00e8mes d&rsquo;exploitation Windows XP, Windows7 et Windows 10.<\/li>\n<li>Prise en charge de la configuration et de l&rsquo;exploitation via le logiciel client<\/li>\n<li>Norme de communication USB 2.0 pour la transmission de donn\u00e9es<\/li>\n<li>Alimentation par USB<\/li>\n<li>Images composites d&#8217;empreintes digitales provenant d&rsquo;une triple collection<\/li>\n<\/ul>\n<\/div>\n<div class=\"js-product-images-modal\">\n<div class=\"product-reference\"><label class=\"label\">R\u00c9F\u00c9RENCE:<\/label>\u00a0DS-K1F820-F<\/div>\n<div class=\"product-brand\"><label class=\"label\">MARQUE:<\/label>\u00a0HIKVISION<\/div>\n<\/div>\n","protected":false},"excerpt":{"rendered":"<p class=\"tx-excerpt\">Enr\u00f4leur d&#8217;empreintes Digitales Optique L&rsquo;enregistreur d&#8217;empreintes digitales DS-K1F820-F prend en charge les empreintes digitales vivantes. l&rsquo;enregistrement et l&rsquo;identification. Il peut se connecter directement \u00e0 l&rsquo;ordinateur via l&rsquo;interface USB, et t\u00e9l\u00e9charger\/t\u00e9l\u00e9charger les donn\u00e9es caract\u00e9ristiques des empreintes...<\/p>","protected":false},"featured_media":2770,"template":"","meta":{"_joinchat":[]},"product_brand":[],"product_cat":[35],"product_tag":[],"class_list":{"0":"post-2740","1":"product","2":"type-product","3":"status-publish","4":"has-post-thumbnail","6":"product_cat-controle-dacces","8":"first","9":"instock","10":"taxable","11":"shipping-taxable","12":"purchasable","13":"product-type-simple"},"yoast_head":"<!-- This site is optimized with the Yoast SEO plugin v27.4 - https:\/\/yoast.com\/product\/yoast-seo-wordpress\/ -->\n<title>Enroleur d&#039;empreintes digitales - NEXT GEN GROUP<\/title>\n<meta name=\"robots\" content=\"index, follow, max-snippet:-1, max-image-preview:large, max-video-preview:-1\" \/>\n<link rel=\"canonical\" href=\"https:\/\/nextgen-sn.com\/?product=enroleur-dempreintes-digitales\" \/>\n<meta property=\"og:locale\" content=\"fr_FR\" \/>\n<meta property=\"og:type\" content=\"article\" \/>\n<meta property=\"og:title\" content=\"Enroleur d&#039;empreintes digitales - NEXT GEN GROUP\" \/>\n<meta property=\"og:description\" content=\"Enr\u00f4leur d&#8217;empreintes Digitales Optique L&rsquo;enregistreur d&#8217;empreintes digitales DS-K1F820-F prend en charge les empreintes digitales vivantes. l&rsquo;enregistrement et l&rsquo;identification. Il peut se connecter directement \u00e0 l&rsquo;ordinateur via l&rsquo;interface USB, et t\u00e9l\u00e9charger\/t\u00e9l\u00e9charger les donn\u00e9es caract\u00e9ristiques des empreintes digitales et de l&rsquo;image au contr\u00f4leur\/module. Il prend en charge la fonction de v\u00e9rifier l&rsquo;exhaustivit\u00e9 des mod\u00e8les d&#8217;empreintes digitales enregistr\u00e9s. Haute d\u00e9finition 508 dpi Supporte la fonction PnP (plug and play) Capteur optique d&#8217;empreintes digitales con\u00e7u avec un mat\u00e9riau r\u00e9sistant aux rayures S&rsquo;applique aux syst\u00e8mes d&rsquo;exploitation Windows XP, Windows7 et Windows 10. Prise en charge de la configuration et de l&rsquo;exploitation via le logiciel client Norme de communication USB 2.0 pour la transmission de donn\u00e9es Alimentation par USB Images composites d&#8217;empreintes digitales provenant d&rsquo;une triple collection R\u00c9F\u00c9RENCE:\u00a0DS-K1F820-F MARQUE:\u00a0HIKVISION\" \/>\n<meta property=\"og:url\" content=\"https:\/\/nextgen-sn.com\/?product=enroleur-dempreintes-digitales\" \/>\n<meta property=\"og:site_name\" content=\"NEXT GEN GROUP\" \/>\n<meta property=\"article:modified_time\" content=\"2025-09-10T15:54:12+00:00\" \/>\n<meta property=\"og:image\" content=\"https:\/\/nextgen-sn.com\/wp-content\/uploads\/2025\/09\/DS-K1F820-F1.png.thumb_.1280.1280.webp\" \/>\n\t<meta property=\"og:image:width\" content=\"1280\" \/>\n\t<meta property=\"og:image:height\" content=\"720\" \/>\n\t<meta property=\"og:image:type\" content=\"image\/webp\" \/>\n<meta name=\"twitter:card\" content=\"summary_large_image\" \/>\n<meta name=\"twitter:label1\" content=\"Dur\u00e9e de lecture estim\u00e9e\" \/>\n\t<meta name=\"twitter:data1\" content=\"1 minute\" \/>\n<script type=\"application\/ld+json\" class=\"yoast-schema-graph\">{\"@context\":\"https:\\\/\\\/schema.org\",\"@graph\":[{\"@type\":\"WebPage\",\"@id\":\"https:\\\/\\\/nextgen-sn.com\\\/?product=enroleur-dempreintes-digitales\",\"url\":\"https:\\\/\\\/nextgen-sn.com\\\/?product=enroleur-dempreintes-digitales\",\"name\":\"Enroleur d'empreintes digitales - NEXT GEN GROUP\",\"isPartOf\":{\"@id\":\"https:\\\/\\\/nextgen-sn.com\\\/#website\"},\"primaryImageOfPage\":{\"@id\":\"https:\\\/\\\/nextgen-sn.com\\\/?product=enroleur-dempreintes-digitales#primaryimage\"},\"image\":{\"@id\":\"https:\\\/\\\/nextgen-sn.com\\\/?product=enroleur-dempreintes-digitales#primaryimage\"},\"thumbnailUrl\":\"https:\\\/\\\/nextgen-sn.com\\\/wp-content\\\/uploads\\\/2025\\\/09\\\/DS-K1F820-F1.png.thumb_.1280.1280.webp\",\"datePublished\":\"2025-09-10T15:54:06+00:00\",\"dateModified\":\"2025-09-10T15:54:12+00:00\",\"breadcrumb\":{\"@id\":\"https:\\\/\\\/nextgen-sn.com\\\/?product=enroleur-dempreintes-digitales#breadcrumb\"},\"inLanguage\":\"fr-FR\",\"potentialAction\":[{\"@type\":\"ReadAction\",\"target\":[\"https:\\\/\\\/nextgen-sn.com\\\/?product=enroleur-dempreintes-digitales\"]}]},{\"@type\":\"ImageObject\",\"inLanguage\":\"fr-FR\",\"@id\":\"https:\\\/\\\/nextgen-sn.com\\\/?product=enroleur-dempreintes-digitales#primaryimage\",\"url\":\"https:\\\/\\\/nextgen-sn.com\\\/wp-content\\\/uploads\\\/2025\\\/09\\\/DS-K1F820-F1.png.thumb_.1280.1280.webp\",\"contentUrl\":\"https:\\\/\\\/nextgen-sn.com\\\/wp-content\\\/uploads\\\/2025\\\/09\\\/DS-K1F820-F1.png.thumb_.1280.1280.webp\",\"width\":1280,\"height\":720},{\"@type\":\"BreadcrumbList\",\"@id\":\"https:\\\/\\\/nextgen-sn.com\\\/?product=enroleur-dempreintes-digitales#breadcrumb\",\"itemListElement\":[{\"@type\":\"ListItem\",\"position\":1,\"name\":\"Accueil\",\"item\":\"https:\\\/\\\/nextgen-sn.com\\\/\"},{\"@type\":\"ListItem\",\"position\":2,\"name\":\"Produits\",\"item\":\"https:\\\/\\\/nextgen-sn.com\\\/?post_type=product\"},{\"@type\":\"ListItem\",\"position\":3,\"name\":\"Enroleur d&#8217;empreintes digitales\"}]},{\"@type\":\"WebSite\",\"@id\":\"https:\\\/\\\/nextgen-sn.com\\\/#website\",\"url\":\"https:\\\/\\\/nextgen-sn.com\\\/\",\"name\":\"NEXT GEN GROUP\",\"description\":\"Next Gen Group offre des services dans le domaine de l&#039;affichage gynamique\",\"publisher\":{\"@id\":\"https:\\\/\\\/nextgen-sn.com\\\/#organization\"},\"potentialAction\":[{\"@type\":\"SearchAction\",\"target\":{\"@type\":\"EntryPoint\",\"urlTemplate\":\"https:\\\/\\\/nextgen-sn.com\\\/?s={search_term_string}\"},\"query-input\":{\"@type\":\"PropertyValueSpecification\",\"valueRequired\":true,\"valueName\":\"search_term_string\"}}],\"inLanguage\":\"fr-FR\"},{\"@type\":\"Organization\",\"@id\":\"https:\\\/\\\/nextgen-sn.com\\\/#organization\",\"name\":\"NEXT GEN GROUP\",\"url\":\"https:\\\/\\\/nextgen-sn.com\\\/\",\"logo\":{\"@type\":\"ImageObject\",\"inLanguage\":\"fr-FR\",\"@id\":\"https:\\\/\\\/nextgen-sn.com\\\/#\\\/schema\\\/logo\\\/image\\\/\",\"url\":\"https:\\\/\\\/nextgen-sn.com\\\/wp-content\\\/uploads\\\/2025\\\/08\\\/Logo-Next-Gen.png\",\"contentUrl\":\"https:\\\/\\\/nextgen-sn.com\\\/wp-content\\\/uploads\\\/2025\\\/08\\\/Logo-Next-Gen.png\",\"width\":341,\"height\":149,\"caption\":\"NEXT GEN GROUP\"},\"image\":{\"@id\":\"https:\\\/\\\/nextgen-sn.com\\\/#\\\/schema\\\/logo\\\/image\\\/\"}}]}<\/script>\n<!-- \/ Yoast SEO plugin. -->","yoast_head_json":{"title":"Enroleur d'empreintes digitales - NEXT GEN GROUP","robots":{"index":"index","follow":"follow","max-snippet":"max-snippet:-1","max-image-preview":"max-image-preview:large","max-video-preview":"max-video-preview:-1"},"canonical":"https:\/\/nextgen-sn.com\/?product=enroleur-dempreintes-digitales","og_locale":"fr_FR","og_type":"article","og_title":"Enroleur d'empreintes digitales - NEXT GEN GROUP","og_description":"Enr\u00f4leur d&#8217;empreintes Digitales Optique L&rsquo;enregistreur d&#8217;empreintes digitales DS-K1F820-F prend en charge les empreintes digitales vivantes. l&rsquo;enregistrement et l&rsquo;identification. Il peut se connecter directement \u00e0 l&rsquo;ordinateur via l&rsquo;interface USB, et t\u00e9l\u00e9charger\/t\u00e9l\u00e9charger les donn\u00e9es caract\u00e9ristiques des empreintes digitales et de l&rsquo;image au contr\u00f4leur\/module. Il prend en charge la fonction de v\u00e9rifier l&rsquo;exhaustivit\u00e9 des mod\u00e8les d&#8217;empreintes digitales enregistr\u00e9s. Haute d\u00e9finition 508 dpi Supporte la fonction PnP (plug and play) Capteur optique d&#8217;empreintes digitales con\u00e7u avec un mat\u00e9riau r\u00e9sistant aux rayures S&rsquo;applique aux syst\u00e8mes d&rsquo;exploitation Windows XP, Windows7 et Windows 10. Prise en charge de la configuration et de l&rsquo;exploitation via le logiciel client Norme de communication USB 2.0 pour la transmission de donn\u00e9es Alimentation par USB Images composites d&#8217;empreintes digitales provenant d&rsquo;une triple collection R\u00c9F\u00c9RENCE:\u00a0DS-K1F820-F MARQUE:\u00a0HIKVISION","og_url":"https:\/\/nextgen-sn.com\/?product=enroleur-dempreintes-digitales","og_site_name":"NEXT GEN GROUP","article_modified_time":"2025-09-10T15:54:12+00:00","og_image":[{"width":1280,"height":720,"url":"https:\/\/nextgen-sn.com\/wp-content\/uploads\/2025\/09\/DS-K1F820-F1.png.thumb_.1280.1280.webp","type":"image\/webp"}],"twitter_card":"summary_large_image","twitter_misc":{"Dur\u00e9e de lecture estim\u00e9e":"1 minute"},"schema":{"@context":"https:\/\/schema.org","@graph":[{"@type":"WebPage","@id":"https:\/\/nextgen-sn.com\/?product=enroleur-dempreintes-digitales","url":"https:\/\/nextgen-sn.com\/?product=enroleur-dempreintes-digitales","name":"Enroleur d'empreintes digitales - NEXT GEN GROUP","isPartOf":{"@id":"https:\/\/nextgen-sn.com\/#website"},"primaryImageOfPage":{"@id":"https:\/\/nextgen-sn.com\/?product=enroleur-dempreintes-digitales#primaryimage"},"image":{"@id":"https:\/\/nextgen-sn.com\/?product=enroleur-dempreintes-digitales#primaryimage"},"thumbnailUrl":"https:\/\/nextgen-sn.com\/wp-content\/uploads\/2025\/09\/DS-K1F820-F1.png.thumb_.1280.1280.webp","datePublished":"2025-09-10T15:54:06+00:00","dateModified":"2025-09-10T15:54:12+00:00","breadcrumb":{"@id":"https:\/\/nextgen-sn.com\/?product=enroleur-dempreintes-digitales#breadcrumb"},"inLanguage":"fr-FR","potentialAction":[{"@type":"ReadAction","target":["https:\/\/nextgen-sn.com\/?product=enroleur-dempreintes-digitales"]}]},{"@type":"ImageObject","inLanguage":"fr-FR","@id":"https:\/\/nextgen-sn.com\/?product=enroleur-dempreintes-digitales#primaryimage","url":"https:\/\/nextgen-sn.com\/wp-content\/uploads\/2025\/09\/DS-K1F820-F1.png.thumb_.1280.1280.webp","contentUrl":"https:\/\/nextgen-sn.com\/wp-content\/uploads\/2025\/09\/DS-K1F820-F1.png.thumb_.1280.1280.webp","width":1280,"height":720},{"@type":"BreadcrumbList","@id":"https:\/\/nextgen-sn.com\/?product=enroleur-dempreintes-digitales#breadcrumb","itemListElement":[{"@type":"ListItem","position":1,"name":"Accueil","item":"https:\/\/nextgen-sn.com\/"},{"@type":"ListItem","position":2,"name":"Produits","item":"https:\/\/nextgen-sn.com\/?post_type=product"},{"@type":"ListItem","position":3,"name":"Enroleur d&#8217;empreintes digitales"}]},{"@type":"WebSite","@id":"https:\/\/nextgen-sn.com\/#website","url":"https:\/\/nextgen-sn.com\/","name":"NEXT GEN GROUP","description":"Next Gen Group offre des services dans le domaine de l&#039;affichage gynamique","publisher":{"@id":"https:\/\/nextgen-sn.com\/#organization"},"potentialAction":[{"@type":"SearchAction","target":{"@type":"EntryPoint","urlTemplate":"https:\/\/nextgen-sn.com\/?s={search_term_string}"},"query-input":{"@type":"PropertyValueSpecification","valueRequired":true,"valueName":"search_term_string"}}],"inLanguage":"fr-FR"},{"@type":"Organization","@id":"https:\/\/nextgen-sn.com\/#organization","name":"NEXT GEN GROUP","url":"https:\/\/nextgen-sn.com\/","logo":{"@type":"ImageObject","inLanguage":"fr-FR","@id":"https:\/\/nextgen-sn.com\/#\/schema\/logo\/image\/","url":"https:\/\/nextgen-sn.com\/wp-content\/uploads\/2025\/08\/Logo-Next-Gen.png","contentUrl":"https:\/\/nextgen-sn.com\/wp-content\/uploads\/2025\/08\/Logo-Next-Gen.png","width":341,"height":149,"caption":"NEXT GEN GROUP"},"image":{"@id":"https:\/\/nextgen-sn.com\/#\/schema\/logo\/image\/"}}]}},"_links":{"self":[{"href":"https:\/\/nextgen-sn.com\/index.php?rest_route=\/wp\/v2\/product\/2740","targetHints":{"allow":["GET"]}}],"collection":[{"href":"https:\/\/nextgen-sn.com\/index.php?rest_route=\/wp\/v2\/product"}],"about":[{"href":"https:\/\/nextgen-sn.com\/index.php?rest_route=\/wp\/v2\/types\/product"}],"wp:featuredmedia":[{"embeddable":true,"href":"https:\/\/nextgen-sn.com\/index.php?rest_route=\/wp\/v2\/media\/2770"}],"wp:attachment":[{"href":"https:\/\/nextgen-sn.com\/index.php?rest_route=%2Fwp%2Fv2%2Fmedia&parent=2740"}],"wp:term":[{"taxonomy":"product_brand","embeddable":true,"href":"https:\/\/nextgen-sn.com\/index.php?rest_route=%2Fwp%2Fv2%2Fproduct_brand&post=2740"},{"taxonomy":"product_cat","embeddable":true,"href":"https:\/\/nextgen-sn.com\/index.php?rest_route=%2Fwp%2Fv2%2Fproduct_cat&post=2740"},{"taxonomy":"product_tag","embeddable":true,"href":"https:\/\/nextgen-sn.com\/index.php?rest_route=%2Fwp%2Fv2%2Fproduct_tag&post=2740"}],"curies":[{"name":"wp","href":"https:\/\/api.w.org\/{rel}","templated":true}]}}