{"id":2737,"date":"2025-09-10T15:54:06","date_gmt":"2025-09-10T15:54:06","guid":{"rendered":"https:\/\/nextgen.leden-shop.com\/?post_type=product&#038;p=2737"},"modified":"2025-09-10T15:54:12","modified_gmt":"2025-09-10T15:54:12","slug":"standalone","status":"publish","type":"product","link":"https:\/\/nextgen-sn.com\/?product=standalone","title":{"rendered":"Standalone"},"content":{"rendered":"<h2><span class=\"red-text\">Terminal autonome de contr\u00f4le\u00a0<\/span><span class=\"red-text\">d&rsquo;acc\u00e8s\u00a0<\/span><span class=\"red-text\">par empreinte digitale et badge<\/span><\/h2>\n<h2><span class=\"red-text\">RFID Hikvision DS-K1T804BMF<br \/>\n<\/span><\/h2>\n<p>Le DS-K1T804BMF est un terminal de contr\u00f4le d&rsquo;acc\u00e8s pouvant fonctionner en r\u00e9seau (WIFI\u00a0ou RJ45) ou de mani\u00e8re totalement autonome.<\/p>\n<p>Positionn\u00e9 \u00e0 l&rsquo;entr\u00e9e d&rsquo;un lieu, de pi\u00e8ce, d&rsquo;un entrep\u00f4t, etc. il permet de d\u00e9clencher l&rsquo;ouverture d&rsquo;une porte via une empreinte digitale, un code sur le pav\u00e9 num\u00e9rique ou une carte magn\u00e9tique. Il est compatible avec les cartes Mifare 13.56 MHz.<\/p>\n<p>Il peut g\u00e9rer jusqu&rsquo;\u00e0 3000 empreintes digitales, 3000 cartes et conserve jusqu&rsquo;\u00e0 100 000 \u00e9v\u00e8nements en m\u00e9moire.<\/p>\n<p>Le DS-K1T804BMF peut fonctionner dans des conditions extr\u00eames allant de -10\u00b0C \u00e0 55\u00b0C.<\/p>\n<p>Il se connecte au r\u00e9seau de l&rsquo;entreprise en TCP\/IP et poss\u00e8de une entr\u00e9e RJ45.<\/p>\n<h3>Caract\u00e9ristiques<\/h3>\n<ul>\n<li>Structure des informations sur la personne : bas\u00e9e sur l&rsquo;ID de l&#8217;employ\u00e9<\/li>\n<li>Prend en charge 6 statuts de pr\u00e9sence, y compris l&rsquo;enregistrement, le d\u00e9part, la sortie, les heures suppl\u00e9mentaires, l&rsquo;entr\u00e9e par effraction<\/li>\n<li>Prend en charge le protocole Wiegand<\/li>\n<li>Gestion int\u00e9gr\u00e9e du contr\u00f4le d&rsquo;acc\u00e8s et de la pr\u00e9sence<\/li>\n<li>Mode multi-authentification : empreinte digitale, carte, carte et mot de passe<\/li>\n<li>\u00c9cran LCD couleur de 2,4&Prime; 320 x 240p pour afficher l&rsquo;heure, la date et les r\u00e9sultats de l&rsquo;authentification par balayage\/empreinte digitale<\/li>\n<li>Enregistre \u00e0 distance les empreintes digitales du terminal au logiciel<\/li>\n<li>Max. 3000 utilisateurs, max. 3000 empreintes digitales (jusqu&rsquo;\u00e0 10 empreintes par personne), max. 3000 cartes et historique max. de 100000 \u00e9v\u00e9nements<\/li>\n<li>Deux modes d&rsquo;authentification de pr\u00e9sence : authentification par personne, authentification par appareil<\/li>\n<li>Entr\u00e9es\/Sorties d&rsquo;alerte : 1 \/ 1<\/li>\n<li>Param\u00e8tres de gestion de la configuration autonome (ajout local d&rsquo;informations sur la personne, la carte et les empreintes digitales)<\/li>\n<li>Export des donn\u00e9es de la carte magn\u00e9tique et du rapport de pr\u00e9sence sur cl\u00e9 USB<\/li>\n<li>Compteur de temps d&rsquo;ouverture de la porte avec possibilit\u00e9 d&rsquo;envoyer un signal d&rsquo;alarme en cas de d\u00e9passement de la valeur pr\u00e9d\u00e9finie<\/li>\n<li>Jusqu&rsquo;\u00e0 32 quarts de travail normaux et jusqu&rsquo;\u00e0 32 quarts d&rsquo;heures de travail peuvent \u00eatre configur\u00e9s<\/li>\n<li>Jusqu&rsquo;\u00e0 32 programmes de calendrier de vacances ou de pr\u00e9sence et jusqu&rsquo;\u00e0 128 programmes de vacances de contr\u00f4le d&rsquo;acc\u00e8s peuvent \u00eatre configur\u00e9s<\/li>\n<li>G\u00e9n\u00e8re automatiquement le rapport de pr\u00e9sence<\/li>\n<li>Permet l&rsquo;acc\u00e8s \u00e0 une sonnette tierce<\/li>\n<li>Fonction d&rsquo;alarme de sabotage et d&rsquo;alarme de contrainte<\/li>\n<li>Connecte l&rsquo;unit\u00e9 de contr\u00f4le de porte s\u00e9curis\u00e9e externe via RS-485 pour \u00e9viter l&rsquo;ouverture de la porte lorsque le terminal est d\u00e9truit<\/li>\n<li>Prend en charge l&rsquo;entr\u00e9e d&rsquo;alarme tierce<\/li>\n<li>Dimensions : 205 mm \u00d7 76.5 mm \u00d7 37 mm<\/li>\n<\/ul>\n","protected":false},"excerpt":{"rendered":"<p class=\"tx-excerpt\">Terminal autonome de contr\u00f4le\u00a0d&rsquo;acc\u00e8s\u00a0par empreinte digitale et badge RFID Hikvision DS-K1T804BMF Le DS-K1T804BMF est un terminal de contr\u00f4le d&rsquo;acc\u00e8s pouvant fonctionner en r\u00e9seau (WIFI\u00a0ou RJ45) ou de mani\u00e8re totalement autonome. Positionn\u00e9 \u00e0 l&rsquo;entr\u00e9e d&rsquo;un lieu,...<\/p>","protected":false},"featured_media":2767,"template":"","meta":{"_joinchat":[]},"product_brand":[],"product_cat":[35],"product_tag":[],"class_list":{"0":"post-2737","1":"product","2":"type-product","3":"status-publish","4":"has-post-thumbnail","6":"product_cat-controle-dacces","8":"first","9":"instock","10":"taxable","11":"shipping-taxable","12":"purchasable","13":"product-type-simple"},"yoast_head":"<!-- This site is optimized with the Yoast SEO plugin v27.4 - https:\/\/yoast.com\/product\/yoast-seo-wordpress\/ -->\n<title>Standalone - NEXT GEN GROUP<\/title>\n<meta name=\"robots\" content=\"index, follow, max-snippet:-1, max-image-preview:large, max-video-preview:-1\" \/>\n<link rel=\"canonical\" href=\"https:\/\/nextgen-sn.com\/?product=standalone\" \/>\n<meta property=\"og:locale\" content=\"fr_FR\" \/>\n<meta property=\"og:type\" content=\"article\" \/>\n<meta property=\"og:title\" content=\"Standalone - NEXT GEN GROUP\" \/>\n<meta property=\"og:description\" content=\"Terminal autonome de contr\u00f4le\u00a0d&rsquo;acc\u00e8s\u00a0par empreinte digitale et badge RFID Hikvision DS-K1T804BMF Le DS-K1T804BMF est un terminal de contr\u00f4le d&rsquo;acc\u00e8s pouvant fonctionner en r\u00e9seau (WIFI\u00a0ou RJ45) ou de mani\u00e8re totalement autonome. Positionn\u00e9 \u00e0 l&rsquo;entr\u00e9e d&rsquo;un lieu, de pi\u00e8ce, d&rsquo;un entrep\u00f4t, etc. il permet de d\u00e9clencher l&rsquo;ouverture d&rsquo;une porte via une empreinte digitale, un code sur le pav\u00e9 num\u00e9rique ou une carte magn\u00e9tique. Il est compatible avec les cartes Mifare 13.56 MHz. Il peut g\u00e9rer jusqu&rsquo;\u00e0 3000 empreintes digitales, 3000 cartes et conserve jusqu&rsquo;\u00e0 100 000 \u00e9v\u00e8nements en m\u00e9moire. Le DS-K1T804BMF peut fonctionner dans des conditions extr\u00eames allant de -10\u00b0C \u00e0 55\u00b0C. Il se connecte au r\u00e9seau de l&rsquo;entreprise en TCP\/IP et poss\u00e8de une entr\u00e9e RJ45. Caract\u00e9ristiques Structure des informations sur la personne : bas\u00e9e sur l&rsquo;ID de l&#8217;employ\u00e9 Prend en charge 6 statuts de pr\u00e9sence, y compris l&rsquo;enregistrement, le d\u00e9part, la sortie, les heures suppl\u00e9mentaires, l&rsquo;entr\u00e9e par effraction Prend en charge le protocole Wiegand Gestion int\u00e9gr\u00e9e du contr\u00f4le d&rsquo;acc\u00e8s et de la pr\u00e9sence Mode multi-authentification : empreinte digitale, carte, carte et mot de passe \u00c9cran LCD couleur de 2,4&Prime; 320 x 240p pour afficher l&rsquo;heure, la date et les r\u00e9sultats de l&rsquo;authentification par balayage\/empreinte digitale Enregistre \u00e0 distance les empreintes digitales du terminal au logiciel Max. 3000 utilisateurs, max. 3000 empreintes digitales (jusqu&rsquo;\u00e0 10 empreintes par personne), max. 3000 cartes et historique max. de 100000 \u00e9v\u00e9nements Deux modes d&rsquo;authentification de pr\u00e9sence : authentification par personne, authentification par appareil Entr\u00e9es\/Sorties d&rsquo;alerte : 1 \/ 1 Param\u00e8tres de gestion de la configuration autonome (ajout local d&rsquo;informations sur la personne, la carte et les empreintes digitales) Export des donn\u00e9es de la carte magn\u00e9tique et du rapport de pr\u00e9sence sur cl\u00e9 USB Compteur de temps d&rsquo;ouverture de la porte avec possibilit\u00e9 d&rsquo;envoyer un signal d&rsquo;alarme en cas de d\u00e9passement de la valeur pr\u00e9d\u00e9finie Jusqu&rsquo;\u00e0 32 quarts de travail normaux et jusqu&rsquo;\u00e0 32 quarts d&rsquo;heures de travail peuvent \u00eatre configur\u00e9s Jusqu&rsquo;\u00e0 32 programmes de calendrier de vacances ou de pr\u00e9sence et jusqu&rsquo;\u00e0 128 programmes de vacances de contr\u00f4le d&rsquo;acc\u00e8s peuvent \u00eatre configur\u00e9s G\u00e9n\u00e8re automatiquement le rapport de pr\u00e9sence Permet l&rsquo;acc\u00e8s \u00e0 une sonnette tierce Fonction d&rsquo;alarme de sabotage et d&rsquo;alarme de contrainte Connecte l&rsquo;unit\u00e9 de contr\u00f4le de porte s\u00e9curis\u00e9e externe via RS-485 pour \u00e9viter l&rsquo;ouverture de la porte lorsque le terminal est d\u00e9truit Prend en charge l&rsquo;entr\u00e9e d&rsquo;alarme tierce Dimensions : 205 mm \u00d7 76.5 mm \u00d7 37 mm\" \/>\n<meta property=\"og:url\" content=\"https:\/\/nextgen-sn.com\/?product=standalone\" \/>\n<meta property=\"og:site_name\" content=\"NEXT GEN GROUP\" \/>\n<meta property=\"article:modified_time\" content=\"2025-09-10T15:54:12+00:00\" \/>\n<meta property=\"og:image\" content=\"https:\/\/nextgen-sn.com\/wp-content\/uploads\/2025\/09\/e.webp\" \/>\n\t<meta property=\"og:image:width\" content=\"455\" \/>\n\t<meta property=\"og:image:height\" content=\"455\" \/>\n\t<meta property=\"og:image:type\" content=\"image\/webp\" \/>\n<meta name=\"twitter:card\" content=\"summary_large_image\" \/>\n<meta name=\"twitter:label1\" content=\"Dur\u00e9e de lecture estim\u00e9e\" \/>\n\t<meta name=\"twitter:data1\" content=\"2 minutes\" \/>\n<script type=\"application\/ld+json\" class=\"yoast-schema-graph\">{\"@context\":\"https:\\\/\\\/schema.org\",\"@graph\":[{\"@type\":\"WebPage\",\"@id\":\"https:\\\/\\\/nextgen-sn.com\\\/?product=standalone\",\"url\":\"https:\\\/\\\/nextgen-sn.com\\\/?product=standalone\",\"name\":\"Standalone - NEXT GEN GROUP\",\"isPartOf\":{\"@id\":\"https:\\\/\\\/nextgen-sn.com\\\/#website\"},\"primaryImageOfPage\":{\"@id\":\"https:\\\/\\\/nextgen-sn.com\\\/?product=standalone#primaryimage\"},\"image\":{\"@id\":\"https:\\\/\\\/nextgen-sn.com\\\/?product=standalone#primaryimage\"},\"thumbnailUrl\":\"https:\\\/\\\/nextgen-sn.com\\\/wp-content\\\/uploads\\\/2025\\\/09\\\/e.webp\",\"datePublished\":\"2025-09-10T15:54:06+00:00\",\"dateModified\":\"2025-09-10T15:54:12+00:00\",\"breadcrumb\":{\"@id\":\"https:\\\/\\\/nextgen-sn.com\\\/?product=standalone#breadcrumb\"},\"inLanguage\":\"fr-FR\",\"potentialAction\":[{\"@type\":\"ReadAction\",\"target\":[\"https:\\\/\\\/nextgen-sn.com\\\/?product=standalone\"]}]},{\"@type\":\"ImageObject\",\"inLanguage\":\"fr-FR\",\"@id\":\"https:\\\/\\\/nextgen-sn.com\\\/?product=standalone#primaryimage\",\"url\":\"https:\\\/\\\/nextgen-sn.com\\\/wp-content\\\/uploads\\\/2025\\\/09\\\/e.webp\",\"contentUrl\":\"https:\\\/\\\/nextgen-sn.com\\\/wp-content\\\/uploads\\\/2025\\\/09\\\/e.webp\",\"width\":455,\"height\":455},{\"@type\":\"BreadcrumbList\",\"@id\":\"https:\\\/\\\/nextgen-sn.com\\\/?product=standalone#breadcrumb\",\"itemListElement\":[{\"@type\":\"ListItem\",\"position\":1,\"name\":\"Accueil\",\"item\":\"https:\\\/\\\/nextgen-sn.com\\\/\"},{\"@type\":\"ListItem\",\"position\":2,\"name\":\"Produits\",\"item\":\"https:\\\/\\\/nextgen-sn.com\\\/?post_type=product\"},{\"@type\":\"ListItem\",\"position\":3,\"name\":\"Standalone\"}]},{\"@type\":\"WebSite\",\"@id\":\"https:\\\/\\\/nextgen-sn.com\\\/#website\",\"url\":\"https:\\\/\\\/nextgen-sn.com\\\/\",\"name\":\"NEXT GEN GROUP\",\"description\":\"Next Gen Group offre des services dans le domaine de l&#039;affichage gynamique\",\"publisher\":{\"@id\":\"https:\\\/\\\/nextgen-sn.com\\\/#organization\"},\"potentialAction\":[{\"@type\":\"SearchAction\",\"target\":{\"@type\":\"EntryPoint\",\"urlTemplate\":\"https:\\\/\\\/nextgen-sn.com\\\/?s={search_term_string}\"},\"query-input\":{\"@type\":\"PropertyValueSpecification\",\"valueRequired\":true,\"valueName\":\"search_term_string\"}}],\"inLanguage\":\"fr-FR\"},{\"@type\":\"Organization\",\"@id\":\"https:\\\/\\\/nextgen-sn.com\\\/#organization\",\"name\":\"NEXT GEN GROUP\",\"url\":\"https:\\\/\\\/nextgen-sn.com\\\/\",\"logo\":{\"@type\":\"ImageObject\",\"inLanguage\":\"fr-FR\",\"@id\":\"https:\\\/\\\/nextgen-sn.com\\\/#\\\/schema\\\/logo\\\/image\\\/\",\"url\":\"https:\\\/\\\/nextgen-sn.com\\\/wp-content\\\/uploads\\\/2025\\\/08\\\/Logo-Next-Gen.png\",\"contentUrl\":\"https:\\\/\\\/nextgen-sn.com\\\/wp-content\\\/uploads\\\/2025\\\/08\\\/Logo-Next-Gen.png\",\"width\":341,\"height\":149,\"caption\":\"NEXT GEN GROUP\"},\"image\":{\"@id\":\"https:\\\/\\\/nextgen-sn.com\\\/#\\\/schema\\\/logo\\\/image\\\/\"}}]}<\/script>\n<!-- \/ Yoast SEO plugin. -->","yoast_head_json":{"title":"Standalone - NEXT GEN GROUP","robots":{"index":"index","follow":"follow","max-snippet":"max-snippet:-1","max-image-preview":"max-image-preview:large","max-video-preview":"max-video-preview:-1"},"canonical":"https:\/\/nextgen-sn.com\/?product=standalone","og_locale":"fr_FR","og_type":"article","og_title":"Standalone - NEXT GEN GROUP","og_description":"Terminal autonome de contr\u00f4le\u00a0d&rsquo;acc\u00e8s\u00a0par empreinte digitale et badge RFID Hikvision DS-K1T804BMF Le DS-K1T804BMF est un terminal de contr\u00f4le d&rsquo;acc\u00e8s pouvant fonctionner en r\u00e9seau (WIFI\u00a0ou RJ45) ou de mani\u00e8re totalement autonome. Positionn\u00e9 \u00e0 l&rsquo;entr\u00e9e d&rsquo;un lieu, de pi\u00e8ce, d&rsquo;un entrep\u00f4t, etc. il permet de d\u00e9clencher l&rsquo;ouverture d&rsquo;une porte via une empreinte digitale, un code sur le pav\u00e9 num\u00e9rique ou une carte magn\u00e9tique. Il est compatible avec les cartes Mifare 13.56 MHz. Il peut g\u00e9rer jusqu&rsquo;\u00e0 3000 empreintes digitales, 3000 cartes et conserve jusqu&rsquo;\u00e0 100 000 \u00e9v\u00e8nements en m\u00e9moire. Le DS-K1T804BMF peut fonctionner dans des conditions extr\u00eames allant de -10\u00b0C \u00e0 55\u00b0C. Il se connecte au r\u00e9seau de l&rsquo;entreprise en TCP\/IP et poss\u00e8de une entr\u00e9e RJ45. Caract\u00e9ristiques Structure des informations sur la personne : bas\u00e9e sur l&rsquo;ID de l&#8217;employ\u00e9 Prend en charge 6 statuts de pr\u00e9sence, y compris l&rsquo;enregistrement, le d\u00e9part, la sortie, les heures suppl\u00e9mentaires, l&rsquo;entr\u00e9e par effraction Prend en charge le protocole Wiegand Gestion int\u00e9gr\u00e9e du contr\u00f4le d&rsquo;acc\u00e8s et de la pr\u00e9sence Mode multi-authentification : empreinte digitale, carte, carte et mot de passe \u00c9cran LCD couleur de 2,4&Prime; 320 x 240p pour afficher l&rsquo;heure, la date et les r\u00e9sultats de l&rsquo;authentification par balayage\/empreinte digitale Enregistre \u00e0 distance les empreintes digitales du terminal au logiciel Max. 3000 utilisateurs, max. 3000 empreintes digitales (jusqu&rsquo;\u00e0 10 empreintes par personne), max. 3000 cartes et historique max. de 100000 \u00e9v\u00e9nements Deux modes d&rsquo;authentification de pr\u00e9sence : authentification par personne, authentification par appareil Entr\u00e9es\/Sorties d&rsquo;alerte : 1 \/ 1 Param\u00e8tres de gestion de la configuration autonome (ajout local d&rsquo;informations sur la personne, la carte et les empreintes digitales) Export des donn\u00e9es de la carte magn\u00e9tique et du rapport de pr\u00e9sence sur cl\u00e9 USB Compteur de temps d&rsquo;ouverture de la porte avec possibilit\u00e9 d&rsquo;envoyer un signal d&rsquo;alarme en cas de d\u00e9passement de la valeur pr\u00e9d\u00e9finie Jusqu&rsquo;\u00e0 32 quarts de travail normaux et jusqu&rsquo;\u00e0 32 quarts d&rsquo;heures de travail peuvent \u00eatre configur\u00e9s Jusqu&rsquo;\u00e0 32 programmes de calendrier de vacances ou de pr\u00e9sence et jusqu&rsquo;\u00e0 128 programmes de vacances de contr\u00f4le d&rsquo;acc\u00e8s peuvent \u00eatre configur\u00e9s G\u00e9n\u00e8re automatiquement le rapport de pr\u00e9sence Permet l&rsquo;acc\u00e8s \u00e0 une sonnette tierce Fonction d&rsquo;alarme de sabotage et d&rsquo;alarme de contrainte Connecte l&rsquo;unit\u00e9 de contr\u00f4le de porte s\u00e9curis\u00e9e externe via RS-485 pour \u00e9viter l&rsquo;ouverture de la porte lorsque le terminal est d\u00e9truit Prend en charge l&rsquo;entr\u00e9e d&rsquo;alarme tierce Dimensions : 205 mm \u00d7 76.5 mm \u00d7 37 mm","og_url":"https:\/\/nextgen-sn.com\/?product=standalone","og_site_name":"NEXT GEN GROUP","article_modified_time":"2025-09-10T15:54:12+00:00","og_image":[{"width":455,"height":455,"url":"https:\/\/nextgen-sn.com\/wp-content\/uploads\/2025\/09\/e.webp","type":"image\/webp"}],"twitter_card":"summary_large_image","twitter_misc":{"Dur\u00e9e de lecture estim\u00e9e":"2 minutes"},"schema":{"@context":"https:\/\/schema.org","@graph":[{"@type":"WebPage","@id":"https:\/\/nextgen-sn.com\/?product=standalone","url":"https:\/\/nextgen-sn.com\/?product=standalone","name":"Standalone - NEXT GEN GROUP","isPartOf":{"@id":"https:\/\/nextgen-sn.com\/#website"},"primaryImageOfPage":{"@id":"https:\/\/nextgen-sn.com\/?product=standalone#primaryimage"},"image":{"@id":"https:\/\/nextgen-sn.com\/?product=standalone#primaryimage"},"thumbnailUrl":"https:\/\/nextgen-sn.com\/wp-content\/uploads\/2025\/09\/e.webp","datePublished":"2025-09-10T15:54:06+00:00","dateModified":"2025-09-10T15:54:12+00:00","breadcrumb":{"@id":"https:\/\/nextgen-sn.com\/?product=standalone#breadcrumb"},"inLanguage":"fr-FR","potentialAction":[{"@type":"ReadAction","target":["https:\/\/nextgen-sn.com\/?product=standalone"]}]},{"@type":"ImageObject","inLanguage":"fr-FR","@id":"https:\/\/nextgen-sn.com\/?product=standalone#primaryimage","url":"https:\/\/nextgen-sn.com\/wp-content\/uploads\/2025\/09\/e.webp","contentUrl":"https:\/\/nextgen-sn.com\/wp-content\/uploads\/2025\/09\/e.webp","width":455,"height":455},{"@type":"BreadcrumbList","@id":"https:\/\/nextgen-sn.com\/?product=standalone#breadcrumb","itemListElement":[{"@type":"ListItem","position":1,"name":"Accueil","item":"https:\/\/nextgen-sn.com\/"},{"@type":"ListItem","position":2,"name":"Produits","item":"https:\/\/nextgen-sn.com\/?post_type=product"},{"@type":"ListItem","position":3,"name":"Standalone"}]},{"@type":"WebSite","@id":"https:\/\/nextgen-sn.com\/#website","url":"https:\/\/nextgen-sn.com\/","name":"NEXT GEN GROUP","description":"Next Gen Group offre des services dans le domaine de l&#039;affichage gynamique","publisher":{"@id":"https:\/\/nextgen-sn.com\/#organization"},"potentialAction":[{"@type":"SearchAction","target":{"@type":"EntryPoint","urlTemplate":"https:\/\/nextgen-sn.com\/?s={search_term_string}"},"query-input":{"@type":"PropertyValueSpecification","valueRequired":true,"valueName":"search_term_string"}}],"inLanguage":"fr-FR"},{"@type":"Organization","@id":"https:\/\/nextgen-sn.com\/#organization","name":"NEXT GEN GROUP","url":"https:\/\/nextgen-sn.com\/","logo":{"@type":"ImageObject","inLanguage":"fr-FR","@id":"https:\/\/nextgen-sn.com\/#\/schema\/logo\/image\/","url":"https:\/\/nextgen-sn.com\/wp-content\/uploads\/2025\/08\/Logo-Next-Gen.png","contentUrl":"https:\/\/nextgen-sn.com\/wp-content\/uploads\/2025\/08\/Logo-Next-Gen.png","width":341,"height":149,"caption":"NEXT GEN GROUP"},"image":{"@id":"https:\/\/nextgen-sn.com\/#\/schema\/logo\/image\/"}}]}},"_links":{"self":[{"href":"https:\/\/nextgen-sn.com\/index.php?rest_route=\/wp\/v2\/product\/2737","targetHints":{"allow":["GET"]}}],"collection":[{"href":"https:\/\/nextgen-sn.com\/index.php?rest_route=\/wp\/v2\/product"}],"about":[{"href":"https:\/\/nextgen-sn.com\/index.php?rest_route=\/wp\/v2\/types\/product"}],"wp:featuredmedia":[{"embeddable":true,"href":"https:\/\/nextgen-sn.com\/index.php?rest_route=\/wp\/v2\/media\/2767"}],"wp:attachment":[{"href":"https:\/\/nextgen-sn.com\/index.php?rest_route=%2Fwp%2Fv2%2Fmedia&parent=2737"}],"wp:term":[{"taxonomy":"product_brand","embeddable":true,"href":"https:\/\/nextgen-sn.com\/index.php?rest_route=%2Fwp%2Fv2%2Fproduct_brand&post=2737"},{"taxonomy":"product_cat","embeddable":true,"href":"https:\/\/nextgen-sn.com\/index.php?rest_route=%2Fwp%2Fv2%2Fproduct_cat&post=2737"},{"taxonomy":"product_tag","embeddable":true,"href":"https:\/\/nextgen-sn.com\/index.php?rest_route=%2Fwp%2Fv2%2Fproduct_tag&post=2737"}],"curies":[{"name":"wp","href":"https:\/\/api.w.org\/{rel}","templated":true}]}}