{"id":2734,"date":"2025-09-10T15:54:06","date_gmt":"2025-09-10T15:54:06","guid":{"rendered":"https:\/\/nextgen.leden-shop.com\/?post_type=product&#038;p=2734"},"modified":"2025-09-10T15:54:10","modified_gmt":"2025-09-10T15:54:10","slug":"controleur-dacces-4-portes-8-lecteurs","status":"publish","type":"product","link":"https:\/\/nextgen-sn.com\/?product=controleur-dacces-4-portes-8-lecteurs","title":{"rendered":"Controleur d&rsquo;acces 4 portes 8 lecteurs"},"content":{"rendered":"<h2>Contr\u00f4leur 4 portes 8 lecteurs DS-K2604T<\/h2>\n<table class=\"spec-table\" style=\"height: 244px;\" width=\"441\">\n<tbody>\n<tr>\n<th>Macros et\/ou fonctions avanc\u00e9es<\/th>\n<td>Oui<\/td>\n<\/tr>\n<tr>\n<th>Mode d\u00e9grad\u00e9<\/th>\n<td>Oui<\/td>\n<\/tr>\n<tr>\n<th>Compatibilit\u00e9 logiciel<\/th>\n<td>HIK Central, iVMS-4200<\/td>\n<\/tr>\n<tr>\n<th>Tension d&rsquo;alimentation [VDC]<\/th>\n<td>De 12 \u00e0 12<\/td>\n<\/tr>\n<tr>\n<th>Nb. Utilisateurs max.<\/th>\n<td>100000<\/td>\n<\/tr>\n<tr>\n<th>Consommation max [mA]<\/th>\n<td>1000<\/td>\n<\/tr>\n<tr>\n<th>Journal des \u00e9v\u00e8nements<\/th>\n<td>300&rsquo;000<\/td>\n<\/tr>\n<tr>\n<th>Nombre de portes\/lecteurs<\/th>\n<td>4\/8<\/td>\n<\/tr>\n<\/tbody>\n<\/table>\n","protected":false},"excerpt":{"rendered":"<p class=\"tx-excerpt\">Contr\u00f4leur 4 portes 8 lecteurs DS-K2604T Macros et\/ou fonctions avanc\u00e9es Oui Mode d\u00e9grad\u00e9 Oui Compatibilit\u00e9 logiciel HIK Central, iVMS-4200 Tension d&rsquo;alimentation [VDC] De 12 \u00e0 12 Nb. Utilisateurs max. 100000 Consommation max [mA] 1000 Journal...<\/p>","protected":false},"featured_media":2764,"template":"","meta":{"_joinchat":[]},"product_brand":[],"product_cat":[35],"product_tag":[],"class_list":{"0":"post-2734","1":"product","2":"type-product","3":"status-publish","4":"has-post-thumbnail","6":"product_cat-controle-dacces","8":"first","9":"instock","10":"taxable","11":"shipping-taxable","12":"purchasable","13":"product-type-simple"},"yoast_head":"<!-- This site is optimized with the Yoast SEO plugin v27.4 - https:\/\/yoast.com\/product\/yoast-seo-wordpress\/ -->\n<title>Controleur d&#039;acces 4 portes 8 lecteurs - NEXT GEN GROUP<\/title>\n<meta name=\"robots\" content=\"index, follow, max-snippet:-1, max-image-preview:large, max-video-preview:-1\" \/>\n<link rel=\"canonical\" href=\"https:\/\/nextgen-sn.com\/?product=controleur-dacces-4-portes-8-lecteurs\" \/>\n<meta property=\"og:locale\" content=\"fr_FR\" \/>\n<meta property=\"og:type\" content=\"article\" \/>\n<meta property=\"og:title\" content=\"Controleur d&#039;acces 4 portes 8 lecteurs - NEXT GEN GROUP\" \/>\n<meta property=\"og:description\" content=\"Contr\u00f4leur 4 portes 8 lecteurs DS-K2604T Macros et\/ou fonctions avanc\u00e9es Oui Mode d\u00e9grad\u00e9 Oui Compatibilit\u00e9 logiciel HIK Central, iVMS-4200 Tension d&rsquo;alimentation [VDC] De 12 \u00e0 12 Nb. Utilisateurs max. 100000 Consommation max [mA] 1000 Journal des \u00e9v\u00e8nements 300&rsquo;000 Nombre de portes\/lecteurs 4\/8\" \/>\n<meta property=\"og:url\" content=\"https:\/\/nextgen-sn.com\/?product=controleur-dacces-4-portes-8-lecteurs\" \/>\n<meta property=\"og:site_name\" content=\"NEXT GEN GROUP\" \/>\n<meta property=\"article:modified_time\" content=\"2025-09-10T15:54:10+00:00\" \/>\n<meta property=\"og:image\" content=\"https:\/\/nextgen-sn.com\/wp-content\/uploads\/2025\/09\/2600T.png.thumb_.1280.1280-1.webp\" \/>\n\t<meta property=\"og:image:width\" content=\"800\" \/>\n\t<meta property=\"og:image:height\" content=\"795\" \/>\n\t<meta property=\"og:image:type\" content=\"image\/webp\" \/>\n<meta name=\"twitter:card\" content=\"summary_large_image\" \/>\n<script type=\"application\/ld+json\" class=\"yoast-schema-graph\">{\"@context\":\"https:\\\/\\\/schema.org\",\"@graph\":[{\"@type\":\"WebPage\",\"@id\":\"https:\\\/\\\/nextgen-sn.com\\\/?product=controleur-dacces-4-portes-8-lecteurs\",\"url\":\"https:\\\/\\\/nextgen-sn.com\\\/?product=controleur-dacces-4-portes-8-lecteurs\",\"name\":\"Controleur d'acces 4 portes 8 lecteurs - NEXT GEN GROUP\",\"isPartOf\":{\"@id\":\"https:\\\/\\\/nextgen-sn.com\\\/#website\"},\"primaryImageOfPage\":{\"@id\":\"https:\\\/\\\/nextgen-sn.com\\\/?product=controleur-dacces-4-portes-8-lecteurs#primaryimage\"},\"image\":{\"@id\":\"https:\\\/\\\/nextgen-sn.com\\\/?product=controleur-dacces-4-portes-8-lecteurs#primaryimage\"},\"thumbnailUrl\":\"https:\\\/\\\/nextgen-sn.com\\\/wp-content\\\/uploads\\\/2025\\\/09\\\/2600T.png.thumb_.1280.1280-1.webp\",\"datePublished\":\"2025-09-10T15:54:06+00:00\",\"dateModified\":\"2025-09-10T15:54:10+00:00\",\"breadcrumb\":{\"@id\":\"https:\\\/\\\/nextgen-sn.com\\\/?product=controleur-dacces-4-portes-8-lecteurs#breadcrumb\"},\"inLanguage\":\"fr-FR\",\"potentialAction\":[{\"@type\":\"ReadAction\",\"target\":[\"https:\\\/\\\/nextgen-sn.com\\\/?product=controleur-dacces-4-portes-8-lecteurs\"]}]},{\"@type\":\"ImageObject\",\"inLanguage\":\"fr-FR\",\"@id\":\"https:\\\/\\\/nextgen-sn.com\\\/?product=controleur-dacces-4-portes-8-lecteurs#primaryimage\",\"url\":\"https:\\\/\\\/nextgen-sn.com\\\/wp-content\\\/uploads\\\/2025\\\/09\\\/2600T.png.thumb_.1280.1280-1.webp\",\"contentUrl\":\"https:\\\/\\\/nextgen-sn.com\\\/wp-content\\\/uploads\\\/2025\\\/09\\\/2600T.png.thumb_.1280.1280-1.webp\",\"width\":800,\"height\":795},{\"@type\":\"BreadcrumbList\",\"@id\":\"https:\\\/\\\/nextgen-sn.com\\\/?product=controleur-dacces-4-portes-8-lecteurs#breadcrumb\",\"itemListElement\":[{\"@type\":\"ListItem\",\"position\":1,\"name\":\"Accueil\",\"item\":\"https:\\\/\\\/nextgen-sn.com\\\/\"},{\"@type\":\"ListItem\",\"position\":2,\"name\":\"Produits\",\"item\":\"https:\\\/\\\/nextgen-sn.com\\\/?post_type=product\"},{\"@type\":\"ListItem\",\"position\":3,\"name\":\"Controleur d&rsquo;acces 4 portes 8 lecteurs\"}]},{\"@type\":\"WebSite\",\"@id\":\"https:\\\/\\\/nextgen-sn.com\\\/#website\",\"url\":\"https:\\\/\\\/nextgen-sn.com\\\/\",\"name\":\"NEXT GEN GROUP\",\"description\":\"Next Gen Group offre des services dans le domaine de l&#039;affichage gynamique\",\"publisher\":{\"@id\":\"https:\\\/\\\/nextgen-sn.com\\\/#organization\"},\"potentialAction\":[{\"@type\":\"SearchAction\",\"target\":{\"@type\":\"EntryPoint\",\"urlTemplate\":\"https:\\\/\\\/nextgen-sn.com\\\/?s={search_term_string}\"},\"query-input\":{\"@type\":\"PropertyValueSpecification\",\"valueRequired\":true,\"valueName\":\"search_term_string\"}}],\"inLanguage\":\"fr-FR\"},{\"@type\":\"Organization\",\"@id\":\"https:\\\/\\\/nextgen-sn.com\\\/#organization\",\"name\":\"NEXT GEN GROUP\",\"url\":\"https:\\\/\\\/nextgen-sn.com\\\/\",\"logo\":{\"@type\":\"ImageObject\",\"inLanguage\":\"fr-FR\",\"@id\":\"https:\\\/\\\/nextgen-sn.com\\\/#\\\/schema\\\/logo\\\/image\\\/\",\"url\":\"https:\\\/\\\/nextgen-sn.com\\\/wp-content\\\/uploads\\\/2025\\\/08\\\/Logo-Next-Gen.png\",\"contentUrl\":\"https:\\\/\\\/nextgen-sn.com\\\/wp-content\\\/uploads\\\/2025\\\/08\\\/Logo-Next-Gen.png\",\"width\":341,\"height\":149,\"caption\":\"NEXT GEN GROUP\"},\"image\":{\"@id\":\"https:\\\/\\\/nextgen-sn.com\\\/#\\\/schema\\\/logo\\\/image\\\/\"}}]}<\/script>\n<!-- \/ Yoast SEO plugin. -->","yoast_head_json":{"title":"Controleur d'acces 4 portes 8 lecteurs - NEXT GEN GROUP","robots":{"index":"index","follow":"follow","max-snippet":"max-snippet:-1","max-image-preview":"max-image-preview:large","max-video-preview":"max-video-preview:-1"},"canonical":"https:\/\/nextgen-sn.com\/?product=controleur-dacces-4-portes-8-lecteurs","og_locale":"fr_FR","og_type":"article","og_title":"Controleur d'acces 4 portes 8 lecteurs - NEXT GEN GROUP","og_description":"Contr\u00f4leur 4 portes 8 lecteurs DS-K2604T Macros et\/ou fonctions avanc\u00e9es Oui Mode d\u00e9grad\u00e9 Oui Compatibilit\u00e9 logiciel HIK Central, iVMS-4200 Tension d&rsquo;alimentation [VDC] De 12 \u00e0 12 Nb. Utilisateurs max. 100000 Consommation max [mA] 1000 Journal des \u00e9v\u00e8nements 300&rsquo;000 Nombre de portes\/lecteurs 4\/8","og_url":"https:\/\/nextgen-sn.com\/?product=controleur-dacces-4-portes-8-lecteurs","og_site_name":"NEXT GEN GROUP","article_modified_time":"2025-09-10T15:54:10+00:00","og_image":[{"width":800,"height":795,"url":"https:\/\/nextgen-sn.com\/wp-content\/uploads\/2025\/09\/2600T.png.thumb_.1280.1280-1.webp","type":"image\/webp"}],"twitter_card":"summary_large_image","schema":{"@context":"https:\/\/schema.org","@graph":[{"@type":"WebPage","@id":"https:\/\/nextgen-sn.com\/?product=controleur-dacces-4-portes-8-lecteurs","url":"https:\/\/nextgen-sn.com\/?product=controleur-dacces-4-portes-8-lecteurs","name":"Controleur d'acces 4 portes 8 lecteurs - NEXT GEN GROUP","isPartOf":{"@id":"https:\/\/nextgen-sn.com\/#website"},"primaryImageOfPage":{"@id":"https:\/\/nextgen-sn.com\/?product=controleur-dacces-4-portes-8-lecteurs#primaryimage"},"image":{"@id":"https:\/\/nextgen-sn.com\/?product=controleur-dacces-4-portes-8-lecteurs#primaryimage"},"thumbnailUrl":"https:\/\/nextgen-sn.com\/wp-content\/uploads\/2025\/09\/2600T.png.thumb_.1280.1280-1.webp","datePublished":"2025-09-10T15:54:06+00:00","dateModified":"2025-09-10T15:54:10+00:00","breadcrumb":{"@id":"https:\/\/nextgen-sn.com\/?product=controleur-dacces-4-portes-8-lecteurs#breadcrumb"},"inLanguage":"fr-FR","potentialAction":[{"@type":"ReadAction","target":["https:\/\/nextgen-sn.com\/?product=controleur-dacces-4-portes-8-lecteurs"]}]},{"@type":"ImageObject","inLanguage":"fr-FR","@id":"https:\/\/nextgen-sn.com\/?product=controleur-dacces-4-portes-8-lecteurs#primaryimage","url":"https:\/\/nextgen-sn.com\/wp-content\/uploads\/2025\/09\/2600T.png.thumb_.1280.1280-1.webp","contentUrl":"https:\/\/nextgen-sn.com\/wp-content\/uploads\/2025\/09\/2600T.png.thumb_.1280.1280-1.webp","width":800,"height":795},{"@type":"BreadcrumbList","@id":"https:\/\/nextgen-sn.com\/?product=controleur-dacces-4-portes-8-lecteurs#breadcrumb","itemListElement":[{"@type":"ListItem","position":1,"name":"Accueil","item":"https:\/\/nextgen-sn.com\/"},{"@type":"ListItem","position":2,"name":"Produits","item":"https:\/\/nextgen-sn.com\/?post_type=product"},{"@type":"ListItem","position":3,"name":"Controleur d&rsquo;acces 4 portes 8 lecteurs"}]},{"@type":"WebSite","@id":"https:\/\/nextgen-sn.com\/#website","url":"https:\/\/nextgen-sn.com\/","name":"NEXT GEN GROUP","description":"Next Gen Group offre des services dans le domaine de l&#039;affichage gynamique","publisher":{"@id":"https:\/\/nextgen-sn.com\/#organization"},"potentialAction":[{"@type":"SearchAction","target":{"@type":"EntryPoint","urlTemplate":"https:\/\/nextgen-sn.com\/?s={search_term_string}"},"query-input":{"@type":"PropertyValueSpecification","valueRequired":true,"valueName":"search_term_string"}}],"inLanguage":"fr-FR"},{"@type":"Organization","@id":"https:\/\/nextgen-sn.com\/#organization","name":"NEXT GEN GROUP","url":"https:\/\/nextgen-sn.com\/","logo":{"@type":"ImageObject","inLanguage":"fr-FR","@id":"https:\/\/nextgen-sn.com\/#\/schema\/logo\/image\/","url":"https:\/\/nextgen-sn.com\/wp-content\/uploads\/2025\/08\/Logo-Next-Gen.png","contentUrl":"https:\/\/nextgen-sn.com\/wp-content\/uploads\/2025\/08\/Logo-Next-Gen.png","width":341,"height":149,"caption":"NEXT GEN GROUP"},"image":{"@id":"https:\/\/nextgen-sn.com\/#\/schema\/logo\/image\/"}}]}},"_links":{"self":[{"href":"https:\/\/nextgen-sn.com\/index.php?rest_route=\/wp\/v2\/product\/2734","targetHints":{"allow":["GET"]}}],"collection":[{"href":"https:\/\/nextgen-sn.com\/index.php?rest_route=\/wp\/v2\/product"}],"about":[{"href":"https:\/\/nextgen-sn.com\/index.php?rest_route=\/wp\/v2\/types\/product"}],"wp:featuredmedia":[{"embeddable":true,"href":"https:\/\/nextgen-sn.com\/index.php?rest_route=\/wp\/v2\/media\/2764"}],"wp:attachment":[{"href":"https:\/\/nextgen-sn.com\/index.php?rest_route=%2Fwp%2Fv2%2Fmedia&parent=2734"}],"wp:term":[{"taxonomy":"product_brand","embeddable":true,"href":"https:\/\/nextgen-sn.com\/index.php?rest_route=%2Fwp%2Fv2%2Fproduct_brand&post=2734"},{"taxonomy":"product_cat","embeddable":true,"href":"https:\/\/nextgen-sn.com\/index.php?rest_route=%2Fwp%2Fv2%2Fproduct_cat&post=2734"},{"taxonomy":"product_tag","embeddable":true,"href":"https:\/\/nextgen-sn.com\/index.php?rest_route=%2Fwp%2Fv2%2Fproduct_tag&post=2734"}],"curies":[{"name":"wp","href":"https:\/\/api.w.org\/{rel}","templated":true}]}}