{"id":2733,"date":"2025-09-10T15:54:06","date_gmt":"2025-09-10T15:54:06","guid":{"rendered":"https:\/\/nextgen.leden-shop.com\/?post_type=product&#038;p=2733"},"modified":"2025-09-10T15:54:10","modified_gmt":"2025-09-10T15:54:10","slug":"controleur-dacces-reseau-2-portes-4-lecteurs","status":"publish","type":"product","link":"https:\/\/nextgen-sn.com\/?product=controleur-dacces-reseau-2-portes-4-lecteurs","title":{"rendered":"Contr\u00f4leur d&rsquo;Acc\u00e8s R\u00e9seau 2 Portes 4 Lecteurs"},"content":{"rendered":"<div id=\"product-description-short-2719\" class=\"rte-content\">\n<p><strong>Contr\u00f4leur d&rsquo;Acc\u00e8s R\u00e9seau HIKVISION 2 Portes 4 Lecteurs<\/strong><\/p>\n<p>Le contr\u00f4leur d&rsquo;acc\u00e8s de la s\u00e9rie DS-K2600 est con\u00e7u avec la structure la plus r\u00e9cente<br \/>\navec interface de communication TCP\/IP et RS485. Le<br \/>\nles donn\u00e9es de communication sont crypt\u00e9es afin d&rsquo;am\u00e9liorer la s\u00e9curit\u00e9 des donn\u00e9es des<br \/>\nsyst\u00e8me. Le contr\u00f4leur prend \u00e9galement en charge le fonctionnement hors ligne et est<br \/>\ncon\u00e7u avec un interrupteur inviolable.<\/p>\n<ul>\n<li>Processeur haute vitesse 32 bits<\/li>\n<li>Communication r\u00e9seau TCP\/IP, avec interface r\u00e9seau auto-adaptative. Les donn\u00e9es de communication sont crypt\u00e9es pour assurer la s\u00e9curit\u00e9 de l&rsquo;information<\/li>\n<li>La reconnaissance et la m\u00e9morisation du num\u00e9ro de carte avec un maximum de 20 chiffres<\/li>\n<li>Stockage massif avec 100 000 (pouvant aller jusqu&rsquo;\u00e0 200 000) informations de cartes et 300 000 (pouvant aller jusqu&rsquo;\u00e0 600 000) \u00e9v\u00e9nements de contr\u00f4le d&rsquo;acc\u00e8s<\/li>\n<li>Prise en charge des fonctions de verrouillage multi-portes (DS-K2602 et DS-K2604), anti-passback, multi-cartes, premi\u00e8re carte, super carte et super mot de passe.<\/li>\n<li>Fonction de mise \u00e0 jour en ligne et commande \u00e0 distance en ligne des portes<\/li>\n<li>Prise en charge du t\u00e9l\u00e9chargement d&rsquo;\u00e9v\u00e9nements d&rsquo;alarme (y compris alarme inviolable, alarme de porte non s\u00e9curis\u00e9e, alarme d&rsquo;entr\u00e9e forc\u00e9e, alarme de porte retard\u00e9e),<\/li>\n<li>alarme de carte sous contrainte et alarme de code, alarme de liste noire et alarme en cas de tentative de glissement de carte invalide)<\/li>\n<li>Alarme de tentatives de court-circuit et d&rsquo;ouverture de circuit<\/li>\n<li>Supporte l&rsquo;entr\u00e9e d&rsquo;alarme de zone<\/li>\n<li>Supporte l&rsquo;interface RS485 et l&rsquo;interface Wiegand pour acc\u00e9der au lecteur de carte. L&rsquo;interface Wiegand prend en charge W26\/W34 et est<\/li>\n<li>Compatibilit\u00e9 transparente avec les lecteurs de cartes tiers gr\u00e2ce \u00e0 l&rsquo;interface Wiegand<\/li>\n<li>Prise en charge de diff\u00e9rents types de cartes tels que normal\/d\u00e9sactiv\u00e9\/ liste noire\/patrouille\/patrouille\/visiteurs\/dures\/super carte, etc.<\/li>\n<li>Diff\u00e9rents indicateurs pour indiquer l&rsquo;\u00e9tat de l&rsquo;appareil<\/li>\n<li>Prise en charge de la synchronisation du temps par NTP, m\u00e9thode manuelle ou automatique<\/li>\n<li>Supporte la batterie de secours<\/li>\n<li>Chien de garde pour la d\u00e9tection de l&rsquo;\u00e9tat de fonctionnement de l&rsquo;appareil<\/li>\n<li>Les donn\u00e9es peuvent \u00eatre sauvegard\u00e9es de fa\u00e7on permanente lorsque l&rsquo;option le contr\u00f4leur d&rsquo;acc\u00e8s est hors tension<\/li>\n<\/ul>\n<\/div>\n<div class=\"js-product-images-modal\">\n<div class=\"product-reference\"><label class=\"label\">R\u00c9F\u00c9RENCE:<\/label>\u00a0DS-K2602T(O-STD)<\/div>\n<div class=\"product-brand\"><label class=\"label\">MARQUE:<\/label>\u00a0HIKVISION<\/div>\n<\/div>\n","protected":false},"excerpt":{"rendered":"<p class=\"tx-excerpt\">Contr\u00f4leur d&rsquo;Acc\u00e8s R\u00e9seau HIKVISION 2 Portes 4 Lecteurs Le contr\u00f4leur d&rsquo;acc\u00e8s de la s\u00e9rie DS-K2600 est con\u00e7u avec la structure la plus r\u00e9cente avec interface de communication TCP\/IP et RS485. Le les donn\u00e9es de communication...<\/p>","protected":false},"featured_media":2763,"template":"","meta":{"_joinchat":[]},"product_brand":[],"product_cat":[35],"product_tag":[],"class_list":{"0":"post-2733","1":"product","2":"type-product","3":"status-publish","4":"has-post-thumbnail","6":"product_cat-controle-dacces","8":"first","9":"instock","10":"taxable","11":"shipping-taxable","12":"purchasable","13":"product-type-simple"},"yoast_head":"<!-- This site is optimized with the Yoast SEO plugin v27.4 - https:\/\/yoast.com\/product\/yoast-seo-wordpress\/ -->\n<title>Contr\u00f4leur d&#039;Acc\u00e8s R\u00e9seau 2 Portes 4 Lecteurs - NEXT GEN GROUP<\/title>\n<meta name=\"robots\" content=\"index, follow, max-snippet:-1, max-image-preview:large, max-video-preview:-1\" \/>\n<link rel=\"canonical\" href=\"https:\/\/nextgen-sn.com\/?product=controleur-dacces-reseau-2-portes-4-lecteurs\" \/>\n<meta property=\"og:locale\" content=\"fr_FR\" \/>\n<meta property=\"og:type\" content=\"article\" \/>\n<meta property=\"og:title\" content=\"Contr\u00f4leur d&#039;Acc\u00e8s R\u00e9seau 2 Portes 4 Lecteurs - NEXT GEN GROUP\" \/>\n<meta property=\"og:description\" content=\"Contr\u00f4leur d&rsquo;Acc\u00e8s R\u00e9seau HIKVISION 2 Portes 4 Lecteurs Le contr\u00f4leur d&rsquo;acc\u00e8s de la s\u00e9rie DS-K2600 est con\u00e7u avec la structure la plus r\u00e9cente avec interface de communication TCP\/IP et RS485. Le les donn\u00e9es de communication sont crypt\u00e9es afin d&rsquo;am\u00e9liorer la s\u00e9curit\u00e9 des donn\u00e9es des syst\u00e8me. Le contr\u00f4leur prend \u00e9galement en charge le fonctionnement hors ligne et est con\u00e7u avec un interrupteur inviolable. Processeur haute vitesse 32 bits Communication r\u00e9seau TCP\/IP, avec interface r\u00e9seau auto-adaptative. Les donn\u00e9es de communication sont crypt\u00e9es pour assurer la s\u00e9curit\u00e9 de l&rsquo;information La reconnaissance et la m\u00e9morisation du num\u00e9ro de carte avec un maximum de 20 chiffres Stockage massif avec 100 000 (pouvant aller jusqu&rsquo;\u00e0 200 000) informations de cartes et 300 000 (pouvant aller jusqu&rsquo;\u00e0 600 000) \u00e9v\u00e9nements de contr\u00f4le d&rsquo;acc\u00e8s Prise en charge des fonctions de verrouillage multi-portes (DS-K2602 et DS-K2604), anti-passback, multi-cartes, premi\u00e8re carte, super carte et super mot de passe. Fonction de mise \u00e0 jour en ligne et commande \u00e0 distance en ligne des portes Prise en charge du t\u00e9l\u00e9chargement d&rsquo;\u00e9v\u00e9nements d&rsquo;alarme (y compris alarme inviolable, alarme de porte non s\u00e9curis\u00e9e, alarme d&rsquo;entr\u00e9e forc\u00e9e, alarme de porte retard\u00e9e), alarme de carte sous contrainte et alarme de code, alarme de liste noire et alarme en cas de tentative de glissement de carte invalide) Alarme de tentatives de court-circuit et d&rsquo;ouverture de circuit Supporte l&rsquo;entr\u00e9e d&rsquo;alarme de zone Supporte l&rsquo;interface RS485 et l&rsquo;interface Wiegand pour acc\u00e9der au lecteur de carte. L&rsquo;interface Wiegand prend en charge W26\/W34 et est Compatibilit\u00e9 transparente avec les lecteurs de cartes tiers gr\u00e2ce \u00e0 l&rsquo;interface Wiegand Prise en charge de diff\u00e9rents types de cartes tels que normal\/d\u00e9sactiv\u00e9\/ liste noire\/patrouille\/patrouille\/visiteurs\/dures\/super carte, etc. Diff\u00e9rents indicateurs pour indiquer l&rsquo;\u00e9tat de l&rsquo;appareil Prise en charge de la synchronisation du temps par NTP, m\u00e9thode manuelle ou automatique Supporte la batterie de secours Chien de garde pour la d\u00e9tection de l&rsquo;\u00e9tat de fonctionnement de l&rsquo;appareil Les donn\u00e9es peuvent \u00eatre sauvegard\u00e9es de fa\u00e7on permanente lorsque l&rsquo;option le contr\u00f4leur d&rsquo;acc\u00e8s est hors tension R\u00c9F\u00c9RENCE:\u00a0DS-K2602T(O-STD) MARQUE:\u00a0HIKVISION\" \/>\n<meta property=\"og:url\" content=\"https:\/\/nextgen-sn.com\/?product=controleur-dacces-reseau-2-portes-4-lecteurs\" \/>\n<meta property=\"og:site_name\" content=\"NEXT GEN GROUP\" \/>\n<meta property=\"article:modified_time\" content=\"2025-09-10T15:54:10+00:00\" \/>\n<meta property=\"og:image\" content=\"https:\/\/nextgen-sn.com\/wp-content\/uploads\/2025\/09\/2600T.png.thumb_.1280.1280.webp\" \/>\n\t<meta property=\"og:image:width\" content=\"800\" \/>\n\t<meta property=\"og:image:height\" content=\"795\" \/>\n\t<meta property=\"og:image:type\" content=\"image\/webp\" \/>\n<meta name=\"twitter:card\" content=\"summary_large_image\" \/>\n<meta name=\"twitter:label1\" content=\"Dur\u00e9e de lecture estim\u00e9e\" \/>\n\t<meta name=\"twitter:data1\" content=\"2 minutes\" \/>\n<script type=\"application\/ld+json\" class=\"yoast-schema-graph\">{\"@context\":\"https:\\\/\\\/schema.org\",\"@graph\":[{\"@type\":\"WebPage\",\"@id\":\"https:\\\/\\\/nextgen-sn.com\\\/?product=controleur-dacces-reseau-2-portes-4-lecteurs\",\"url\":\"https:\\\/\\\/nextgen-sn.com\\\/?product=controleur-dacces-reseau-2-portes-4-lecteurs\",\"name\":\"Contr\u00f4leur d'Acc\u00e8s R\u00e9seau 2 Portes 4 Lecteurs - NEXT GEN GROUP\",\"isPartOf\":{\"@id\":\"https:\\\/\\\/nextgen-sn.com\\\/#website\"},\"primaryImageOfPage\":{\"@id\":\"https:\\\/\\\/nextgen-sn.com\\\/?product=controleur-dacces-reseau-2-portes-4-lecteurs#primaryimage\"},\"image\":{\"@id\":\"https:\\\/\\\/nextgen-sn.com\\\/?product=controleur-dacces-reseau-2-portes-4-lecteurs#primaryimage\"},\"thumbnailUrl\":\"https:\\\/\\\/nextgen-sn.com\\\/wp-content\\\/uploads\\\/2025\\\/09\\\/2600T.png.thumb_.1280.1280.webp\",\"datePublished\":\"2025-09-10T15:54:06+00:00\",\"dateModified\":\"2025-09-10T15:54:10+00:00\",\"breadcrumb\":{\"@id\":\"https:\\\/\\\/nextgen-sn.com\\\/?product=controleur-dacces-reseau-2-portes-4-lecteurs#breadcrumb\"},\"inLanguage\":\"fr-FR\",\"potentialAction\":[{\"@type\":\"ReadAction\",\"target\":[\"https:\\\/\\\/nextgen-sn.com\\\/?product=controleur-dacces-reseau-2-portes-4-lecteurs\"]}]},{\"@type\":\"ImageObject\",\"inLanguage\":\"fr-FR\",\"@id\":\"https:\\\/\\\/nextgen-sn.com\\\/?product=controleur-dacces-reseau-2-portes-4-lecteurs#primaryimage\",\"url\":\"https:\\\/\\\/nextgen-sn.com\\\/wp-content\\\/uploads\\\/2025\\\/09\\\/2600T.png.thumb_.1280.1280.webp\",\"contentUrl\":\"https:\\\/\\\/nextgen-sn.com\\\/wp-content\\\/uploads\\\/2025\\\/09\\\/2600T.png.thumb_.1280.1280.webp\",\"width\":800,\"height\":795},{\"@type\":\"BreadcrumbList\",\"@id\":\"https:\\\/\\\/nextgen-sn.com\\\/?product=controleur-dacces-reseau-2-portes-4-lecteurs#breadcrumb\",\"itemListElement\":[{\"@type\":\"ListItem\",\"position\":1,\"name\":\"Accueil\",\"item\":\"https:\\\/\\\/nextgen-sn.com\\\/\"},{\"@type\":\"ListItem\",\"position\":2,\"name\":\"Produits\",\"item\":\"https:\\\/\\\/nextgen-sn.com\\\/?post_type=product\"},{\"@type\":\"ListItem\",\"position\":3,\"name\":\"Contr\u00f4leur d&rsquo;Acc\u00e8s R\u00e9seau 2 Portes 4 Lecteurs\"}]},{\"@type\":\"WebSite\",\"@id\":\"https:\\\/\\\/nextgen-sn.com\\\/#website\",\"url\":\"https:\\\/\\\/nextgen-sn.com\\\/\",\"name\":\"NEXT GEN GROUP\",\"description\":\"Next Gen Group offre des services dans le domaine de l&#039;affichage gynamique\",\"publisher\":{\"@id\":\"https:\\\/\\\/nextgen-sn.com\\\/#organization\"},\"potentialAction\":[{\"@type\":\"SearchAction\",\"target\":{\"@type\":\"EntryPoint\",\"urlTemplate\":\"https:\\\/\\\/nextgen-sn.com\\\/?s={search_term_string}\"},\"query-input\":{\"@type\":\"PropertyValueSpecification\",\"valueRequired\":true,\"valueName\":\"search_term_string\"}}],\"inLanguage\":\"fr-FR\"},{\"@type\":\"Organization\",\"@id\":\"https:\\\/\\\/nextgen-sn.com\\\/#organization\",\"name\":\"NEXT GEN GROUP\",\"url\":\"https:\\\/\\\/nextgen-sn.com\\\/\",\"logo\":{\"@type\":\"ImageObject\",\"inLanguage\":\"fr-FR\",\"@id\":\"https:\\\/\\\/nextgen-sn.com\\\/#\\\/schema\\\/logo\\\/image\\\/\",\"url\":\"https:\\\/\\\/nextgen-sn.com\\\/wp-content\\\/uploads\\\/2025\\\/08\\\/Logo-Next-Gen.png\",\"contentUrl\":\"https:\\\/\\\/nextgen-sn.com\\\/wp-content\\\/uploads\\\/2025\\\/08\\\/Logo-Next-Gen.png\",\"width\":341,\"height\":149,\"caption\":\"NEXT GEN GROUP\"},\"image\":{\"@id\":\"https:\\\/\\\/nextgen-sn.com\\\/#\\\/schema\\\/logo\\\/image\\\/\"}}]}<\/script>\n<!-- \/ Yoast SEO plugin. -->","yoast_head_json":{"title":"Contr\u00f4leur d'Acc\u00e8s R\u00e9seau 2 Portes 4 Lecteurs - NEXT GEN GROUP","robots":{"index":"index","follow":"follow","max-snippet":"max-snippet:-1","max-image-preview":"max-image-preview:large","max-video-preview":"max-video-preview:-1"},"canonical":"https:\/\/nextgen-sn.com\/?product=controleur-dacces-reseau-2-portes-4-lecteurs","og_locale":"fr_FR","og_type":"article","og_title":"Contr\u00f4leur d'Acc\u00e8s R\u00e9seau 2 Portes 4 Lecteurs - NEXT GEN GROUP","og_description":"Contr\u00f4leur d&rsquo;Acc\u00e8s R\u00e9seau HIKVISION 2 Portes 4 Lecteurs Le contr\u00f4leur d&rsquo;acc\u00e8s de la s\u00e9rie DS-K2600 est con\u00e7u avec la structure la plus r\u00e9cente avec interface de communication TCP\/IP et RS485. Le les donn\u00e9es de communication sont crypt\u00e9es afin d&rsquo;am\u00e9liorer la s\u00e9curit\u00e9 des donn\u00e9es des syst\u00e8me. Le contr\u00f4leur prend \u00e9galement en charge le fonctionnement hors ligne et est con\u00e7u avec un interrupteur inviolable. Processeur haute vitesse 32 bits Communication r\u00e9seau TCP\/IP, avec interface r\u00e9seau auto-adaptative. Les donn\u00e9es de communication sont crypt\u00e9es pour assurer la s\u00e9curit\u00e9 de l&rsquo;information La reconnaissance et la m\u00e9morisation du num\u00e9ro de carte avec un maximum de 20 chiffres Stockage massif avec 100 000 (pouvant aller jusqu&rsquo;\u00e0 200 000) informations de cartes et 300 000 (pouvant aller jusqu&rsquo;\u00e0 600 000) \u00e9v\u00e9nements de contr\u00f4le d&rsquo;acc\u00e8s Prise en charge des fonctions de verrouillage multi-portes (DS-K2602 et DS-K2604), anti-passback, multi-cartes, premi\u00e8re carte, super carte et super mot de passe. Fonction de mise \u00e0 jour en ligne et commande \u00e0 distance en ligne des portes Prise en charge du t\u00e9l\u00e9chargement d&rsquo;\u00e9v\u00e9nements d&rsquo;alarme (y compris alarme inviolable, alarme de porte non s\u00e9curis\u00e9e, alarme d&rsquo;entr\u00e9e forc\u00e9e, alarme de porte retard\u00e9e), alarme de carte sous contrainte et alarme de code, alarme de liste noire et alarme en cas de tentative de glissement de carte invalide) Alarme de tentatives de court-circuit et d&rsquo;ouverture de circuit Supporte l&rsquo;entr\u00e9e d&rsquo;alarme de zone Supporte l&rsquo;interface RS485 et l&rsquo;interface Wiegand pour acc\u00e9der au lecteur de carte. L&rsquo;interface Wiegand prend en charge W26\/W34 et est Compatibilit\u00e9 transparente avec les lecteurs de cartes tiers gr\u00e2ce \u00e0 l&rsquo;interface Wiegand Prise en charge de diff\u00e9rents types de cartes tels que normal\/d\u00e9sactiv\u00e9\/ liste noire\/patrouille\/patrouille\/visiteurs\/dures\/super carte, etc. Diff\u00e9rents indicateurs pour indiquer l&rsquo;\u00e9tat de l&rsquo;appareil Prise en charge de la synchronisation du temps par NTP, m\u00e9thode manuelle ou automatique Supporte la batterie de secours Chien de garde pour la d\u00e9tection de l&rsquo;\u00e9tat de fonctionnement de l&rsquo;appareil Les donn\u00e9es peuvent \u00eatre sauvegard\u00e9es de fa\u00e7on permanente lorsque l&rsquo;option le contr\u00f4leur d&rsquo;acc\u00e8s est hors tension R\u00c9F\u00c9RENCE:\u00a0DS-K2602T(O-STD) MARQUE:\u00a0HIKVISION","og_url":"https:\/\/nextgen-sn.com\/?product=controleur-dacces-reseau-2-portes-4-lecteurs","og_site_name":"NEXT GEN GROUP","article_modified_time":"2025-09-10T15:54:10+00:00","og_image":[{"width":800,"height":795,"url":"https:\/\/nextgen-sn.com\/wp-content\/uploads\/2025\/09\/2600T.png.thumb_.1280.1280.webp","type":"image\/webp"}],"twitter_card":"summary_large_image","twitter_misc":{"Dur\u00e9e de lecture estim\u00e9e":"2 minutes"},"schema":{"@context":"https:\/\/schema.org","@graph":[{"@type":"WebPage","@id":"https:\/\/nextgen-sn.com\/?product=controleur-dacces-reseau-2-portes-4-lecteurs","url":"https:\/\/nextgen-sn.com\/?product=controleur-dacces-reseau-2-portes-4-lecteurs","name":"Contr\u00f4leur d'Acc\u00e8s R\u00e9seau 2 Portes 4 Lecteurs - NEXT GEN GROUP","isPartOf":{"@id":"https:\/\/nextgen-sn.com\/#website"},"primaryImageOfPage":{"@id":"https:\/\/nextgen-sn.com\/?product=controleur-dacces-reseau-2-portes-4-lecteurs#primaryimage"},"image":{"@id":"https:\/\/nextgen-sn.com\/?product=controleur-dacces-reseau-2-portes-4-lecteurs#primaryimage"},"thumbnailUrl":"https:\/\/nextgen-sn.com\/wp-content\/uploads\/2025\/09\/2600T.png.thumb_.1280.1280.webp","datePublished":"2025-09-10T15:54:06+00:00","dateModified":"2025-09-10T15:54:10+00:00","breadcrumb":{"@id":"https:\/\/nextgen-sn.com\/?product=controleur-dacces-reseau-2-portes-4-lecteurs#breadcrumb"},"inLanguage":"fr-FR","potentialAction":[{"@type":"ReadAction","target":["https:\/\/nextgen-sn.com\/?product=controleur-dacces-reseau-2-portes-4-lecteurs"]}]},{"@type":"ImageObject","inLanguage":"fr-FR","@id":"https:\/\/nextgen-sn.com\/?product=controleur-dacces-reseau-2-portes-4-lecteurs#primaryimage","url":"https:\/\/nextgen-sn.com\/wp-content\/uploads\/2025\/09\/2600T.png.thumb_.1280.1280.webp","contentUrl":"https:\/\/nextgen-sn.com\/wp-content\/uploads\/2025\/09\/2600T.png.thumb_.1280.1280.webp","width":800,"height":795},{"@type":"BreadcrumbList","@id":"https:\/\/nextgen-sn.com\/?product=controleur-dacces-reseau-2-portes-4-lecteurs#breadcrumb","itemListElement":[{"@type":"ListItem","position":1,"name":"Accueil","item":"https:\/\/nextgen-sn.com\/"},{"@type":"ListItem","position":2,"name":"Produits","item":"https:\/\/nextgen-sn.com\/?post_type=product"},{"@type":"ListItem","position":3,"name":"Contr\u00f4leur d&rsquo;Acc\u00e8s R\u00e9seau 2 Portes 4 Lecteurs"}]},{"@type":"WebSite","@id":"https:\/\/nextgen-sn.com\/#website","url":"https:\/\/nextgen-sn.com\/","name":"NEXT GEN GROUP","description":"Next Gen Group offre des services dans le domaine de l&#039;affichage gynamique","publisher":{"@id":"https:\/\/nextgen-sn.com\/#organization"},"potentialAction":[{"@type":"SearchAction","target":{"@type":"EntryPoint","urlTemplate":"https:\/\/nextgen-sn.com\/?s={search_term_string}"},"query-input":{"@type":"PropertyValueSpecification","valueRequired":true,"valueName":"search_term_string"}}],"inLanguage":"fr-FR"},{"@type":"Organization","@id":"https:\/\/nextgen-sn.com\/#organization","name":"NEXT GEN GROUP","url":"https:\/\/nextgen-sn.com\/","logo":{"@type":"ImageObject","inLanguage":"fr-FR","@id":"https:\/\/nextgen-sn.com\/#\/schema\/logo\/image\/","url":"https:\/\/nextgen-sn.com\/wp-content\/uploads\/2025\/08\/Logo-Next-Gen.png","contentUrl":"https:\/\/nextgen-sn.com\/wp-content\/uploads\/2025\/08\/Logo-Next-Gen.png","width":341,"height":149,"caption":"NEXT GEN GROUP"},"image":{"@id":"https:\/\/nextgen-sn.com\/#\/schema\/logo\/image\/"}}]}},"_links":{"self":[{"href":"https:\/\/nextgen-sn.com\/index.php?rest_route=\/wp\/v2\/product\/2733","targetHints":{"allow":["GET"]}}],"collection":[{"href":"https:\/\/nextgen-sn.com\/index.php?rest_route=\/wp\/v2\/product"}],"about":[{"href":"https:\/\/nextgen-sn.com\/index.php?rest_route=\/wp\/v2\/types\/product"}],"wp:featuredmedia":[{"embeddable":true,"href":"https:\/\/nextgen-sn.com\/index.php?rest_route=\/wp\/v2\/media\/2763"}],"wp:attachment":[{"href":"https:\/\/nextgen-sn.com\/index.php?rest_route=%2Fwp%2Fv2%2Fmedia&parent=2733"}],"wp:term":[{"taxonomy":"product_brand","embeddable":true,"href":"https:\/\/nextgen-sn.com\/index.php?rest_route=%2Fwp%2Fv2%2Fproduct_brand&post=2733"},{"taxonomy":"product_cat","embeddable":true,"href":"https:\/\/nextgen-sn.com\/index.php?rest_route=%2Fwp%2Fv2%2Fproduct_cat&post=2733"},{"taxonomy":"product_tag","embeddable":true,"href":"https:\/\/nextgen-sn.com\/index.php?rest_route=%2Fwp%2Fv2%2Fproduct_tag&post=2733"}],"curies":[{"name":"wp","href":"https:\/\/api.w.org\/{rel}","templated":true}]}}