{"id":2732,"date":"2025-09-10T15:54:06","date_gmt":"2025-09-10T15:54:06","guid":{"rendered":"https:\/\/nextgen.leden-shop.com\/?post_type=product&#038;p=2732"},"modified":"2025-09-10T15:54:10","modified_gmt":"2025-09-10T15:54:10","slug":"pointeuse","status":"publish","type":"product","link":"https:\/\/nextgen-sn.com\/?product=pointeuse","title":{"rendered":"Pointeuse"},"content":{"rendered":"<div id=\"product-description-short-5048\" class=\"rte-content\">\n<p><b>Terminal d&rsquo;acc\u00e8s mural de la s\u00e9rie Pro K1A802<\/b><\/p>\n<ul>\n<li>Terminal de pr\u00e9sence d&#8217;empreintes digitales, module de lecture de carte Mifare int\u00e9gr\u00e9<\/li>\n<li>Stockage de 3 000 empreintes digitales, 3 000 cartes et 100 000 \u00e9v\u00e9nements<\/li>\n<li>Communication via TCP\/TP et Wi-Fi<\/li>\n<li>Alimentation : 5 VCC\/1 A<\/li>\n<li>Batterie de secours prise en charge<\/li>\n<li>ISUP5.0, ISAPI<\/li>\n<\/ul>\n<\/div>\n<div class=\"js-product-images-modal\">\n<div class=\"product-reference\"><label class=\"label\">R\u00c9F\u00c9RENCE:<\/label>\u00a0DS-K1A802AMF-B<\/div>\n<div class=\"product-brand\"><label class=\"label\">MARQUE:<\/label>\u00a0HIKVISION<\/div>\n<div><\/div>\n<\/div>\n","protected":false},"excerpt":{"rendered":"<p class=\"tx-excerpt\">Terminal d&rsquo;acc\u00e8s mural de la s\u00e9rie Pro K1A802 Terminal de pr\u00e9sence d&#8217;empreintes digitales, module de lecture de carte Mifare int\u00e9gr\u00e9 Stockage de 3 000 empreintes digitales, 3 000 cartes et 100 000 \u00e9v\u00e9nements Communication via...<\/p>","protected":false},"featured_media":2762,"template":"","meta":{"_joinchat":[]},"product_brand":[],"product_cat":[35],"product_tag":[],"class_list":{"0":"post-2732","1":"product","2":"type-product","3":"status-publish","4":"has-post-thumbnail","6":"product_cat-controle-dacces","8":"first","9":"instock","10":"taxable","11":"shipping-taxable","12":"purchasable","13":"product-type-simple"},"yoast_head":"<!-- This site is optimized with the Yoast SEO plugin v27.4 - https:\/\/yoast.com\/product\/yoast-seo-wordpress\/ -->\n<title>Pointeuse - NEXT GEN GROUP<\/title>\n<meta name=\"robots\" content=\"index, follow, max-snippet:-1, max-image-preview:large, max-video-preview:-1\" \/>\n<link rel=\"canonical\" href=\"https:\/\/nextgen-sn.com\/?product=pointeuse\" \/>\n<meta property=\"og:locale\" content=\"fr_FR\" \/>\n<meta property=\"og:type\" content=\"article\" \/>\n<meta property=\"og:title\" content=\"Pointeuse - NEXT GEN GROUP\" \/>\n<meta property=\"og:description\" content=\"Terminal d&rsquo;acc\u00e8s mural de la s\u00e9rie Pro K1A802 Terminal de pr\u00e9sence d&#8217;empreintes digitales, module de lecture de carte Mifare int\u00e9gr\u00e9 Stockage de 3 000 empreintes digitales, 3 000 cartes et 100 000 \u00e9v\u00e9nements Communication via TCP\/TP et Wi-Fi Alimentation : 5 VCC\/1 A Batterie de secours prise en charge ISUP5.0, ISAPI R\u00c9F\u00c9RENCE:\u00a0DS-K1A802AMF-B MARQUE:\u00a0HIKVISION\" \/>\n<meta property=\"og:url\" content=\"https:\/\/nextgen-sn.com\/?product=pointeuse\" \/>\n<meta property=\"og:site_name\" content=\"NEXT GEN GROUP\" \/>\n<meta property=\"article:modified_time\" content=\"2025-09-10T15:54:10+00:00\" \/>\n<meta property=\"og:image\" content=\"https:\/\/nextgen-sn.com\/wp-content\/uploads\/2025\/09\/DS-K1A802.png.thumb_.1280.1280.webp\" \/>\n\t<meta property=\"og:image:width\" content=\"1280\" \/>\n\t<meta property=\"og:image:height\" content=\"837\" \/>\n\t<meta property=\"og:image:type\" content=\"image\/webp\" \/>\n<meta name=\"twitter:card\" content=\"summary_large_image\" \/>\n<script type=\"application\/ld+json\" class=\"yoast-schema-graph\">{\"@context\":\"https:\\\/\\\/schema.org\",\"@graph\":[{\"@type\":\"WebPage\",\"@id\":\"https:\\\/\\\/nextgen-sn.com\\\/?product=pointeuse\",\"url\":\"https:\\\/\\\/nextgen-sn.com\\\/?product=pointeuse\",\"name\":\"Pointeuse - NEXT GEN GROUP\",\"isPartOf\":{\"@id\":\"https:\\\/\\\/nextgen-sn.com\\\/#website\"},\"primaryImageOfPage\":{\"@id\":\"https:\\\/\\\/nextgen-sn.com\\\/?product=pointeuse#primaryimage\"},\"image\":{\"@id\":\"https:\\\/\\\/nextgen-sn.com\\\/?product=pointeuse#primaryimage\"},\"thumbnailUrl\":\"https:\\\/\\\/nextgen-sn.com\\\/wp-content\\\/uploads\\\/2025\\\/09\\\/DS-K1A802.png.thumb_.1280.1280.webp\",\"datePublished\":\"2025-09-10T15:54:06+00:00\",\"dateModified\":\"2025-09-10T15:54:10+00:00\",\"breadcrumb\":{\"@id\":\"https:\\\/\\\/nextgen-sn.com\\\/?product=pointeuse#breadcrumb\"},\"inLanguage\":\"fr-FR\",\"potentialAction\":[{\"@type\":\"ReadAction\",\"target\":[\"https:\\\/\\\/nextgen-sn.com\\\/?product=pointeuse\"]}]},{\"@type\":\"ImageObject\",\"inLanguage\":\"fr-FR\",\"@id\":\"https:\\\/\\\/nextgen-sn.com\\\/?product=pointeuse#primaryimage\",\"url\":\"https:\\\/\\\/nextgen-sn.com\\\/wp-content\\\/uploads\\\/2025\\\/09\\\/DS-K1A802.png.thumb_.1280.1280.webp\",\"contentUrl\":\"https:\\\/\\\/nextgen-sn.com\\\/wp-content\\\/uploads\\\/2025\\\/09\\\/DS-K1A802.png.thumb_.1280.1280.webp\",\"width\":1280,\"height\":837},{\"@type\":\"BreadcrumbList\",\"@id\":\"https:\\\/\\\/nextgen-sn.com\\\/?product=pointeuse#breadcrumb\",\"itemListElement\":[{\"@type\":\"ListItem\",\"position\":1,\"name\":\"Accueil\",\"item\":\"https:\\\/\\\/nextgen-sn.com\\\/\"},{\"@type\":\"ListItem\",\"position\":2,\"name\":\"Produits\",\"item\":\"https:\\\/\\\/nextgen-sn.com\\\/?post_type=product\"},{\"@type\":\"ListItem\",\"position\":3,\"name\":\"Pointeuse\"}]},{\"@type\":\"WebSite\",\"@id\":\"https:\\\/\\\/nextgen-sn.com\\\/#website\",\"url\":\"https:\\\/\\\/nextgen-sn.com\\\/\",\"name\":\"NEXT GEN GROUP\",\"description\":\"Next Gen Group offre des services dans le domaine de l&#039;affichage gynamique\",\"publisher\":{\"@id\":\"https:\\\/\\\/nextgen-sn.com\\\/#organization\"},\"potentialAction\":[{\"@type\":\"SearchAction\",\"target\":{\"@type\":\"EntryPoint\",\"urlTemplate\":\"https:\\\/\\\/nextgen-sn.com\\\/?s={search_term_string}\"},\"query-input\":{\"@type\":\"PropertyValueSpecification\",\"valueRequired\":true,\"valueName\":\"search_term_string\"}}],\"inLanguage\":\"fr-FR\"},{\"@type\":\"Organization\",\"@id\":\"https:\\\/\\\/nextgen-sn.com\\\/#organization\",\"name\":\"NEXT GEN GROUP\",\"url\":\"https:\\\/\\\/nextgen-sn.com\\\/\",\"logo\":{\"@type\":\"ImageObject\",\"inLanguage\":\"fr-FR\",\"@id\":\"https:\\\/\\\/nextgen-sn.com\\\/#\\\/schema\\\/logo\\\/image\\\/\",\"url\":\"https:\\\/\\\/nextgen-sn.com\\\/wp-content\\\/uploads\\\/2025\\\/08\\\/Logo-Next-Gen.png\",\"contentUrl\":\"https:\\\/\\\/nextgen-sn.com\\\/wp-content\\\/uploads\\\/2025\\\/08\\\/Logo-Next-Gen.png\",\"width\":341,\"height\":149,\"caption\":\"NEXT GEN GROUP\"},\"image\":{\"@id\":\"https:\\\/\\\/nextgen-sn.com\\\/#\\\/schema\\\/logo\\\/image\\\/\"}}]}<\/script>\n<!-- \/ Yoast SEO plugin. -->","yoast_head_json":{"title":"Pointeuse - NEXT GEN GROUP","robots":{"index":"index","follow":"follow","max-snippet":"max-snippet:-1","max-image-preview":"max-image-preview:large","max-video-preview":"max-video-preview:-1"},"canonical":"https:\/\/nextgen-sn.com\/?product=pointeuse","og_locale":"fr_FR","og_type":"article","og_title":"Pointeuse - NEXT GEN GROUP","og_description":"Terminal d&rsquo;acc\u00e8s mural de la s\u00e9rie Pro K1A802 Terminal de pr\u00e9sence d&#8217;empreintes digitales, module de lecture de carte Mifare int\u00e9gr\u00e9 Stockage de 3 000 empreintes digitales, 3 000 cartes et 100 000 \u00e9v\u00e9nements Communication via TCP\/TP et Wi-Fi Alimentation : 5 VCC\/1 A Batterie de secours prise en charge ISUP5.0, ISAPI R\u00c9F\u00c9RENCE:\u00a0DS-K1A802AMF-B MARQUE:\u00a0HIKVISION","og_url":"https:\/\/nextgen-sn.com\/?product=pointeuse","og_site_name":"NEXT GEN GROUP","article_modified_time":"2025-09-10T15:54:10+00:00","og_image":[{"width":1280,"height":837,"url":"https:\/\/nextgen-sn.com\/wp-content\/uploads\/2025\/09\/DS-K1A802.png.thumb_.1280.1280.webp","type":"image\/webp"}],"twitter_card":"summary_large_image","schema":{"@context":"https:\/\/schema.org","@graph":[{"@type":"WebPage","@id":"https:\/\/nextgen-sn.com\/?product=pointeuse","url":"https:\/\/nextgen-sn.com\/?product=pointeuse","name":"Pointeuse - NEXT GEN GROUP","isPartOf":{"@id":"https:\/\/nextgen-sn.com\/#website"},"primaryImageOfPage":{"@id":"https:\/\/nextgen-sn.com\/?product=pointeuse#primaryimage"},"image":{"@id":"https:\/\/nextgen-sn.com\/?product=pointeuse#primaryimage"},"thumbnailUrl":"https:\/\/nextgen-sn.com\/wp-content\/uploads\/2025\/09\/DS-K1A802.png.thumb_.1280.1280.webp","datePublished":"2025-09-10T15:54:06+00:00","dateModified":"2025-09-10T15:54:10+00:00","breadcrumb":{"@id":"https:\/\/nextgen-sn.com\/?product=pointeuse#breadcrumb"},"inLanguage":"fr-FR","potentialAction":[{"@type":"ReadAction","target":["https:\/\/nextgen-sn.com\/?product=pointeuse"]}]},{"@type":"ImageObject","inLanguage":"fr-FR","@id":"https:\/\/nextgen-sn.com\/?product=pointeuse#primaryimage","url":"https:\/\/nextgen-sn.com\/wp-content\/uploads\/2025\/09\/DS-K1A802.png.thumb_.1280.1280.webp","contentUrl":"https:\/\/nextgen-sn.com\/wp-content\/uploads\/2025\/09\/DS-K1A802.png.thumb_.1280.1280.webp","width":1280,"height":837},{"@type":"BreadcrumbList","@id":"https:\/\/nextgen-sn.com\/?product=pointeuse#breadcrumb","itemListElement":[{"@type":"ListItem","position":1,"name":"Accueil","item":"https:\/\/nextgen-sn.com\/"},{"@type":"ListItem","position":2,"name":"Produits","item":"https:\/\/nextgen-sn.com\/?post_type=product"},{"@type":"ListItem","position":3,"name":"Pointeuse"}]},{"@type":"WebSite","@id":"https:\/\/nextgen-sn.com\/#website","url":"https:\/\/nextgen-sn.com\/","name":"NEXT GEN GROUP","description":"Next Gen Group offre des services dans le domaine de l&#039;affichage gynamique","publisher":{"@id":"https:\/\/nextgen-sn.com\/#organization"},"potentialAction":[{"@type":"SearchAction","target":{"@type":"EntryPoint","urlTemplate":"https:\/\/nextgen-sn.com\/?s={search_term_string}"},"query-input":{"@type":"PropertyValueSpecification","valueRequired":true,"valueName":"search_term_string"}}],"inLanguage":"fr-FR"},{"@type":"Organization","@id":"https:\/\/nextgen-sn.com\/#organization","name":"NEXT GEN GROUP","url":"https:\/\/nextgen-sn.com\/","logo":{"@type":"ImageObject","inLanguage":"fr-FR","@id":"https:\/\/nextgen-sn.com\/#\/schema\/logo\/image\/","url":"https:\/\/nextgen-sn.com\/wp-content\/uploads\/2025\/08\/Logo-Next-Gen.png","contentUrl":"https:\/\/nextgen-sn.com\/wp-content\/uploads\/2025\/08\/Logo-Next-Gen.png","width":341,"height":149,"caption":"NEXT GEN GROUP"},"image":{"@id":"https:\/\/nextgen-sn.com\/#\/schema\/logo\/image\/"}}]}},"_links":{"self":[{"href":"https:\/\/nextgen-sn.com\/index.php?rest_route=\/wp\/v2\/product\/2732","targetHints":{"allow":["GET"]}}],"collection":[{"href":"https:\/\/nextgen-sn.com\/index.php?rest_route=\/wp\/v2\/product"}],"about":[{"href":"https:\/\/nextgen-sn.com\/index.php?rest_route=\/wp\/v2\/types\/product"}],"wp:featuredmedia":[{"embeddable":true,"href":"https:\/\/nextgen-sn.com\/index.php?rest_route=\/wp\/v2\/media\/2762"}],"wp:attachment":[{"href":"https:\/\/nextgen-sn.com\/index.php?rest_route=%2Fwp%2Fv2%2Fmedia&parent=2732"}],"wp:term":[{"taxonomy":"product_brand","embeddable":true,"href":"https:\/\/nextgen-sn.com\/index.php?rest_route=%2Fwp%2Fv2%2Fproduct_brand&post=2732"},{"taxonomy":"product_cat","embeddable":true,"href":"https:\/\/nextgen-sn.com\/index.php?rest_route=%2Fwp%2Fv2%2Fproduct_cat&post=2732"},{"taxonomy":"product_tag","embeddable":true,"href":"https:\/\/nextgen-sn.com\/index.php?rest_route=%2Fwp%2Fv2%2Fproduct_tag&post=2732"}],"curies":[{"name":"wp","href":"https:\/\/api.w.org\/{rel}","templated":true}]}}