{"id":2726,"date":"2025-09-10T15:54:06","date_gmt":"2025-09-10T15:54:06","guid":{"rendered":"https:\/\/nextgen.leden-shop.com\/?post_type=product&#038;p=2726"},"modified":"2025-09-10T15:54:09","modified_gmt":"2025-09-10T15:54:09","slug":"camera-fisheye","status":"publish","type":"product","link":"https:\/\/nextgen-sn.com\/?product=camera-fisheye","title":{"rendered":"Cam\u00e9ra fisheye"},"content":{"rendered":"<p>Hikvision Pro DS-2CD2955FWD-I(1.05MM) Cam\u00e9ra fisheye IP 5Mpx, EXIR 8 m, optique fixe, WDR 120dB, 12Vdc\/PoE<\/p>\n<div class=\"table-responsive\">\n<table class=\"table table-bordered specs\" border=\"0\" cellspacing=\"0\" cellpadding=\"0\">\n<tbody>\n<tr>\n<th>Type de cam\u00e9ra<\/th>\n<td>oeil de poisson<\/td>\n<\/tr>\n<tr>\n<th>R\u00e9solution<\/th>\n<td>5MP (2560 x 1944)<\/td>\n<\/tr>\n<tr>\n<th>Technologie de cam\u00e9ra<\/th>\n<td>IP<\/td>\n<\/tr>\n<tr>\n<th>Type d&rsquo;optique<\/th>\n<td>Fix\u00e9<\/td>\n<\/tr>\n<tr>\n<th>Distance focale<\/th>\n<td>1,05 mm<\/td>\n<\/tr>\n<tr>\n<th>LED<\/th>\n<td>IR 8\u00a0m<\/td>\n<\/tr>\n<tr>\n<th>WDR<\/th>\n<td>120dB<\/td>\n<\/tr>\n<tr>\n<th>analyse vid\u00e9o<\/th>\n<td>VCA<\/td>\n<\/tr>\n<tr>\n<th>anticorrosion<\/th>\n<td>Non<\/td>\n<\/tr>\n<tr>\n<th>Ext\u00e9rieur<\/th>\n<td>Non<\/td>\n<\/tr>\n<tr>\n<th>Technologie vid\u00e9o<\/th>\n<td>IP<\/td>\n<\/tr>\n<tr>\n<th>Alimentation<\/th>\n<td>12Vdc \/ PoE 802.3af<\/td>\n<\/tr>\n<tr>\n<th>Hauteur (cm)<\/th>\n<td>4.12<\/td>\n<\/tr>\n<tr>\n<th>Largeur (cm)<\/th>\n<td>11,99<\/td>\n<\/tr>\n<tr>\n<th>profondeur (cm)<\/th>\n<td>11,99<\/td>\n<\/tr>\n<tr>\n<th>poids (kg)<\/th>\n<td>0,6<\/td>\n<\/tr>\n<tr>\n<th>Disponibilit\u00e9<\/th>\n<td>C<\/td>\n<\/tr>\n<tr>\n<th>Marque<\/th>\n<td>HikVision Pro<\/td>\n<\/tr>\n<tr>\n<th>Support mural<\/th>\n<td>DS-1294ZJ<\/td>\n<\/tr>\n<tr>\n<th>Support de plafond<\/th>\n<td>DS-1297ZJ<\/td>\n<\/tr>\n<tr>\n<th>Support de toit en pente<\/th>\n<td>DS-1281ZJ-DM27<\/td>\n<\/tr>\n<tr>\n<th>\u00c9clairage minimal<\/th>\n<td>0.01lux<\/td>\n<\/tr>\n<tr>\n<th>Fente SD<\/th>\n<td>Micro SD (128 Go)<\/td>\n<\/tr>\n<\/tbody>\n<\/table>\n<\/div>\n","protected":false},"excerpt":{"rendered":"<p class=\"tx-excerpt\">Hikvision Pro DS-2CD2955FWD-I(1.05MM) Cam\u00e9ra fisheye IP 5Mpx, EXIR 8 m, optique fixe, WDR 120dB, 12Vdc\/PoE Type de cam\u00e9ra oeil de poisson R\u00e9solution 5MP (2560 x 1944) Technologie de cam\u00e9ra IP Type d&rsquo;optique Fix\u00e9 Distance focale...<\/p>","protected":false},"featured_media":2756,"template":"","meta":{"_joinchat":[]},"product_brand":[],"product_cat":[31],"product_tag":[],"class_list":{"0":"post-2726","1":"product","2":"type-product","3":"status-publish","4":"has-post-thumbnail","6":"product_cat-cameras-ip","8":"first","9":"instock","10":"taxable","11":"shipping-taxable","12":"purchasable","13":"product-type-simple"},"yoast_head":"<!-- This site is optimized with the Yoast SEO plugin v27.4 - https:\/\/yoast.com\/product\/yoast-seo-wordpress\/ -->\n<title>Cam\u00e9ra fisheye - NEXT GEN GROUP<\/title>\n<meta name=\"robots\" content=\"index, follow, max-snippet:-1, max-image-preview:large, max-video-preview:-1\" \/>\n<link rel=\"canonical\" href=\"https:\/\/nextgen-sn.com\/?product=camera-fisheye\" \/>\n<meta property=\"og:locale\" content=\"fr_FR\" \/>\n<meta property=\"og:type\" content=\"article\" \/>\n<meta property=\"og:title\" content=\"Cam\u00e9ra fisheye - NEXT GEN GROUP\" \/>\n<meta property=\"og:description\" content=\"Hikvision Pro DS-2CD2955FWD-I(1.05MM) Cam\u00e9ra fisheye IP 5Mpx, EXIR 8 m, optique fixe, WDR 120dB, 12Vdc\/PoE Type de cam\u00e9ra oeil de poisson R\u00e9solution 5MP (2560 x 1944) Technologie de cam\u00e9ra IP Type d&rsquo;optique Fix\u00e9 Distance focale 1,05 mm LED IR 8\u00a0m WDR 120dB analyse vid\u00e9o VCA anticorrosion Non Ext\u00e9rieur Non Technologie vid\u00e9o IP Alimentation 12Vdc \/ PoE 802.3af Hauteur (cm) 4.12 Largeur (cm) 11,99 profondeur (cm) 11,99 poids (kg) 0,6 Disponibilit\u00e9 C Marque HikVision Pro Support mural DS-1294ZJ Support de plafond DS-1297ZJ Support de toit en pente DS-1281ZJ-DM27 \u00c9clairage minimal 0.01lux Fente SD Micro SD (128 Go)\" \/>\n<meta property=\"og:url\" content=\"https:\/\/nextgen-sn.com\/?product=camera-fisheye\" \/>\n<meta property=\"og:site_name\" content=\"NEXT GEN GROUP\" \/>\n<meta property=\"article:modified_time\" content=\"2025-09-10T15:54:09+00:00\" \/>\n<meta property=\"og:image\" content=\"https:\/\/nextgen-sn.com\/wp-content\/uploads\/2025\/09\/hikvision-pro-ds-2cd2955fwd-i105mm-camera-fisheye-ip-5mpx.jpg\" \/>\n\t<meta property=\"og:image:width\" content=\"800\" \/>\n\t<meta property=\"og:image:height\" content=\"800\" \/>\n\t<meta property=\"og:image:type\" content=\"image\/jpeg\" \/>\n<meta name=\"twitter:card\" content=\"summary_large_image\" \/>\n<meta name=\"twitter:label1\" content=\"Dur\u00e9e de lecture estim\u00e9e\" \/>\n\t<meta name=\"twitter:data1\" content=\"1 minute\" \/>\n<script type=\"application\/ld+json\" class=\"yoast-schema-graph\">{\"@context\":\"https:\\\/\\\/schema.org\",\"@graph\":[{\"@type\":\"WebPage\",\"@id\":\"https:\\\/\\\/nextgen-sn.com\\\/?product=camera-fisheye\",\"url\":\"https:\\\/\\\/nextgen-sn.com\\\/?product=camera-fisheye\",\"name\":\"Cam\u00e9ra fisheye - NEXT GEN GROUP\",\"isPartOf\":{\"@id\":\"https:\\\/\\\/nextgen-sn.com\\\/#website\"},\"primaryImageOfPage\":{\"@id\":\"https:\\\/\\\/nextgen-sn.com\\\/?product=camera-fisheye#primaryimage\"},\"image\":{\"@id\":\"https:\\\/\\\/nextgen-sn.com\\\/?product=camera-fisheye#primaryimage\"},\"thumbnailUrl\":\"https:\\\/\\\/nextgen-sn.com\\\/wp-content\\\/uploads\\\/2025\\\/09\\\/hikvision-pro-ds-2cd2955fwd-i105mm-camera-fisheye-ip-5mpx.jpg\",\"datePublished\":\"2025-09-10T15:54:06+00:00\",\"dateModified\":\"2025-09-10T15:54:09+00:00\",\"breadcrumb\":{\"@id\":\"https:\\\/\\\/nextgen-sn.com\\\/?product=camera-fisheye#breadcrumb\"},\"inLanguage\":\"fr-FR\",\"potentialAction\":[{\"@type\":\"ReadAction\",\"target\":[\"https:\\\/\\\/nextgen-sn.com\\\/?product=camera-fisheye\"]}]},{\"@type\":\"ImageObject\",\"inLanguage\":\"fr-FR\",\"@id\":\"https:\\\/\\\/nextgen-sn.com\\\/?product=camera-fisheye#primaryimage\",\"url\":\"https:\\\/\\\/nextgen-sn.com\\\/wp-content\\\/uploads\\\/2025\\\/09\\\/hikvision-pro-ds-2cd2955fwd-i105mm-camera-fisheye-ip-5mpx.jpg\",\"contentUrl\":\"https:\\\/\\\/nextgen-sn.com\\\/wp-content\\\/uploads\\\/2025\\\/09\\\/hikvision-pro-ds-2cd2955fwd-i105mm-camera-fisheye-ip-5mpx.jpg\",\"width\":800,\"height\":800},{\"@type\":\"BreadcrumbList\",\"@id\":\"https:\\\/\\\/nextgen-sn.com\\\/?product=camera-fisheye#breadcrumb\",\"itemListElement\":[{\"@type\":\"ListItem\",\"position\":1,\"name\":\"Accueil\",\"item\":\"https:\\\/\\\/nextgen-sn.com\\\/\"},{\"@type\":\"ListItem\",\"position\":2,\"name\":\"Produits\",\"item\":\"https:\\\/\\\/nextgen-sn.com\\\/?post_type=product\"},{\"@type\":\"ListItem\",\"position\":3,\"name\":\"Cam\u00e9ra fisheye\"}]},{\"@type\":\"WebSite\",\"@id\":\"https:\\\/\\\/nextgen-sn.com\\\/#website\",\"url\":\"https:\\\/\\\/nextgen-sn.com\\\/\",\"name\":\"NEXT GEN GROUP\",\"description\":\"Next Gen Group offre des services dans le domaine de l&#039;affichage gynamique\",\"publisher\":{\"@id\":\"https:\\\/\\\/nextgen-sn.com\\\/#organization\"},\"potentialAction\":[{\"@type\":\"SearchAction\",\"target\":{\"@type\":\"EntryPoint\",\"urlTemplate\":\"https:\\\/\\\/nextgen-sn.com\\\/?s={search_term_string}\"},\"query-input\":{\"@type\":\"PropertyValueSpecification\",\"valueRequired\":true,\"valueName\":\"search_term_string\"}}],\"inLanguage\":\"fr-FR\"},{\"@type\":\"Organization\",\"@id\":\"https:\\\/\\\/nextgen-sn.com\\\/#organization\",\"name\":\"NEXT GEN GROUP\",\"url\":\"https:\\\/\\\/nextgen-sn.com\\\/\",\"logo\":{\"@type\":\"ImageObject\",\"inLanguage\":\"fr-FR\",\"@id\":\"https:\\\/\\\/nextgen-sn.com\\\/#\\\/schema\\\/logo\\\/image\\\/\",\"url\":\"https:\\\/\\\/nextgen-sn.com\\\/wp-content\\\/uploads\\\/2025\\\/08\\\/Logo-Next-Gen.png\",\"contentUrl\":\"https:\\\/\\\/nextgen-sn.com\\\/wp-content\\\/uploads\\\/2025\\\/08\\\/Logo-Next-Gen.png\",\"width\":341,\"height\":149,\"caption\":\"NEXT GEN GROUP\"},\"image\":{\"@id\":\"https:\\\/\\\/nextgen-sn.com\\\/#\\\/schema\\\/logo\\\/image\\\/\"}}]}<\/script>\n<!-- \/ Yoast SEO plugin. -->","yoast_head_json":{"title":"Cam\u00e9ra fisheye - NEXT GEN GROUP","robots":{"index":"index","follow":"follow","max-snippet":"max-snippet:-1","max-image-preview":"max-image-preview:large","max-video-preview":"max-video-preview:-1"},"canonical":"https:\/\/nextgen-sn.com\/?product=camera-fisheye","og_locale":"fr_FR","og_type":"article","og_title":"Cam\u00e9ra fisheye - NEXT GEN GROUP","og_description":"Hikvision Pro DS-2CD2955FWD-I(1.05MM) Cam\u00e9ra fisheye IP 5Mpx, EXIR 8 m, optique fixe, WDR 120dB, 12Vdc\/PoE Type de cam\u00e9ra oeil de poisson R\u00e9solution 5MP (2560 x 1944) Technologie de cam\u00e9ra IP Type d&rsquo;optique Fix\u00e9 Distance focale 1,05 mm LED IR 8\u00a0m WDR 120dB analyse vid\u00e9o VCA anticorrosion Non Ext\u00e9rieur Non Technologie vid\u00e9o IP Alimentation 12Vdc \/ PoE 802.3af Hauteur (cm) 4.12 Largeur (cm) 11,99 profondeur (cm) 11,99 poids (kg) 0,6 Disponibilit\u00e9 C Marque HikVision Pro Support mural DS-1294ZJ Support de plafond DS-1297ZJ Support de toit en pente DS-1281ZJ-DM27 \u00c9clairage minimal 0.01lux Fente SD Micro SD (128 Go)","og_url":"https:\/\/nextgen-sn.com\/?product=camera-fisheye","og_site_name":"NEXT GEN GROUP","article_modified_time":"2025-09-10T15:54:09+00:00","og_image":[{"width":800,"height":800,"url":"https:\/\/nextgen-sn.com\/wp-content\/uploads\/2025\/09\/hikvision-pro-ds-2cd2955fwd-i105mm-camera-fisheye-ip-5mpx.jpg","type":"image\/jpeg"}],"twitter_card":"summary_large_image","twitter_misc":{"Dur\u00e9e de lecture estim\u00e9e":"1 minute"},"schema":{"@context":"https:\/\/schema.org","@graph":[{"@type":"WebPage","@id":"https:\/\/nextgen-sn.com\/?product=camera-fisheye","url":"https:\/\/nextgen-sn.com\/?product=camera-fisheye","name":"Cam\u00e9ra fisheye - NEXT GEN GROUP","isPartOf":{"@id":"https:\/\/nextgen-sn.com\/#website"},"primaryImageOfPage":{"@id":"https:\/\/nextgen-sn.com\/?product=camera-fisheye#primaryimage"},"image":{"@id":"https:\/\/nextgen-sn.com\/?product=camera-fisheye#primaryimage"},"thumbnailUrl":"https:\/\/nextgen-sn.com\/wp-content\/uploads\/2025\/09\/hikvision-pro-ds-2cd2955fwd-i105mm-camera-fisheye-ip-5mpx.jpg","datePublished":"2025-09-10T15:54:06+00:00","dateModified":"2025-09-10T15:54:09+00:00","breadcrumb":{"@id":"https:\/\/nextgen-sn.com\/?product=camera-fisheye#breadcrumb"},"inLanguage":"fr-FR","potentialAction":[{"@type":"ReadAction","target":["https:\/\/nextgen-sn.com\/?product=camera-fisheye"]}]},{"@type":"ImageObject","inLanguage":"fr-FR","@id":"https:\/\/nextgen-sn.com\/?product=camera-fisheye#primaryimage","url":"https:\/\/nextgen-sn.com\/wp-content\/uploads\/2025\/09\/hikvision-pro-ds-2cd2955fwd-i105mm-camera-fisheye-ip-5mpx.jpg","contentUrl":"https:\/\/nextgen-sn.com\/wp-content\/uploads\/2025\/09\/hikvision-pro-ds-2cd2955fwd-i105mm-camera-fisheye-ip-5mpx.jpg","width":800,"height":800},{"@type":"BreadcrumbList","@id":"https:\/\/nextgen-sn.com\/?product=camera-fisheye#breadcrumb","itemListElement":[{"@type":"ListItem","position":1,"name":"Accueil","item":"https:\/\/nextgen-sn.com\/"},{"@type":"ListItem","position":2,"name":"Produits","item":"https:\/\/nextgen-sn.com\/?post_type=product"},{"@type":"ListItem","position":3,"name":"Cam\u00e9ra fisheye"}]},{"@type":"WebSite","@id":"https:\/\/nextgen-sn.com\/#website","url":"https:\/\/nextgen-sn.com\/","name":"NEXT GEN GROUP","description":"Next Gen Group offre des services dans le domaine de l&#039;affichage gynamique","publisher":{"@id":"https:\/\/nextgen-sn.com\/#organization"},"potentialAction":[{"@type":"SearchAction","target":{"@type":"EntryPoint","urlTemplate":"https:\/\/nextgen-sn.com\/?s={search_term_string}"},"query-input":{"@type":"PropertyValueSpecification","valueRequired":true,"valueName":"search_term_string"}}],"inLanguage":"fr-FR"},{"@type":"Organization","@id":"https:\/\/nextgen-sn.com\/#organization","name":"NEXT GEN GROUP","url":"https:\/\/nextgen-sn.com\/","logo":{"@type":"ImageObject","inLanguage":"fr-FR","@id":"https:\/\/nextgen-sn.com\/#\/schema\/logo\/image\/","url":"https:\/\/nextgen-sn.com\/wp-content\/uploads\/2025\/08\/Logo-Next-Gen.png","contentUrl":"https:\/\/nextgen-sn.com\/wp-content\/uploads\/2025\/08\/Logo-Next-Gen.png","width":341,"height":149,"caption":"NEXT GEN GROUP"},"image":{"@id":"https:\/\/nextgen-sn.com\/#\/schema\/logo\/image\/"}}]}},"_links":{"self":[{"href":"https:\/\/nextgen-sn.com\/index.php?rest_route=\/wp\/v2\/product\/2726","targetHints":{"allow":["GET"]}}],"collection":[{"href":"https:\/\/nextgen-sn.com\/index.php?rest_route=\/wp\/v2\/product"}],"about":[{"href":"https:\/\/nextgen-sn.com\/index.php?rest_route=\/wp\/v2\/types\/product"}],"wp:featuredmedia":[{"embeddable":true,"href":"https:\/\/nextgen-sn.com\/index.php?rest_route=\/wp\/v2\/media\/2756"}],"wp:attachment":[{"href":"https:\/\/nextgen-sn.com\/index.php?rest_route=%2Fwp%2Fv2%2Fmedia&parent=2726"}],"wp:term":[{"taxonomy":"product_brand","embeddable":true,"href":"https:\/\/nextgen-sn.com\/index.php?rest_route=%2Fwp%2Fv2%2Fproduct_brand&post=2726"},{"taxonomy":"product_cat","embeddable":true,"href":"https:\/\/nextgen-sn.com\/index.php?rest_route=%2Fwp%2Fv2%2Fproduct_cat&post=2726"},{"taxonomy":"product_tag","embeddable":true,"href":"https:\/\/nextgen-sn.com\/index.php?rest_route=%2Fwp%2Fv2%2Fproduct_tag&post=2726"}],"curies":[{"name":"wp","href":"https:\/\/api.w.org\/{rel}","templated":true}]}}