{"id":2725,"date":"2025-09-10T15:54:06","date_gmt":"2025-09-10T15:54:06","guid":{"rendered":"https:\/\/nextgen.leden-shop.com\/?post_type=product&#038;p=2725"},"modified":"2025-09-10T15:54:09","modified_gmt":"2025-09-10T15:54:09","slug":"camera-bullet-fixe-2-mp","status":"publish","type":"product","link":"https:\/\/nextgen-sn.com\/?product=camera-bullet-fixe-2-mp","title":{"rendered":"cam\u00e9ra Bullet fixe 2 MP"},"content":{"rendered":"<h1 class=\"product_title entry-title\">Mini cam\u00e9ra Bullet fixe 2 MP DS-2CE16D0T-ITPF(3.6mm)<\/h1>\n<div class=\"woocommerce-product-details__short-description\">\n<ul class=\"product_description_item-list\">\n<li class=\" product_description_item\">2 MP, r\u00e9solution 1920 \u00d7 1080<\/li>\n<li class=\" product_description_item\">Objectif fixe 2,8 mm, 3,6 mm, 6 mm<\/li>\n<li class=\" product_description_item\">Sortie vid\u00e9o 4 en 1 (commutable TVI\/AHD\/CVI\/CVBS)<\/li>\n<li class=\" product_description_item\">IR intelligent, jusqu\u2019\u00e0 25 m de distance IR<\/li>\n<li class=\" product_description_item\">IP67<\/li>\n<\/ul>\n<ul class=\"tech-specs-items-description\" data-target=\"Camera\">\n<li class=\"tech-specs-items-description-list\"><span class=\"tech-specs-items-description__title--heading\">Cam\u00e9ra<\/span><\/li>\n<li class=\"tech-specs-items-description-list\"><span class=\"tech-specs-items-description__title\">Capteur D\u2019image<\/span><span class=\"tech-specs-items-description__title-details\">CMOS 2 m\u00e9gapixels<\/span><\/li>\n<li class=\"tech-specs-items-description-list\"><span class=\"tech-specs-items-description__title\">Max.\u00a0R\u00e9solution<\/span><span class=\"tech-specs-items-description__title-details\">1920 (H) \u00d7 1080 (V)<\/span><\/li>\n<li class=\"tech-specs-items-description-list\"><span class=\"tech-specs-items-description__title\">Min.\u00a0\u00c9clairage<\/span><span class=\"tech-specs-items-description__title-details\">0,01 Lux@(F1.2, AGC ON), 0 Lux avec IR<\/span><\/li>\n<li class=\"tech-specs-items-description-list\"><span class=\"tech-specs-items-description__title\">Jour Nuit<\/span><span class=\"tech-specs-items-description__title-details\">RIC<\/span><\/li>\n<li class=\"tech-specs-items-description-list\"><span class=\"tech-specs-items-description__title\">R\u00e9glage De L\u2019angle<\/span><span class=\"tech-specs-items-description__title-details\">Panoramique : 0\u00b0 \u00e0 360\u00b0 ;\u00a0Inclinaison : 0\u00b0 \u00e0 90\u00b0 ;\u00a0Rotation : 0\u00b0 \u00e0 360\u00b0<\/span><\/li>\n<li class=\"tech-specs-items-description-list\"><span class=\"tech-specs-items-description__title\">Syst\u00e8me De Signalisation<\/span><span class=\"tech-specs-items-description__title-details\">PAL\/NTSC<\/span><\/li>\n<\/ul>\n<ul class=\"tech-specs-items-description\" data-target=\"Lens\">\n<li class=\"tech-specs-items-description-list\"><span class=\"tech-specs-items-description__title\">Type De Lentille<\/span><span class=\"tech-specs-items-description__title-details\">Objectif fixe 2,8 mm, 3,6 mm, 6 mm<\/span><\/li>\n<\/ul>\n<ul class=\"tech-specs-items-description\" data-target=\"Image\">\n<li class=\"tech-specs-items-description-list\"><span class=\"tech-specs-items-description__title--heading\">Image<\/span><\/li>\n<li class=\"tech-specs-items-description-list\"><span class=\"tech-specs-items-description__title\">Commutateur Des Param\u00e8tres D\u2019image<\/span><span class=\"tech-specs-items-description__title-details\">STD\/HIGH-SAT<\/span><\/li>\n<li class=\"tech-specs-items-description-list\"><span class=\"tech-specs-items-description__title\">Param\u00e8tres Des Images<\/span><span class=\"tech-specs-items-description__title-details\">Luminosit\u00e9, nettet\u00e9, Smart IR<\/span><\/li>\n<li class=\"tech-specs-items-description-list\"><span class=\"tech-specs-items-description__title\">Fr\u00e9quence D\u2019images<\/span>\n<p class=\"mb-p\">TVI : 1080P@30fps, 1080P@25fps<\/p>\n<p class=\"mb-p\">CVI : 1080P@30fps, 1080P@25fps<\/p>\n<p class=\"mb-p\">AHD : 1080P@30fps, 1080P@25fps<\/p>\n<p class=\"mb-p\">CVBS : PAL\/NTSC<\/p>\n<\/li>\n<li class=\"tech-specs-items-description-list\"><span class=\"tech-specs-items-description__title\">Mode Jour\/Nuit<\/span><span class=\"tech-specs-items-description__title-details\">Auto\/Couleur\/NB (noir et blanc)<\/span><\/li>\n<li class=\"tech-specs-items-description-list\"><span class=\"tech-specs-items-description__title\">Plage Dynamique \u00c9tendue (WDR)<\/span><span class=\"tech-specs-items-description__title-details\">WDR num\u00e9rique<\/span><\/li>\n<li class=\"tech-specs-items-description-list\"><span class=\"tech-specs-items-description__title\">Balance Des Blancs<\/span><span class=\"tech-specs-items-description__title-details\">ATW\/MANUEL<\/span><\/li>\n<li class=\"tech-specs-items-description-list\"><span class=\"tech-specs-items-description__title\">CAG<\/span><span class=\"tech-specs-items-description__title-details\">Soutien<\/span><\/li>\n<\/ul>\n<ul class=\"tech-specs-items-description\" data-target=\"General\">\n<li class=\"tech-specs-items-description-list\"><span class=\"tech-specs-items-description__title--heading\">Interface<\/span><\/li>\n<li class=\"tech-specs-items-description-list\"><span class=\"tech-specs-items-description__title\">Sortie Vid\u00e9o<\/span><span class=\"tech-specs-items-description__title-details\">Commutable TVI\/AHD\/CVI\/CVBS<\/span><\/li>\n<li class=\"tech-specs-items-description-list\"><span class=\"tech-specs-items-description__title--heading\">G\u00e9n\u00e9ral<\/span><\/li>\n<li class=\"tech-specs-items-description-list\"><span class=\"tech-specs-items-description__title\">Dimension<\/span><span class=\"tech-specs-items-description__title-details\">57,9 mm \u00d7 60,9 mm \u00d7 138,8 mm (2,28\u2033 \u00d7 2,39\u2033 \u00d7 5,47\u2033)<\/span><\/li>\n<li class=\"tech-specs-items-description-list\"><span class=\"tech-specs-items-description__title-details\">Environ.\u00a0141 g (0,31 lb)<\/span><\/li>\n<li class=\"tech-specs-items-description-list\"><span class=\"tech-specs-items-description__title\">\u00c9tat De Fonctionnement<\/span><span class=\"tech-specs-items-description__title-details\">-40\u00b0 C \u00e0 60\u00b0 C (-40\u00b0 F \u00e0 140\u00b0 F), Humidit\u00e9 90% ou moins (pas de condensation)<\/span><\/li>\n<li class=\"tech-specs-items-description-list\"><span class=\"tech-specs-items-description__title\">Communication <\/span><span class=\"tech-specs-items-description__title-details\">HIKVISION-C<\/span><\/li>\n<\/ul>\n<\/div>\n","protected":false},"excerpt":{"rendered":"<p class=\"tx-excerpt\">Mini cam\u00e9ra Bullet fixe 2 MP DS-2CE16D0T-ITPF(3.6mm) 2 MP, r\u00e9solution 1920 \u00d7 1080 Objectif fixe 2,8 mm, 3,6 mm, 6 mm Sortie vid\u00e9o 4 en 1 (commutable TVI\/AHD\/CVI\/CVBS) IR intelligent, jusqu\u2019\u00e0 25 m de distance...<\/p>","protected":false},"featured_media":2755,"template":"","meta":{"_joinchat":[]},"product_brand":[],"product_cat":[34],"product_tag":[],"class_list":{"0":"post-2725","1":"product","2":"type-product","3":"status-publish","4":"has-post-thumbnail","6":"product_cat-cameras-analogiques","8":"first","9":"instock","10":"taxable","11":"shipping-taxable","12":"purchasable","13":"product-type-simple"},"yoast_head":"<!-- This site is optimized with the Yoast SEO plugin v27.4 - https:\/\/yoast.com\/product\/yoast-seo-wordpress\/ -->\n<title>cam\u00e9ra Bullet fixe 2 MP - NEXT GEN GROUP<\/title>\n<meta name=\"robots\" content=\"index, follow, max-snippet:-1, max-image-preview:large, max-video-preview:-1\" \/>\n<link rel=\"canonical\" href=\"https:\/\/nextgen-sn.com\/?product=camera-bullet-fixe-2-mp\" \/>\n<meta property=\"og:locale\" content=\"fr_FR\" \/>\n<meta property=\"og:type\" content=\"article\" \/>\n<meta property=\"og:title\" content=\"cam\u00e9ra Bullet fixe 2 MP - NEXT GEN GROUP\" \/>\n<meta property=\"og:description\" content=\"Mini cam\u00e9ra Bullet fixe 2 MP DS-2CE16D0T-ITPF(3.6mm) 2 MP, r\u00e9solution 1920 \u00d7 1080 Objectif fixe 2,8 mm, 3,6 mm, 6 mm Sortie vid\u00e9o 4 en 1 (commutable TVI\/AHD\/CVI\/CVBS) IR intelligent, jusqu\u2019\u00e0 25 m de distance IR IP67 Cam\u00e9ra Capteur D\u2019imageCMOS 2 m\u00e9gapixels Max.\u00a0R\u00e9solution1920 (H) \u00d7 1080 (V) Min.\u00a0\u00c9clairage0,01 Lux@(F1.2, AGC ON), 0 Lux avec IR Jour NuitRIC R\u00e9glage De L\u2019anglePanoramique : 0\u00b0 \u00e0 360\u00b0 ;\u00a0Inclinaison : 0\u00b0 \u00e0 90\u00b0 ;\u00a0Rotation : 0\u00b0 \u00e0 360\u00b0 Syst\u00e8me De SignalisationPAL\/NTSC Type De LentilleObjectif fixe 2,8 mm, 3,6 mm, 6 mm Image Commutateur Des Param\u00e8tres D\u2019imageSTD\/HIGH-SAT Param\u00e8tres Des ImagesLuminosit\u00e9, nettet\u00e9, Smart IR Fr\u00e9quence D\u2019images TVI : 1080P@30fps, 1080P@25fps CVI : 1080P@30fps, 1080P@25fps AHD : 1080P@30fps, 1080P@25fps CVBS : PAL\/NTSC Mode Jour\/NuitAuto\/Couleur\/NB (noir et blanc) Plage Dynamique \u00c9tendue (WDR)WDR num\u00e9rique Balance Des BlancsATW\/MANUEL CAGSoutien Interface Sortie Vid\u00e9oCommutable TVI\/AHD\/CVI\/CVBS G\u00e9n\u00e9ral Dimension57,9 mm \u00d7 60,9 mm \u00d7 138,8 mm (2,28\u2033 \u00d7 2,39\u2033 \u00d7 5,47\u2033) Environ.\u00a0141 g (0,31 lb) \u00c9tat De Fonctionnement-40\u00b0 C \u00e0 60\u00b0 C (-40\u00b0 F \u00e0 140\u00b0 F), Humidit\u00e9 90% ou moins (pas de condensation) Communication HIKVISION-C\" \/>\n<meta property=\"og:url\" content=\"https:\/\/nextgen-sn.com\/?product=camera-bullet-fixe-2-mp\" \/>\n<meta property=\"og:site_name\" content=\"NEXT GEN GROUP\" \/>\n<meta property=\"article:modified_time\" content=\"2025-09-10T15:54:09+00:00\" \/>\n<meta property=\"og:image\" content=\"https:\/\/nextgen-sn.com\/wp-content\/uploads\/2025\/09\/DS-2CE16D0T-ITPF.png.thumb_.1280.1280.jpg\" \/>\n\t<meta property=\"og:image:width\" content=\"400\" \/>\n\t<meta property=\"og:image:height\" content=\"400\" \/>\n\t<meta property=\"og:image:type\" content=\"image\/jpeg\" \/>\n<meta name=\"twitter:card\" content=\"summary_large_image\" \/>\n<meta name=\"twitter:label1\" content=\"Dur\u00e9e de lecture estim\u00e9e\" \/>\n\t<meta name=\"twitter:data1\" content=\"1 minute\" \/>\n<script type=\"application\/ld+json\" class=\"yoast-schema-graph\">{\"@context\":\"https:\\\/\\\/schema.org\",\"@graph\":[{\"@type\":\"WebPage\",\"@id\":\"https:\\\/\\\/nextgen-sn.com\\\/?product=camera-bullet-fixe-2-mp\",\"url\":\"https:\\\/\\\/nextgen-sn.com\\\/?product=camera-bullet-fixe-2-mp\",\"name\":\"cam\u00e9ra Bullet fixe 2 MP - NEXT GEN GROUP\",\"isPartOf\":{\"@id\":\"https:\\\/\\\/nextgen-sn.com\\\/#website\"},\"primaryImageOfPage\":{\"@id\":\"https:\\\/\\\/nextgen-sn.com\\\/?product=camera-bullet-fixe-2-mp#primaryimage\"},\"image\":{\"@id\":\"https:\\\/\\\/nextgen-sn.com\\\/?product=camera-bullet-fixe-2-mp#primaryimage\"},\"thumbnailUrl\":\"https:\\\/\\\/nextgen-sn.com\\\/wp-content\\\/uploads\\\/2025\\\/09\\\/DS-2CE16D0T-ITPF.png.thumb_.1280.1280.jpg\",\"datePublished\":\"2025-09-10T15:54:06+00:00\",\"dateModified\":\"2025-09-10T15:54:09+00:00\",\"breadcrumb\":{\"@id\":\"https:\\\/\\\/nextgen-sn.com\\\/?product=camera-bullet-fixe-2-mp#breadcrumb\"},\"inLanguage\":\"fr-FR\",\"potentialAction\":[{\"@type\":\"ReadAction\",\"target\":[\"https:\\\/\\\/nextgen-sn.com\\\/?product=camera-bullet-fixe-2-mp\"]}]},{\"@type\":\"ImageObject\",\"inLanguage\":\"fr-FR\",\"@id\":\"https:\\\/\\\/nextgen-sn.com\\\/?product=camera-bullet-fixe-2-mp#primaryimage\",\"url\":\"https:\\\/\\\/nextgen-sn.com\\\/wp-content\\\/uploads\\\/2025\\\/09\\\/DS-2CE16D0T-ITPF.png.thumb_.1280.1280.jpg\",\"contentUrl\":\"https:\\\/\\\/nextgen-sn.com\\\/wp-content\\\/uploads\\\/2025\\\/09\\\/DS-2CE16D0T-ITPF.png.thumb_.1280.1280.jpg\",\"width\":400,\"height\":400},{\"@type\":\"BreadcrumbList\",\"@id\":\"https:\\\/\\\/nextgen-sn.com\\\/?product=camera-bullet-fixe-2-mp#breadcrumb\",\"itemListElement\":[{\"@type\":\"ListItem\",\"position\":1,\"name\":\"Accueil\",\"item\":\"https:\\\/\\\/nextgen-sn.com\\\/\"},{\"@type\":\"ListItem\",\"position\":2,\"name\":\"Produits\",\"item\":\"https:\\\/\\\/nextgen-sn.com\\\/?post_type=product\"},{\"@type\":\"ListItem\",\"position\":3,\"name\":\"cam\u00e9ra Bullet fixe 2 MP\"}]},{\"@type\":\"WebSite\",\"@id\":\"https:\\\/\\\/nextgen-sn.com\\\/#website\",\"url\":\"https:\\\/\\\/nextgen-sn.com\\\/\",\"name\":\"NEXT GEN GROUP\",\"description\":\"Next Gen Group offre des services dans le domaine de l&#039;affichage gynamique\",\"publisher\":{\"@id\":\"https:\\\/\\\/nextgen-sn.com\\\/#organization\"},\"potentialAction\":[{\"@type\":\"SearchAction\",\"target\":{\"@type\":\"EntryPoint\",\"urlTemplate\":\"https:\\\/\\\/nextgen-sn.com\\\/?s={search_term_string}\"},\"query-input\":{\"@type\":\"PropertyValueSpecification\",\"valueRequired\":true,\"valueName\":\"search_term_string\"}}],\"inLanguage\":\"fr-FR\"},{\"@type\":\"Organization\",\"@id\":\"https:\\\/\\\/nextgen-sn.com\\\/#organization\",\"name\":\"NEXT GEN GROUP\",\"url\":\"https:\\\/\\\/nextgen-sn.com\\\/\",\"logo\":{\"@type\":\"ImageObject\",\"inLanguage\":\"fr-FR\",\"@id\":\"https:\\\/\\\/nextgen-sn.com\\\/#\\\/schema\\\/logo\\\/image\\\/\",\"url\":\"https:\\\/\\\/nextgen-sn.com\\\/wp-content\\\/uploads\\\/2025\\\/08\\\/Logo-Next-Gen.png\",\"contentUrl\":\"https:\\\/\\\/nextgen-sn.com\\\/wp-content\\\/uploads\\\/2025\\\/08\\\/Logo-Next-Gen.png\",\"width\":341,\"height\":149,\"caption\":\"NEXT GEN GROUP\"},\"image\":{\"@id\":\"https:\\\/\\\/nextgen-sn.com\\\/#\\\/schema\\\/logo\\\/image\\\/\"}}]}<\/script>\n<!-- \/ Yoast SEO plugin. -->","yoast_head_json":{"title":"cam\u00e9ra Bullet fixe 2 MP - NEXT GEN GROUP","robots":{"index":"index","follow":"follow","max-snippet":"max-snippet:-1","max-image-preview":"max-image-preview:large","max-video-preview":"max-video-preview:-1"},"canonical":"https:\/\/nextgen-sn.com\/?product=camera-bullet-fixe-2-mp","og_locale":"fr_FR","og_type":"article","og_title":"cam\u00e9ra Bullet fixe 2 MP - NEXT GEN GROUP","og_description":"Mini cam\u00e9ra Bullet fixe 2 MP DS-2CE16D0T-ITPF(3.6mm) 2 MP, r\u00e9solution 1920 \u00d7 1080 Objectif fixe 2,8 mm, 3,6 mm, 6 mm Sortie vid\u00e9o 4 en 1 (commutable TVI\/AHD\/CVI\/CVBS) IR intelligent, jusqu\u2019\u00e0 25 m de distance IR IP67 Cam\u00e9ra Capteur D\u2019imageCMOS 2 m\u00e9gapixels Max.\u00a0R\u00e9solution1920 (H) \u00d7 1080 (V) Min.\u00a0\u00c9clairage0,01 Lux@(F1.2, AGC ON), 0 Lux avec IR Jour NuitRIC R\u00e9glage De L\u2019anglePanoramique : 0\u00b0 \u00e0 360\u00b0 ;\u00a0Inclinaison : 0\u00b0 \u00e0 90\u00b0 ;\u00a0Rotation : 0\u00b0 \u00e0 360\u00b0 Syst\u00e8me De SignalisationPAL\/NTSC Type De LentilleObjectif fixe 2,8 mm, 3,6 mm, 6 mm Image Commutateur Des Param\u00e8tres D\u2019imageSTD\/HIGH-SAT Param\u00e8tres Des ImagesLuminosit\u00e9, nettet\u00e9, Smart IR Fr\u00e9quence D\u2019images TVI : 1080P@30fps, 1080P@25fps CVI : 1080P@30fps, 1080P@25fps AHD : 1080P@30fps, 1080P@25fps CVBS : PAL\/NTSC Mode Jour\/NuitAuto\/Couleur\/NB (noir et blanc) Plage Dynamique \u00c9tendue (WDR)WDR num\u00e9rique Balance Des BlancsATW\/MANUEL CAGSoutien Interface Sortie Vid\u00e9oCommutable TVI\/AHD\/CVI\/CVBS G\u00e9n\u00e9ral Dimension57,9 mm \u00d7 60,9 mm \u00d7 138,8 mm (2,28\u2033 \u00d7 2,39\u2033 \u00d7 5,47\u2033) Environ.\u00a0141 g (0,31 lb) \u00c9tat De Fonctionnement-40\u00b0 C \u00e0 60\u00b0 C (-40\u00b0 F \u00e0 140\u00b0 F), Humidit\u00e9 90% ou moins (pas de condensation) Communication HIKVISION-C","og_url":"https:\/\/nextgen-sn.com\/?product=camera-bullet-fixe-2-mp","og_site_name":"NEXT GEN GROUP","article_modified_time":"2025-09-10T15:54:09+00:00","og_image":[{"width":400,"height":400,"url":"https:\/\/nextgen-sn.com\/wp-content\/uploads\/2025\/09\/DS-2CE16D0T-ITPF.png.thumb_.1280.1280.jpg","type":"image\/jpeg"}],"twitter_card":"summary_large_image","twitter_misc":{"Dur\u00e9e de lecture estim\u00e9e":"1 minute"},"schema":{"@context":"https:\/\/schema.org","@graph":[{"@type":"WebPage","@id":"https:\/\/nextgen-sn.com\/?product=camera-bullet-fixe-2-mp","url":"https:\/\/nextgen-sn.com\/?product=camera-bullet-fixe-2-mp","name":"cam\u00e9ra Bullet fixe 2 MP - NEXT GEN GROUP","isPartOf":{"@id":"https:\/\/nextgen-sn.com\/#website"},"primaryImageOfPage":{"@id":"https:\/\/nextgen-sn.com\/?product=camera-bullet-fixe-2-mp#primaryimage"},"image":{"@id":"https:\/\/nextgen-sn.com\/?product=camera-bullet-fixe-2-mp#primaryimage"},"thumbnailUrl":"https:\/\/nextgen-sn.com\/wp-content\/uploads\/2025\/09\/DS-2CE16D0T-ITPF.png.thumb_.1280.1280.jpg","datePublished":"2025-09-10T15:54:06+00:00","dateModified":"2025-09-10T15:54:09+00:00","breadcrumb":{"@id":"https:\/\/nextgen-sn.com\/?product=camera-bullet-fixe-2-mp#breadcrumb"},"inLanguage":"fr-FR","potentialAction":[{"@type":"ReadAction","target":["https:\/\/nextgen-sn.com\/?product=camera-bullet-fixe-2-mp"]}]},{"@type":"ImageObject","inLanguage":"fr-FR","@id":"https:\/\/nextgen-sn.com\/?product=camera-bullet-fixe-2-mp#primaryimage","url":"https:\/\/nextgen-sn.com\/wp-content\/uploads\/2025\/09\/DS-2CE16D0T-ITPF.png.thumb_.1280.1280.jpg","contentUrl":"https:\/\/nextgen-sn.com\/wp-content\/uploads\/2025\/09\/DS-2CE16D0T-ITPF.png.thumb_.1280.1280.jpg","width":400,"height":400},{"@type":"BreadcrumbList","@id":"https:\/\/nextgen-sn.com\/?product=camera-bullet-fixe-2-mp#breadcrumb","itemListElement":[{"@type":"ListItem","position":1,"name":"Accueil","item":"https:\/\/nextgen-sn.com\/"},{"@type":"ListItem","position":2,"name":"Produits","item":"https:\/\/nextgen-sn.com\/?post_type=product"},{"@type":"ListItem","position":3,"name":"cam\u00e9ra Bullet fixe 2 MP"}]},{"@type":"WebSite","@id":"https:\/\/nextgen-sn.com\/#website","url":"https:\/\/nextgen-sn.com\/","name":"NEXT GEN GROUP","description":"Next Gen Group offre des services dans le domaine de l&#039;affichage gynamique","publisher":{"@id":"https:\/\/nextgen-sn.com\/#organization"},"potentialAction":[{"@type":"SearchAction","target":{"@type":"EntryPoint","urlTemplate":"https:\/\/nextgen-sn.com\/?s={search_term_string}"},"query-input":{"@type":"PropertyValueSpecification","valueRequired":true,"valueName":"search_term_string"}}],"inLanguage":"fr-FR"},{"@type":"Organization","@id":"https:\/\/nextgen-sn.com\/#organization","name":"NEXT GEN GROUP","url":"https:\/\/nextgen-sn.com\/","logo":{"@type":"ImageObject","inLanguage":"fr-FR","@id":"https:\/\/nextgen-sn.com\/#\/schema\/logo\/image\/","url":"https:\/\/nextgen-sn.com\/wp-content\/uploads\/2025\/08\/Logo-Next-Gen.png","contentUrl":"https:\/\/nextgen-sn.com\/wp-content\/uploads\/2025\/08\/Logo-Next-Gen.png","width":341,"height":149,"caption":"NEXT GEN GROUP"},"image":{"@id":"https:\/\/nextgen-sn.com\/#\/schema\/logo\/image\/"}}]}},"_links":{"self":[{"href":"https:\/\/nextgen-sn.com\/index.php?rest_route=\/wp\/v2\/product\/2725","targetHints":{"allow":["GET"]}}],"collection":[{"href":"https:\/\/nextgen-sn.com\/index.php?rest_route=\/wp\/v2\/product"}],"about":[{"href":"https:\/\/nextgen-sn.com\/index.php?rest_route=\/wp\/v2\/types\/product"}],"wp:featuredmedia":[{"embeddable":true,"href":"https:\/\/nextgen-sn.com\/index.php?rest_route=\/wp\/v2\/media\/2755"}],"wp:attachment":[{"href":"https:\/\/nextgen-sn.com\/index.php?rest_route=%2Fwp%2Fv2%2Fmedia&parent=2725"}],"wp:term":[{"taxonomy":"product_brand","embeddable":true,"href":"https:\/\/nextgen-sn.com\/index.php?rest_route=%2Fwp%2Fv2%2Fproduct_brand&post=2725"},{"taxonomy":"product_cat","embeddable":true,"href":"https:\/\/nextgen-sn.com\/index.php?rest_route=%2Fwp%2Fv2%2Fproduct_cat&post=2725"},{"taxonomy":"product_tag","embeddable":true,"href":"https:\/\/nextgen-sn.com\/index.php?rest_route=%2Fwp%2Fv2%2Fproduct_tag&post=2725"}],"curies":[{"name":"wp","href":"https:\/\/api.w.org\/{rel}","templated":true}]}}