{"id":2724,"date":"2025-09-10T15:54:06","date_gmt":"2025-09-10T15:54:06","guid":{"rendered":"https:\/\/nextgen.leden-shop.com\/?post_type=product&#038;p=2724"},"modified":"2025-09-10T15:54:09","modified_gmt":"2025-09-10T15:54:09","slug":"camera-bullet-fixe","status":"publish","type":"product","link":"https:\/\/nextgen-sn.com\/?product=camera-bullet-fixe","title":{"rendered":"Cam\u00e9ra Bullet fixe"},"content":{"rendered":"<p><strong>Mini cam\u00e9ra Bullet fixe ColorVu 2 MP Analogique<\/strong><\/p>\n<p>Imagerie de haute qualit\u00e9 avec 2 MP, r\u00e9solution 1920 \u00d7 1080<br \/>\nImagerie couleur 24h\/24 et 7j\/7 avec ouverture F1.0<br \/>\nLa technologie 3D DNR offre des images nettes et nettes<br \/>\nObjectif \u00e0 focale fixe 2,8 mm, 3,6 mm, 6 mm<br \/>\nDistance de lumi\u00e8re blanche jusqu&rsquo;\u00e0 20 m pour une imagerie nocturne lumineuse<br \/>\nUn port pour quatre signaux commutables (TVI\/AHD\/CVI\/CVBS)<br \/>\nR\u00e9sistant \u00e0 l&rsquo;eau et \u00e0 la poussi\u00e8re (IP67)<\/p>\n<p><strong>R\u00e9f\u00e9rence<\/strong> : DS-2CE10DF0T-PF<\/p>\n","protected":false},"excerpt":{"rendered":"<p class=\"tx-excerpt\">Mini cam\u00e9ra Bullet fixe ColorVu 2 MP Analogique Imagerie de haute qualit\u00e9 avec 2 MP, r\u00e9solution 1920 \u00d7 1080 Imagerie couleur 24h\/24 et 7j\/7 avec ouverture F1.0 La technologie 3D DNR offre des images nettes...<\/p>","protected":false},"featured_media":2754,"template":"","meta":{"_joinchat":[]},"product_brand":[],"product_cat":[34],"product_tag":[],"class_list":{"0":"post-2724","1":"product","2":"type-product","3":"status-publish","4":"has-post-thumbnail","6":"product_cat-cameras-analogiques","8":"first","9":"instock","10":"taxable","11":"shipping-taxable","12":"purchasable","13":"product-type-simple"},"yoast_head":"<!-- This site is optimized with the Yoast SEO plugin v27.4 - https:\/\/yoast.com\/product\/yoast-seo-wordpress\/ -->\n<title>Cam\u00e9ra Bullet fixe - NEXT GEN GROUP<\/title>\n<meta name=\"robots\" content=\"index, follow, max-snippet:-1, max-image-preview:large, max-video-preview:-1\" \/>\n<link rel=\"canonical\" href=\"https:\/\/nextgen-sn.com\/?product=camera-bullet-fixe\" \/>\n<meta property=\"og:locale\" content=\"fr_FR\" \/>\n<meta property=\"og:type\" content=\"article\" \/>\n<meta property=\"og:title\" content=\"Cam\u00e9ra Bullet fixe - NEXT GEN GROUP\" \/>\n<meta property=\"og:description\" content=\"Mini cam\u00e9ra Bullet fixe ColorVu 2 MP Analogique Imagerie de haute qualit\u00e9 avec 2 MP, r\u00e9solution 1920 \u00d7 1080 Imagerie couleur 24h\/24 et 7j\/7 avec ouverture F1.0 La technologie 3D DNR offre des images nettes et nettes Objectif \u00e0 focale fixe 2,8 mm, 3,6 mm, 6 mm Distance de lumi\u00e8re blanche jusqu&rsquo;\u00e0 20 m pour une imagerie nocturne lumineuse Un port pour quatre signaux commutables (TVI\/AHD\/CVI\/CVBS) R\u00e9sistant \u00e0 l&rsquo;eau et \u00e0 la poussi\u00e8re (IP67) R\u00e9f\u00e9rence : DS-2CE10DF0T-PF\" \/>\n<meta property=\"og:url\" content=\"https:\/\/nextgen-sn.com\/?product=camera-bullet-fixe\" \/>\n<meta property=\"og:site_name\" content=\"NEXT GEN GROUP\" \/>\n<meta property=\"article:modified_time\" content=\"2025-09-10T15:54:09+00:00\" \/>\n<meta property=\"og:image\" content=\"https:\/\/nextgen-sn.com\/wp-content\/uploads\/2025\/09\/2CE10DF0T-\u7b52\u673a73-\u53f3\u4fa7.png.thumb_.1280.1280.webp\" \/>\n\t<meta property=\"og:image:width\" content=\"1280\" \/>\n\t<meta property=\"og:image:height\" content=\"1280\" \/>\n\t<meta property=\"og:image:type\" content=\"image\/webp\" \/>\n<meta name=\"twitter:card\" content=\"summary_large_image\" \/>\n<script type=\"application\/ld+json\" class=\"yoast-schema-graph\">{\"@context\":\"https:\\\/\\\/schema.org\",\"@graph\":[{\"@type\":\"WebPage\",\"@id\":\"https:\\\/\\\/nextgen-sn.com\\\/?product=camera-bullet-fixe\",\"url\":\"https:\\\/\\\/nextgen-sn.com\\\/?product=camera-bullet-fixe\",\"name\":\"Cam\u00e9ra Bullet fixe - NEXT GEN GROUP\",\"isPartOf\":{\"@id\":\"https:\\\/\\\/nextgen-sn.com\\\/#website\"},\"primaryImageOfPage\":{\"@id\":\"https:\\\/\\\/nextgen-sn.com\\\/?product=camera-bullet-fixe#primaryimage\"},\"image\":{\"@id\":\"https:\\\/\\\/nextgen-sn.com\\\/?product=camera-bullet-fixe#primaryimage\"},\"thumbnailUrl\":\"https:\\\/\\\/nextgen-sn.com\\\/wp-content\\\/uploads\\\/2025\\\/09\\\/2CE10DF0T-\u7b52\u673a73-\u53f3\u4fa7.png.thumb_.1280.1280.webp\",\"datePublished\":\"2025-09-10T15:54:06+00:00\",\"dateModified\":\"2025-09-10T15:54:09+00:00\",\"breadcrumb\":{\"@id\":\"https:\\\/\\\/nextgen-sn.com\\\/?product=camera-bullet-fixe#breadcrumb\"},\"inLanguage\":\"fr-FR\",\"potentialAction\":[{\"@type\":\"ReadAction\",\"target\":[\"https:\\\/\\\/nextgen-sn.com\\\/?product=camera-bullet-fixe\"]}]},{\"@type\":\"ImageObject\",\"inLanguage\":\"fr-FR\",\"@id\":\"https:\\\/\\\/nextgen-sn.com\\\/?product=camera-bullet-fixe#primaryimage\",\"url\":\"https:\\\/\\\/nextgen-sn.com\\\/wp-content\\\/uploads\\\/2025\\\/09\\\/2CE10DF0T-\u7b52\u673a73-\u53f3\u4fa7.png.thumb_.1280.1280.webp\",\"contentUrl\":\"https:\\\/\\\/nextgen-sn.com\\\/wp-content\\\/uploads\\\/2025\\\/09\\\/2CE10DF0T-\u7b52\u673a73-\u53f3\u4fa7.png.thumb_.1280.1280.webp\",\"width\":1280,\"height\":1280},{\"@type\":\"BreadcrumbList\",\"@id\":\"https:\\\/\\\/nextgen-sn.com\\\/?product=camera-bullet-fixe#breadcrumb\",\"itemListElement\":[{\"@type\":\"ListItem\",\"position\":1,\"name\":\"Accueil\",\"item\":\"https:\\\/\\\/nextgen-sn.com\\\/\"},{\"@type\":\"ListItem\",\"position\":2,\"name\":\"Produits\",\"item\":\"https:\\\/\\\/nextgen-sn.com\\\/?post_type=product\"},{\"@type\":\"ListItem\",\"position\":3,\"name\":\"Cam\u00e9ra Bullet fixe\"}]},{\"@type\":\"WebSite\",\"@id\":\"https:\\\/\\\/nextgen-sn.com\\\/#website\",\"url\":\"https:\\\/\\\/nextgen-sn.com\\\/\",\"name\":\"NEXT GEN GROUP\",\"description\":\"Next Gen Group offre des services dans le domaine de l&#039;affichage gynamique\",\"publisher\":{\"@id\":\"https:\\\/\\\/nextgen-sn.com\\\/#organization\"},\"potentialAction\":[{\"@type\":\"SearchAction\",\"target\":{\"@type\":\"EntryPoint\",\"urlTemplate\":\"https:\\\/\\\/nextgen-sn.com\\\/?s={search_term_string}\"},\"query-input\":{\"@type\":\"PropertyValueSpecification\",\"valueRequired\":true,\"valueName\":\"search_term_string\"}}],\"inLanguage\":\"fr-FR\"},{\"@type\":\"Organization\",\"@id\":\"https:\\\/\\\/nextgen-sn.com\\\/#organization\",\"name\":\"NEXT GEN GROUP\",\"url\":\"https:\\\/\\\/nextgen-sn.com\\\/\",\"logo\":{\"@type\":\"ImageObject\",\"inLanguage\":\"fr-FR\",\"@id\":\"https:\\\/\\\/nextgen-sn.com\\\/#\\\/schema\\\/logo\\\/image\\\/\",\"url\":\"https:\\\/\\\/nextgen-sn.com\\\/wp-content\\\/uploads\\\/2025\\\/08\\\/Logo-Next-Gen.png\",\"contentUrl\":\"https:\\\/\\\/nextgen-sn.com\\\/wp-content\\\/uploads\\\/2025\\\/08\\\/Logo-Next-Gen.png\",\"width\":341,\"height\":149,\"caption\":\"NEXT GEN GROUP\"},\"image\":{\"@id\":\"https:\\\/\\\/nextgen-sn.com\\\/#\\\/schema\\\/logo\\\/image\\\/\"}}]}<\/script>\n<!-- \/ Yoast SEO plugin. -->","yoast_head_json":{"title":"Cam\u00e9ra Bullet fixe - NEXT GEN GROUP","robots":{"index":"index","follow":"follow","max-snippet":"max-snippet:-1","max-image-preview":"max-image-preview:large","max-video-preview":"max-video-preview:-1"},"canonical":"https:\/\/nextgen-sn.com\/?product=camera-bullet-fixe","og_locale":"fr_FR","og_type":"article","og_title":"Cam\u00e9ra Bullet fixe - NEXT GEN GROUP","og_description":"Mini cam\u00e9ra Bullet fixe ColorVu 2 MP Analogique Imagerie de haute qualit\u00e9 avec 2 MP, r\u00e9solution 1920 \u00d7 1080 Imagerie couleur 24h\/24 et 7j\/7 avec ouverture F1.0 La technologie 3D DNR offre des images nettes et nettes Objectif \u00e0 focale fixe 2,8 mm, 3,6 mm, 6 mm Distance de lumi\u00e8re blanche jusqu&rsquo;\u00e0 20 m pour une imagerie nocturne lumineuse Un port pour quatre signaux commutables (TVI\/AHD\/CVI\/CVBS) R\u00e9sistant \u00e0 l&rsquo;eau et \u00e0 la poussi\u00e8re (IP67) R\u00e9f\u00e9rence : DS-2CE10DF0T-PF","og_url":"https:\/\/nextgen-sn.com\/?product=camera-bullet-fixe","og_site_name":"NEXT GEN GROUP","article_modified_time":"2025-09-10T15:54:09+00:00","og_image":[{"width":1280,"height":1280,"url":"https:\/\/nextgen-sn.com\/wp-content\/uploads\/2025\/09\/2CE10DF0T-\u7b52\u673a73-\u53f3\u4fa7.png.thumb_.1280.1280.webp","type":"image\/webp"}],"twitter_card":"summary_large_image","schema":{"@context":"https:\/\/schema.org","@graph":[{"@type":"WebPage","@id":"https:\/\/nextgen-sn.com\/?product=camera-bullet-fixe","url":"https:\/\/nextgen-sn.com\/?product=camera-bullet-fixe","name":"Cam\u00e9ra Bullet fixe - NEXT GEN GROUP","isPartOf":{"@id":"https:\/\/nextgen-sn.com\/#website"},"primaryImageOfPage":{"@id":"https:\/\/nextgen-sn.com\/?product=camera-bullet-fixe#primaryimage"},"image":{"@id":"https:\/\/nextgen-sn.com\/?product=camera-bullet-fixe#primaryimage"},"thumbnailUrl":"https:\/\/nextgen-sn.com\/wp-content\/uploads\/2025\/09\/2CE10DF0T-\u7b52\u673a73-\u53f3\u4fa7.png.thumb_.1280.1280.webp","datePublished":"2025-09-10T15:54:06+00:00","dateModified":"2025-09-10T15:54:09+00:00","breadcrumb":{"@id":"https:\/\/nextgen-sn.com\/?product=camera-bullet-fixe#breadcrumb"},"inLanguage":"fr-FR","potentialAction":[{"@type":"ReadAction","target":["https:\/\/nextgen-sn.com\/?product=camera-bullet-fixe"]}]},{"@type":"ImageObject","inLanguage":"fr-FR","@id":"https:\/\/nextgen-sn.com\/?product=camera-bullet-fixe#primaryimage","url":"https:\/\/nextgen-sn.com\/wp-content\/uploads\/2025\/09\/2CE10DF0T-\u7b52\u673a73-\u53f3\u4fa7.png.thumb_.1280.1280.webp","contentUrl":"https:\/\/nextgen-sn.com\/wp-content\/uploads\/2025\/09\/2CE10DF0T-\u7b52\u673a73-\u53f3\u4fa7.png.thumb_.1280.1280.webp","width":1280,"height":1280},{"@type":"BreadcrumbList","@id":"https:\/\/nextgen-sn.com\/?product=camera-bullet-fixe#breadcrumb","itemListElement":[{"@type":"ListItem","position":1,"name":"Accueil","item":"https:\/\/nextgen-sn.com\/"},{"@type":"ListItem","position":2,"name":"Produits","item":"https:\/\/nextgen-sn.com\/?post_type=product"},{"@type":"ListItem","position":3,"name":"Cam\u00e9ra Bullet fixe"}]},{"@type":"WebSite","@id":"https:\/\/nextgen-sn.com\/#website","url":"https:\/\/nextgen-sn.com\/","name":"NEXT GEN GROUP","description":"Next Gen Group offre des services dans le domaine de l&#039;affichage gynamique","publisher":{"@id":"https:\/\/nextgen-sn.com\/#organization"},"potentialAction":[{"@type":"SearchAction","target":{"@type":"EntryPoint","urlTemplate":"https:\/\/nextgen-sn.com\/?s={search_term_string}"},"query-input":{"@type":"PropertyValueSpecification","valueRequired":true,"valueName":"search_term_string"}}],"inLanguage":"fr-FR"},{"@type":"Organization","@id":"https:\/\/nextgen-sn.com\/#organization","name":"NEXT GEN GROUP","url":"https:\/\/nextgen-sn.com\/","logo":{"@type":"ImageObject","inLanguage":"fr-FR","@id":"https:\/\/nextgen-sn.com\/#\/schema\/logo\/image\/","url":"https:\/\/nextgen-sn.com\/wp-content\/uploads\/2025\/08\/Logo-Next-Gen.png","contentUrl":"https:\/\/nextgen-sn.com\/wp-content\/uploads\/2025\/08\/Logo-Next-Gen.png","width":341,"height":149,"caption":"NEXT GEN GROUP"},"image":{"@id":"https:\/\/nextgen-sn.com\/#\/schema\/logo\/image\/"}}]}},"_links":{"self":[{"href":"https:\/\/nextgen-sn.com\/index.php?rest_route=\/wp\/v2\/product\/2724","targetHints":{"allow":["GET"]}}],"collection":[{"href":"https:\/\/nextgen-sn.com\/index.php?rest_route=\/wp\/v2\/product"}],"about":[{"href":"https:\/\/nextgen-sn.com\/index.php?rest_route=\/wp\/v2\/types\/product"}],"wp:featuredmedia":[{"embeddable":true,"href":"https:\/\/nextgen-sn.com\/index.php?rest_route=\/wp\/v2\/media\/2754"}],"wp:attachment":[{"href":"https:\/\/nextgen-sn.com\/index.php?rest_route=%2Fwp%2Fv2%2Fmedia&parent=2724"}],"wp:term":[{"taxonomy":"product_brand","embeddable":true,"href":"https:\/\/nextgen-sn.com\/index.php?rest_route=%2Fwp%2Fv2%2Fproduct_brand&post=2724"},{"taxonomy":"product_cat","embeddable":true,"href":"https:\/\/nextgen-sn.com\/index.php?rest_route=%2Fwp%2Fv2%2Fproduct_cat&post=2724"},{"taxonomy":"product_tag","embeddable":true,"href":"https:\/\/nextgen-sn.com\/index.php?rest_route=%2Fwp%2Fv2%2Fproduct_tag&post=2724"}],"curies":[{"name":"wp","href":"https:\/\/api.w.org\/{rel}","templated":true}]}}