{"id":2721,"date":"2025-09-10T15:54:05","date_gmt":"2025-09-10T15:54:05","guid":{"rendered":"https:\/\/nextgen.leden-shop.com\/?post_type=product&#038;p=2721"},"modified":"2025-09-10T15:54:08","modified_gmt":"2025-09-10T15:54:08","slug":"camera-ptz-x15-4mp","status":"publish","type":"product","link":"https:\/\/nextgen-sn.com\/?product=camera-ptz-x15-4mp","title":{"rendered":"Cam\u00e9ra PTZ X15 4MP"},"content":{"rendered":"<h1 class=\"product_title h1\"><strong style=\"font-size: 16px;\">Cam\u00e9ra IP HIKVISION PTZ 4 MP<\/strong><strong style=\"font-size: 16px;\">\u00a0<\/strong><strong style=\"font-size: 16px;\">Zoom optique x15\u00a0<\/strong><strong style=\"font-size: 16px;\">+ IR 100m<\/strong><\/h1>\n<div id=\"product-description-short-6173\" class=\"rte-content\">\n<ul>\n<li>Se concentre sur la classification des cibles humaines et v\u00e9hicules bas\u00e9e sur l&rsquo;apprentissage en profondeur<\/li>\n<li>Prend en charge la capture de visage. Jusqu&rsquo;\u00e0 5 visages captur\u00e9s en m\u00eame temps<\/li>\n<li>CMOS \u00e0 balayage progressif 1\/2,8&Prime;<\/li>\n<li>Imagerie de haute qualit\u00e9 avec une r\u00e9solution de 4 MP<\/li>\n<li>Excellentes performances en basse lumi\u00e8re avec la technologie aliment\u00e9e par DarkFighter<\/li>\n<li>Le zoom optique 15\u00d7 et le zoom num\u00e9rique 16\u00d7 offrent des vues rapproch\u00e9es sur de vastes zones<\/li>\n<li>Vue nocturne \u00e9tendue avec jusqu&rsquo;\u00e0 100 m de distance IR<\/li>\n<li>Prise en charge de la compression vid\u00e9o H.265+\/H.265<\/li>\n<\/ul>\n<\/div>\n<div class=\"js-product-images-modal\">\n<div class=\"product-reference\"><label class=\"label\">R\u00c9F\u00c9RENCE:<\/label>\u00a0DS-2DE4415IW-DE(T5)<\/div>\n<div class=\"product-brand\"><label class=\"label\">MARQUE:<\/label>\u00a0HIKVISION<\/div>\n<\/div>\n","protected":false},"excerpt":{"rendered":"<p class=\"tx-excerpt\">Cam\u00e9ra IP HIKVISION PTZ 4 MP\u00a0Zoom optique x15\u00a0+ IR 100m Se concentre sur la classification des cibles humaines et v\u00e9hicules bas\u00e9e sur l&rsquo;apprentissage en profondeur Prend en charge la capture de visage. Jusqu&rsquo;\u00e0 5 visages...<\/p>","protected":false},"featured_media":2751,"template":"","meta":{"_joinchat":[]},"product_brand":[],"product_cat":[31],"product_tag":[],"class_list":{"0":"post-2721","1":"product","2":"type-product","3":"status-publish","4":"has-post-thumbnail","6":"product_cat-cameras-ip","8":"first","9":"instock","10":"taxable","11":"shipping-taxable","12":"purchasable","13":"product-type-simple"},"yoast_head":"<!-- This site is optimized with the Yoast SEO plugin v27.4 - https:\/\/yoast.com\/product\/yoast-seo-wordpress\/ -->\n<title>Cam\u00e9ra PTZ X15 4MP - NEXT GEN GROUP<\/title>\n<meta name=\"robots\" content=\"index, follow, max-snippet:-1, max-image-preview:large, max-video-preview:-1\" \/>\n<link rel=\"canonical\" href=\"https:\/\/nextgen-sn.com\/?product=camera-ptz-x15-4mp\" \/>\n<meta property=\"og:locale\" content=\"fr_FR\" \/>\n<meta property=\"og:type\" content=\"article\" \/>\n<meta property=\"og:title\" content=\"Cam\u00e9ra PTZ X15 4MP - NEXT GEN GROUP\" \/>\n<meta property=\"og:description\" content=\"Cam\u00e9ra IP HIKVISION PTZ 4 MP\u00a0Zoom optique x15\u00a0+ IR 100m Se concentre sur la classification des cibles humaines et v\u00e9hicules bas\u00e9e sur l&rsquo;apprentissage en profondeur Prend en charge la capture de visage. Jusqu&rsquo;\u00e0 5 visages captur\u00e9s en m\u00eame temps CMOS \u00e0 balayage progressif 1\/2,8&Prime; Imagerie de haute qualit\u00e9 avec une r\u00e9solution de 4 MP Excellentes performances en basse lumi\u00e8re avec la technologie aliment\u00e9e par DarkFighter Le zoom optique 15\u00d7 et le zoom num\u00e9rique 16\u00d7 offrent des vues rapproch\u00e9es sur de vastes zones Vue nocturne \u00e9tendue avec jusqu&rsquo;\u00e0 100 m de distance IR Prise en charge de la compression vid\u00e9o H.265+\/H.265 R\u00c9F\u00c9RENCE:\u00a0DS-2DE4415IW-DE(T5) MARQUE:\u00a0HIKVISION\" \/>\n<meta property=\"og:url\" content=\"https:\/\/nextgen-sn.com\/?product=camera-ptz-x15-4mp\" \/>\n<meta property=\"og:site_name\" content=\"NEXT GEN GROUP\" \/>\n<meta property=\"article:modified_time\" content=\"2025-09-10T15:54:08+00:00\" \/>\n<meta property=\"og:image\" content=\"https:\/\/nextgen-sn.com\/wp-content\/uploads\/2025\/09\/hikvision-ds-2de4415iw-det5-ir.png\" \/>\n\t<meta property=\"og:image:width\" content=\"458\" \/>\n\t<meta property=\"og:image:height\" content=\"458\" \/>\n\t<meta property=\"og:image:type\" content=\"image\/png\" \/>\n<meta name=\"twitter:card\" content=\"summary_large_image\" \/>\n<meta name=\"twitter:label1\" content=\"Dur\u00e9e de lecture estim\u00e9e\" \/>\n\t<meta name=\"twitter:data1\" content=\"1 minute\" \/>\n<script type=\"application\/ld+json\" class=\"yoast-schema-graph\">{\"@context\":\"https:\\\/\\\/schema.org\",\"@graph\":[{\"@type\":\"WebPage\",\"@id\":\"https:\\\/\\\/nextgen-sn.com\\\/?product=camera-ptz-x15-4mp\",\"url\":\"https:\\\/\\\/nextgen-sn.com\\\/?product=camera-ptz-x15-4mp\",\"name\":\"Cam\u00e9ra PTZ X15 4MP - NEXT GEN GROUP\",\"isPartOf\":{\"@id\":\"https:\\\/\\\/nextgen-sn.com\\\/#website\"},\"primaryImageOfPage\":{\"@id\":\"https:\\\/\\\/nextgen-sn.com\\\/?product=camera-ptz-x15-4mp#primaryimage\"},\"image\":{\"@id\":\"https:\\\/\\\/nextgen-sn.com\\\/?product=camera-ptz-x15-4mp#primaryimage\"},\"thumbnailUrl\":\"https:\\\/\\\/nextgen-sn.com\\\/wp-content\\\/uploads\\\/2025\\\/09\\\/hikvision-ds-2de4415iw-det5-ir.png\",\"datePublished\":\"2025-09-10T15:54:05+00:00\",\"dateModified\":\"2025-09-10T15:54:08+00:00\",\"breadcrumb\":{\"@id\":\"https:\\\/\\\/nextgen-sn.com\\\/?product=camera-ptz-x15-4mp#breadcrumb\"},\"inLanguage\":\"fr-FR\",\"potentialAction\":[{\"@type\":\"ReadAction\",\"target\":[\"https:\\\/\\\/nextgen-sn.com\\\/?product=camera-ptz-x15-4mp\"]}]},{\"@type\":\"ImageObject\",\"inLanguage\":\"fr-FR\",\"@id\":\"https:\\\/\\\/nextgen-sn.com\\\/?product=camera-ptz-x15-4mp#primaryimage\",\"url\":\"https:\\\/\\\/nextgen-sn.com\\\/wp-content\\\/uploads\\\/2025\\\/09\\\/hikvision-ds-2de4415iw-det5-ir.png\",\"contentUrl\":\"https:\\\/\\\/nextgen-sn.com\\\/wp-content\\\/uploads\\\/2025\\\/09\\\/hikvision-ds-2de4415iw-det5-ir.png\",\"width\":458,\"height\":458},{\"@type\":\"BreadcrumbList\",\"@id\":\"https:\\\/\\\/nextgen-sn.com\\\/?product=camera-ptz-x15-4mp#breadcrumb\",\"itemListElement\":[{\"@type\":\"ListItem\",\"position\":1,\"name\":\"Accueil\",\"item\":\"https:\\\/\\\/nextgen-sn.com\\\/\"},{\"@type\":\"ListItem\",\"position\":2,\"name\":\"Produits\",\"item\":\"https:\\\/\\\/nextgen-sn.com\\\/?post_type=product\"},{\"@type\":\"ListItem\",\"position\":3,\"name\":\"Cam\u00e9ra PTZ X15 4MP\"}]},{\"@type\":\"WebSite\",\"@id\":\"https:\\\/\\\/nextgen-sn.com\\\/#website\",\"url\":\"https:\\\/\\\/nextgen-sn.com\\\/\",\"name\":\"NEXT GEN GROUP\",\"description\":\"Next Gen Group offre des services dans le domaine de l&#039;affichage gynamique\",\"publisher\":{\"@id\":\"https:\\\/\\\/nextgen-sn.com\\\/#organization\"},\"potentialAction\":[{\"@type\":\"SearchAction\",\"target\":{\"@type\":\"EntryPoint\",\"urlTemplate\":\"https:\\\/\\\/nextgen-sn.com\\\/?s={search_term_string}\"},\"query-input\":{\"@type\":\"PropertyValueSpecification\",\"valueRequired\":true,\"valueName\":\"search_term_string\"}}],\"inLanguage\":\"fr-FR\"},{\"@type\":\"Organization\",\"@id\":\"https:\\\/\\\/nextgen-sn.com\\\/#organization\",\"name\":\"NEXT GEN GROUP\",\"url\":\"https:\\\/\\\/nextgen-sn.com\\\/\",\"logo\":{\"@type\":\"ImageObject\",\"inLanguage\":\"fr-FR\",\"@id\":\"https:\\\/\\\/nextgen-sn.com\\\/#\\\/schema\\\/logo\\\/image\\\/\",\"url\":\"https:\\\/\\\/nextgen-sn.com\\\/wp-content\\\/uploads\\\/2025\\\/08\\\/Logo-Next-Gen.png\",\"contentUrl\":\"https:\\\/\\\/nextgen-sn.com\\\/wp-content\\\/uploads\\\/2025\\\/08\\\/Logo-Next-Gen.png\",\"width\":341,\"height\":149,\"caption\":\"NEXT GEN GROUP\"},\"image\":{\"@id\":\"https:\\\/\\\/nextgen-sn.com\\\/#\\\/schema\\\/logo\\\/image\\\/\"}}]}<\/script>\n<!-- \/ Yoast SEO plugin. -->","yoast_head_json":{"title":"Cam\u00e9ra PTZ X15 4MP - NEXT GEN GROUP","robots":{"index":"index","follow":"follow","max-snippet":"max-snippet:-1","max-image-preview":"max-image-preview:large","max-video-preview":"max-video-preview:-1"},"canonical":"https:\/\/nextgen-sn.com\/?product=camera-ptz-x15-4mp","og_locale":"fr_FR","og_type":"article","og_title":"Cam\u00e9ra PTZ X15 4MP - NEXT GEN GROUP","og_description":"Cam\u00e9ra IP HIKVISION PTZ 4 MP\u00a0Zoom optique x15\u00a0+ IR 100m Se concentre sur la classification des cibles humaines et v\u00e9hicules bas\u00e9e sur l&rsquo;apprentissage en profondeur Prend en charge la capture de visage. Jusqu&rsquo;\u00e0 5 visages captur\u00e9s en m\u00eame temps CMOS \u00e0 balayage progressif 1\/2,8&Prime; Imagerie de haute qualit\u00e9 avec une r\u00e9solution de 4 MP Excellentes performances en basse lumi\u00e8re avec la technologie aliment\u00e9e par DarkFighter Le zoom optique 15\u00d7 et le zoom num\u00e9rique 16\u00d7 offrent des vues rapproch\u00e9es sur de vastes zones Vue nocturne \u00e9tendue avec jusqu&rsquo;\u00e0 100 m de distance IR Prise en charge de la compression vid\u00e9o H.265+\/H.265 R\u00c9F\u00c9RENCE:\u00a0DS-2DE4415IW-DE(T5) MARQUE:\u00a0HIKVISION","og_url":"https:\/\/nextgen-sn.com\/?product=camera-ptz-x15-4mp","og_site_name":"NEXT GEN GROUP","article_modified_time":"2025-09-10T15:54:08+00:00","og_image":[{"width":458,"height":458,"url":"https:\/\/nextgen-sn.com\/wp-content\/uploads\/2025\/09\/hikvision-ds-2de4415iw-det5-ir.png","type":"image\/png"}],"twitter_card":"summary_large_image","twitter_misc":{"Dur\u00e9e de lecture estim\u00e9e":"1 minute"},"schema":{"@context":"https:\/\/schema.org","@graph":[{"@type":"WebPage","@id":"https:\/\/nextgen-sn.com\/?product=camera-ptz-x15-4mp","url":"https:\/\/nextgen-sn.com\/?product=camera-ptz-x15-4mp","name":"Cam\u00e9ra PTZ X15 4MP - NEXT GEN GROUP","isPartOf":{"@id":"https:\/\/nextgen-sn.com\/#website"},"primaryImageOfPage":{"@id":"https:\/\/nextgen-sn.com\/?product=camera-ptz-x15-4mp#primaryimage"},"image":{"@id":"https:\/\/nextgen-sn.com\/?product=camera-ptz-x15-4mp#primaryimage"},"thumbnailUrl":"https:\/\/nextgen-sn.com\/wp-content\/uploads\/2025\/09\/hikvision-ds-2de4415iw-det5-ir.png","datePublished":"2025-09-10T15:54:05+00:00","dateModified":"2025-09-10T15:54:08+00:00","breadcrumb":{"@id":"https:\/\/nextgen-sn.com\/?product=camera-ptz-x15-4mp#breadcrumb"},"inLanguage":"fr-FR","potentialAction":[{"@type":"ReadAction","target":["https:\/\/nextgen-sn.com\/?product=camera-ptz-x15-4mp"]}]},{"@type":"ImageObject","inLanguage":"fr-FR","@id":"https:\/\/nextgen-sn.com\/?product=camera-ptz-x15-4mp#primaryimage","url":"https:\/\/nextgen-sn.com\/wp-content\/uploads\/2025\/09\/hikvision-ds-2de4415iw-det5-ir.png","contentUrl":"https:\/\/nextgen-sn.com\/wp-content\/uploads\/2025\/09\/hikvision-ds-2de4415iw-det5-ir.png","width":458,"height":458},{"@type":"BreadcrumbList","@id":"https:\/\/nextgen-sn.com\/?product=camera-ptz-x15-4mp#breadcrumb","itemListElement":[{"@type":"ListItem","position":1,"name":"Accueil","item":"https:\/\/nextgen-sn.com\/"},{"@type":"ListItem","position":2,"name":"Produits","item":"https:\/\/nextgen-sn.com\/?post_type=product"},{"@type":"ListItem","position":3,"name":"Cam\u00e9ra PTZ X15 4MP"}]},{"@type":"WebSite","@id":"https:\/\/nextgen-sn.com\/#website","url":"https:\/\/nextgen-sn.com\/","name":"NEXT GEN GROUP","description":"Next Gen Group offre des services dans le domaine de l&#039;affichage gynamique","publisher":{"@id":"https:\/\/nextgen-sn.com\/#organization"},"potentialAction":[{"@type":"SearchAction","target":{"@type":"EntryPoint","urlTemplate":"https:\/\/nextgen-sn.com\/?s={search_term_string}"},"query-input":{"@type":"PropertyValueSpecification","valueRequired":true,"valueName":"search_term_string"}}],"inLanguage":"fr-FR"},{"@type":"Organization","@id":"https:\/\/nextgen-sn.com\/#organization","name":"NEXT GEN GROUP","url":"https:\/\/nextgen-sn.com\/","logo":{"@type":"ImageObject","inLanguage":"fr-FR","@id":"https:\/\/nextgen-sn.com\/#\/schema\/logo\/image\/","url":"https:\/\/nextgen-sn.com\/wp-content\/uploads\/2025\/08\/Logo-Next-Gen.png","contentUrl":"https:\/\/nextgen-sn.com\/wp-content\/uploads\/2025\/08\/Logo-Next-Gen.png","width":341,"height":149,"caption":"NEXT GEN GROUP"},"image":{"@id":"https:\/\/nextgen-sn.com\/#\/schema\/logo\/image\/"}}]}},"_links":{"self":[{"href":"https:\/\/nextgen-sn.com\/index.php?rest_route=\/wp\/v2\/product\/2721","targetHints":{"allow":["GET"]}}],"collection":[{"href":"https:\/\/nextgen-sn.com\/index.php?rest_route=\/wp\/v2\/product"}],"about":[{"href":"https:\/\/nextgen-sn.com\/index.php?rest_route=\/wp\/v2\/types\/product"}],"wp:featuredmedia":[{"embeddable":true,"href":"https:\/\/nextgen-sn.com\/index.php?rest_route=\/wp\/v2\/media\/2751"}],"wp:attachment":[{"href":"https:\/\/nextgen-sn.com\/index.php?rest_route=%2Fwp%2Fv2%2Fmedia&parent=2721"}],"wp:term":[{"taxonomy":"product_brand","embeddable":true,"href":"https:\/\/nextgen-sn.com\/index.php?rest_route=%2Fwp%2Fv2%2Fproduct_brand&post=2721"},{"taxonomy":"product_cat","embeddable":true,"href":"https:\/\/nextgen-sn.com\/index.php?rest_route=%2Fwp%2Fv2%2Fproduct_cat&post=2721"},{"taxonomy":"product_tag","embeddable":true,"href":"https:\/\/nextgen-sn.com\/index.php?rest_route=%2Fwp%2Fv2%2Fproduct_tag&post=2721"}],"curies":[{"name":"wp","href":"https:\/\/api.w.org\/{rel}","templated":true}]}}