{"id":2719,"date":"2025-09-10T15:54:05","date_gmt":"2025-09-10T15:54:05","guid":{"rendered":"https:\/\/nextgen.leden-shop.com\/?post_type=product&#038;p=2719"},"modified":"2025-09-10T15:54:08","modified_gmt":"2025-09-10T15:54:08","slug":"camera-bullet-2mp","status":"publish","type":"product","link":"https:\/\/nextgen-sn.com\/?product=camera-bullet-2mp","title":{"rendered":"Cam\u00e9ra Bullet 2MP\u00a0"},"content":{"rendered":"<div id=\"product-description-short-4740\" class=\"rte-content\">\n<p><strong>Cam\u00e9ra IP HIKVISION\u00a0Bullet 2MP\u00a0<\/strong><b>+ Lumi\u00e8re\u00a0Blanche<\/b><strong>\u00a030m<\/strong><\/p>\n<ul>\n<li class=\" product_description_item\">Imagerie de haute qualit\u00e9 avec une r\u00e9solution de 2 MP<\/li>\n<li class=\" product_description_item\">Excellentes performances en basse lumi\u00e8re<\/li>\n<li class=\" product_description_item\">Technologie de compression H.265+ efficace<\/li>\n<li class=\" product_description_item\">R\u00e9sistant \u00e0 l&rsquo;eau et \u00e0 la poussi\u00e8re (IP67)<\/li>\n<li class=\" product_description_item\">Imagerie color\u00e9e 24h\/24<\/li>\n<\/ul>\n<\/div>\n<div class=\"js-product-images-modal\">\n<div class=\"product-reference\"><label class=\"label\">R\u00c9F\u00c9RENCE:<\/label>\u00a0DS-2CD1027G0-L(2.8MM)(C)<\/div>\n<\/div>\n","protected":false},"excerpt":{"rendered":"<p class=\"tx-excerpt\">Cam\u00e9ra IP HIKVISION\u00a0Bullet 2MP\u00a0+ Lumi\u00e8re\u00a0Blanche\u00a030m Imagerie de haute qualit\u00e9 avec une r\u00e9solution de 2 MP Excellentes performances en basse lumi\u00e8re Technologie de compression H.265+ efficace R\u00e9sistant \u00e0 l&rsquo;eau et \u00e0 la poussi\u00e8re (IP67) Imagerie color\u00e9e...<\/p>","protected":false},"featured_media":2749,"template":"","meta":{"_joinchat":[]},"product_brand":[],"product_cat":[31],"product_tag":[],"class_list":{"0":"post-2719","1":"product","2":"type-product","3":"status-publish","4":"has-post-thumbnail","6":"product_cat-cameras-ip","8":"first","9":"instock","10":"taxable","11":"shipping-taxable","12":"purchasable","13":"product-type-simple"},"yoast_head":"<!-- This site is optimized with the Yoast SEO plugin v27.4 - https:\/\/yoast.com\/product\/yoast-seo-wordpress\/ -->\n<title>Cam\u00e9ra Bullet 2MP\u00a0 - NEXT GEN GROUP<\/title>\n<meta name=\"robots\" content=\"index, follow, max-snippet:-1, max-image-preview:large, max-video-preview:-1\" \/>\n<link rel=\"canonical\" href=\"https:\/\/nextgen-sn.com\/?product=camera-bullet-2mp\" \/>\n<meta property=\"og:locale\" content=\"fr_FR\" \/>\n<meta property=\"og:type\" content=\"article\" \/>\n<meta property=\"og:title\" content=\"Cam\u00e9ra Bullet 2MP\u00a0 - NEXT GEN GROUP\" \/>\n<meta property=\"og:description\" content=\"Cam\u00e9ra IP HIKVISION\u00a0Bullet 2MP\u00a0+ Lumi\u00e8re\u00a0Blanche\u00a030m Imagerie de haute qualit\u00e9 avec une r\u00e9solution de 2 MP Excellentes performances en basse lumi\u00e8re Technologie de compression H.265+ efficace R\u00e9sistant \u00e0 l&rsquo;eau et \u00e0 la poussi\u00e8re (IP67) Imagerie color\u00e9e 24h\/24 R\u00c9F\u00c9RENCE:\u00a0DS-2CD1027G0-L(2.8MM)(C)\" \/>\n<meta property=\"og:url\" content=\"https:\/\/nextgen-sn.com\/?product=camera-bullet-2mp\" \/>\n<meta property=\"og:site_name\" content=\"NEXT GEN GROUP\" \/>\n<meta property=\"article:modified_time\" content=\"2025-09-10T15:54:08+00:00\" \/>\n<meta property=\"og:image\" content=\"https:\/\/nextgen-sn.com\/wp-content\/uploads\/2025\/09\/hikvision-ds-2cd1027g0-l28mmc-2-mp-colorvu-10.png\" \/>\n\t<meta property=\"og:image:width\" content=\"458\" \/>\n\t<meta property=\"og:image:height\" content=\"458\" \/>\n\t<meta property=\"og:image:type\" content=\"image\/png\" \/>\n<meta name=\"twitter:card\" content=\"summary_large_image\" \/>\n<script type=\"application\/ld+json\" class=\"yoast-schema-graph\">{\"@context\":\"https:\\\/\\\/schema.org\",\"@graph\":[{\"@type\":\"WebPage\",\"@id\":\"https:\\\/\\\/nextgen-sn.com\\\/?product=camera-bullet-2mp\",\"url\":\"https:\\\/\\\/nextgen-sn.com\\\/?product=camera-bullet-2mp\",\"name\":\"Cam\u00e9ra Bullet 2MP\u00a0 - NEXT GEN GROUP\",\"isPartOf\":{\"@id\":\"https:\\\/\\\/nextgen-sn.com\\\/#website\"},\"primaryImageOfPage\":{\"@id\":\"https:\\\/\\\/nextgen-sn.com\\\/?product=camera-bullet-2mp#primaryimage\"},\"image\":{\"@id\":\"https:\\\/\\\/nextgen-sn.com\\\/?product=camera-bullet-2mp#primaryimage\"},\"thumbnailUrl\":\"https:\\\/\\\/nextgen-sn.com\\\/wp-content\\\/uploads\\\/2025\\\/09\\\/hikvision-ds-2cd1027g0-l28mmc-2-mp-colorvu-10.png\",\"datePublished\":\"2025-09-10T15:54:05+00:00\",\"dateModified\":\"2025-09-10T15:54:08+00:00\",\"breadcrumb\":{\"@id\":\"https:\\\/\\\/nextgen-sn.com\\\/?product=camera-bullet-2mp#breadcrumb\"},\"inLanguage\":\"fr-FR\",\"potentialAction\":[{\"@type\":\"ReadAction\",\"target\":[\"https:\\\/\\\/nextgen-sn.com\\\/?product=camera-bullet-2mp\"]}]},{\"@type\":\"ImageObject\",\"inLanguage\":\"fr-FR\",\"@id\":\"https:\\\/\\\/nextgen-sn.com\\\/?product=camera-bullet-2mp#primaryimage\",\"url\":\"https:\\\/\\\/nextgen-sn.com\\\/wp-content\\\/uploads\\\/2025\\\/09\\\/hikvision-ds-2cd1027g0-l28mmc-2-mp-colorvu-10.png\",\"contentUrl\":\"https:\\\/\\\/nextgen-sn.com\\\/wp-content\\\/uploads\\\/2025\\\/09\\\/hikvision-ds-2cd1027g0-l28mmc-2-mp-colorvu-10.png\",\"width\":458,\"height\":458},{\"@type\":\"BreadcrumbList\",\"@id\":\"https:\\\/\\\/nextgen-sn.com\\\/?product=camera-bullet-2mp#breadcrumb\",\"itemListElement\":[{\"@type\":\"ListItem\",\"position\":1,\"name\":\"Accueil\",\"item\":\"https:\\\/\\\/nextgen-sn.com\\\/\"},{\"@type\":\"ListItem\",\"position\":2,\"name\":\"Produits\",\"item\":\"https:\\\/\\\/nextgen-sn.com\\\/?post_type=product\"},{\"@type\":\"ListItem\",\"position\":3,\"name\":\"Cam\u00e9ra Bullet 2MP\u00a0\"}]},{\"@type\":\"WebSite\",\"@id\":\"https:\\\/\\\/nextgen-sn.com\\\/#website\",\"url\":\"https:\\\/\\\/nextgen-sn.com\\\/\",\"name\":\"NEXT GEN GROUP\",\"description\":\"Next Gen Group offre des services dans le domaine de l&#039;affichage gynamique\",\"publisher\":{\"@id\":\"https:\\\/\\\/nextgen-sn.com\\\/#organization\"},\"potentialAction\":[{\"@type\":\"SearchAction\",\"target\":{\"@type\":\"EntryPoint\",\"urlTemplate\":\"https:\\\/\\\/nextgen-sn.com\\\/?s={search_term_string}\"},\"query-input\":{\"@type\":\"PropertyValueSpecification\",\"valueRequired\":true,\"valueName\":\"search_term_string\"}}],\"inLanguage\":\"fr-FR\"},{\"@type\":\"Organization\",\"@id\":\"https:\\\/\\\/nextgen-sn.com\\\/#organization\",\"name\":\"NEXT GEN GROUP\",\"url\":\"https:\\\/\\\/nextgen-sn.com\\\/\",\"logo\":{\"@type\":\"ImageObject\",\"inLanguage\":\"fr-FR\",\"@id\":\"https:\\\/\\\/nextgen-sn.com\\\/#\\\/schema\\\/logo\\\/image\\\/\",\"url\":\"https:\\\/\\\/nextgen-sn.com\\\/wp-content\\\/uploads\\\/2025\\\/08\\\/Logo-Next-Gen.png\",\"contentUrl\":\"https:\\\/\\\/nextgen-sn.com\\\/wp-content\\\/uploads\\\/2025\\\/08\\\/Logo-Next-Gen.png\",\"width\":341,\"height\":149,\"caption\":\"NEXT GEN GROUP\"},\"image\":{\"@id\":\"https:\\\/\\\/nextgen-sn.com\\\/#\\\/schema\\\/logo\\\/image\\\/\"}}]}<\/script>\n<!-- \/ Yoast SEO plugin. -->","yoast_head_json":{"title":"Cam\u00e9ra Bullet 2MP\u00a0 - NEXT GEN GROUP","robots":{"index":"index","follow":"follow","max-snippet":"max-snippet:-1","max-image-preview":"max-image-preview:large","max-video-preview":"max-video-preview:-1"},"canonical":"https:\/\/nextgen-sn.com\/?product=camera-bullet-2mp","og_locale":"fr_FR","og_type":"article","og_title":"Cam\u00e9ra Bullet 2MP\u00a0 - NEXT GEN GROUP","og_description":"Cam\u00e9ra IP HIKVISION\u00a0Bullet 2MP\u00a0+ Lumi\u00e8re\u00a0Blanche\u00a030m Imagerie de haute qualit\u00e9 avec une r\u00e9solution de 2 MP Excellentes performances en basse lumi\u00e8re Technologie de compression H.265+ efficace R\u00e9sistant \u00e0 l&rsquo;eau et \u00e0 la poussi\u00e8re (IP67) Imagerie color\u00e9e 24h\/24 R\u00c9F\u00c9RENCE:\u00a0DS-2CD1027G0-L(2.8MM)(C)","og_url":"https:\/\/nextgen-sn.com\/?product=camera-bullet-2mp","og_site_name":"NEXT GEN GROUP","article_modified_time":"2025-09-10T15:54:08+00:00","og_image":[{"width":458,"height":458,"url":"https:\/\/nextgen-sn.com\/wp-content\/uploads\/2025\/09\/hikvision-ds-2cd1027g0-l28mmc-2-mp-colorvu-10.png","type":"image\/png"}],"twitter_card":"summary_large_image","schema":{"@context":"https:\/\/schema.org","@graph":[{"@type":"WebPage","@id":"https:\/\/nextgen-sn.com\/?product=camera-bullet-2mp","url":"https:\/\/nextgen-sn.com\/?product=camera-bullet-2mp","name":"Cam\u00e9ra Bullet 2MP\u00a0 - NEXT GEN GROUP","isPartOf":{"@id":"https:\/\/nextgen-sn.com\/#website"},"primaryImageOfPage":{"@id":"https:\/\/nextgen-sn.com\/?product=camera-bullet-2mp#primaryimage"},"image":{"@id":"https:\/\/nextgen-sn.com\/?product=camera-bullet-2mp#primaryimage"},"thumbnailUrl":"https:\/\/nextgen-sn.com\/wp-content\/uploads\/2025\/09\/hikvision-ds-2cd1027g0-l28mmc-2-mp-colorvu-10.png","datePublished":"2025-09-10T15:54:05+00:00","dateModified":"2025-09-10T15:54:08+00:00","breadcrumb":{"@id":"https:\/\/nextgen-sn.com\/?product=camera-bullet-2mp#breadcrumb"},"inLanguage":"fr-FR","potentialAction":[{"@type":"ReadAction","target":["https:\/\/nextgen-sn.com\/?product=camera-bullet-2mp"]}]},{"@type":"ImageObject","inLanguage":"fr-FR","@id":"https:\/\/nextgen-sn.com\/?product=camera-bullet-2mp#primaryimage","url":"https:\/\/nextgen-sn.com\/wp-content\/uploads\/2025\/09\/hikvision-ds-2cd1027g0-l28mmc-2-mp-colorvu-10.png","contentUrl":"https:\/\/nextgen-sn.com\/wp-content\/uploads\/2025\/09\/hikvision-ds-2cd1027g0-l28mmc-2-mp-colorvu-10.png","width":458,"height":458},{"@type":"BreadcrumbList","@id":"https:\/\/nextgen-sn.com\/?product=camera-bullet-2mp#breadcrumb","itemListElement":[{"@type":"ListItem","position":1,"name":"Accueil","item":"https:\/\/nextgen-sn.com\/"},{"@type":"ListItem","position":2,"name":"Produits","item":"https:\/\/nextgen-sn.com\/?post_type=product"},{"@type":"ListItem","position":3,"name":"Cam\u00e9ra Bullet 2MP\u00a0"}]},{"@type":"WebSite","@id":"https:\/\/nextgen-sn.com\/#website","url":"https:\/\/nextgen-sn.com\/","name":"NEXT GEN GROUP","description":"Next Gen Group offre des services dans le domaine de l&#039;affichage gynamique","publisher":{"@id":"https:\/\/nextgen-sn.com\/#organization"},"potentialAction":[{"@type":"SearchAction","target":{"@type":"EntryPoint","urlTemplate":"https:\/\/nextgen-sn.com\/?s={search_term_string}"},"query-input":{"@type":"PropertyValueSpecification","valueRequired":true,"valueName":"search_term_string"}}],"inLanguage":"fr-FR"},{"@type":"Organization","@id":"https:\/\/nextgen-sn.com\/#organization","name":"NEXT GEN GROUP","url":"https:\/\/nextgen-sn.com\/","logo":{"@type":"ImageObject","inLanguage":"fr-FR","@id":"https:\/\/nextgen-sn.com\/#\/schema\/logo\/image\/","url":"https:\/\/nextgen-sn.com\/wp-content\/uploads\/2025\/08\/Logo-Next-Gen.png","contentUrl":"https:\/\/nextgen-sn.com\/wp-content\/uploads\/2025\/08\/Logo-Next-Gen.png","width":341,"height":149,"caption":"NEXT GEN GROUP"},"image":{"@id":"https:\/\/nextgen-sn.com\/#\/schema\/logo\/image\/"}}]}},"_links":{"self":[{"href":"https:\/\/nextgen-sn.com\/index.php?rest_route=\/wp\/v2\/product\/2719","targetHints":{"allow":["GET"]}}],"collection":[{"href":"https:\/\/nextgen-sn.com\/index.php?rest_route=\/wp\/v2\/product"}],"about":[{"href":"https:\/\/nextgen-sn.com\/index.php?rest_route=\/wp\/v2\/types\/product"}],"wp:featuredmedia":[{"embeddable":true,"href":"https:\/\/nextgen-sn.com\/index.php?rest_route=\/wp\/v2\/media\/2749"}],"wp:attachment":[{"href":"https:\/\/nextgen-sn.com\/index.php?rest_route=%2Fwp%2Fv2%2Fmedia&parent=2719"}],"wp:term":[{"taxonomy":"product_brand","embeddable":true,"href":"https:\/\/nextgen-sn.com\/index.php?rest_route=%2Fwp%2Fv2%2Fproduct_brand&post=2719"},{"taxonomy":"product_cat","embeddable":true,"href":"https:\/\/nextgen-sn.com\/index.php?rest_route=%2Fwp%2Fv2%2Fproduct_cat&post=2719"},{"taxonomy":"product_tag","embeddable":true,"href":"https:\/\/nextgen-sn.com\/index.php?rest_route=%2Fwp%2Fv2%2Fproduct_tag&post=2719"}],"curies":[{"name":"wp","href":"https:\/\/api.w.org\/{rel}","templated":true}]}}