{"id":2713,"date":"2025-09-10T15:54:05","date_gmt":"2025-09-10T15:54:05","guid":{"rendered":"https:\/\/nextgen.leden-shop.com\/?post_type=product&#038;p=2713"},"modified":"2025-09-10T15:54:07","modified_gmt":"2025-09-10T15:54:07","slug":"camera-acusense-4mp","status":"publish","type":"product","link":"https:\/\/nextgen-sn.com\/?product=camera-acusense-4mp","title":{"rendered":"Cam\u00e9ra AcuSense 4MP"},"content":{"rendered":"<h1>4 MP AcuSense Fixed Bullet Network Camera<\/h1>\n<p>&nbsp;<\/p>\n<p>Cette\u00a0<em>cam\u00e9ra de vid\u00e9o surveillance full HD<\/em>+ de 4MP de la\u00a0<em>gamme EasyIP 4.0\u00a0<\/em>est dot\u00e9e de la toute derni\u00e8re<em>\u00a0technologie d&rsquo;intelligence artificielle AcuSense 2.0.<\/em><\/p>\n<p>Elle offre de tr\u00e8s belles<em>\u00a0images avec une r\u00e9solution 2592 \u00d7 1944 pixels<\/em>. De nuit elle peut voir jusqu&rsquo;\u00e0 80 m\u00e8tres avec une vision am\u00e9lior\u00e9e gr\u00e2ce \u00e0 la\u00a0<em>technologie prowered by Darkfighter<\/em>. Elle est destin\u00e9e \u00e0 \u00eatre install\u00e9e en ext\u00e9rieur.<br \/>\nUne cam\u00e9ra intelligente qui embarque les derni\u00e8res technologies d&rsquo;IA disponibles :<\/p>\n<ul>\n<li><em>D\u00e9tection intelligente AcuSense 2.0<\/em>\u00a0qui permet d&rsquo;\u00e9viter les fausses alarmes et de pouvoir diff\u00e9rencier un humain ou une voiture dans une sc\u00e8ne avec une pr\u00e9cision de plus de 98% gr\u00e2ce \u00e0 un algorithme d&rsquo;apprentissage profond<\/li>\n<li>Excellente vision de nuit jusqu&rsquo;\u00e0 80 m\u00e8tres gr\u00e2ce \u00e0 la\u00a0<em>technologie powered by Darkfighter<\/em>\u00a0qui lui permet de b\u00e9n\u00e9ficier d&rsquo;une image en couleur m\u00eame en situation de\u00a0 basse luminosit\u00e9. Sa sensibilit\u00e9 est de 0.003 Lux. En comparaison, une nuit de pleine lune b\u00e9n\u00e9ficie d&rsquo;un \u00e9clairage de 0.5 Lux.<\/li>\n<li>Uniformisation de la vision nocturne gr\u00e2ce \u00e0 la technologie EXIR 2.0 qui offre un gain de 30%. Elle b\u00e9n\u00e9ficie \u00e9galement d&rsquo;une nouvelle conception des LED en 850 nm qui les rendent peu visibles.<\/li>\n<li>Dans le noir complet (0 Lux), elle offre une tr\u00e8s belle image en noir et blanc.<\/li>\n<\/ul>\n<p>Am\u00e9liorations vid\u00e9o<\/p>\n<ul>\n<li>3D DNR (pour des images tr\u00e8s nettes et pr\u00e9cises)<\/li>\n<li>Wide Dynamic Range 120dB (gestion des contre-jours)<\/li>\n<li>BLC (am\u00e9lioration des images en basse luminosit\u00e9)<\/li>\n<li>ROI (augmentation de la qualit\u00e9 sur des zones pr\u00e9cises)<\/li>\n<\/ul>\n<p>Les points forts de la\u00a0<strong>DS-2CD2T46G2-4I<\/strong><\/p>\n<ul>\n<li><em>Haute d\u00e9finition full HD<\/em>+ 2592 \u00d7 1944 pixels<\/li>\n<li><em>Technologie AcuSense 2.0<\/em>\u00a0&#8211; pr\u00e9cision de 98%<\/li>\n<li><em>Vision de nuit<\/em>\u00a0optimis\u00e9e avec technologie powered by Darkfighter + EXIR 2.0<\/li>\n<li>Nombreuses fonctions de d\u00e9tections intelligentes<\/li>\n<li>Emplacement pour carte micro SD jusqu&rsquo;\u00e0 256GO<\/li>\n<li>Prise en charge des derniers codecs vid\u00e9o<\/li>\n<li>Tr\u00e8s grand angle de vue horizontal : 103\u00b0 (123\u00b0 en diagonal)<\/li>\n<li>Prise en charge de la vue en direct sur PC et appareil mobile<\/li>\n<li>PoE 802af class 3<\/li>\n<li>3D DNR (diminution des bruits d&rsquo;image et r\u00e9duction des erreurs lors des m\u00e9langes des couleurs)<\/li>\n<li>Wide Dynamic Range 120dB (gestion des contre-jours)<\/li>\n<li><em>BLC<\/em>\u00a0(am\u00e9lioration des images en basse luminosit\u00e9)<\/li>\n<li><em>ROI<\/em>\u00a0(augmentation de la qualit\u00e9 sur des zones pr\u00e9cises)<\/li>\n<li>Indice de protection \u00e9lev\u00e9 IP67<\/li>\n<\/ul>\n<p>Compatible Windows XP, Windows 7, Windows 8 et Windows 10<\/p>\n<p>Compatible avec les navigateurs Chrome (41.0-44 ou sup\u00e9rieur), Firefox (30.0-51 ou sup\u00e9rieur), Safari (8.0-11 ou sup\u00e9rieur) Internet Explorer (8 ou sup\u00e9rieur).<\/p>\n<p>&nbsp;<\/p>\n","protected":false},"excerpt":{"rendered":"<p class=\"tx-excerpt\">4 MP AcuSense Fixed Bullet Network Camera &nbsp; Cette\u00a0cam\u00e9ra de vid\u00e9o surveillance full HD+ de 4MP de la\u00a0gamme EasyIP 4.0\u00a0est dot\u00e9e de la toute derni\u00e8re\u00a0technologie d&rsquo;intelligence artificielle AcuSense 2.0. Elle offre de tr\u00e8s belles\u00a0images avec...<\/p>","protected":false},"featured_media":2743,"template":"","meta":{"_joinchat":[]},"product_brand":[],"product_cat":[31],"product_tag":[],"class_list":{"0":"post-2713","1":"product","2":"type-product","3":"status-publish","4":"has-post-thumbnail","6":"product_cat-cameras-ip","8":"first","9":"instock","10":"taxable","11":"shipping-taxable","12":"purchasable","13":"product-type-simple"},"yoast_head":"<!-- This site is optimized with the Yoast SEO plugin v27.4 - https:\/\/yoast.com\/product\/yoast-seo-wordpress\/ -->\n<title>Cam\u00e9ra AcuSense 4MP - NEXT GEN GROUP<\/title>\n<meta name=\"robots\" content=\"index, follow, max-snippet:-1, max-image-preview:large, max-video-preview:-1\" \/>\n<link rel=\"canonical\" href=\"https:\/\/nextgen-sn.com\/?product=camera-acusense-4mp\" \/>\n<meta property=\"og:locale\" content=\"fr_FR\" \/>\n<meta property=\"og:type\" content=\"article\" \/>\n<meta property=\"og:title\" content=\"Cam\u00e9ra AcuSense 4MP - NEXT GEN GROUP\" \/>\n<meta property=\"og:description\" content=\"4 MP AcuSense Fixed Bullet Network Camera &nbsp; Cette\u00a0cam\u00e9ra de vid\u00e9o surveillance full HD+ de 4MP de la\u00a0gamme EasyIP 4.0\u00a0est dot\u00e9e de la toute derni\u00e8re\u00a0technologie d&rsquo;intelligence artificielle AcuSense 2.0. Elle offre de tr\u00e8s belles\u00a0images avec une r\u00e9solution 2592 \u00d7 1944 pixels. De nuit elle peut voir jusqu&rsquo;\u00e0 80 m\u00e8tres avec une vision am\u00e9lior\u00e9e gr\u00e2ce \u00e0 la\u00a0technologie prowered by Darkfighter. Elle est destin\u00e9e \u00e0 \u00eatre install\u00e9e en ext\u00e9rieur. Une cam\u00e9ra intelligente qui embarque les derni\u00e8res technologies d&rsquo;IA disponibles : D\u00e9tection intelligente AcuSense 2.0\u00a0qui permet d&rsquo;\u00e9viter les fausses alarmes et de pouvoir diff\u00e9rencier un humain ou une voiture dans une sc\u00e8ne avec une pr\u00e9cision de plus de 98% gr\u00e2ce \u00e0 un algorithme d&rsquo;apprentissage profond Excellente vision de nuit jusqu&rsquo;\u00e0 80 m\u00e8tres gr\u00e2ce \u00e0 la\u00a0technologie powered by Darkfighter\u00a0qui lui permet de b\u00e9n\u00e9ficier d&rsquo;une image en couleur m\u00eame en situation de\u00a0 basse luminosit\u00e9. Sa sensibilit\u00e9 est de 0.003 Lux. En comparaison, une nuit de pleine lune b\u00e9n\u00e9ficie d&rsquo;un \u00e9clairage de 0.5 Lux. Uniformisation de la vision nocturne gr\u00e2ce \u00e0 la technologie EXIR 2.0 qui offre un gain de 30%. Elle b\u00e9n\u00e9ficie \u00e9galement d&rsquo;une nouvelle conception des LED en 850 nm qui les rendent peu visibles. Dans le noir complet (0 Lux), elle offre une tr\u00e8s belle image en noir et blanc. Am\u00e9liorations vid\u00e9o 3D DNR (pour des images tr\u00e8s nettes et pr\u00e9cises) Wide Dynamic Range 120dB (gestion des contre-jours) BLC (am\u00e9lioration des images en basse luminosit\u00e9) ROI (augmentation de la qualit\u00e9 sur des zones pr\u00e9cises) Les points forts de la\u00a0DS-2CD2T46G2-4I Haute d\u00e9finition full HD+ 2592 \u00d7 1944 pixels Technologie AcuSense 2.0\u00a0&#8211; pr\u00e9cision de 98% Vision de nuit\u00a0optimis\u00e9e avec technologie powered by Darkfighter + EXIR 2.0 Nombreuses fonctions de d\u00e9tections intelligentes Emplacement pour carte micro SD jusqu&rsquo;\u00e0 256GO Prise en charge des derniers codecs vid\u00e9o Tr\u00e8s grand angle de vue horizontal : 103\u00b0 (123\u00b0 en diagonal) Prise en charge de la vue en direct sur PC et appareil mobile PoE 802af class 3 3D DNR (diminution des bruits d&rsquo;image et r\u00e9duction des erreurs lors des m\u00e9langes des couleurs) Wide Dynamic Range 120dB (gestion des contre-jours) BLC\u00a0(am\u00e9lioration des images en basse luminosit\u00e9) ROI\u00a0(augmentation de la qualit\u00e9 sur des zones pr\u00e9cises) Indice de protection \u00e9lev\u00e9 IP67 Compatible Windows XP, Windows 7, Windows 8 et Windows 10 Compatible avec les navigateurs Chrome (41.0-44 ou sup\u00e9rieur), Firefox (30.0-51 ou sup\u00e9rieur), Safari (8.0-11 ou sup\u00e9rieur) Internet Explorer (8 ou sup\u00e9rieur). &nbsp;\" \/>\n<meta property=\"og:url\" content=\"https:\/\/nextgen-sn.com\/?product=camera-acusense-4mp\" \/>\n<meta property=\"og:site_name\" content=\"NEXT GEN GROUP\" \/>\n<meta property=\"article:modified_time\" content=\"2025-09-10T15:54:07+00:00\" \/>\n<meta property=\"og:image\" content=\"https:\/\/nextgen-sn.com\/wp-content\/uploads\/2025\/09\/hikvision-ds-2cd2t46g2-2i28mm-4-mp-acusense_ml.jpg\" \/>\n\t<meta property=\"og:image:width\" content=\"458\" \/>\n\t<meta property=\"og:image:height\" content=\"458\" \/>\n\t<meta property=\"og:image:type\" content=\"image\/jpeg\" \/>\n<meta name=\"twitter:card\" content=\"summary_large_image\" \/>\n<meta name=\"twitter:label1\" content=\"Dur\u00e9e de lecture estim\u00e9e\" \/>\n\t<meta name=\"twitter:data1\" content=\"2 minutes\" \/>\n<script type=\"application\/ld+json\" class=\"yoast-schema-graph\">{\"@context\":\"https:\\\/\\\/schema.org\",\"@graph\":[{\"@type\":\"WebPage\",\"@id\":\"https:\\\/\\\/nextgen-sn.com\\\/?product=camera-acusense-4mp\",\"url\":\"https:\\\/\\\/nextgen-sn.com\\\/?product=camera-acusense-4mp\",\"name\":\"Cam\u00e9ra AcuSense 4MP - NEXT GEN GROUP\",\"isPartOf\":{\"@id\":\"https:\\\/\\\/nextgen-sn.com\\\/#website\"},\"primaryImageOfPage\":{\"@id\":\"https:\\\/\\\/nextgen-sn.com\\\/?product=camera-acusense-4mp#primaryimage\"},\"image\":{\"@id\":\"https:\\\/\\\/nextgen-sn.com\\\/?product=camera-acusense-4mp#primaryimage\"},\"thumbnailUrl\":\"https:\\\/\\\/nextgen-sn.com\\\/wp-content\\\/uploads\\\/2025\\\/09\\\/hikvision-ds-2cd2t46g2-2i28mm-4-mp-acusense_ml.jpg\",\"datePublished\":\"2025-09-10T15:54:05+00:00\",\"dateModified\":\"2025-09-10T15:54:07+00:00\",\"breadcrumb\":{\"@id\":\"https:\\\/\\\/nextgen-sn.com\\\/?product=camera-acusense-4mp#breadcrumb\"},\"inLanguage\":\"fr-FR\",\"potentialAction\":[{\"@type\":\"ReadAction\",\"target\":[\"https:\\\/\\\/nextgen-sn.com\\\/?product=camera-acusense-4mp\"]}]},{\"@type\":\"ImageObject\",\"inLanguage\":\"fr-FR\",\"@id\":\"https:\\\/\\\/nextgen-sn.com\\\/?product=camera-acusense-4mp#primaryimage\",\"url\":\"https:\\\/\\\/nextgen-sn.com\\\/wp-content\\\/uploads\\\/2025\\\/09\\\/hikvision-ds-2cd2t46g2-2i28mm-4-mp-acusense_ml.jpg\",\"contentUrl\":\"https:\\\/\\\/nextgen-sn.com\\\/wp-content\\\/uploads\\\/2025\\\/09\\\/hikvision-ds-2cd2t46g2-2i28mm-4-mp-acusense_ml.jpg\",\"width\":458,\"height\":458},{\"@type\":\"BreadcrumbList\",\"@id\":\"https:\\\/\\\/nextgen-sn.com\\\/?product=camera-acusense-4mp#breadcrumb\",\"itemListElement\":[{\"@type\":\"ListItem\",\"position\":1,\"name\":\"Accueil\",\"item\":\"https:\\\/\\\/nextgen-sn.com\\\/\"},{\"@type\":\"ListItem\",\"position\":2,\"name\":\"Produits\",\"item\":\"https:\\\/\\\/nextgen-sn.com\\\/?post_type=product\"},{\"@type\":\"ListItem\",\"position\":3,\"name\":\"Cam\u00e9ra AcuSense 4MP\"}]},{\"@type\":\"WebSite\",\"@id\":\"https:\\\/\\\/nextgen-sn.com\\\/#website\",\"url\":\"https:\\\/\\\/nextgen-sn.com\\\/\",\"name\":\"NEXT GEN GROUP\",\"description\":\"Next Gen Group offre des services dans le domaine de l&#039;affichage gynamique\",\"publisher\":{\"@id\":\"https:\\\/\\\/nextgen-sn.com\\\/#organization\"},\"potentialAction\":[{\"@type\":\"SearchAction\",\"target\":{\"@type\":\"EntryPoint\",\"urlTemplate\":\"https:\\\/\\\/nextgen-sn.com\\\/?s={search_term_string}\"},\"query-input\":{\"@type\":\"PropertyValueSpecification\",\"valueRequired\":true,\"valueName\":\"search_term_string\"}}],\"inLanguage\":\"fr-FR\"},{\"@type\":\"Organization\",\"@id\":\"https:\\\/\\\/nextgen-sn.com\\\/#organization\",\"name\":\"NEXT GEN GROUP\",\"url\":\"https:\\\/\\\/nextgen-sn.com\\\/\",\"logo\":{\"@type\":\"ImageObject\",\"inLanguage\":\"fr-FR\",\"@id\":\"https:\\\/\\\/nextgen-sn.com\\\/#\\\/schema\\\/logo\\\/image\\\/\",\"url\":\"https:\\\/\\\/nextgen-sn.com\\\/wp-content\\\/uploads\\\/2025\\\/08\\\/Logo-Next-Gen.png\",\"contentUrl\":\"https:\\\/\\\/nextgen-sn.com\\\/wp-content\\\/uploads\\\/2025\\\/08\\\/Logo-Next-Gen.png\",\"width\":341,\"height\":149,\"caption\":\"NEXT GEN GROUP\"},\"image\":{\"@id\":\"https:\\\/\\\/nextgen-sn.com\\\/#\\\/schema\\\/logo\\\/image\\\/\"}}]}<\/script>\n<!-- \/ Yoast SEO plugin. -->","yoast_head_json":{"title":"Cam\u00e9ra AcuSense 4MP - NEXT GEN GROUP","robots":{"index":"index","follow":"follow","max-snippet":"max-snippet:-1","max-image-preview":"max-image-preview:large","max-video-preview":"max-video-preview:-1"},"canonical":"https:\/\/nextgen-sn.com\/?product=camera-acusense-4mp","og_locale":"fr_FR","og_type":"article","og_title":"Cam\u00e9ra AcuSense 4MP - NEXT GEN GROUP","og_description":"4 MP AcuSense Fixed Bullet Network Camera &nbsp; Cette\u00a0cam\u00e9ra de vid\u00e9o surveillance full HD+ de 4MP de la\u00a0gamme EasyIP 4.0\u00a0est dot\u00e9e de la toute derni\u00e8re\u00a0technologie d&rsquo;intelligence artificielle AcuSense 2.0. Elle offre de tr\u00e8s belles\u00a0images avec une r\u00e9solution 2592 \u00d7 1944 pixels. De nuit elle peut voir jusqu&rsquo;\u00e0 80 m\u00e8tres avec une vision am\u00e9lior\u00e9e gr\u00e2ce \u00e0 la\u00a0technologie prowered by Darkfighter. Elle est destin\u00e9e \u00e0 \u00eatre install\u00e9e en ext\u00e9rieur. Une cam\u00e9ra intelligente qui embarque les derni\u00e8res technologies d&rsquo;IA disponibles : D\u00e9tection intelligente AcuSense 2.0\u00a0qui permet d&rsquo;\u00e9viter les fausses alarmes et de pouvoir diff\u00e9rencier un humain ou une voiture dans une sc\u00e8ne avec une pr\u00e9cision de plus de 98% gr\u00e2ce \u00e0 un algorithme d&rsquo;apprentissage profond Excellente vision de nuit jusqu&rsquo;\u00e0 80 m\u00e8tres gr\u00e2ce \u00e0 la\u00a0technologie powered by Darkfighter\u00a0qui lui permet de b\u00e9n\u00e9ficier d&rsquo;une image en couleur m\u00eame en situation de\u00a0 basse luminosit\u00e9. Sa sensibilit\u00e9 est de 0.003 Lux. En comparaison, une nuit de pleine lune b\u00e9n\u00e9ficie d&rsquo;un \u00e9clairage de 0.5 Lux. Uniformisation de la vision nocturne gr\u00e2ce \u00e0 la technologie EXIR 2.0 qui offre un gain de 30%. Elle b\u00e9n\u00e9ficie \u00e9galement d&rsquo;une nouvelle conception des LED en 850 nm qui les rendent peu visibles. Dans le noir complet (0 Lux), elle offre une tr\u00e8s belle image en noir et blanc. Am\u00e9liorations vid\u00e9o 3D DNR (pour des images tr\u00e8s nettes et pr\u00e9cises) Wide Dynamic Range 120dB (gestion des contre-jours) BLC (am\u00e9lioration des images en basse luminosit\u00e9) ROI (augmentation de la qualit\u00e9 sur des zones pr\u00e9cises) Les points forts de la\u00a0DS-2CD2T46G2-4I Haute d\u00e9finition full HD+ 2592 \u00d7 1944 pixels Technologie AcuSense 2.0\u00a0&#8211; pr\u00e9cision de 98% Vision de nuit\u00a0optimis\u00e9e avec technologie powered by Darkfighter + EXIR 2.0 Nombreuses fonctions de d\u00e9tections intelligentes Emplacement pour carte micro SD jusqu&rsquo;\u00e0 256GO Prise en charge des derniers codecs vid\u00e9o Tr\u00e8s grand angle de vue horizontal : 103\u00b0 (123\u00b0 en diagonal) Prise en charge de la vue en direct sur PC et appareil mobile PoE 802af class 3 3D DNR (diminution des bruits d&rsquo;image et r\u00e9duction des erreurs lors des m\u00e9langes des couleurs) Wide Dynamic Range 120dB (gestion des contre-jours) BLC\u00a0(am\u00e9lioration des images en basse luminosit\u00e9) ROI\u00a0(augmentation de la qualit\u00e9 sur des zones pr\u00e9cises) Indice de protection \u00e9lev\u00e9 IP67 Compatible Windows XP, Windows 7, Windows 8 et Windows 10 Compatible avec les navigateurs Chrome (41.0-44 ou sup\u00e9rieur), Firefox (30.0-51 ou sup\u00e9rieur), Safari (8.0-11 ou sup\u00e9rieur) Internet Explorer (8 ou sup\u00e9rieur). &nbsp;","og_url":"https:\/\/nextgen-sn.com\/?product=camera-acusense-4mp","og_site_name":"NEXT GEN GROUP","article_modified_time":"2025-09-10T15:54:07+00:00","og_image":[{"width":458,"height":458,"url":"https:\/\/nextgen-sn.com\/wp-content\/uploads\/2025\/09\/hikvision-ds-2cd2t46g2-2i28mm-4-mp-acusense_ml.jpg","type":"image\/jpeg"}],"twitter_card":"summary_large_image","twitter_misc":{"Dur\u00e9e de lecture estim\u00e9e":"2 minutes"},"schema":{"@context":"https:\/\/schema.org","@graph":[{"@type":"WebPage","@id":"https:\/\/nextgen-sn.com\/?product=camera-acusense-4mp","url":"https:\/\/nextgen-sn.com\/?product=camera-acusense-4mp","name":"Cam\u00e9ra AcuSense 4MP - NEXT GEN GROUP","isPartOf":{"@id":"https:\/\/nextgen-sn.com\/#website"},"primaryImageOfPage":{"@id":"https:\/\/nextgen-sn.com\/?product=camera-acusense-4mp#primaryimage"},"image":{"@id":"https:\/\/nextgen-sn.com\/?product=camera-acusense-4mp#primaryimage"},"thumbnailUrl":"https:\/\/nextgen-sn.com\/wp-content\/uploads\/2025\/09\/hikvision-ds-2cd2t46g2-2i28mm-4-mp-acusense_ml.jpg","datePublished":"2025-09-10T15:54:05+00:00","dateModified":"2025-09-10T15:54:07+00:00","breadcrumb":{"@id":"https:\/\/nextgen-sn.com\/?product=camera-acusense-4mp#breadcrumb"},"inLanguage":"fr-FR","potentialAction":[{"@type":"ReadAction","target":["https:\/\/nextgen-sn.com\/?product=camera-acusense-4mp"]}]},{"@type":"ImageObject","inLanguage":"fr-FR","@id":"https:\/\/nextgen-sn.com\/?product=camera-acusense-4mp#primaryimage","url":"https:\/\/nextgen-sn.com\/wp-content\/uploads\/2025\/09\/hikvision-ds-2cd2t46g2-2i28mm-4-mp-acusense_ml.jpg","contentUrl":"https:\/\/nextgen-sn.com\/wp-content\/uploads\/2025\/09\/hikvision-ds-2cd2t46g2-2i28mm-4-mp-acusense_ml.jpg","width":458,"height":458},{"@type":"BreadcrumbList","@id":"https:\/\/nextgen-sn.com\/?product=camera-acusense-4mp#breadcrumb","itemListElement":[{"@type":"ListItem","position":1,"name":"Accueil","item":"https:\/\/nextgen-sn.com\/"},{"@type":"ListItem","position":2,"name":"Produits","item":"https:\/\/nextgen-sn.com\/?post_type=product"},{"@type":"ListItem","position":3,"name":"Cam\u00e9ra AcuSense 4MP"}]},{"@type":"WebSite","@id":"https:\/\/nextgen-sn.com\/#website","url":"https:\/\/nextgen-sn.com\/","name":"NEXT GEN GROUP","description":"Next Gen Group offre des services dans le domaine de l&#039;affichage gynamique","publisher":{"@id":"https:\/\/nextgen-sn.com\/#organization"},"potentialAction":[{"@type":"SearchAction","target":{"@type":"EntryPoint","urlTemplate":"https:\/\/nextgen-sn.com\/?s={search_term_string}"},"query-input":{"@type":"PropertyValueSpecification","valueRequired":true,"valueName":"search_term_string"}}],"inLanguage":"fr-FR"},{"@type":"Organization","@id":"https:\/\/nextgen-sn.com\/#organization","name":"NEXT GEN GROUP","url":"https:\/\/nextgen-sn.com\/","logo":{"@type":"ImageObject","inLanguage":"fr-FR","@id":"https:\/\/nextgen-sn.com\/#\/schema\/logo\/image\/","url":"https:\/\/nextgen-sn.com\/wp-content\/uploads\/2025\/08\/Logo-Next-Gen.png","contentUrl":"https:\/\/nextgen-sn.com\/wp-content\/uploads\/2025\/08\/Logo-Next-Gen.png","width":341,"height":149,"caption":"NEXT GEN GROUP"},"image":{"@id":"https:\/\/nextgen-sn.com\/#\/schema\/logo\/image\/"}}]}},"_links":{"self":[{"href":"https:\/\/nextgen-sn.com\/index.php?rest_route=\/wp\/v2\/product\/2713","targetHints":{"allow":["GET"]}}],"collection":[{"href":"https:\/\/nextgen-sn.com\/index.php?rest_route=\/wp\/v2\/product"}],"about":[{"href":"https:\/\/nextgen-sn.com\/index.php?rest_route=\/wp\/v2\/types\/product"}],"wp:featuredmedia":[{"embeddable":true,"href":"https:\/\/nextgen-sn.com\/index.php?rest_route=\/wp\/v2\/media\/2743"}],"wp:attachment":[{"href":"https:\/\/nextgen-sn.com\/index.php?rest_route=%2Fwp%2Fv2%2Fmedia&parent=2713"}],"wp:term":[{"taxonomy":"product_brand","embeddable":true,"href":"https:\/\/nextgen-sn.com\/index.php?rest_route=%2Fwp%2Fv2%2Fproduct_brand&post=2713"},{"taxonomy":"product_cat","embeddable":true,"href":"https:\/\/nextgen-sn.com\/index.php?rest_route=%2Fwp%2Fv2%2Fproduct_cat&post=2713"},{"taxonomy":"product_tag","embeddable":true,"href":"https:\/\/nextgen-sn.com\/index.php?rest_route=%2Fwp%2Fv2%2Fproduct_tag&post=2713"}],"curies":[{"name":"wp","href":"https:\/\/api.w.org\/{rel}","templated":true}]}}