{"id":2712,"date":"2025-09-10T15:54:05","date_gmt":"2025-09-10T15:54:05","guid":{"rendered":"https:\/\/nextgen.leden-shop.com\/?post_type=product&#038;p=2712"},"modified":"2025-09-10T15:54:07","modified_gmt":"2025-09-10T15:54:07","slug":"camera-surveillance-full-hd-2mp-avec-vision-de-nocturne","status":"publish","type":"product","link":"https:\/\/nextgen-sn.com\/?product=camera-surveillance-full-hd-2mp-avec-vision-de-nocturne","title":{"rendered":"Cam\u00e9ra surveillance\u00a0full\u00a0HD 2MP avec vision de nocturne"},"content":{"rendered":"<h2>Cam\u00e9ra surveillance\u00a0full\u00a0HD 2MP avec vision de nuit optimis\u00e9e juqu&rsquo;\u00e0 30 m\u00e8tres<\/h2>\n<div id=\"short_description_block\">\n<div id=\"short_description_content\" class=\"rte align_justify\">\n<p>Sa vision de nuit porte jusqu&rsquo;\u00e0 30 m\u00e8tres. Elle int\u00e8gre la toute derni\u00e8re<strong>\u00a0technologie EXIR 2.0<\/strong>\u00a0qui offre une vision nocturne uniforme (gain de 30%). Elle b\u00e9n\u00e9ficie \u00e9galement d&rsquo;une nouvelle conception des LED qui les rendent beaucoup moins visibles.<\/p>\n<h3><strong>Les points forts de la DS-2CD1023G0E-I<\/strong><\/h3>\n<ul>\n<li>Capteur full HD 2MP<\/li>\n<li>Angle de vision extra large de 112.1\u00b0 (angle horizontal) &#8211; Lentille 2.8mm<\/li>\n<li>Vision de nuit optimis\u00e9e jusqu&rsquo;\u00e0 30 m\u00e8tres : Technologie EXIR 2.0<\/li>\n<li>G\u00e8re les codecs H265, H265+, H264, H264+<\/li>\n<li>Visualisation \u00e0 distance sur smartphone ou tablette avec application gratuite Hik-Connect<\/li>\n<li>\u00c9tanche indice de protection IP67<\/li>\n<li>Diffusion thermique am\u00e9lior\u00e9e<\/li>\n<li>Am\u00e9lioration de la dur\u00e9e de vie de 20 000 heures<\/li>\n<li>\u00c9limination d&rsquo;une lentille secondaire pour la mise au point de la lumi\u00e8re infrarouge<\/li>\n<\/ul>\n<\/div>\n<\/div>\n<section class=\"page-product-box\">\n<div class=\"rte\">\n<p>EXIR : EXtended InfraRed<\/p>\n<\/div>\n<\/section>\n","protected":false},"excerpt":{"rendered":"<p class=\"tx-excerpt\">Cam\u00e9ra surveillance\u00a0full\u00a0HD 2MP avec vision de nuit optimis\u00e9e juqu&rsquo;\u00e0 30 m\u00e8tres Sa vision de nuit porte jusqu&rsquo;\u00e0 30 m\u00e8tres. Elle int\u00e8gre la toute derni\u00e8re\u00a0technologie EXIR 2.0\u00a0qui offre une vision nocturne uniforme (gain de 30%). Elle...<\/p>","protected":false},"featured_media":2742,"template":"","meta":{"_joinchat":[]},"product_brand":[],"product_cat":[31],"product_tag":[],"class_list":{"0":"post-2712","1":"product","2":"type-product","3":"status-publish","4":"has-post-thumbnail","6":"product_cat-cameras-ip","8":"first","9":"instock","10":"taxable","11":"shipping-taxable","12":"purchasable","13":"product-type-simple"},"yoast_head":"<!-- This site is optimized with the Yoast SEO plugin v27.4 - https:\/\/yoast.com\/product\/yoast-seo-wordpress\/ -->\n<title>Cam\u00e9ra surveillance\u00a0full\u00a0HD 2MP avec vision de nocturne - NEXT GEN GROUP<\/title>\n<meta name=\"robots\" content=\"index, follow, max-snippet:-1, max-image-preview:large, max-video-preview:-1\" \/>\n<link rel=\"canonical\" href=\"https:\/\/nextgen-sn.com\/?product=camera-surveillance-full-hd-2mp-avec-vision-de-nocturne\" \/>\n<meta property=\"og:locale\" content=\"fr_FR\" \/>\n<meta property=\"og:type\" content=\"article\" \/>\n<meta property=\"og:title\" content=\"Cam\u00e9ra surveillance\u00a0full\u00a0HD 2MP avec vision de nocturne - NEXT GEN GROUP\" \/>\n<meta property=\"og:description\" content=\"Cam\u00e9ra surveillance\u00a0full\u00a0HD 2MP avec vision de nuit optimis\u00e9e juqu&rsquo;\u00e0 30 m\u00e8tres Sa vision de nuit porte jusqu&rsquo;\u00e0 30 m\u00e8tres. Elle int\u00e8gre la toute derni\u00e8re\u00a0technologie EXIR 2.0\u00a0qui offre une vision nocturne uniforme (gain de 30%). Elle b\u00e9n\u00e9ficie \u00e9galement d&rsquo;une nouvelle conception des LED qui les rendent beaucoup moins visibles. Les points forts de la DS-2CD1023G0E-I Capteur full HD 2MP Angle de vision extra large de 112.1\u00b0 (angle horizontal) &#8211; Lentille 2.8mm Vision de nuit optimis\u00e9e jusqu&rsquo;\u00e0 30 m\u00e8tres : Technologie EXIR 2.0 G\u00e8re les codecs H265, H265+, H264, H264+ Visualisation \u00e0 distance sur smartphone ou tablette avec application gratuite Hik-Connect \u00c9tanche indice de protection IP67 Diffusion thermique am\u00e9lior\u00e9e Am\u00e9lioration de la dur\u00e9e de vie de 20 000 heures \u00c9limination d&rsquo;une lentille secondaire pour la mise au point de la lumi\u00e8re infrarouge EXIR : EXtended InfraRed\" \/>\n<meta property=\"og:url\" content=\"https:\/\/nextgen-sn.com\/?product=camera-surveillance-full-hd-2mp-avec-vision-de-nocturne\" \/>\n<meta property=\"og:site_name\" content=\"NEXT GEN GROUP\" \/>\n<meta property=\"article:modified_time\" content=\"2025-09-10T15:54:07+00:00\" \/>\n<meta property=\"og:image\" content=\"https:\/\/nextgen-sn.com\/wp-content\/uploads\/2025\/09\/hikvision-ds-2cd1023g0e-i-camera-2mp-h265-ir-30-metres.jpg\" \/>\n\t<meta property=\"og:image:width\" content=\"458\" \/>\n\t<meta property=\"og:image:height\" content=\"458\" \/>\n\t<meta property=\"og:image:type\" content=\"image\/jpeg\" \/>\n<meta name=\"twitter:card\" content=\"summary_large_image\" \/>\n<meta name=\"twitter:label1\" content=\"Dur\u00e9e de lecture estim\u00e9e\" \/>\n\t<meta name=\"twitter:data1\" content=\"1 minute\" \/>\n<script type=\"application\/ld+json\" class=\"yoast-schema-graph\">{\"@context\":\"https:\\\/\\\/schema.org\",\"@graph\":[{\"@type\":\"WebPage\",\"@id\":\"https:\\\/\\\/nextgen-sn.com\\\/?product=camera-surveillance-full-hd-2mp-avec-vision-de-nocturne\",\"url\":\"https:\\\/\\\/nextgen-sn.com\\\/?product=camera-surveillance-full-hd-2mp-avec-vision-de-nocturne\",\"name\":\"Cam\u00e9ra surveillance\u00a0full\u00a0HD 2MP avec vision de nocturne - NEXT GEN GROUP\",\"isPartOf\":{\"@id\":\"https:\\\/\\\/nextgen-sn.com\\\/#website\"},\"primaryImageOfPage\":{\"@id\":\"https:\\\/\\\/nextgen-sn.com\\\/?product=camera-surveillance-full-hd-2mp-avec-vision-de-nocturne#primaryimage\"},\"image\":{\"@id\":\"https:\\\/\\\/nextgen-sn.com\\\/?product=camera-surveillance-full-hd-2mp-avec-vision-de-nocturne#primaryimage\"},\"thumbnailUrl\":\"https:\\\/\\\/nextgen-sn.com\\\/wp-content\\\/uploads\\\/2025\\\/09\\\/hikvision-ds-2cd1023g0e-i-camera-2mp-h265-ir-30-metres.jpg\",\"datePublished\":\"2025-09-10T15:54:05+00:00\",\"dateModified\":\"2025-09-10T15:54:07+00:00\",\"breadcrumb\":{\"@id\":\"https:\\\/\\\/nextgen-sn.com\\\/?product=camera-surveillance-full-hd-2mp-avec-vision-de-nocturne#breadcrumb\"},\"inLanguage\":\"fr-FR\",\"potentialAction\":[{\"@type\":\"ReadAction\",\"target\":[\"https:\\\/\\\/nextgen-sn.com\\\/?product=camera-surveillance-full-hd-2mp-avec-vision-de-nocturne\"]}]},{\"@type\":\"ImageObject\",\"inLanguage\":\"fr-FR\",\"@id\":\"https:\\\/\\\/nextgen-sn.com\\\/?product=camera-surveillance-full-hd-2mp-avec-vision-de-nocturne#primaryimage\",\"url\":\"https:\\\/\\\/nextgen-sn.com\\\/wp-content\\\/uploads\\\/2025\\\/09\\\/hikvision-ds-2cd1023g0e-i-camera-2mp-h265-ir-30-metres.jpg\",\"contentUrl\":\"https:\\\/\\\/nextgen-sn.com\\\/wp-content\\\/uploads\\\/2025\\\/09\\\/hikvision-ds-2cd1023g0e-i-camera-2mp-h265-ir-30-metres.jpg\",\"width\":458,\"height\":458},{\"@type\":\"BreadcrumbList\",\"@id\":\"https:\\\/\\\/nextgen-sn.com\\\/?product=camera-surveillance-full-hd-2mp-avec-vision-de-nocturne#breadcrumb\",\"itemListElement\":[{\"@type\":\"ListItem\",\"position\":1,\"name\":\"Accueil\",\"item\":\"https:\\\/\\\/nextgen-sn.com\\\/\"},{\"@type\":\"ListItem\",\"position\":2,\"name\":\"Produits\",\"item\":\"https:\\\/\\\/nextgen-sn.com\\\/?post_type=product\"},{\"@type\":\"ListItem\",\"position\":3,\"name\":\"Cam\u00e9ra surveillance\u00a0full\u00a0HD 2MP avec vision de nocturne\"}]},{\"@type\":\"WebSite\",\"@id\":\"https:\\\/\\\/nextgen-sn.com\\\/#website\",\"url\":\"https:\\\/\\\/nextgen-sn.com\\\/\",\"name\":\"NEXT GEN GROUP\",\"description\":\"Next Gen Group offre des services dans le domaine de l&#039;affichage gynamique\",\"publisher\":{\"@id\":\"https:\\\/\\\/nextgen-sn.com\\\/#organization\"},\"potentialAction\":[{\"@type\":\"SearchAction\",\"target\":{\"@type\":\"EntryPoint\",\"urlTemplate\":\"https:\\\/\\\/nextgen-sn.com\\\/?s={search_term_string}\"},\"query-input\":{\"@type\":\"PropertyValueSpecification\",\"valueRequired\":true,\"valueName\":\"search_term_string\"}}],\"inLanguage\":\"fr-FR\"},{\"@type\":\"Organization\",\"@id\":\"https:\\\/\\\/nextgen-sn.com\\\/#organization\",\"name\":\"NEXT GEN GROUP\",\"url\":\"https:\\\/\\\/nextgen-sn.com\\\/\",\"logo\":{\"@type\":\"ImageObject\",\"inLanguage\":\"fr-FR\",\"@id\":\"https:\\\/\\\/nextgen-sn.com\\\/#\\\/schema\\\/logo\\\/image\\\/\",\"url\":\"https:\\\/\\\/nextgen-sn.com\\\/wp-content\\\/uploads\\\/2025\\\/08\\\/Logo-Next-Gen.png\",\"contentUrl\":\"https:\\\/\\\/nextgen-sn.com\\\/wp-content\\\/uploads\\\/2025\\\/08\\\/Logo-Next-Gen.png\",\"width\":341,\"height\":149,\"caption\":\"NEXT GEN GROUP\"},\"image\":{\"@id\":\"https:\\\/\\\/nextgen-sn.com\\\/#\\\/schema\\\/logo\\\/image\\\/\"}}]}<\/script>\n<!-- \/ Yoast SEO plugin. -->","yoast_head_json":{"title":"Cam\u00e9ra surveillance\u00a0full\u00a0HD 2MP avec vision de nocturne - NEXT GEN GROUP","robots":{"index":"index","follow":"follow","max-snippet":"max-snippet:-1","max-image-preview":"max-image-preview:large","max-video-preview":"max-video-preview:-1"},"canonical":"https:\/\/nextgen-sn.com\/?product=camera-surveillance-full-hd-2mp-avec-vision-de-nocturne","og_locale":"fr_FR","og_type":"article","og_title":"Cam\u00e9ra surveillance\u00a0full\u00a0HD 2MP avec vision de nocturne - NEXT GEN GROUP","og_description":"Cam\u00e9ra surveillance\u00a0full\u00a0HD 2MP avec vision de nuit optimis\u00e9e juqu&rsquo;\u00e0 30 m\u00e8tres Sa vision de nuit porte jusqu&rsquo;\u00e0 30 m\u00e8tres. Elle int\u00e8gre la toute derni\u00e8re\u00a0technologie EXIR 2.0\u00a0qui offre une vision nocturne uniforme (gain de 30%). Elle b\u00e9n\u00e9ficie \u00e9galement d&rsquo;une nouvelle conception des LED qui les rendent beaucoup moins visibles. Les points forts de la DS-2CD1023G0E-I Capteur full HD 2MP Angle de vision extra large de 112.1\u00b0 (angle horizontal) &#8211; Lentille 2.8mm Vision de nuit optimis\u00e9e jusqu&rsquo;\u00e0 30 m\u00e8tres : Technologie EXIR 2.0 G\u00e8re les codecs H265, H265+, H264, H264+ Visualisation \u00e0 distance sur smartphone ou tablette avec application gratuite Hik-Connect \u00c9tanche indice de protection IP67 Diffusion thermique am\u00e9lior\u00e9e Am\u00e9lioration de la dur\u00e9e de vie de 20 000 heures \u00c9limination d&rsquo;une lentille secondaire pour la mise au point de la lumi\u00e8re infrarouge EXIR : EXtended InfraRed","og_url":"https:\/\/nextgen-sn.com\/?product=camera-surveillance-full-hd-2mp-avec-vision-de-nocturne","og_site_name":"NEXT GEN GROUP","article_modified_time":"2025-09-10T15:54:07+00:00","og_image":[{"width":458,"height":458,"url":"https:\/\/nextgen-sn.com\/wp-content\/uploads\/2025\/09\/hikvision-ds-2cd1023g0e-i-camera-2mp-h265-ir-30-metres.jpg","type":"image\/jpeg"}],"twitter_card":"summary_large_image","twitter_misc":{"Dur\u00e9e de lecture estim\u00e9e":"1 minute"},"schema":{"@context":"https:\/\/schema.org","@graph":[{"@type":"WebPage","@id":"https:\/\/nextgen-sn.com\/?product=camera-surveillance-full-hd-2mp-avec-vision-de-nocturne","url":"https:\/\/nextgen-sn.com\/?product=camera-surveillance-full-hd-2mp-avec-vision-de-nocturne","name":"Cam\u00e9ra surveillance\u00a0full\u00a0HD 2MP avec vision de nocturne - NEXT GEN GROUP","isPartOf":{"@id":"https:\/\/nextgen-sn.com\/#website"},"primaryImageOfPage":{"@id":"https:\/\/nextgen-sn.com\/?product=camera-surveillance-full-hd-2mp-avec-vision-de-nocturne#primaryimage"},"image":{"@id":"https:\/\/nextgen-sn.com\/?product=camera-surveillance-full-hd-2mp-avec-vision-de-nocturne#primaryimage"},"thumbnailUrl":"https:\/\/nextgen-sn.com\/wp-content\/uploads\/2025\/09\/hikvision-ds-2cd1023g0e-i-camera-2mp-h265-ir-30-metres.jpg","datePublished":"2025-09-10T15:54:05+00:00","dateModified":"2025-09-10T15:54:07+00:00","breadcrumb":{"@id":"https:\/\/nextgen-sn.com\/?product=camera-surveillance-full-hd-2mp-avec-vision-de-nocturne#breadcrumb"},"inLanguage":"fr-FR","potentialAction":[{"@type":"ReadAction","target":["https:\/\/nextgen-sn.com\/?product=camera-surveillance-full-hd-2mp-avec-vision-de-nocturne"]}]},{"@type":"ImageObject","inLanguage":"fr-FR","@id":"https:\/\/nextgen-sn.com\/?product=camera-surveillance-full-hd-2mp-avec-vision-de-nocturne#primaryimage","url":"https:\/\/nextgen-sn.com\/wp-content\/uploads\/2025\/09\/hikvision-ds-2cd1023g0e-i-camera-2mp-h265-ir-30-metres.jpg","contentUrl":"https:\/\/nextgen-sn.com\/wp-content\/uploads\/2025\/09\/hikvision-ds-2cd1023g0e-i-camera-2mp-h265-ir-30-metres.jpg","width":458,"height":458},{"@type":"BreadcrumbList","@id":"https:\/\/nextgen-sn.com\/?product=camera-surveillance-full-hd-2mp-avec-vision-de-nocturne#breadcrumb","itemListElement":[{"@type":"ListItem","position":1,"name":"Accueil","item":"https:\/\/nextgen-sn.com\/"},{"@type":"ListItem","position":2,"name":"Produits","item":"https:\/\/nextgen-sn.com\/?post_type=product"},{"@type":"ListItem","position":3,"name":"Cam\u00e9ra surveillance\u00a0full\u00a0HD 2MP avec vision de nocturne"}]},{"@type":"WebSite","@id":"https:\/\/nextgen-sn.com\/#website","url":"https:\/\/nextgen-sn.com\/","name":"NEXT GEN GROUP","description":"Next Gen Group offre des services dans le domaine de l&#039;affichage gynamique","publisher":{"@id":"https:\/\/nextgen-sn.com\/#organization"},"potentialAction":[{"@type":"SearchAction","target":{"@type":"EntryPoint","urlTemplate":"https:\/\/nextgen-sn.com\/?s={search_term_string}"},"query-input":{"@type":"PropertyValueSpecification","valueRequired":true,"valueName":"search_term_string"}}],"inLanguage":"fr-FR"},{"@type":"Organization","@id":"https:\/\/nextgen-sn.com\/#organization","name":"NEXT GEN GROUP","url":"https:\/\/nextgen-sn.com\/","logo":{"@type":"ImageObject","inLanguage":"fr-FR","@id":"https:\/\/nextgen-sn.com\/#\/schema\/logo\/image\/","url":"https:\/\/nextgen-sn.com\/wp-content\/uploads\/2025\/08\/Logo-Next-Gen.png","contentUrl":"https:\/\/nextgen-sn.com\/wp-content\/uploads\/2025\/08\/Logo-Next-Gen.png","width":341,"height":149,"caption":"NEXT GEN GROUP"},"image":{"@id":"https:\/\/nextgen-sn.com\/#\/schema\/logo\/image\/"}}]}},"_links":{"self":[{"href":"https:\/\/nextgen-sn.com\/index.php?rest_route=\/wp\/v2\/product\/2712","targetHints":{"allow":["GET"]}}],"collection":[{"href":"https:\/\/nextgen-sn.com\/index.php?rest_route=\/wp\/v2\/product"}],"about":[{"href":"https:\/\/nextgen-sn.com\/index.php?rest_route=\/wp\/v2\/types\/product"}],"wp:featuredmedia":[{"embeddable":true,"href":"https:\/\/nextgen-sn.com\/index.php?rest_route=\/wp\/v2\/media\/2742"}],"wp:attachment":[{"href":"https:\/\/nextgen-sn.com\/index.php?rest_route=%2Fwp%2Fv2%2Fmedia&parent=2712"}],"wp:term":[{"taxonomy":"product_brand","embeddable":true,"href":"https:\/\/nextgen-sn.com\/index.php?rest_route=%2Fwp%2Fv2%2Fproduct_brand&post=2712"},{"taxonomy":"product_cat","embeddable":true,"href":"https:\/\/nextgen-sn.com\/index.php?rest_route=%2Fwp%2Fv2%2Fproduct_cat&post=2712"},{"taxonomy":"product_tag","embeddable":true,"href":"https:\/\/nextgen-sn.com\/index.php?rest_route=%2Fwp%2Fv2%2Fproduct_tag&post=2712"}],"curies":[{"name":"wp","href":"https:\/\/api.w.org\/{rel}","templated":true}]}}