{"id":17,"date":"2024-10-12T13:43:16","date_gmt":"2024-10-12T13:43:16","guid":{"rendered":"https:\/\/avas.live\/digital-agency-two\/?page_id=17"},"modified":"2025-10-22T21:54:59","modified_gmt":"2025-10-22T21:54:59","slug":"blog","status":"publish","type":"page","link":"https:\/\/nextgen-sn.com\/?page_id=17","title":{"rendered":"Blog"},"content":{"rendered":"\t\t<div data-elementor-type=\"wp-page\" data-elementor-id=\"17\" class=\"elementor elementor-17\" wpc-filter-elementor-widget=\"1\">\n\t\t\t\t<div class=\"elementor-element elementor-element-e787025 e-flex e-con-boxed wpr-particle-no wpr-jarallax-no wpr-parallax-no wpr-sticky-section-no wpr-equal-height-no e-con e-parent\" data-id=\"e787025\" data-element_type=\"container\" data-e-type=\"container\">\n\t\t\t\t\t<div class=\"e-con-inner\">\n\t\t\t\t<div class=\"elementor-element elementor-element-b293e1c elementor-widget elementor-widget-heading\" data-id=\"b293e1c\" data-element_type=\"widget\" data-e-type=\"widget\" data-widget_type=\"heading.default\">\n\t\t\t\t\t<h2 class=\"elementor-heading-title elementor-size-default\">Nos Publications<\/h2>\t\t\t\t<\/div>\n\t\t\t\t\t<\/div>\n\t\t\t\t<\/div>\n\t\t<div class=\"elementor-element elementor-element-c486fa0 e-flex e-con-boxed wpr-particle-no wpr-jarallax-no wpr-parallax-no wpr-sticky-section-no wpr-equal-height-no elementor-invisible e-con e-parent\" data-id=\"c486fa0\" data-element_type=\"container\" data-e-type=\"container\" data-settings=\"{&quot;animation&quot;:&quot;fadeIn&quot;}\">\n\t\t\t\t\t<div class=\"e-con-inner\">\n\t\t\t\t<div class=\"elementor-element elementor-element-fff97ec elementor-widget elementor-widget-avas-post-alter\" data-id=\"fff97ec\" data-element_type=\"widget\" data-e-type=\"widget\" data-widget_type=\"avas-post-alter.default\">\n\t\t\t\t<div class=\"elementor-widget-container\">\n\t\t\t\t\t            <div class=\"tx-post-alter-wrap\">\n\n                <div class=\"tx-post-alter-image-content\">\n                                            <div class=\"featured-thumb\">\n                                                        <img decoding=\"async\" src=\"https:\/\/nextgen-sn.com\/wp-content\/uploads\/2025\/08\/next-gen-7.jpg\" alt=\"Comment r\u00e9ussir votre projet d\u2019affichage dynamique ?\">\n                        <\/div><!-- featured-thumb -->\n                                    <\/div><!-- tx-post-alter-image-content -->\n\n                                <div class=\"tx-post-alter-text-content\">\n                                            <h3 class=\"tx-post-alter-title\">\n                           <a href=\"https:\/\/nextgen-sn.com\/?p=2493\" title=\"Comment r\u00e9ussir votre projet d\u2019affichage dynamique ?\" rel=\"bookmark\">\n                            Comment r\u00e9ussir votre projet d\u2019affichage dynamique                             <\/a>\n                        <\/h3>\n                    \n                                            <div class=\"entry-meta\">\n                            <span class=\"post-time\"><i class=\"bi bi-clock\"><\/i> septembre 2, 2025<\/span>                            <i class=\"bi bi-bookmark\"><\/i> <span class=\"post-category\"><a href=\"https:\/\/nextgen-sn.com\/?cat=28\" rel=\"category\">Affichage dynamique<\/a><\/span>                                                        <span class=\"post-views\"><i class=\"bi bi-eye\"><\/i> 123 <span>Views<\/span><\/span>                        <\/div>\n                    <!-- .entry-meta -->\n                                            <div class=\"tx-post-alter-desc\">Introduction L\u2019affichage dynamique est un investissement rentable, \u00e0 condition de bien pr\u00e9parer votre projet. Voici les \u00e9tapes cl\u00e9s pour garantir votre succ\u00e8s. Contenu <\/div>\n                                                                <a class=\"tx-post-read-more\" href=\"https:\/\/nextgen-sn.com\/?p=2493\">Lire plus<\/a>\n                                    <\/div><!-- tx-post-alter-text-content -->\n                \n            <\/div><!-- tx-post-alter-wrap -->\n                    <div class=\"tx-post-alter-wrap\">\n\n                <div class=\"tx-post-alter-image-content\">\n                                            <div class=\"featured-thumb\">\n                                                        <img decoding=\"async\" src=\"https:\/\/nextgen-sn.com\/wp-content\/uploads\/2025\/08\/next-gen-10.png\" alt=\"Les principaux avantages de l\u2019affichage dynamique pour votre entreprise\">\n                        <\/div><!-- featured-thumb -->\n                                    <\/div><!-- tx-post-alter-image-content -->\n\n                                <div class=\"tx-post-alter-text-content\">\n                                            <h3 class=\"tx-post-alter-title\">\n                           <a href=\"https:\/\/nextgen-sn.com\/?p=2491\" title=\"Les principaux avantages de l\u2019affichage dynamique pour votre entreprise\" rel=\"bookmark\">\n                            Les principaux avantages de l\u2019affichage dynamique                             <\/a>\n                        <\/h3>\n                    \n                                            <div class=\"entry-meta\">\n                            <span class=\"post-time\"><i class=\"bi bi-clock\"><\/i> septembre 2, 2025<\/span>                            <i class=\"bi bi-bookmark\"><\/i> <span class=\"post-category\"><a href=\"https:\/\/nextgen-sn.com\/?cat=28\" rel=\"category\">Affichage dynamique<\/a><\/span>                                                        <span class=\"post-views\"><i class=\"bi bi-eye\"><\/i> 119 <span>Views<\/span><\/span>                        <\/div>\n                    <!-- .entry-meta -->\n                                            <div class=\"tx-post-alter-desc\">Introduction Que ce soit pour booster vos ventes ou am\u00e9liorer l\u2019exp\u00e9rience client, l\u2019affichage dynamique transforme la mani\u00e8re dont les entreprises communiquent. Contenu Appel <\/div>\n                                                                <a class=\"tx-post-read-more\" href=\"https:\/\/nextgen-sn.com\/?p=2491\">Lire plus<\/a>\n                                    <\/div><!-- tx-post-alter-text-content -->\n                \n            <\/div><!-- tx-post-alter-wrap -->\n                    <div class=\"tx-post-alter-wrap\">\n\n                <div class=\"tx-post-alter-image-content\">\n                                            <div class=\"featured-thumb\">\n                                                        <img decoding=\"async\" src=\"https:\/\/nextgen-sn.com\/wp-content\/uploads\/2025\/09\/next-gen-123.png\" alt=\"L\u2019affichage dynamique : une r\u00e9volution pour la communication visuelle\">\n                        <\/div><!-- featured-thumb -->\n                                    <\/div><!-- tx-post-alter-image-content -->\n\n                                <div class=\"tx-post-alter-text-content\">\n                                            <h3 class=\"tx-post-alter-title\">\n                           <a href=\"https:\/\/nextgen-sn.com\/?p=2489\" title=\"L\u2019affichage dynamique : une r\u00e9volution pour la communication visuelle\" rel=\"bookmark\">\n                            L\u2019affichage dynamique : une r\u00e9volution pour la                             <\/a>\n                        <\/h3>\n                    \n                                            <div class=\"entry-meta\">\n                            <span class=\"post-time\"><i class=\"bi bi-clock\"><\/i> septembre 2, 2025<\/span>                            <i class=\"bi bi-bookmark\"><\/i> <span class=\"post-category\"><a href=\"https:\/\/nextgen-sn.com\/?cat=28\" rel=\"category\">Affichage dynamique<\/a><\/span>                                                        <span class=\"post-views\"><i class=\"bi bi-eye\"><\/i> 121 <span>Views<\/span><\/span>                        <\/div>\n                    <!-- .entry-meta -->\n                                            <div class=\"tx-post-alter-desc\">Introduction Dans un monde o\u00f9 l\u2019information circule \u00e0 la vitesse de l\u2019\u00e9clair, capter l\u2019attention du public devient un d\u00e9fi majeur. L\u2019affichage dynamique s\u2019impose <\/div>\n                                                                <a class=\"tx-post-read-more\" href=\"https:\/\/nextgen-sn.com\/?p=2489\">Lire plus<\/a>\n                                    <\/div><!-- tx-post-alter-text-content -->\n                \n            <\/div><!-- tx-post-alter-wrap -->\n                \n            <div class=\"tx-clear\"><\/div>\n\n            <!-- pagination -->\n            \n\t\t\t\t<\/div>\n\t\t\t\t<\/div>\n\t\t\t\t\t<\/div>\n\t\t\t\t<\/div>\n\t\t\t\t<\/div>\n\t\t","protected":false},"excerpt":{"rendered":"<p class=\"tx-excerpt\">Nos Publications Comment r\u00e9ussir votre projet d\u2019affichage dynamique septembre 2, 2025 Affichage dynamique 13 Views Introduction L\u2019affichage dynamique est un investissement rentable, \u00e0 condition de bien pr\u00e9parer votre projet. Voici les \u00e9tapes cl\u00e9s pour garantir...<\/p>","protected":false},"author":1,"featured_media":0,"parent":0,"menu_order":0,"comment_status":"closed","ping_status":"closed","template":"elementor_header_footer","meta":{"_joinchat":[],"footnotes":""},"class_list":["post-17","page","type-page","status-publish","hentry"],"yoast_head":"<!-- This site is optimized with the Yoast SEO plugin v27.4 - https:\/\/yoast.com\/product\/yoast-seo-wordpress\/ -->\n<title>Blog - NEXT GEN GROUP<\/title>\n<meta name=\"robots\" content=\"index, follow, max-snippet:-1, max-image-preview:large, max-video-preview:-1\" \/>\n<link rel=\"canonical\" href=\"https:\/\/nextgen-sn.com\/?page_id=17\" \/>\n<meta property=\"og:locale\" content=\"fr_FR\" \/>\n<meta property=\"og:type\" content=\"article\" \/>\n<meta property=\"og:title\" content=\"Blog - NEXT GEN GROUP\" \/>\n<meta property=\"og:description\" content=\"Nos Publications Comment r\u00e9ussir votre projet d\u2019affichage dynamique septembre 2, 2025 Affichage dynamique 13 Views Introduction L\u2019affichage dynamique est un investissement rentable, \u00e0 condition de bien pr\u00e9parer votre projet. Voici les \u00e9tapes cl\u00e9s pour garantir votre succ\u00e8s. Contenu Lire plus Les principaux avantages de l\u2019affichage dynamique septembre 2, 2025 Affichage dynamique 12 Views Introduction Que ce soit pour booster vos ventes ou am\u00e9liorer l\u2019exp\u00e9rience client, l\u2019affichage dynamique transforme la mani\u00e8re dont les entreprises communiquent. Contenu Appel Lire plus L\u2019affichage dynamique : une r\u00e9volution pour la septembre 2, 2025 Affichage dynamique 16 Views Introduction Dans un monde o\u00f9 l\u2019information circule \u00e0 la vitesse de l\u2019\u00e9clair, capter l\u2019attention du public devient un d\u00e9fi majeur. L\u2019affichage dynamique s\u2019impose Lire plus\" \/>\n<meta property=\"og:url\" content=\"https:\/\/nextgen-sn.com\/?page_id=17\" \/>\n<meta property=\"og:site_name\" content=\"NEXT GEN GROUP\" \/>\n<meta property=\"article:modified_time\" content=\"2025-10-22T21:54:59+00:00\" \/>\n<meta property=\"og:image\" content=\"https:\/\/nextgen-sn.com\/wp-content\/uploads\/2025\/08\/next-gen-7.jpg\" \/>\n<meta name=\"twitter:card\" content=\"summary_large_image\" \/>\n<meta name=\"twitter:label1\" content=\"Dur\u00e9e de lecture estim\u00e9e\" \/>\n\t<meta name=\"twitter:data1\" content=\"1 minute\" \/>\n<script type=\"application\/ld+json\" class=\"yoast-schema-graph\">{\"@context\":\"https:\\\/\\\/schema.org\",\"@graph\":[{\"@type\":\"WebPage\",\"@id\":\"https:\\\/\\\/nextgen-sn.com\\\/?page_id=17\",\"url\":\"https:\\\/\\\/nextgen-sn.com\\\/?page_id=17\",\"name\":\"Blog - NEXT GEN GROUP\",\"isPartOf\":{\"@id\":\"https:\\\/\\\/nextgen-sn.com\\\/#website\"},\"primaryImageOfPage\":{\"@id\":\"https:\\\/\\\/nextgen-sn.com\\\/?page_id=17#primaryimage\"},\"image\":{\"@id\":\"https:\\\/\\\/nextgen-sn.com\\\/?page_id=17#primaryimage\"},\"thumbnailUrl\":\"https:\\\/\\\/nextgen-sn.com\\\/wp-content\\\/uploads\\\/2025\\\/08\\\/next-gen-7.jpg\",\"datePublished\":\"2024-10-12T13:43:16+00:00\",\"dateModified\":\"2025-10-22T21:54:59+00:00\",\"breadcrumb\":{\"@id\":\"https:\\\/\\\/nextgen-sn.com\\\/?page_id=17#breadcrumb\"},\"inLanguage\":\"fr-FR\",\"potentialAction\":[{\"@type\":\"ReadAction\",\"target\":[\"https:\\\/\\\/nextgen-sn.com\\\/?page_id=17\"]}]},{\"@type\":\"ImageObject\",\"inLanguage\":\"fr-FR\",\"@id\":\"https:\\\/\\\/nextgen-sn.com\\\/?page_id=17#primaryimage\",\"url\":\"https:\\\/\\\/nextgen-sn.com\\\/wp-content\\\/uploads\\\/2025\\\/08\\\/next-gen-7.jpg\",\"contentUrl\":\"https:\\\/\\\/nextgen-sn.com\\\/wp-content\\\/uploads\\\/2025\\\/08\\\/next-gen-7.jpg\",\"width\":650,\"height\":319},{\"@type\":\"BreadcrumbList\",\"@id\":\"https:\\\/\\\/nextgen-sn.com\\\/?page_id=17#breadcrumb\",\"itemListElement\":[{\"@type\":\"ListItem\",\"position\":1,\"name\":\"Accueil\",\"item\":\"https:\\\/\\\/nextgen-sn.com\\\/\"},{\"@type\":\"ListItem\",\"position\":2,\"name\":\"Blog\"}]},{\"@type\":\"WebSite\",\"@id\":\"https:\\\/\\\/nextgen-sn.com\\\/#website\",\"url\":\"https:\\\/\\\/nextgen-sn.com\\\/\",\"name\":\"NEXT GEN GROUP\",\"description\":\"Next Gen Group offre des services dans le domaine de l&#039;affichage gynamique\",\"publisher\":{\"@id\":\"https:\\\/\\\/nextgen-sn.com\\\/#organization\"},\"potentialAction\":[{\"@type\":\"SearchAction\",\"target\":{\"@type\":\"EntryPoint\",\"urlTemplate\":\"https:\\\/\\\/nextgen-sn.com\\\/?s={search_term_string}\"},\"query-input\":{\"@type\":\"PropertyValueSpecification\",\"valueRequired\":true,\"valueName\":\"search_term_string\"}}],\"inLanguage\":\"fr-FR\"},{\"@type\":\"Organization\",\"@id\":\"https:\\\/\\\/nextgen-sn.com\\\/#organization\",\"name\":\"NEXT GEN GROUP\",\"url\":\"https:\\\/\\\/nextgen-sn.com\\\/\",\"logo\":{\"@type\":\"ImageObject\",\"inLanguage\":\"fr-FR\",\"@id\":\"https:\\\/\\\/nextgen-sn.com\\\/#\\\/schema\\\/logo\\\/image\\\/\",\"url\":\"https:\\\/\\\/nextgen-sn.com\\\/wp-content\\\/uploads\\\/2025\\\/08\\\/Logo-Next-Gen.png\",\"contentUrl\":\"https:\\\/\\\/nextgen-sn.com\\\/wp-content\\\/uploads\\\/2025\\\/08\\\/Logo-Next-Gen.png\",\"width\":341,\"height\":149,\"caption\":\"NEXT GEN GROUP\"},\"image\":{\"@id\":\"https:\\\/\\\/nextgen-sn.com\\\/#\\\/schema\\\/logo\\\/image\\\/\"}}]}<\/script>\n<!-- \/ Yoast SEO plugin. -->","yoast_head_json":{"title":"Blog - NEXT GEN GROUP","robots":{"index":"index","follow":"follow","max-snippet":"max-snippet:-1","max-image-preview":"max-image-preview:large","max-video-preview":"max-video-preview:-1"},"canonical":"https:\/\/nextgen-sn.com\/?page_id=17","og_locale":"fr_FR","og_type":"article","og_title":"Blog - NEXT GEN GROUP","og_description":"Nos Publications Comment r\u00e9ussir votre projet d\u2019affichage dynamique septembre 2, 2025 Affichage dynamique 13 Views Introduction L\u2019affichage dynamique est un investissement rentable, \u00e0 condition de bien pr\u00e9parer votre projet. Voici les \u00e9tapes cl\u00e9s pour garantir votre succ\u00e8s. Contenu Lire plus Les principaux avantages de l\u2019affichage dynamique septembre 2, 2025 Affichage dynamique 12 Views Introduction Que ce soit pour booster vos ventes ou am\u00e9liorer l\u2019exp\u00e9rience client, l\u2019affichage dynamique transforme la mani\u00e8re dont les entreprises communiquent. Contenu Appel Lire plus L\u2019affichage dynamique : une r\u00e9volution pour la septembre 2, 2025 Affichage dynamique 16 Views Introduction Dans un monde o\u00f9 l\u2019information circule \u00e0 la vitesse de l\u2019\u00e9clair, capter l\u2019attention du public devient un d\u00e9fi majeur. L\u2019affichage dynamique s\u2019impose Lire plus","og_url":"https:\/\/nextgen-sn.com\/?page_id=17","og_site_name":"NEXT GEN GROUP","article_modified_time":"2025-10-22T21:54:59+00:00","og_image":[{"url":"https:\/\/nextgen-sn.com\/wp-content\/uploads\/2025\/08\/next-gen-7.jpg","type":"","width":"","height":""}],"twitter_card":"summary_large_image","twitter_misc":{"Dur\u00e9e de lecture estim\u00e9e":"1 minute"},"schema":{"@context":"https:\/\/schema.org","@graph":[{"@type":"WebPage","@id":"https:\/\/nextgen-sn.com\/?page_id=17","url":"https:\/\/nextgen-sn.com\/?page_id=17","name":"Blog - NEXT GEN GROUP","isPartOf":{"@id":"https:\/\/nextgen-sn.com\/#website"},"primaryImageOfPage":{"@id":"https:\/\/nextgen-sn.com\/?page_id=17#primaryimage"},"image":{"@id":"https:\/\/nextgen-sn.com\/?page_id=17#primaryimage"},"thumbnailUrl":"https:\/\/nextgen-sn.com\/wp-content\/uploads\/2025\/08\/next-gen-7.jpg","datePublished":"2024-10-12T13:43:16+00:00","dateModified":"2025-10-22T21:54:59+00:00","breadcrumb":{"@id":"https:\/\/nextgen-sn.com\/?page_id=17#breadcrumb"},"inLanguage":"fr-FR","potentialAction":[{"@type":"ReadAction","target":["https:\/\/nextgen-sn.com\/?page_id=17"]}]},{"@type":"ImageObject","inLanguage":"fr-FR","@id":"https:\/\/nextgen-sn.com\/?page_id=17#primaryimage","url":"https:\/\/nextgen-sn.com\/wp-content\/uploads\/2025\/08\/next-gen-7.jpg","contentUrl":"https:\/\/nextgen-sn.com\/wp-content\/uploads\/2025\/08\/next-gen-7.jpg","width":650,"height":319},{"@type":"BreadcrumbList","@id":"https:\/\/nextgen-sn.com\/?page_id=17#breadcrumb","itemListElement":[{"@type":"ListItem","position":1,"name":"Accueil","item":"https:\/\/nextgen-sn.com\/"},{"@type":"ListItem","position":2,"name":"Blog"}]},{"@type":"WebSite","@id":"https:\/\/nextgen-sn.com\/#website","url":"https:\/\/nextgen-sn.com\/","name":"NEXT GEN GROUP","description":"Next Gen Group offre des services dans le domaine de l&#039;affichage gynamique","publisher":{"@id":"https:\/\/nextgen-sn.com\/#organization"},"potentialAction":[{"@type":"SearchAction","target":{"@type":"EntryPoint","urlTemplate":"https:\/\/nextgen-sn.com\/?s={search_term_string}"},"query-input":{"@type":"PropertyValueSpecification","valueRequired":true,"valueName":"search_term_string"}}],"inLanguage":"fr-FR"},{"@type":"Organization","@id":"https:\/\/nextgen-sn.com\/#organization","name":"NEXT GEN GROUP","url":"https:\/\/nextgen-sn.com\/","logo":{"@type":"ImageObject","inLanguage":"fr-FR","@id":"https:\/\/nextgen-sn.com\/#\/schema\/logo\/image\/","url":"https:\/\/nextgen-sn.com\/wp-content\/uploads\/2025\/08\/Logo-Next-Gen.png","contentUrl":"https:\/\/nextgen-sn.com\/wp-content\/uploads\/2025\/08\/Logo-Next-Gen.png","width":341,"height":149,"caption":"NEXT GEN GROUP"},"image":{"@id":"https:\/\/nextgen-sn.com\/#\/schema\/logo\/image\/"}}]}},"_links":{"self":[{"href":"https:\/\/nextgen-sn.com\/index.php?rest_route=\/wp\/v2\/pages\/17","targetHints":{"allow":["GET"]}}],"collection":[{"href":"https:\/\/nextgen-sn.com\/index.php?rest_route=\/wp\/v2\/pages"}],"about":[{"href":"https:\/\/nextgen-sn.com\/index.php?rest_route=\/wp\/v2\/types\/page"}],"author":[{"embeddable":true,"href":"https:\/\/nextgen-sn.com\/index.php?rest_route=\/wp\/v2\/users\/1"}],"replies":[{"embeddable":true,"href":"https:\/\/nextgen-sn.com\/index.php?rest_route=%2Fwp%2Fv2%2Fcomments&post=17"}],"version-history":[{"count":6,"href":"https:\/\/nextgen-sn.com\/index.php?rest_route=\/wp\/v2\/pages\/17\/revisions"}],"predecessor-version":[{"id":3245,"href":"https:\/\/nextgen-sn.com\/index.php?rest_route=\/wp\/v2\/pages\/17\/revisions\/3245"}],"wp:attachment":[{"href":"https:\/\/nextgen-sn.com\/index.php?rest_route=%2Fwp%2Fv2%2Fmedia&parent=17"}],"curies":[{"name":"wp","href":"https:\/\/api.w.org\/{rel}","templated":true}]}}